{"id":2438,"date":"2024-09-18T12:16:46","date_gmt":"2024-09-18T12:16:46","guid":{"rendered":"https:\/\/cagdisdental.com\/alle-paa-seks\/"},"modified":"2025-02-11T19:32:20","modified_gmt":"2025-02-11T19:32:20","slug":"alle-paa-seks","status":"publish","type":"page","link":"https:\/\/cagdisdental.com\/da\/alle-paa-seks\/","title":{"rendered":"Alle p\u00e5 seks"},"content":{"rendered":"\t\t<div data-elementor-type=\"wp-page\" data-elementor-id=\"2438\" class=\"elementor elementor-2438 elementor-161\">\n\t\t\t\t\t\t<section class=\"elementor-section elementor-top-section elementor-element elementor-element-d995657 elementor-section-content-middle elementor-section-stretched elementor-section-boxed elementor-section-height-default elementor-section-height-default\" data-id=\"d995657\" data-element_type=\"section\" data-settings=\"{&quot;stretch_section&quot;:&quot;section-stretched&quot;,&quot;background_background&quot;:&quot;classic&quot;}\">\n\t\t\t\t\t\t<div class=\"elementor-container elementor-column-gap-no\">\n\t\t\t\t\t<div class=\"aux-parallax-section elementor-column elementor-col-50 elementor-top-column elementor-element elementor-element-0e759b0\" data-id=\"0e759b0\" data-element_type=\"column\">\n\t\t\t<div class=\"elementor-widget-wrap elementor-element-populated\">\n\t\t\t\t\t\t<div class=\"elementor-element elementor-element-78ff2ca aux-appear-watch-animation aux-scale-down elementor-widget elementor-widget-aux_modern_heading\" data-id=\"78ff2ca\" data-element_type=\"widget\" data-widget_type=\"aux_modern_heading.default\">\n\t\t\t\t<div class=\"elementor-widget-container\">\n\t\t\t<section class=\"aux-widget-modern-heading\">\n            <div class=\"aux-widget-inner\"><h4 class=\"aux-modern-heading-primary\">Skinner for evigt med dig<\/h4><h1 class=\"aux-modern-heading-secondary\"><span class=\"aux-head-highlight\">Alle p\u00e5 seks<\/span><\/h1><div class=\"aux-modern-heading-description\"><p>All-on-Six tandimplantater, ogs\u00e5 kendt som helbue-t\u00e6nder, giver overlegen stabilitet og funktionalitet sammenlignet med traditionelle helproteser. De giver forbedret \u00e6stetik og holdbarhed ved udskiftning af en hel tandbue. Denne metode giver et stabilt fundament for den genoprettende protese og l\u00f8ser b\u00e5de \u00e6stetiske og funktionelle problemer.  <\/p>\n<\/div><\/div>\n        <\/section>\t\t<\/div>\n\t\t\t\t<\/div>\n\t\t\t\t\t<\/div>\n\t\t<\/div>\n\t\t\t\t<div class=\"aux-parallax-section elementor-column elementor-col-50 elementor-top-column elementor-element elementor-element-0cb9ebb\" data-id=\"0cb9ebb\" data-element_type=\"column\">\n\t\t\t<div class=\"elementor-widget-wrap elementor-element-populated\">\n\t\t\t\t\t\t<div class=\"elementor-element elementor-element-6b35261 elementor-widget elementor-widget-video\" data-id=\"6b35261\" data-element_type=\"widget\" data-settings=\"{&quot;video_type&quot;:&quot;hosted&quot;,&quot;controls&quot;:&quot;yes&quot;}\" data-widget_type=\"video.default\">\n\t\t\t\t<div class=\"elementor-widget-container\">\n\t\t\t\t\t<div class=\"e-hosted-video elementor-wrapper elementor-open-inline\">\n\t\t\t\t\t<video class=\"elementor-video\" src=\"https:\/\/cagdisdental.com\/wp-content\/uploads\/2024\/09\/V-All-on-Six-2.mp4\" controls=\"\" preload=\"metadata\" controlsList=\"nodownload\"><\/video>\n\t\t\t\t<\/div>\n\t\t\t\t<\/div>\n\t\t\t\t<\/div>\n\t\t\t\t\t<\/div>\n\t\t<\/div>\n\t\t\t\t\t<\/div>\n\t\t<\/section>\n\t\t\t\t<section class=\"elementor-section elementor-top-section elementor-element elementor-element-8b9abc2 elementor-section-stretched elementor-section-boxed elementor-section-height-default elementor-section-height-default\" data-id=\"8b9abc2\" data-element_type=\"section\" data-settings=\"{&quot;background_background&quot;:&quot;classic&quot;,&quot;stretch_section&quot;:&quot;section-stretched&quot;}\">\n\t\t\t\t\t\t<div class=\"elementor-container elementor-column-gap-no\">\n\t\t\t\t\t<div class=\"aux-parallax-section elementor-column elementor-col-100 elementor-top-column elementor-element elementor-element-db968fb\" data-id=\"db968fb\" data-element_type=\"column\">\n\t\t\t<div class=\"elementor-widget-wrap elementor-element-populated\">\n\t\t\t\t\t\t<div class=\"elementor-element elementor-element-76708f0 aux-appear-watch-animation aux-scale-down elementor-widget elementor-widget-aux_modern_heading\" data-id=\"76708f0\" data-element_type=\"widget\" data-widget_type=\"aux_modern_heading.default\">\n\t\t\t\t<div class=\"elementor-widget-container\">\n\t\t\t<section class=\"aux-widget-modern-heading\">\n            <div class=\"aux-widget-inner\"><h4 class=\"aux-modern-heading-primary\"><\/h4><h2 class=\"aux-modern-heading-secondary\"><span class=\"aux-head-highlight\">Hvad er All-on-Six tandimplantater?<\/span><\/h2><\/div>\n        <\/section>\t\t<\/div>\n\t\t\t\t<\/div>\n\t\t\t\t<div class=\"elementor-element elementor-element-89bbcf6 elementor-widget elementor-widget-text-editor\" data-id=\"89bbcf6\" data-element_type=\"widget\" data-widget_type=\"text-editor.default\">\n\t\t\t\t<div class=\"elementor-widget-container\">\n\t\t\t\t\t\t\t<p>All-on-Six tandimplantater, ogs\u00e5 kendt som helbue-t\u00e6nder, giver overlegen stabilitet og funktionalitet sammenlignet med traditionelle helproteser. De giver forbedret \u00e6stetik og holdbarhed ved udskiftning af en hel tandbue. Denne metode giver et stabilt fundament for den genoprettende protese og l\u00f8ser b\u00e5de \u00e6stetiske og funktionelle problemer.  <\/p>\n<p>I All-on-Six-proceduren placeres seks biokompatible implantater, typisk lavet af titanium, strategisk i k\u00e6bebenet. Disse implantater gennemg\u00e5r osseointegration, en proces, hvor de smelter sammen med den omgivende knogle for at give st\u00e6rk st\u00f8tte. N\u00e5r helingen er afsluttet, fastg\u00f8res en protese p\u00e5 implantaterne ved hj\u00e6lp af konnektorer, hvilket sikrer en holdbar og behagelig tandfunktion, samtidig med at man f\u00e5r et str\u00e5lende smil.  <\/p>\n<p>Vores eksperter i mund- og implantatkirurgi forst\u00e5r vigtigheden af stabilitet og komfort, som traditionelle proteser kan mangle. Vores dygtige kirurger er dedikerede til omhyggeligt at rekonstruere dit smil og optimere t\u00e6ndernes funktion for at levere enest\u00e5ende, tilpassede resultater, der lever op til dine forventninger. <\/p>\n\t\t\t\t\t\t<\/div>\n\t\t\t\t<\/div>\n\t\t\t\t\t<\/div>\n\t\t<\/div>\n\t\t\t\t\t<\/div>\n\t\t<\/section>\n\t\t\t\t<section class=\"elementor-section elementor-top-section elementor-element elementor-element-af035a7 elementor-section-stretched elementor-section-boxed elementor-section-height-default elementor-section-height-default\" data-id=\"af035a7\" data-element_type=\"section\" data-settings=\"{&quot;stretch_section&quot;:&quot;section-stretched&quot;}\">\n\t\t\t\t\t\t<div class=\"elementor-container elementor-column-gap-no\">\n\t\t\t\t\t<div class=\"aux-parallax-section elementor-column elementor-col-50 elementor-top-column elementor-element elementor-element-8adf277\" data-id=\"8adf277\" data-element_type=\"column\">\n\t\t\t<div class=\"elementor-widget-wrap elementor-element-populated\">\n\t\t\t\t\t\t<div class=\"elementor-element elementor-element-e46217a aux-appear-watch-animation aux-scale-up elementor-widget elementor-widget-aux_image\" data-id=\"e46217a\" data-element_type=\"widget\" data-widget_type=\"aux_image.default\">\n\t\t\t\t<div class=\"elementor-widget-container\">\n\t\t\t<section class=\"widget-container aux-widget-image aux-alignnone aux-parent-aufcd7f627\">\n    <div class=\"aux-media-hint-frame \">\n        <div class=\"aux-media-image \" >\n        \n            \n\n            \n            <img fetchpriority=\"high\" decoding=\"async\" width=\"1024\" height=\"787\" src=\"https:\/\/cagdisdental.com\/wp-content\/uploads\/2024\/09\/1-3.jpg\" class=\"aux-attachment aux-featured-image aux-attachment-id-1028\" alt=\"1\" data-ratio=\"1.3\" data-original-w=\"1024\" \/>            \n                <\/div>\n    <\/div>\n\n<\/section><!-- widget-container -->\t\t<\/div>\n\t\t\t\t<\/div>\n\t\t\t\t\t<\/div>\n\t\t<\/div>\n\t\t\t\t<div class=\"aux-parallax-section elementor-column elementor-col-50 elementor-top-column elementor-element elementor-element-b03c48b\" data-id=\"b03c48b\" data-element_type=\"column\">\n\t\t\t<div class=\"elementor-widget-wrap elementor-element-populated\">\n\t\t\t\t\t\t<div class=\"elementor-element elementor-element-25e43e5 aux-appear-watch-animation aux-scale-down elementor-widget elementor-widget-aux_modern_heading\" data-id=\"25e43e5\" data-element_type=\"widget\" data-widget_type=\"aux_modern_heading.default\">\n\t\t\t\t<div class=\"elementor-widget-container\">\n\t\t\t<section class=\"aux-widget-modern-heading\">\n            <div class=\"aux-widget-inner\"><h4 class=\"aux-modern-heading-primary\"><\/h4><h2 class=\"aux-modern-heading-secondary\"><span class=\"aux-head-highlight\">Hvorfor v\u00e6lge All-On-Six tandimplantater?<\/span><\/h2><\/div>\n        <\/section>\t\t<\/div>\n\t\t\t\t<\/div>\n\t\t\t\t<div class=\"elementor-element elementor-element-0eb08cc elementor-widget elementor-widget-text-editor\" data-id=\"0eb08cc\" data-element_type=\"widget\" data-widget_type=\"text-editor.default\">\n\t\t\t\t<div class=\"elementor-widget-container\">\n\t\t\t\t\t\t\t<p>All-On-Six tandimplantater er et fremragende valg for patienter, der \u00f8nsker en mindre invasiv tandbehandling. Denne tilgang minimerer restitutionstiden og kr\u00e6ver mindre omfattende kirurgi sammenlignet med traditionelle metoder. <\/p>\n<p>Vores kirurger vurderer omhyggeligt k\u00e6bebenet og placerer hvert implantat strategisk for at sikre en st\u00e6rk binding, samtidig med at der bruges f\u00e6rre implantater. De fleste patienter kan f\u00e5 sat midlertidige t\u00e6nder p\u00e5 implantaterne umiddelbart efter operationen og f\u00e5 permanente proteser et par m\u00e5neder senere. <\/p>\n<p>Der er flere fordele ved at udskifte proteser med All-On-Six-implantater:<\/p>\n<ul>\n<li><strong>Nem pleje:<\/strong> Vedligehold dine implantater ligesom naturlige t\u00e6nder uden behov for s\u00e6rlige reng\u00f8ringsmidler.<\/li>\n<li><strong>Bekvemmelighed:<\/strong> Ingen grund til at tage protesen ud om natten.<\/li>\n<li><strong>Stabilitet:<\/strong> Eliminerer problemer med proteser, der forskubber sig eller glider.<\/li>\n<li><strong>Fleksibilitet i kosten:<\/strong> Nyd en bred vifte af f\u00f8devarer uden begr\u00e6nsninger.<\/li>\n<li><strong>Bevarelse<\/strong> af <strong>knogler<\/strong>: Implantater hj\u00e6lper med at bevare din k\u00e6beknogle, forhindrer knogletab og undg\u00e5r et for tidligt \u00e6ldet udseende.<\/li>\n<li><strong>Komfort:<\/strong> Implantater absorberer trykket fra tygning, hvilket reducerer \u00f8mt tandk\u00f8d, som ofte for\u00e5rsages af traditionelle proteser.<\/li>\n<\/ul>\n\t\t\t\t\t\t<\/div>\n\t\t\t\t<\/div>\n\t\t\t\t\t<\/div>\n\t\t<\/div>\n\t\t\t\t\t<\/div>\n\t\t<\/section>\n\t\t\t\t<section class=\"elementor-section elementor-top-section elementor-element elementor-element-8cb5aa8 elementor-section-stretched elementor-section-boxed elementor-section-height-default elementor-section-height-default\" data-id=\"8cb5aa8\" data-element_type=\"section\" data-settings=\"{&quot;background_background&quot;:&quot;classic&quot;,&quot;stretch_section&quot;:&quot;section-stretched&quot;}\">\n\t\t\t\t\t\t<div class=\"elementor-container elementor-column-gap-no\">\n\t\t\t\t\t<div class=\"aux-parallax-section elementor-column elementor-col-50 elementor-top-column elementor-element elementor-element-09fd12a\" data-id=\"09fd12a\" data-element_type=\"column\">\n\t\t\t<div class=\"elementor-widget-wrap elementor-element-populated\">\n\t\t\t\t\t\t<div class=\"elementor-element elementor-element-bf53ec7 aux-appear-watch-animation aux-scale-down elementor-widget elementor-widget-aux_modern_heading\" data-id=\"bf53ec7\" data-element_type=\"widget\" data-widget_type=\"aux_modern_heading.default\">\n\t\t\t\t<div class=\"elementor-widget-container\">\n\t\t\t<section class=\"aux-widget-modern-heading\">\n            <div class=\"aux-widget-inner\"><h4 class=\"aux-modern-heading-primary\"><\/h4><h2 class=\"aux-modern-heading-secondary\"><span class=\"aux-head-highlight\">Hvem er en god kandidat til All-On-Six?<\/span><\/h2><\/div>\n        <\/section>\t\t<\/div>\n\t\t\t\t<\/div>\n\t\t\t\t<div class=\"elementor-element elementor-element-1875ea5 elementor-widget elementor-widget-text-editor\" data-id=\"1875ea5\" data-element_type=\"widget\" data-widget_type=\"text-editor.default\">\n\t\t\t\t<div class=\"elementor-widget-container\">\n\t\t\t\t\t\t\t<p>All-On-6-implantater er en meget effektiv l\u00f8sning for patienter, der mangler alle eller de fleste af deres t\u00e6nder i over- eller underk\u00e6ben. Kandidater til denne procedure skal have et godt helbred og tilstr\u00e6kkelig k\u00e6bebenst\u00e6thed samt sunde t\u00e6nder og tandk\u00f8d. <\/p>\n<p>Visse personer er dog ikke egnede til All-On-Six-implantater. Det g\u00e6lder bl.a. dem, der ryger eller har sygdomme som kr\u00e6ft, autoimmune lidelser eller bl\u00f8dningsforstyrrelser. Vores k\u00e6bekirurger vil foretage en grundig evaluering af dit generelle helbred og din sygehistorie for at afg\u00f8re, om All-On-6-implantater er en passende l\u00f8sning for dig.  <\/p><\/p>\n\t\t\t\t\t\t<\/div>\n\t\t\t\t<\/div>\n\t\t\t\t\t<\/div>\n\t\t<\/div>\n\t\t\t\t<div class=\"aux-parallax-section elementor-column elementor-col-50 elementor-top-column elementor-element elementor-element-ee4bd09\" data-id=\"ee4bd09\" data-element_type=\"column\">\n\t\t\t<div class=\"elementor-widget-wrap elementor-element-populated\">\n\t\t\t\t\t\t<div class=\"elementor-element elementor-element-fa8be0d aux-appear-watch-animation aux-scale-up elementor-widget elementor-widget-aux_image\" data-id=\"fa8be0d\" data-element_type=\"widget\" data-widget_type=\"aux_image.default\">\n\t\t\t\t<div class=\"elementor-widget-container\">\n\t\t\t<section class=\"widget-container aux-widget-image aux-alignnone aux-parent-au17adebba\">\n    <div class=\"aux-media-hint-frame \">\n        <div class=\"aux-media-image \" >\n        \n            \n\n            \n            <img decoding=\"async\" width=\"768\" height=\"768\" src=\"https:\/\/cagdisdental.com\/wp-content\/uploads\/2024\/09\/20240319_200532.jpg\" class=\"aux-attachment aux-featured-image aux-attachment-id-313\" alt=\"20240319_200532\" data-ratio=\"1\" data-original-w=\"768\" \/>            \n                <\/div>\n    <\/div>\n\n<\/section><!-- widget-container -->\t\t<\/div>\n\t\t\t\t<\/div>\n\t\t\t\t\t<\/div>\n\t\t<\/div>\n\t\t\t\t\t<\/div>\n\t\t<\/section>\n\t\t\t\t<section class=\"elementor-section elementor-top-section elementor-element elementor-element-595d91e elementor-section-stretched elementor-section-boxed elementor-section-height-default elementor-section-height-default\" data-id=\"595d91e\" data-element_type=\"section\" data-settings=\"{&quot;stretch_section&quot;:&quot;section-stretched&quot;}\">\n\t\t\t\t\t\t<div class=\"elementor-container elementor-column-gap-no\">\n\t\t\t\t\t<div class=\"aux-parallax-section elementor-column elementor-col-100 elementor-top-column elementor-element elementor-element-05d2c9b\" data-id=\"05d2c9b\" data-element_type=\"column\">\n\t\t\t<div class=\"elementor-widget-wrap elementor-element-populated\">\n\t\t\t\t\t\t<div class=\"elementor-element elementor-element-a63f794 aux-appear-watch-animation aux-scale-down elementor-widget elementor-widget-aux_modern_heading\" data-id=\"a63f794\" data-element_type=\"widget\" data-widget_type=\"aux_modern_heading.default\">\n\t\t\t\t<div class=\"elementor-widget-container\">\n\t\t\t<section class=\"aux-widget-modern-heading\">\n            <div class=\"aux-widget-inner\"><h4 class=\"aux-modern-heading-primary\"><\/h4><h2 class=\"aux-modern-heading-secondary\"><span class=\"aux-head-highlight\">Hvad er fordelene ved et All-on-6-implantat sammenlignet med andre implantatmuligheder?<\/span><\/h2><\/div>\n        <\/section>\t\t<\/div>\n\t\t\t\t<\/div>\n\t\t\t\t<div class=\"elementor-element elementor-element-b954e79 elementor-widget elementor-widget-text-editor\" data-id=\"b954e79\" data-element_type=\"widget\" data-widget_type=\"text-editor.default\">\n\t\t\t\t<div class=\"elementor-widget-container\">\n\t\t\t\t\t\t\t<ul>\n<li><strong>Forbedret st\u00f8tte:<\/strong> All-on-6 tandimplantater giver overlegen st\u00f8tte og stabilitet til proteser ved at forankre seks implantater i k\u00e6bebenet. Denne ops\u00e6tning forbedrer protesens stabilitet og l\u00f8ser effektivt problemer med proteser, der glider under tygning. <\/li>\n<\/ul>\n<ul>\n<li><strong>Forbedret ansigts\u00e6stetik:<\/strong> All-on-6-implantater er mere effektive til at genoprette ansigtets \u00e6stetik sammenlignet med andre muligheder for tandudskiftning. Ved at rekonstruere overk\u00e6bebenet l\u00f8ser de problemer som indsunkne kinder og giver et mere ungdommeligt udseende. <\/li>\n<\/ul>\n<ul>\n<li><strong>J\u00e6vn fordeling af belastningen:<\/strong> I mods\u00e6tning til andre implantatmetoder, der placerer funktionelle belastninger p\u00e5 f\u00e6rre implantater, fordeler All-on-6 belastningen j\u00e6vnt over seks implantater. Denne tilgang reducerer knoglenedbrydningen omkring implantaterne og forbedrer deres holdbarhed. <\/li>\n<\/ul>\n<ul>\n<li><strong>Opretholder k\u00e6bebenets t\u00e6thed:<\/strong> Langvarigt tandtab kan f\u00f8re til gradvis resorption af k\u00e6beknoglen og nedsat knoglet\u00e6thed. Placeringen af All-on-6-implantater hj\u00e6lper med at modvirke denne resorption og bevare knoglet\u00e6theden. <\/li>\n<\/ul>\n<ul>\n<li><strong>Fleksible protesemuligheder:<\/strong> All-on-Six-implantater tilbyder forskellige restaureringsmuligheder, der er skr\u00e6ddersyet til individuelle behov, s\u00e5som komplette protesebroer. Denne fleksibilitet giver mulighed for forbedret funktion og \u00e6stetik p\u00e5 grund af den stabile st\u00f8tte, som implantaterne giver. <\/li>\n<\/ul>\n<p><strong> <\/strong><strong>Holdbarhed:<\/strong> All-on-6-implantater er designet til langvarig brug og giver holdbare resultater med korrekt mundhygiejne og regelm\u00e6ssig opf\u00f8lgning. N\u00e5r de vedligeholdes korrekt, kan de give p\u00e5lidelige og varige fordele gennem hele livet. <\/p>\n\t\t\t\t\t\t<\/div>\n\t\t\t\t<\/div>\n\t\t\t\t\t<\/div>\n\t\t<\/div>\n\t\t\t\t\t<\/div>\n\t\t<\/section>\n\t\t\t\t<\/div>\n\t\t","protected":false},"excerpt":{"rendered":"<p>Skinner for evigt med dig Alle p\u00e5 seks All-on-Six tandimplantater, ogs\u00e5 kendt som helbue-t\u00e6nder, giver overlegen stabilitet og funktionalitet sammenlignet med traditionelle helproteser. De giver forbedret \u00e6stetik og holdbarhed ved udskiftning af en hel tandbue. Denne metode giver et stabilt fundament for den genoprettende protese og l\u00f8ser b\u00e5de \u00e6stetiske og funktionelle problemer. https:\/\/cagdisdental.com\/wp-content\/uploads\/2024\/09\/V-All-on-Six-2.mp4 Hvad er [&hellip;]<\/p>\n","protected":false},"author":1,"featured_media":0,"parent":0,"menu_order":0,"comment_status":"closed","ping_status":"closed","template":"","meta":{"_monsterinsights_skip_tracking":false,"_monsterinsights_sitenote_active":false,"_monsterinsights_sitenote_note":"","_monsterinsights_sitenote_category":0,"_joinchat":[],"footnotes":""},"class_list":["post-2438","page","type-page","status-publish","hentry"],"aioseo_notices":[],"_links":{"self":[{"href":"https:\/\/cagdisdental.com\/da\/wp-json\/wp\/v2\/pages\/2438"}],"collection":[{"href":"https:\/\/cagdisdental.com\/da\/wp-json\/wp\/v2\/pages"}],"about":[{"href":"https:\/\/cagdisdental.com\/da\/wp-json\/wp\/v2\/types\/page"}],"author":[{"embeddable":true,"href":"https:\/\/cagdisdental.com\/da\/wp-json\/wp\/v2\/users\/1"}],"replies":[{"embeddable":true,"href":"https:\/\/cagdisdental.com\/da\/wp-json\/wp\/v2\/comments?post=2438"}],"version-history":[{"count":1,"href":"https:\/\/cagdisdental.com\/da\/wp-json\/wp\/v2\/pages\/2438\/revisions"}],"predecessor-version":[{"id":2446,"href":"https:\/\/cagdisdental.com\/da\/wp-json\/wp\/v2\/pages\/2438\/revisions\/2446"}],"wp:attachment":[{"href":"https:\/\/cagdisdental.com\/da\/wp-json\/wp\/v2\/media?parent=2438"}],"curies":[{"name":"wp","href":"https:\/\/api.w.org\/{rel}","templated":true}]}}