{"id":2448,"date":"2024-09-18T12:16:46","date_gmt":"2024-09-18T12:16:46","guid":{"rendered":"https:\/\/cagdisdental.com\/rodbehandling\/"},"modified":"2025-02-11T19:32:20","modified_gmt":"2025-02-11T19:32:20","slug":"rodbehandling","status":"publish","type":"page","link":"https:\/\/cagdisdental.com\/da\/rodbehandling\/","title":{"rendered":"Rodbehandling"},"content":{"rendered":"\t\t<div data-elementor-type=\"wp-page\" data-elementor-id=\"2448\" class=\"elementor elementor-2448 elementor-159\">\n\t\t\t\t\t\t<section class=\"elementor-section elementor-top-section elementor-element elementor-element-e00a6cb elementor-section-content-middle elementor-section-stretched elementor-section-boxed elementor-section-height-default elementor-section-height-default\" data-id=\"e00a6cb\" data-element_type=\"section\" data-settings=\"{&quot;stretch_section&quot;:&quot;section-stretched&quot;,&quot;background_background&quot;:&quot;classic&quot;}\">\n\t\t\t\t\t\t<div class=\"elementor-container elementor-column-gap-no\">\n\t\t\t\t\t<div class=\"aux-parallax-section elementor-column elementor-col-50 elementor-top-column elementor-element elementor-element-df9ff63\" data-id=\"df9ff63\" data-element_type=\"column\">\n\t\t\t<div class=\"elementor-widget-wrap elementor-element-populated\">\n\t\t\t\t\t\t<div class=\"elementor-element elementor-element-6e09a97 aux-appear-watch-animation aux-scale-down elementor-widget elementor-widget-aux_modern_heading\" data-id=\"6e09a97\" data-element_type=\"widget\" data-widget_type=\"aux_modern_heading.default\">\n\t\t\t\t<div class=\"elementor-widget-container\">\n\t\t\t<section class=\"aux-widget-modern-heading\">\n            <div class=\"aux-widget-inner\"><h4 class=\"aux-modern-heading-primary\">Stop smerter og red dine t\u00e6nder<\/h4><h1 class=\"aux-modern-heading-secondary\"><span class=\"aux-head-highlight\">Rodbehandling<\/span><\/h1><div class=\"aux-modern-heading-description\"><h4>Ekspertbehandling for varig lindring<\/h4>\n<\/div><\/div>\n        <\/section>\t\t<\/div>\n\t\t\t\t<\/div>\n\t\t\t\t<div class=\"elementor-element elementor-element-500f398 elementor-widget__width-auto elementor-hidden-phone aux-appear-watch-animation aux-scale-down elementor-widget elementor-widget-aux_modern_button\" data-id=\"500f398\" data-element_type=\"widget\" data-widget_type=\"aux_modern_button.default\">\n\t\t\t\t<div class=\"elementor-widget-container\">\n\t\t\t    <div class=\"aux-modern-button-wrapper aux-modern-button-align-left\" >\n                    <a class=\"aux-modern-button aux-black aux-modern-button-md aux-modern-button-normal aux-modern-button-default aux-icon-\" href=\"#\">\n                <div class=\"aux-overlay\"><\/div>\n                                <div class=\"aux-text\">\n<span class=\"aux-text-before\">Kontakt os!<\/span>                <\/div>\n            <\/a>\n            \n    <\/div>\n\n    \t\t<\/div>\n\t\t\t\t<\/div>\n\t\t\t\t\t<\/div>\n\t\t<\/div>\n\t\t\t\t<div class=\"aux-parallax-section elementor-column elementor-col-50 elementor-top-column elementor-element elementor-element-ecff54a\" data-id=\"ecff54a\" data-element_type=\"column\">\n\t\t\t<div class=\"elementor-widget-wrap elementor-element-populated\">\n\t\t\t\t\t\t<div class=\"elementor-element elementor-element-6a14c04 aux-appear-watch-animation aux-fade-in-left-1 elementor-widget elementor-widget-aux_image\" data-id=\"6a14c04\" data-element_type=\"widget\" data-widget_type=\"aux_image.default\">\n\t\t\t\t<div class=\"elementor-widget-container\">\n\t\t\t<section class=\"widget-container aux-widget-image aux-alignnone aux-parent-au199d66ed\">\n    <div class=\"aux-media-hint-frame \">\n        <div class=\"aux-media-image \" >\n        \n            \n\n            \n            <img fetchpriority=\"high\" decoding=\"async\" width=\"1211\" height=\"834\" src=\"https:\/\/cagdisdental.com\/wp-content\/uploads\/2024\/09\/cagdis-dental-logo-dikey2.png\" class=\"aux-attachment aux-featured-image aux-attachment-id-399\" alt=\"cagdis-dental-logo-dikey(2)\" data-ratio=\"1.45\" data-original-w=\"1211\" \/>            \n                <\/div>\n    <\/div>\n\n<\/section><!-- widget-container -->\t\t<\/div>\n\t\t\t\t<\/div>\n\t\t\t\t\t<\/div>\n\t\t<\/div>\n\t\t\t\t\t<\/div>\n\t\t<\/section>\n\t\t\t\t<section class=\"elementor-section elementor-top-section elementor-element elementor-element-1b16b01 elementor-section-stretched elementor-section-boxed elementor-section-height-default elementor-section-height-default\" data-id=\"1b16b01\" data-element_type=\"section\" data-settings=\"{&quot;background_background&quot;:&quot;classic&quot;,&quot;stretch_section&quot;:&quot;section-stretched&quot;}\">\n\t\t\t\t\t\t<div class=\"elementor-container elementor-column-gap-no\">\n\t\t\t\t\t<div class=\"aux-parallax-section elementor-column elementor-col-100 elementor-top-column elementor-element elementor-element-a1efb96\" data-id=\"a1efb96\" data-element_type=\"column\">\n\t\t\t<div class=\"elementor-widget-wrap elementor-element-populated\">\n\t\t\t\t\t\t<div class=\"elementor-element elementor-element-b4d8105 aux-appear-watch-animation aux-scale-down elementor-widget elementor-widget-aux_modern_heading\" data-id=\"b4d8105\" data-element_type=\"widget\" data-widget_type=\"aux_modern_heading.default\">\n\t\t\t\t<div class=\"elementor-widget-container\">\n\t\t\t<section class=\"aux-widget-modern-heading\">\n            <div class=\"aux-widget-inner\"><h4 class=\"aux-modern-heading-primary\"><\/h4><h2 class=\"aux-modern-heading-secondary\"><span class=\"aux-head-highlight\">Hvad er en rodbehandling?<\/span><\/h2><\/div>\n        <\/section>\t\t<\/div>\n\t\t\t\t<\/div>\n\t\t\t\t<div class=\"elementor-element elementor-element-46b56e1 aux-appear-watch-animation aux-fade-in-left elementor-widget elementor-widget-text-editor\" data-id=\"46b56e1\" data-element_type=\"widget\" data-widget_type=\"text-editor.default\">\n\t\t\t\t<div class=\"elementor-widget-container\">\n\t\t\t\t\t\t\t<p>En rodbehandling, ogs\u00e5 kendt som endodontisk behandling, er en tandbehandling, der er designet til at fjerne inficeret eller beskadiget tandpulp inde i en tand.<\/p>\n<p>Hver tand indeholder et kanalsystem, der str\u00e6kker sig fra kronen (tandens \u00f8verste overflade) og ned til roden. Disse kanaler huser tandpulpa, som best\u00e5r af bindev\u00e6v, nerver og blodkar. <\/p>\n<p>Under en rodbehandling fjerner tandl\u00e6gen den beskadigede eller inficerede pulpa fra tandens indre. N\u00e5r pulpaen er fjernet, bliver det tomme rum grundigt rengjort, desinficeret og derefter fyldt og forseglet for at forhindre yderligere infektion. <\/p>\n<p>For at genoprette tandens funktionalitet og beskytte den mod fremtidige skader kan tyggefladen genoprettes med en fyldning eller en krone.<\/p>\n\t\t\t\t\t\t<\/div>\n\t\t\t\t<\/div>\n\t\t\t\t\t<\/div>\n\t\t<\/div>\n\t\t\t\t\t<\/div>\n\t\t<\/section>\n\t\t\t\t<section class=\"elementor-section elementor-top-section elementor-element elementor-element-c38a767 elementor-section-stretched elementor-section-boxed elementor-section-height-default elementor-section-height-default\" data-id=\"c38a767\" data-element_type=\"section\" data-settings=\"{&quot;background_background&quot;:&quot;classic&quot;,&quot;stretch_section&quot;:&quot;section-stretched&quot;}\">\n\t\t\t\t\t\t<div class=\"elementor-container elementor-column-gap-no\">\n\t\t\t\t\t<div class=\"aux-parallax-section elementor-column elementor-col-50 elementor-top-column elementor-element elementor-element-974986f\" data-id=\"974986f\" data-element_type=\"column\">\n\t\t\t<div class=\"elementor-widget-wrap elementor-element-populated\">\n\t\t\t\t\t\t<div class=\"elementor-element elementor-element-162a37e aux-appear-watch-animation aux-scale-down elementor-widget elementor-widget-aux_modern_heading\" data-id=\"162a37e\" data-element_type=\"widget\" data-widget_type=\"aux_modern_heading.default\">\n\t\t\t\t<div class=\"elementor-widget-container\">\n\t\t\t<section class=\"aux-widget-modern-heading\">\n            <div class=\"aux-widget-inner\"><h4 class=\"aux-modern-heading-primary\"><\/h4><h2 class=\"aux-modern-heading-secondary\"><span class=\"aux-head-highlight\">Hvorn\u00e5r kan jeg f\u00e5 brug for en rodbehandling?<\/span><\/h2><\/div>\n        <\/section>\t\t<\/div>\n\t\t\t\t<\/div>\n\t\t\t\t<div class=\"elementor-element elementor-element-f71415f aux-appear-watch-animation aux-fade-in-left elementor-widget elementor-widget-text-editor\" data-id=\"f71415f\" data-element_type=\"widget\" data-widget_type=\"text-editor.default\">\n\t\t\t\t<div class=\"elementor-widget-container\">\n\t\t\t\t\t\t\t<p>Hvis du har en alvorligt inficeret eller beskadiget tand, kan en rodbehandling ofte bevare tanden og forhindre behovet for at tr\u00e6kke den ud.<\/p>\n<p>En tand kan blive inficeret eller beskadiget p\u00e5 grund af flere faktorer, herunder:<\/p>\n<ul>\n<li><b>Karies:<\/b> Dybe huller, der n\u00e5r ind til tandens indre pulpa.<\/li>\n<li><b>Slid og slitage:<\/b> Generel forringelse over tid.<\/li>\n<li><b>Skade:<\/b> Traumer eller ulykker, der p\u00e5virker tanden.<\/li>\n<li><b>Revner:<\/b> Brud i tandstrukturen.<\/li>\n<li><b>Tandk\u00f8dssygdomme:<\/b> Parodontale problemer, der p\u00e5virker tandens sundhed.<\/li>\n<li><b>Revnede fyldninger:<\/b> Kompromitterede restaureringer, der blotter pulpa.<\/li>\n<li><b>Gentaget tandl\u00e6gearbejde:<\/b> Flere behandlinger, der kan skade tandpulpa.<\/li>\n<\/ul>\n<p>N\u00e5r tandens pulpa er beskadiget, kan bakterier tr\u00e6nge ind og sprede sig, hvilket f\u00f8rer til infektion eller en byld ved roden. Antibiotika alene kan ikke l\u00f8se disse infektioner; en rodbehandling er n\u00f8dvendig for at fjerne den inficerede pulpa og l\u00f8se problemet. <\/p>\n<p>At bevare din naturlige tand er at foretr\u00e6kke frem for at erstatte den med en kunstig, da den bevarer en bedre funktionalitet til at bide og tygge.<\/p>\n\t\t\t\t\t\t<\/div>\n\t\t\t\t<\/div>\n\t\t\t\t\t<\/div>\n\t\t<\/div>\n\t\t\t\t<div class=\"aux-parallax-section elementor-column elementor-col-50 elementor-top-column elementor-element elementor-element-f244e80\" data-id=\"f244e80\" data-element_type=\"column\">\n\t\t\t<div class=\"elementor-widget-wrap elementor-element-populated\">\n\t\t\t\t\t\t<div class=\"elementor-element elementor-element-f8a9c2a aux-appear-watch-animation aux-scale-up elementor-widget elementor-widget-aux_image\" data-id=\"f8a9c2a\" data-element_type=\"widget\" data-widget_type=\"aux_image.default\">\n\t\t\t\t<div class=\"elementor-widget-container\">\n\t\t\t<section class=\"widget-container aux-widget-image aux-alignnone aux-parent-auad27e83b\">\n    <div class=\"aux-media-hint-frame \">\n        <div class=\"aux-media-image \" >\n        \n            \n\n            \n            <img decoding=\"async\" width=\"1211\" height=\"834\" src=\"https:\/\/cagdisdental.com\/wp-content\/uploads\/2024\/08\/cagdis-dental-logo-dikey.png\" class=\"aux-attachment aux-featured-image aux-attachment-id-106\" alt=\"cagdis dental logo dikey\" data-ratio=\"1.45\" data-original-w=\"1211\" \/>            \n                <\/div>\n    <\/div>\n\n<\/section><!-- widget-container -->\t\t<\/div>\n\t\t\t\t<\/div>\n\t\t\t\t\t<\/div>\n\t\t<\/div>\n\t\t\t\t\t<\/div>\n\t\t<\/section>\n\t\t\t\t<section class=\"elementor-section elementor-top-section elementor-element elementor-element-d9e8e18 elementor-section-boxed elementor-section-height-default elementor-section-height-default\" data-id=\"d9e8e18\" data-element_type=\"section\">\n\t\t\t\t\t\t<div class=\"elementor-container elementor-column-gap-no\">\n\t\t\t\t\t<div class=\"aux-parallax-section elementor-column elementor-col-100 elementor-top-column elementor-element elementor-element-0efc1fe\" data-id=\"0efc1fe\" data-element_type=\"column\">\n\t\t\t<div class=\"elementor-widget-wrap elementor-element-populated\">\n\t\t\t\t\t\t<div class=\"elementor-element elementor-element-f25fbee aux-appear-watch-animation aux-scale-down elementor-widget elementor-widget-aux_modern_heading\" data-id=\"f25fbee\" data-element_type=\"widget\" data-widget_type=\"aux_modern_heading.default\">\n\t\t\t\t<div class=\"elementor-widget-container\">\n\t\t\t<section class=\"aux-widget-modern-heading\">\n            <div class=\"aux-widget-inner\"><h4 class=\"aux-modern-heading-primary\"><\/h4><h2 class=\"aux-modern-heading-secondary\"><span class=\"aux-head-highlight\">Hvad sker der under en rodbehandling?<\/span><\/h2><\/div>\n        <\/section>\t\t<\/div>\n\t\t\t\t<\/div>\n\t\t\t\t<div class=\"elementor-element elementor-element-f8671ce aux-appear-watch-animation aux-fade-in-left elementor-widget elementor-widget-text-editor\" data-id=\"f8671ce\" data-element_type=\"widget\" data-widget_type=\"text-editor.default\">\n\t\t\t\t<div class=\"elementor-widget-container\">\n\t\t\t\t\t\t\t<p>Under en rodbehandling best\u00e5r proceduren typisk af flere trin og kan kr\u00e6ve mere end \u00e9n aftale. Her er, hvad der generelt sker: <\/p>\n<ul>\n<li aria-level=\"1\"><b>F\u00f8rste r\u00f8ntgenbillede:<\/b> Din tandl\u00e6ge eller endodontist vil tage et r\u00f8ntgenbillede af din tand og det omkringliggende omr\u00e5de for at vurdere omfanget af infektionen og planl\u00e6gge behandlingen.<\/li>\n<li aria-level=\"1\"><b>Lokalbed\u00f8velse:<\/b> En lokalbed\u00f8velse bed\u00f8ver omr\u00e5det omkring din tand og sikrer, at du f\u00f8ler dig godt tilpas under hele indgrebet.<\/li>\n<li aria-level=\"1\"><b>Gummi d\u00e6mning:<\/b> En gummiplade, en s\u00e5kaldt d\u00e6mning, placeres omkring tanden for at holde omr\u00e5det rent og t\u00f8rt under behandlingen.<\/li>\n<li aria-level=\"1\"><b>Adgangs\u00e5bning:<\/b> Tandl\u00e6gen borer et lille hul i toppen af tanden for at f\u00e5 adgang til pulpakammeret og kanalerne indeni.<\/li>\n<li aria-level=\"1\"><b>Fjernelse<\/b> af <b>pulpa<\/b>: Den inficerede eller beskadigede pulpa fjernes fra tandens kanaler.<\/li>\n<li aria-level=\"1\">Reng\u00f8ring og desinfektion: Tandens inderside reng\u00f8res og desinficeres grundigt for at fjerne eventuelle resterende bakterier og snavs.<\/li>\n<li aria-level=\"1\"><b>Midlertidig fyldning:<\/b> Hvis der er behov for mere end \u00e9n behandling, l\u00e6gges en midlertidig fyldning for at beskytte tanden indtil n\u00e6ste behandling.<\/li>\n<li aria-level=\"1\"><b>Fyldning af kanalen:<\/b> N\u00e5r rensningen er f\u00e6rdig, fyldes kanalerne med et sterilt materiale kaldet gutta-percha, som hj\u00e6lper med at forsegle rummet og forhindre fremtidig infektion.<\/li>\n<li aria-level=\"1\"><b>Endelig restaurering:<\/b> En permanent fyldning eller krone placeres p\u00e5 tanden for at genoprette dens funktion og beskytte den mod yderligere skader eller infektioner.<\/li>\n<\/ul>\n<p>Ved at f\u00f8lge disse trin har rodbehandlingen til form\u00e5l at redde tanden og genoprette dens sundhed og funktion.<\/p>\n\t\t\t\t\t\t<\/div>\n\t\t\t\t<\/div>\n\t\t\t\t\t<\/div>\n\t\t<\/div>\n\t\t\t\t\t<\/div>\n\t\t<\/section>\n\t\t\t\t<\/div>\n\t\t","protected":false},"excerpt":{"rendered":"<p>Stop smerter og red dine t\u00e6nder Rodbehandling Ekspertbehandling for varig lindring Kontakt os! Hvad er en rodbehandling? En rodbehandling, ogs\u00e5 kendt som endodontisk behandling, er en tandbehandling, der er designet til at fjerne inficeret eller beskadiget tandpulp inde i en tand. Hver tand indeholder et kanalsystem, der str\u00e6kker sig fra kronen (tandens \u00f8verste overflade) og [&hellip;]<\/p>\n","protected":false},"author":1,"featured_media":0,"parent":0,"menu_order":0,"comment_status":"closed","ping_status":"closed","template":"elementor_header_footer","meta":{"_monsterinsights_skip_tracking":false,"_monsterinsights_sitenote_active":false,"_monsterinsights_sitenote_note":"","_monsterinsights_sitenote_category":0,"_joinchat":[],"footnotes":""},"class_list":["post-2448","page","type-page","status-publish","hentry"],"aioseo_notices":[],"_links":{"self":[{"href":"https:\/\/cagdisdental.com\/da\/wp-json\/wp\/v2\/pages\/2448"}],"collection":[{"href":"https:\/\/cagdisdental.com\/da\/wp-json\/wp\/v2\/pages"}],"about":[{"href":"https:\/\/cagdisdental.com\/da\/wp-json\/wp\/v2\/types\/page"}],"author":[{"embeddable":true,"href":"https:\/\/cagdisdental.com\/da\/wp-json\/wp\/v2\/users\/1"}],"replies":[{"embeddable":true,"href":"https:\/\/cagdisdental.com\/da\/wp-json\/wp\/v2\/comments?post=2448"}],"version-history":[{"count":1,"href":"https:\/\/cagdisdental.com\/da\/wp-json\/wp\/v2\/pages\/2448\/revisions"}],"predecessor-version":[{"id":2452,"href":"https:\/\/cagdisdental.com\/da\/wp-json\/wp\/v2\/pages\/2448\/revisions\/2452"}],"wp:attachment":[{"href":"https:\/\/cagdisdental.com\/da\/wp-json\/wp\/v2\/media?parent=2448"}],"curies":[{"name":"wp","href":"https:\/\/api.w.org\/{rel}","templated":true}]}}