{"id":2486,"date":"2024-09-18T12:16:46","date_gmt":"2024-09-18T12:16:46","guid":{"rendered":"https:\/\/cagdisdental.com\/blegning-af-taender\/"},"modified":"2025-02-11T19:32:20","modified_gmt":"2025-02-11T19:32:20","slug":"blegning-af-taender","status":"publish","type":"page","link":"https:\/\/cagdisdental.com\/da\/blegning-af-taender\/","title":{"rendered":"Blegning af t\u00e6nder"},"content":{"rendered":"\t\t<div data-elementor-type=\"wp-page\" data-elementor-id=\"2486\" class=\"elementor elementor-2486 elementor-147\">\n\t\t\t\t\t\t<section class=\"elementor-section elementor-top-section elementor-element elementor-element-136d66e elementor-section-content-middle elementor-section-stretched elementor-section-boxed elementor-section-height-default elementor-section-height-default\" data-id=\"136d66e\" data-element_type=\"section\" data-settings=\"{&quot;stretch_section&quot;:&quot;section-stretched&quot;,&quot;background_background&quot;:&quot;classic&quot;}\">\n\t\t\t\t\t\t<div class=\"elementor-container elementor-column-gap-no\">\n\t\t\t\t\t<div class=\"aux-parallax-section elementor-column elementor-col-50 elementor-top-column elementor-element elementor-element-9b8f61d\" data-id=\"9b8f61d\" data-element_type=\"column\">\n\t\t\t<div class=\"elementor-widget-wrap elementor-element-populated\">\n\t\t\t\t\t\t<div class=\"elementor-element elementor-element-170a472 aux-appear-watch-animation aux-scale-down elementor-widget elementor-widget-aux_modern_heading\" data-id=\"170a472\" data-element_type=\"widget\" data-widget_type=\"aux_modern_heading.default\">\n\t\t\t\t<div class=\"elementor-widget-container\">\n\t\t\t<section class=\"aux-widget-modern-heading\">\n            <div class=\"aux-widget-inner\"><h4 class=\"aux-modern-heading-primary\">Str\u00e5l klart i dag<\/h4><h1 class=\"aux-modern-heading-secondary\"><span class=\"aux-head-highlight\">Blegning af t\u00e6nder<\/span><\/h1><\/div>\n        <\/section>\t\t<\/div>\n\t\t\t\t<\/div>\n\t\t\t\t<div class=\"elementor-element elementor-element-e03bd95 elementor-widget__width-auto elementor-hidden-phone aux-appear-watch-animation aux-scale-down elementor-widget elementor-widget-aux_modern_button\" data-id=\"e03bd95\" data-element_type=\"widget\" data-widget_type=\"aux_modern_button.default\">\n\t\t\t\t<div class=\"elementor-widget-container\">\n\t\t\t    <div class=\"aux-modern-button-wrapper aux-modern-button-align-left\" >\n                    <a class=\"aux-modern-button aux-black aux-modern-button-md aux-modern-button-normal aux-modern-button-default aux-icon-\" href=\"#\">\n                <div class=\"aux-overlay\"><\/div>\n                                <div class=\"aux-text\">\n<span class=\"aux-text-before\">Kontakt os!<\/span>                <\/div>\n            <\/a>\n            \n    <\/div>\n\n    \t\t<\/div>\n\t\t\t\t<\/div>\n\t\t\t\t\t<\/div>\n\t\t<\/div>\n\t\t\t\t<div class=\"aux-parallax-section elementor-column elementor-col-50 elementor-top-column elementor-element elementor-element-32530c7\" data-id=\"32530c7\" data-element_type=\"column\">\n\t\t\t<div class=\"elementor-widget-wrap elementor-element-populated\">\n\t\t\t\t\t\t<div class=\"elementor-element elementor-element-441a691 aux-appear-watch-animation aux-fade-in-left-1 elementor-widget__width-initial elementor-widget elementor-widget-aux_image\" data-id=\"441a691\" data-element_type=\"widget\" data-widget_type=\"aux_image.default\">\n\t\t\t\t<div class=\"elementor-widget-container\">\n\t\t\t<section class=\"widget-container aux-widget-image aux-alignnone aux-parent-au862e276d\">\n    <div class=\"aux-media-hint-frame \">\n        <div class=\"aux-media-image \" >\n        \n            \n\n            \n            <img fetchpriority=\"high\" decoding=\"async\" width=\"1500\" height=\"564\" src=\"https:\/\/cagdisdental.com\/wp-content\/uploads\/2024\/09\/Untitled.jpg\" class=\"aux-attachment aux-featured-image aux-attachment-id-1140\" alt=\"Untitled\" data-ratio=\"2.66\" data-original-w=\"1500\" \/>            \n                <\/div>\n    <\/div>\n\n<\/section><!-- widget-container -->\t\t<\/div>\n\t\t\t\t<\/div>\n\t\t\t\t\t<\/div>\n\t\t<\/div>\n\t\t\t\t\t<\/div>\n\t\t<\/section>\n\t\t\t\t<section class=\"elementor-section elementor-top-section elementor-element elementor-element-d7884bb elementor-section-stretched elementor-section-boxed elementor-section-height-default elementor-section-height-default\" data-id=\"d7884bb\" data-element_type=\"section\" data-settings=\"{&quot;background_background&quot;:&quot;classic&quot;,&quot;stretch_section&quot;:&quot;section-stretched&quot;}\">\n\t\t\t\t\t\t<div class=\"elementor-container elementor-column-gap-no\">\n\t\t\t\t\t<div class=\"aux-parallax-section elementor-column elementor-col-100 elementor-top-column elementor-element elementor-element-3b04c42\" data-id=\"3b04c42\" data-element_type=\"column\">\n\t\t\t<div class=\"elementor-widget-wrap elementor-element-populated\">\n\t\t\t\t\t\t<div class=\"elementor-element elementor-element-82cff6c aux-appear-watch-animation aux-scale-down elementor-widget elementor-widget-aux_modern_heading\" data-id=\"82cff6c\" data-element_type=\"widget\" data-widget_type=\"aux_modern_heading.default\">\n\t\t\t\t<div class=\"elementor-widget-container\">\n\t\t\t<section class=\"aux-widget-modern-heading\">\n            <div class=\"aux-widget-inner\"><h4 class=\"aux-modern-heading-primary\"><\/h4><h2 class=\"aux-modern-heading-secondary\"><span class=\"aux-head-highlight\">Hvad er tandblegning?<\/span><\/h2><\/div>\n        <\/section>\t\t<\/div>\n\t\t\t\t<\/div>\n\t\t\t\t<div class=\"elementor-element elementor-element-3d0911c aux-appear-watch-animation aux-fade-in-left elementor-widget elementor-widget-text-editor\" data-id=\"3d0911c\" data-element_type=\"widget\" data-widget_type=\"text-editor.default\">\n\t\t\t\t<div class=\"elementor-widget-container\">\n\t\t\t\t\t\t\t<p>Tandblegning er en proces, der er designet til at afhj\u00e6lpe gulfarvning eller m\u00f8rkfarvning af tandemaljen, ofte for\u00e5rsaget af forskellige faktorer. Dette opn\u00e5s ved hj\u00e6lp af en blegegel, der er godkendt af sundhedsministeriet. Mange personer, der \u00f8nsker \u00e6stetiske forbedringer, benytter sig af professionelle tandblegemetoder i stedet for at stole p\u00e5 hjemmemidler eller produkter, der kan k\u00f8bes i h\u00e5ndk\u00f8b.  <\/p>\n<p>Det er vigtigt at bem\u00e6rke, at tandblegning ikke er en procedure, der b\u00f8r udf\u00f8res p\u00e5 baggrund af online research alene. Mange mennesker s\u00f8ger efter produkter som pletfjernere, blegestrips, blegelamper, geler eller hjemmelavede midler, men disse kan nogle gange v\u00e6re ineffektive eller endda skadelige. <\/p>\n<p>For at afhj\u00e6lpe farve\u00e6ndringer er tandstensrensning og polering typisk de f\u00f8rste skridt. Hvis man ikke opn\u00e5r den \u00f8nskede hvidhed med disse metoder, er professionel tandblegning en mulighed. <\/p>\n<p>Professionel tandblegning kan lysne tandfarven med 3-4 nuancer, men resultaterne kan variere fra person til person. Blegning b\u00f8r ikke udf\u00f8res hjemme uden professionel vejledning. Det sikreste er at f\u00f8lge tandl\u00e6gens anbefalinger for hjemmebrug af blegegel som supplement til behandlinger p\u00e5 klinikken. Det sikrer en effektiv og sikker blegning og minimerer samtidig de potentielle risici.   <\/p>\n\t\t\t\t\t\t<\/div>\n\t\t\t\t<\/div>\n\t\t\t\t\t<\/div>\n\t\t<\/div>\n\t\t\t\t\t<\/div>\n\t\t<\/section>\n\t\t\t\t<section class=\"elementor-section elementor-top-section elementor-element elementor-element-ad42531 elementor-section-stretched elementor-section-boxed elementor-section-height-default elementor-section-height-default\" data-id=\"ad42531\" data-element_type=\"section\" data-settings=\"{&quot;stretch_section&quot;:&quot;section-stretched&quot;}\">\n\t\t\t\t\t\t<div class=\"elementor-container elementor-column-gap-no\">\n\t\t\t\t\t<div class=\"aux-parallax-section elementor-column elementor-col-100 elementor-top-column elementor-element elementor-element-e1fb4d3 aux-appear-watch-animation aux-scale-up\" data-id=\"e1fb4d3\" data-element_type=\"column\">\n\t\t\t<div class=\"elementor-widget-wrap elementor-element-populated\">\n\t\t\t\t\t\t<section class=\"elementor-section elementor-inner-section elementor-element elementor-element-dde0001 elementor-section-boxed elementor-section-height-default elementor-section-height-default\" data-id=\"dde0001\" data-element_type=\"section\">\n\t\t\t\t\t\t<div class=\"elementor-container elementor-column-gap-narrow\">\n\t\t\t\t\t<div class=\"aux-parallax-section elementor-column elementor-col-33 elementor-inner-column elementor-element elementor-element-9f642b7\" data-id=\"9f642b7\" data-element_type=\"column\">\n\t\t\t<div class=\"elementor-widget-wrap elementor-element-populated\">\n\t\t\t\t\t\t<div class=\"elementor-element elementor-element-58bd6aa elementor-widget elementor-widget-aux-before-after\" data-id=\"58bd6aa\" data-element_type=\"widget\" data-widget_type=\"aux-before-after.default\">\n\t\t\t\t<div class=\"elementor-widget-container\">\n\t\t\t<div class=\"widget-container aux-widget-before-after\"><div class=\"aux-before-after\" data-offset=\"0.5\" ><img decoding=\"async\" width=\"1346\" height=\"430\" src=\"https:\/\/cagdisdental.com\/wp-content\/uploads\/2024\/09\/Screenshot-2024-09-22-173936.png\" class=\"attachment-full size-full wp-image-1179\" alt=\"\" srcset=\"https:\/\/cagdisdental.com\/wp-content\/uploads\/2024\/09\/Screenshot-2024-09-22-173936.png 1346w, https:\/\/cagdisdental.com\/wp-content\/uploads\/2024\/09\/Screenshot-2024-09-22-173936-200x64.png 200w\" sizes=\"(max-width: 1346px) 100vw, 1346px\" \/> <img decoding=\"async\" width=\"1347\" height=\"430\" src=\"https:\/\/cagdisdental.com\/wp-content\/uploads\/2024\/09\/Screenshot-2024-09-22-173956.png\" class=\"attachment-full size-full wp-image-1180\" alt=\"\" srcset=\"https:\/\/cagdisdental.com\/wp-content\/uploads\/2024\/09\/Screenshot-2024-09-22-173956.png 1347w, https:\/\/cagdisdental.com\/wp-content\/uploads\/2024\/09\/Screenshot-2024-09-22-173956-200x64.png 200w\" sizes=\"(max-width: 1347px) 100vw, 1347px\" \/><\/div><\/div>\t\t<\/div>\n\t\t\t\t<\/div>\n\t\t\t\t\t<\/div>\n\t\t<\/div>\n\t\t\t\t<div class=\"aux-parallax-section elementor-column elementor-col-33 elementor-inner-column elementor-element elementor-element-daba913\" data-id=\"daba913\" data-element_type=\"column\">\n\t\t\t<div class=\"elementor-widget-wrap elementor-element-populated\">\n\t\t\t\t\t\t<div class=\"elementor-element elementor-element-b75031d elementor-widget elementor-widget-aux-before-after\" data-id=\"b75031d\" data-element_type=\"widget\" data-widget_type=\"aux-before-after.default\">\n\t\t\t\t<div class=\"elementor-widget-container\">\n\t\t\t<div class=\"widget-container aux-widget-before-after\"><div class=\"aux-before-after\" data-offset=\"0.5\" ><img loading=\"lazy\" decoding=\"async\" width=\"765\" height=\"430\" src=\"https:\/\/cagdisdental.com\/wp-content\/uploads\/2024\/09\/Screenshot-2024-09-22-174030.png\" class=\"attachment-full size-full wp-image-1181\" alt=\"\" srcset=\"https:\/\/cagdisdental.com\/wp-content\/uploads\/2024\/09\/Screenshot-2024-09-22-174030.png 765w, https:\/\/cagdisdental.com\/wp-content\/uploads\/2024\/09\/Screenshot-2024-09-22-174030-200x112.png 200w\" sizes=\"(max-width: 765px) 100vw, 765px\" \/> <img loading=\"lazy\" decoding=\"async\" width=\"738\" height=\"430\" src=\"https:\/\/cagdisdental.com\/wp-content\/uploads\/2024\/09\/Screenshot-2024-09-22-174111.png\" class=\"attachment-full size-full wp-image-1182\" alt=\"\" srcset=\"https:\/\/cagdisdental.com\/wp-content\/uploads\/2024\/09\/Screenshot-2024-09-22-174111.png 738w, https:\/\/cagdisdental.com\/wp-content\/uploads\/2024\/09\/Screenshot-2024-09-22-174111-200x117.png 200w\" sizes=\"(max-width: 738px) 100vw, 738px\" \/><\/div><\/div>\t\t<\/div>\n\t\t\t\t<\/div>\n\t\t\t\t\t<\/div>\n\t\t<\/div>\n\t\t\t\t<div class=\"aux-parallax-section elementor-column elementor-col-33 elementor-inner-column elementor-element elementor-element-a064960\" data-id=\"a064960\" data-element_type=\"column\">\n\t\t\t<div class=\"elementor-widget-wrap elementor-element-populated\">\n\t\t\t\t\t\t<div class=\"elementor-element elementor-element-4a742d7 elementor-widget elementor-widget-aux-before-after\" data-id=\"4a742d7\" data-element_type=\"widget\" data-widget_type=\"aux-before-after.default\">\n\t\t\t\t<div class=\"elementor-widget-container\">\n\t\t\t<div class=\"widget-container aux-widget-before-after\"><div class=\"aux-before-after\" data-offset=\"0.5\" ><img loading=\"lazy\" decoding=\"async\" width=\"1346\" height=\"430\" src=\"https:\/\/cagdisdental.com\/wp-content\/uploads\/2024\/09\/Screenshot-2024-09-22-174140.png\" class=\"attachment-full size-full wp-image-1183\" alt=\"\" srcset=\"https:\/\/cagdisdental.com\/wp-content\/uploads\/2024\/09\/Screenshot-2024-09-22-174140.png 1346w, https:\/\/cagdisdental.com\/wp-content\/uploads\/2024\/09\/Screenshot-2024-09-22-174140-200x64.png 200w\" sizes=\"(max-width: 1346px) 100vw, 1346px\" \/> <img loading=\"lazy\" decoding=\"async\" width=\"1346\" height=\"430\" src=\"https:\/\/cagdisdental.com\/wp-content\/uploads\/2024\/09\/Screenshot-2024-09-22-174155.png\" class=\"attachment-full size-full wp-image-1178\" alt=\"\" srcset=\"https:\/\/cagdisdental.com\/wp-content\/uploads\/2024\/09\/Screenshot-2024-09-22-174155.png 1346w, https:\/\/cagdisdental.com\/wp-content\/uploads\/2024\/09\/Screenshot-2024-09-22-174155-200x64.png 200w\" sizes=\"(max-width: 1346px) 100vw, 1346px\" \/><\/div><\/div>\t\t<\/div>\n\t\t\t\t<\/div>\n\t\t\t\t\t<\/div>\n\t\t<\/div>\n\t\t\t\t\t<\/div>\n\t\t<\/section>\n\t\t\t\t\t<\/div>\n\t\t<\/div>\n\t\t\t\t\t<\/div>\n\t\t<\/section>\n\t\t\t\t<section class=\"elementor-section elementor-top-section elementor-element elementor-element-77271eb elementor-section-stretched elementor-section-boxed elementor-section-height-default elementor-section-height-default\" data-id=\"77271eb\" data-element_type=\"section\" data-settings=\"{&quot;stretch_section&quot;:&quot;section-stretched&quot;}\">\n\t\t\t\t\t\t<div class=\"elementor-container elementor-column-gap-no\">\n\t\t\t\t\t<div class=\"aux-parallax-section elementor-column elementor-col-100 elementor-top-column elementor-element elementor-element-991a560\" data-id=\"991a560\" data-element_type=\"column\" data-settings=\"{&quot;background_background&quot;:&quot;classic&quot;}\">\n\t\t\t<div class=\"elementor-widget-wrap elementor-element-populated\">\n\t\t\t\t\t\t<section class=\"elementor-section elementor-inner-section elementor-element elementor-element-4c99883 elementor-section-boxed elementor-section-height-default elementor-section-height-default\" data-id=\"4c99883\" data-element_type=\"section\">\n\t\t\t\t\t\t<div class=\"elementor-container elementor-column-gap-default\">\n\t\t\t\t\t<div class=\"aux-parallax-section elementor-column elementor-col-50 elementor-inner-column elementor-element elementor-element-8240b5e\" data-id=\"8240b5e\" data-element_type=\"column\">\n\t\t\t<div class=\"elementor-widget-wrap elementor-element-populated\">\n\t\t\t\t\t\t<div class=\"elementor-element elementor-element-dbb6a45 aux-appear-watch-animation aux-scale-down elementor-widget elementor-widget-aux_modern_heading\" data-id=\"dbb6a45\" data-element_type=\"widget\" data-widget_type=\"aux_modern_heading.default\">\n\t\t\t\t<div class=\"elementor-widget-container\">\n\t\t\t<section class=\"aux-widget-modern-heading\">\n            <div class=\"aux-widget-inner\"><h4 class=\"aux-modern-heading-primary\"><\/h4><h2 class=\"aux-modern-heading-secondary\"><span class=\"aux-head-highlight\">Blegning p\u00e5 kontoret<\/span><\/h2><\/div>\n        <\/section>\t\t<\/div>\n\t\t\t\t<\/div>\n\t\t\t\t<div class=\"elementor-element elementor-element-af9aed4 aux-appear-watch-animation aux-fade-in-left elementor-widget elementor-widget-text-editor\" data-id=\"af9aed4\" data-element_type=\"widget\" data-widget_type=\"text-editor.default\">\n\t\t\t\t<div class=\"elementor-widget-container\">\n\t\t\t\t\t\t\t<p>Tandblegning p\u00e5 kontoret er en meget effektiv behandling, der udf\u00f8res af en tandl\u00e6ge, og som er kendt for at give betydelige resultater p\u00e5 relativt kort tid. Denne metode er s\u00e6rlig effektiv til behandling af alvorlige misfarvninger, herunder meget m\u00f8rke eller gule t\u00e6nder. Den indeb\u00e6rer typisk p\u00e5f\u00f8ring af en blegegel kombineret med lys eller laser, og hele proceduren tager normalt omkring en time.<br \/>Processen best\u00e5r generelt af 2-3 sessioner p\u00e5 15-20 minutter hver. Antallet af behandlinger afh\u00e6nger af dine t\u00e6nders tilstand og f\u00f8lsomhed. For at forbedre og forl\u00e6nge blegningsresultaterne renses tandsten og tandsten f\u00f8r blegningsbehandlingen.<br \/>Der p\u00e5f\u00f8res beskyttelsesmidler p\u00e5 tandk\u00f8det for at forhindre skader fra blegningsgelen med h\u00f8jt iltindhold, som derefter aktiveres ved hj\u00e6lp af lys eller laser. Gelen p\u00e5f\u00f8res t\u00e6nderne, og afh\u00e6ngigt af typen kan det v\u00e6re n\u00f8dvendigt at aktivere den med lys. Nylige fremskridt har introduceret dobbelte gelapplikationer, der muligg\u00f8r effektiv blegning med minimalt ubehag i en enkelt session.<br \/>N\u00e5r gelen er p\u00e5f\u00f8rt, og lysbehandlingen er afsluttet, vurderes resultaterne. Der kan foretages yderligere behandlinger, hvis det er n\u00f8dvendigt. Det er almindeligt at opleve en vis tandf\u00f8lsomhed efter behandlingen, men det aftager typisk i l\u00f8bet af et par dage.        <\/p>\n\t\t\t\t\t\t<\/div>\n\t\t\t\t<\/div>\n\t\t\t\t\t<\/div>\n\t\t<\/div>\n\t\t\t\t<div class=\"aux-parallax-section elementor-column elementor-col-50 elementor-inner-column elementor-element elementor-element-78988df\" data-id=\"78988df\" data-element_type=\"column\">\n\t\t\t<div class=\"elementor-widget-wrap elementor-element-populated\">\n\t\t\t\t\t\t<div class=\"elementor-element elementor-element-3236241 aux-appear-watch-animation aux-scale-up elementor-widget elementor-widget-aux_image\" data-id=\"3236241\" data-element_type=\"widget\" data-widget_type=\"aux_image.default\">\n\t\t\t\t<div class=\"elementor-widget-container\">\n\t\t\t<section class=\"widget-container aux-widget-image aux-alignnone aux-parent-au41da6b7f\">\n    <div class=\"aux-media-hint-frame \">\n        <div class=\"aux-media-image \" >\n        \n            \n\n            \n            <img loading=\"lazy\" decoding=\"async\" width=\"1500\" height=\"879\" src=\"https:\/\/cagdisdental.com\/wp-content\/uploads\/2024\/09\/Untitled1.jpg\" class=\"aux-attachment aux-featured-image aux-attachment-id-1191\" alt=\"Untitled1\" data-ratio=\"1.71\" data-original-w=\"1500\" \/>            \n                <\/div>\n    <\/div>\n\n<\/section><!-- widget-container -->\t\t<\/div>\n\t\t\t\t<\/div>\n\t\t\t\t\t<\/div>\n\t\t<\/div>\n\t\t\t\t\t<\/div>\n\t\t<\/section>\n\t\t\t\t\t<\/div>\n\t\t<\/div>\n\t\t\t\t\t<\/div>\n\t\t<\/section>\n\t\t\t\t<section class=\"elementor-section elementor-top-section elementor-element elementor-element-3ccd4e8 elementor-section-boxed elementor-section-height-default elementor-section-height-default\" data-id=\"3ccd4e8\" data-element_type=\"section\">\n\t\t\t\t\t\t<div class=\"elementor-container elementor-column-gap-default\">\n\t\t\t\t\t<div class=\"aux-parallax-section elementor-column elementor-col-50 elementor-top-column elementor-element elementor-element-91acccc\" data-id=\"91acccc\" data-element_type=\"column\">\n\t\t\t<div class=\"elementor-widget-wrap elementor-element-populated\">\n\t\t\t\t\t\t<div class=\"elementor-element elementor-element-50a4ddb aux-appear-watch-animation aux-scale-up elementor-widget elementor-widget-aux_image\" data-id=\"50a4ddb\" data-element_type=\"widget\" data-widget_type=\"aux_image.default\">\n\t\t\t\t<div class=\"elementor-widget-container\">\n\t\t\t<section class=\"widget-container aux-widget-image aux-alignnone aux-parent-aub18f153e\">\n    <div class=\"aux-media-hint-frame \">\n        <div class=\"aux-media-image \" >\n        \n            \n\n            \n            <img loading=\"lazy\" decoding=\"async\" width=\"1211\" height=\"834\" src=\"https:\/\/cagdisdental.com\/wp-content\/uploads\/2024\/09\/cagdis-dental-logo-dikey2.png\" class=\"aux-attachment aux-featured-image aux-attachment-id-399\" alt=\"cagdis-dental-logo-dikey(2)\" data-ratio=\"1.45\" data-original-w=\"1211\" \/>            \n                <\/div>\n    <\/div>\n\n<\/section><!-- widget-container -->\t\t<\/div>\n\t\t\t\t<\/div>\n\t\t\t\t\t<\/div>\n\t\t<\/div>\n\t\t\t\t<div class=\"aux-parallax-section elementor-column elementor-col-50 elementor-top-column elementor-element elementor-element-f68b893\" data-id=\"f68b893\" data-element_type=\"column\">\n\t\t\t<div class=\"elementor-widget-wrap elementor-element-populated\">\n\t\t\t\t\t\t<div class=\"elementor-element elementor-element-527ceba aux-appear-watch-animation aux-scale-down elementor-widget elementor-widget-aux_modern_heading\" data-id=\"527ceba\" data-element_type=\"widget\" data-widget_type=\"aux_modern_heading.default\">\n\t\t\t\t<div class=\"elementor-widget-container\">\n\t\t\t<section class=\"aux-widget-modern-heading\">\n            <div class=\"aux-widget-inner\"><h4 class=\"aux-modern-heading-primary\"><\/h4><h2 class=\"aux-modern-heading-secondary\"><span class=\"aux-head-highlight\">Hjemmeblegning<\/span><\/h2><\/div>\n        <\/section>\t\t<\/div>\n\t\t\t\t<\/div>\n\t\t\t\t<div class=\"elementor-element elementor-element-f842209 aux-appear-watch-animation aux-fade-in-left elementor-widget elementor-widget-text-editor\" data-id=\"f842209\" data-element_type=\"widget\" data-widget_type=\"text-editor.default\">\n\t\t\t\t<div class=\"elementor-widget-container\">\n\t\t\t\t\t\t\t<p>Hjemmetandblegning indeb\u00e6rer, at man bruger et tandblegningss\u00e6t fra tandl\u00e6gen, som er designet til sikker og effektiv hjemmebehandling. Denne metode er en p\u00e5lidelig mulighed for at opn\u00e5 et lysere smil, n\u00e5r den bruges korrekt. Her er, hvordan processen typisk fungerer:  <\/p>\n<p><b>Indledende unders\u00f8gelse og m\u00e5linger:<\/b> Din tandl\u00e6ge tager aftryk af din mund for at kunne lave specialfremstillede skinner (eller plastmundstykker), der passer pr\u00e6cist.<\/p>\n<p><b>Forberedelse af skinner:<\/b> Baseret p\u00e5 disse aftryk laves der skr\u00e6ddersyede skinner for at sikre en behagelig pasform. Tandl\u00e6gen giver dig en blegegel, som skal p\u00e5f\u00f8res disse skinner i den angivne m\u00e6ngde. Hvis du bruger for meget gel, kan det f\u00f8re til overl\u00f8b, som kan irritere dit tandk\u00f8d. Hvis det sker, skal du fjerne den overskydende gel med en vatpind og skylle omr\u00e5det med vand.   <\/p>\n<p><b>Anvendelse:<\/b> Placer skinnerne med gelen i munden.<\/p>\n<p><b>Varighed og hyppighed:<\/b> For at opn\u00e5 effektive resultater skal du have skinnerne i munden i den tid, som din tandl\u00e6ge anbefaler. Det er normalt 4 til 8 timer i l\u00f8bet af dagen eller 9 til 10 timer natten over. Typisk anvendes behandlingen i 10-14 dage, men det kan variere afh\u00e6ngigt af graden af misfarvning og den specifikke blegegel, der anvendes. Brug om natten foretr\u00e6kkes ofte af praktiske \u00e5rsager.   <\/p>\n<p>Ved at f\u00f8lge disse trin og overholde din tandl\u00e6ges anbefalinger kan du opn\u00e5 m\u00e6rkbare blegningsresultater og samtidig minimere risikoen for bivirkninger.<\/p>\n\t\t\t\t\t\t<\/div>\n\t\t\t\t<\/div>\n\t\t\t\t\t<\/div>\n\t\t<\/div>\n\t\t\t\t\t<\/div>\n\t\t<\/section>\n\t\t\t\t<\/div>\n\t\t","protected":false},"excerpt":{"rendered":"<p>Str\u00e5l klart i dag Blegning af t\u00e6nder Kontakt os! Hvad er tandblegning? Tandblegning er en proces, der er designet til at afhj\u00e6lpe gulfarvning eller m\u00f8rkfarvning af tandemaljen, ofte for\u00e5rsaget af forskellige faktorer. Dette opn\u00e5s ved hj\u00e6lp af en blegegel, der er godkendt af sundhedsministeriet. Mange personer, der \u00f8nsker \u00e6stetiske forbedringer, benytter sig af professionelle tandblegemetoder [&hellip;]<\/p>\n","protected":false},"author":1,"featured_media":0,"parent":0,"menu_order":0,"comment_status":"closed","ping_status":"closed","template":"","meta":{"_monsterinsights_skip_tracking":false,"_monsterinsights_sitenote_active":false,"_monsterinsights_sitenote_note":"","_monsterinsights_sitenote_category":0,"_joinchat":[],"footnotes":""},"class_list":["post-2486","page","type-page","status-publish","hentry"],"aioseo_notices":[],"_links":{"self":[{"href":"https:\/\/cagdisdental.com\/da\/wp-json\/wp\/v2\/pages\/2486"}],"collection":[{"href":"https:\/\/cagdisdental.com\/da\/wp-json\/wp\/v2\/pages"}],"about":[{"href":"https:\/\/cagdisdental.com\/da\/wp-json\/wp\/v2\/types\/page"}],"author":[{"embeddable":true,"href":"https:\/\/cagdisdental.com\/da\/wp-json\/wp\/v2\/users\/1"}],"replies":[{"embeddable":true,"href":"https:\/\/cagdisdental.com\/da\/wp-json\/wp\/v2\/comments?post=2486"}],"version-history":[{"count":1,"href":"https:\/\/cagdisdental.com\/da\/wp-json\/wp\/v2\/pages\/2486\/revisions"}],"predecessor-version":[{"id":2496,"href":"https:\/\/cagdisdental.com\/da\/wp-json\/wp\/v2\/pages\/2486\/revisions\/2496"}],"wp:attachment":[{"href":"https:\/\/cagdisdental.com\/da\/wp-json\/wp\/v2\/media?parent=2486"}],"curies":[{"name":"wp","href":"https:\/\/api.w.org\/{rel}","templated":true}]}}