{"id":2550,"date":"2024-09-18T12:16:46","date_gmt":"2024-09-18T12:16:46","guid":{"rendered":"https:\/\/cagdisdental.com\/e-max-finer\/"},"modified":"2025-05-01T00:26:24","modified_gmt":"2025-05-01T00:26:24","slug":"e-max-finer","status":"publish","type":"page","link":"https:\/\/cagdisdental.com\/da\/e-max-finer\/","title":{"rendered":"E MAX Fin\u00e9r"},"content":{"rendered":"\t\t<div data-elementor-type=\"wp-page\" data-elementor-id=\"2550\" class=\"elementor elementor-2550 elementor-143\">\n\t\t\t\t\t\t<section class=\"elementor-section elementor-top-section elementor-element elementor-element-29c899bf elementor-section-content-middle elementor-section-stretched elementor-section-boxed elementor-section-height-default elementor-section-height-default\" data-id=\"29c899bf\" data-element_type=\"section\" data-settings=\"{&quot;stretch_section&quot;:&quot;section-stretched&quot;,&quot;background_background&quot;:&quot;classic&quot;}\">\n\t\t\t\t\t\t<div class=\"elementor-container elementor-column-gap-no\">\n\t\t\t\t\t<div class=\"aux-parallax-section elementor-column elementor-col-50 elementor-top-column elementor-element elementor-element-50e97136\" data-id=\"50e97136\" data-element_type=\"column\">\n\t\t\t<div class=\"elementor-widget-wrap elementor-element-populated\">\n\t\t\t\t\t\t<div class=\"elementor-element elementor-element-2e05fb22 aux-appear-watch-animation aux-scale-down elementor-widget elementor-widget-aux_modern_heading\" data-id=\"2e05fb22\" data-element_type=\"widget\" data-widget_type=\"aux_modern_heading.default\">\n\t\t\t\t<div class=\"elementor-widget-container\">\n\t\t\t<section class=\"aux-widget-modern-heading\">\n            <div class=\"aux-widget-inner\"><h4 class=\"aux-modern-heading-primary\">Skinner for evigt med dig<\/h4><h1 class=\"aux-modern-heading-secondary\"><span class=\"aux-head-highlight\">E-Max-finer<\/span><\/h1><div class=\"aux-modern-heading-description\"><p>Emax-finer skiller sig ud p\u00e5 grund af deres brug af keramisk materiale i mods\u00e6tning til det traditionelle porcel\u00e6n, der bruges i andre finer. De er blandt de mest anbefalede muligheder for patienter, der s\u00f8ger de mest naturlige og \u00e6stetisk tiltalende resultater. <\/p>\n<\/div><\/div>\n        <\/section>\t\t<\/div>\n\t\t\t\t<\/div>\n\t\t\t\t\t<\/div>\n\t\t<\/div>\n\t\t\t\t<div class=\"aux-parallax-section elementor-column elementor-col-50 elementor-top-column elementor-element elementor-element-11bbae9e\" data-id=\"11bbae9e\" data-element_type=\"column\">\n\t\t\t<div class=\"elementor-widget-wrap elementor-element-populated\">\n\t\t\t\t\t\t<div class=\"elementor-element elementor-element-7deb0d12 aux-appear-watch-animation aux-scale-up elementor-widget elementor-widget-aux_image\" data-id=\"7deb0d12\" data-element_type=\"widget\" data-widget_type=\"aux_image.default\">\n\t\t\t\t<div class=\"elementor-widget-container\">\n\t\t\t<section class=\"widget-container aux-widget-image aux-alignnone aux-parent-au6ffc612b\">\n    <div class=\"aux-media-hint-frame \">\n        <div class=\"aux-media-image \" >\n        \n            \n\n            \n            <img fetchpriority=\"high\" decoding=\"async\" width=\"843\" height=\"526\" src=\"https:\/\/cagdisdental.com\/wp-content\/uploads\/2024\/09\/Ekran-goruntusu-2024-09-18-225220.png\" class=\"aux-attachment aux-featured-image aux-attachment-id-1008\" alt=\"Ekran g\u00f6r\u00fcnt\u00fcs\u00fc 2024-09-18 225220\" data-ratio=\"1.6\" data-original-w=\"843\" \/>            \n                <\/div>\n    <\/div>\n\n<\/section><!-- widget-container -->\t\t<\/div>\n\t\t\t\t<\/div>\n\t\t\t\t\t<\/div>\n\t\t<\/div>\n\t\t\t\t\t<\/div>\n\t\t<\/section>\n\t\t\t\t<section class=\"elementor-section elementor-top-section elementor-element elementor-element-328c2709 elementor-section-stretched elementor-section-boxed elementor-section-height-default elementor-section-height-default\" data-id=\"328c2709\" data-element_type=\"section\" data-settings=\"{&quot;background_background&quot;:&quot;classic&quot;,&quot;stretch_section&quot;:&quot;section-stretched&quot;}\">\n\t\t\t\t\t\t<div class=\"elementor-container elementor-column-gap-no\">\n\t\t\t\t\t<div class=\"aux-parallax-section elementor-column elementor-col-100 elementor-top-column elementor-element elementor-element-672f99ac\" data-id=\"672f99ac\" data-element_type=\"column\">\n\t\t\t<div class=\"elementor-widget-wrap elementor-element-populated\">\n\t\t\t\t\t\t<div class=\"elementor-element elementor-element-6c041526 aux-appear-watch-animation aux-scale-down elementor-widget elementor-widget-aux_modern_heading\" data-id=\"6c041526\" data-element_type=\"widget\" data-widget_type=\"aux_modern_heading.default\">\n\t\t\t\t<div class=\"elementor-widget-container\">\n\t\t\t<section class=\"aux-widget-modern-heading\">\n            <div class=\"aux-widget-inner\"><h4 class=\"aux-modern-heading-primary\"><\/h4><h2 class=\"aux-modern-heading-secondary\"><span class=\"aux-head-highlight\">Hvad er eMax?<\/span><\/h2><\/div>\n        <\/section>\t\t<\/div>\n\t\t\t\t<\/div>\n\t\t\t\t<div class=\"elementor-element elementor-element-32e9dc59 elementor-widget elementor-widget-text-editor\" data-id=\"32e9dc59\" data-element_type=\"widget\" data-widget_type=\"text-editor.default\">\n\t\t\t\t<div class=\"elementor-widget-container\">\n\t\t\t\t\t\t\t<p style=\"text-align: left;\">Emax-finer er fremstillet af lithiumdisilikatglas, et h\u00f8jkvalitets helkeramisk materiale, der er kendt for sin enest\u00e5ende gennemsigtighed og holdbarhed. Dette avancerede materiale g\u00f8r det muligt at skabe fin\u00e9r, der b\u00e5de er utroligt st\u00e6rke og ser bem\u00e6rkelsesv\u00e6rdigt naturlige ud. <\/p>\n\t\t\t\t\t\t<\/div>\n\t\t\t\t<\/div>\n\t\t\t\t\t<\/div>\n\t\t<\/div>\n\t\t\t\t\t<\/div>\n\t\t<\/section>\n\t\t\t\t<section class=\"elementor-section elementor-top-section elementor-element elementor-element-e21d95e elementor-section-stretched elementor-section-boxed elementor-section-height-default elementor-section-height-default\" data-id=\"e21d95e\" data-element_type=\"section\" data-settings=\"{&quot;background_background&quot;:&quot;classic&quot;,&quot;stretch_section&quot;:&quot;section-stretched&quot;}\">\n\t\t\t\t\t\t<div class=\"elementor-container elementor-column-gap-no\">\n\t\t\t\t\t<div class=\"aux-parallax-section elementor-column elementor-col-50 elementor-top-column elementor-element elementor-element-599d93b\" data-id=\"599d93b\" data-element_type=\"column\">\n\t\t\t<div class=\"elementor-widget-wrap elementor-element-populated\">\n\t\t\t\t\t\t<div class=\"elementor-element elementor-element-e1d485e aux-appear-watch-animation aux-scale-down elementor-widget elementor-widget-aux_modern_heading\" data-id=\"e1d485e\" data-element_type=\"widget\" data-widget_type=\"aux_modern_heading.default\">\n\t\t\t\t<div class=\"elementor-widget-container\">\n\t\t\t<section class=\"aux-widget-modern-heading\">\n            <div class=\"aux-widget-inner\"><h1 class=\"aux-modern-heading-primary\"><\/h1><p class=\"aux-modern-heading-secondary\"><span class=\"aux-head-highlight\">Hvad er eMax-porcel\u00e6nsfiner?<\/span><\/p><\/div>\n        <\/section>\t\t<\/div>\n\t\t\t\t<\/div>\n\t\t\t\t<div class=\"elementor-element elementor-element-42affeb elementor-widget elementor-widget-text-editor\" data-id=\"42affeb\" data-element_type=\"widget\" data-widget_type=\"text-editor.default\">\n\t\t\t\t<div class=\"elementor-widget-container\">\n\t\t\t\t\t\t\t<p>Emax-porcel\u00e6nsfiner best\u00e5r af en Emax-kerne, der er d\u00e6kket af et lag porcel\u00e6n. De adskiller sig fra andre fin\u00e9rtyper ved deres bem\u00e6rkelsesv\u00e6rdige gennemskinnelighed og opalescens, som giver mulighed for bedre lysdiffusion. <\/p>\n<p>I mods\u00e6tning hertil har traditionelle porcel\u00e6nsfiner en tendens til at v\u00e6re mere uigennemsigtige og opn\u00e5r ikke det samme niveau af lystransmission. Emax-porcel\u00e6nsfiner kan give et meget naturligt udseende smil, der problemfrit blandes med dine naturlige t\u00e6nder og tilbyder en af de mest \u00e6stetisk tiltalende muligheder, der findes. <\/p>\n\t\t\t\t\t\t<\/div>\n\t\t\t\t<\/div>\n\t\t\t\t\t<\/div>\n\t\t<\/div>\n\t\t\t\t<div class=\"aux-parallax-section elementor-column elementor-col-50 elementor-top-column elementor-element elementor-element-71391a6\" data-id=\"71391a6\" data-element_type=\"column\">\n\t\t\t<div class=\"elementor-widget-wrap elementor-element-populated\">\n\t\t\t\t\t\t<div class=\"elementor-element elementor-element-0ea29f2 aux-appear-watch-animation aux-scale-up elementor-widget elementor-widget-aux_image\" data-id=\"0ea29f2\" data-element_type=\"widget\" data-widget_type=\"aux_image.default\">\n\t\t\t\t<div class=\"elementor-widget-container\">\n\t\t\t<section class=\"widget-container aux-widget-image aux-alignnone aux-parent-aub10bb7b9\">\n    <div class=\"aux-media-hint-frame \">\n        <div class=\"aux-media-image \" >\n        \n            \n\n            \n            <img decoding=\"async\" width=\"605\" height=\"363\" src=\"https:\/\/cagdisdental.com\/wp-content\/uploads\/2024\/09\/Picture1.jpg\" class=\"aux-attachment aux-featured-image aux-attachment-id-1009\" alt=\"Picture1\" data-ratio=\"1.67\" data-original-w=\"605\" \/>            \n                <\/div>\n    <\/div>\n\n<\/section><!-- widget-container -->\t\t<\/div>\n\t\t\t\t<\/div>\n\t\t\t\t\t<\/div>\n\t\t<\/div>\n\t\t\t\t\t<\/div>\n\t\t<\/section>\n\t\t\t\t<section class=\"elementor-section elementor-top-section elementor-element elementor-element-53fbfcff elementor-section-stretched elementor-section-boxed elementor-section-height-default elementor-section-height-default\" data-id=\"53fbfcff\" data-element_type=\"section\" data-settings=\"{&quot;background_background&quot;:&quot;classic&quot;,&quot;stretch_section&quot;:&quot;section-stretched&quot;}\">\n\t\t\t\t\t\t<div class=\"elementor-container elementor-column-gap-no\">\n\t\t\t\t\t<div class=\"aux-parallax-section elementor-column elementor-col-100 elementor-top-column elementor-element elementor-element-12fa2964\" data-id=\"12fa2964\" data-element_type=\"column\">\n\t\t\t<div class=\"elementor-widget-wrap elementor-element-populated\">\n\t\t\t\t\t\t<div class=\"elementor-element elementor-element-42836107 aux-appear-watch-animation aux-scale-down elementor-widget elementor-widget-aux_modern_heading\" data-id=\"42836107\" data-element_type=\"widget\" data-widget_type=\"aux_modern_heading.default\">\n\t\t\t\t<div class=\"elementor-widget-container\">\n\t\t\t<section class=\"aux-widget-modern-heading\">\n            <div class=\"aux-widget-inner\"><h4 class=\"aux-modern-heading-primary\"><\/h4><h2 class=\"aux-modern-heading-secondary\"><span class=\"aux-head-highlight\">Fordele ved eMax-finer<\/span><\/h2><\/div>\n        <\/section>\t\t<\/div>\n\t\t\t\t<\/div>\n\t\t\t\t<div class=\"elementor-element elementor-element-7066c060 elementor-widget elementor-widget-text-editor\" data-id=\"7066c060\" data-element_type=\"widget\" data-widget_type=\"text-editor.default\">\n\t\t\t\t<div class=\"elementor-widget-container\">\n\t\t\t\t\t\t\t<p>De prim\u00e6re fordele ved Emax-finer stammer fra deres glaskeramiske sammens\u00e6tning, som giver enest\u00e5ende gennemskinnelighed, opalescens og lysdiffusion. Her er nogle af de vigtigste fordele: <\/p>\n<ul>\n<li><strong>Naturlig integration:<\/strong> Emax-finer kan tilpasses perfekt til farven p\u00e5 dine eksisterende t\u00e6nder, s\u00e5 du f\u00e5r et s\u00f8ml\u00f8st og naturligt udseende smil. For at f\u00e5 et endnu lysere udseende kan du blege t\u00e6nderne p\u00e5 forh\u00e5nd. <\/li>\n<li><strong>Minimal fjernelse af t\u00e6nder:<\/strong> Disse finer er betydeligt tyndere end traditionelle porcel\u00e6nsfiner, hvilket kr\u00e6ver mindre fjernelse af emalje.<\/li>\n<li><strong>\u00c6stetik, der kan tilpasses: <\/strong>De giver mulighed for pr\u00e6cise justeringer af dine t\u00e6nders form, l\u00e6ngde, bredde og farve.<\/li>\n<li><strong>Korrektion af mindre problemer:<\/strong> Emax-finer kan effektivt afhj\u00e6lpe mindre sk\u00e6vheder, som f.eks. sm\u00e5 sk\u00e6vheder eller huller.<\/li>\n<li><strong>Forbedret holdbarhed:<\/strong> Deres glaskeramiske materiale er b\u00e5de h\u00e5rdere og tyndere, hvilket giver \u00f8get holdbarhed.<\/li>\n<\/ul>\n\t\t\t\t\t\t<\/div>\n\t\t\t\t<\/div>\n\t\t\t\t\t<\/div>\n\t\t<\/div>\n\t\t\t\t\t<\/div>\n\t\t<\/section>\n\t\t\t\t<section class=\"elementor-section elementor-top-section elementor-element elementor-element-1c350dba elementor-section-stretched elementor-section-boxed elementor-section-height-default elementor-section-height-default\" data-id=\"1c350dba\" data-element_type=\"section\" data-settings=\"{&quot;stretch_section&quot;:&quot;section-stretched&quot;}\">\n\t\t\t\t\t\t<div class=\"elementor-container elementor-column-gap-no\">\n\t\t\t\t\t<div class=\"aux-parallax-section elementor-column elementor-col-100 elementor-top-column elementor-element elementor-element-34ea9e88\" data-id=\"34ea9e88\" data-element_type=\"column\">\n\t\t\t<div class=\"elementor-widget-wrap elementor-element-populated\">\n\t\t\t\t\t\t<div class=\"elementor-element elementor-element-3138b968 aux-appear-watch-animation aux-scale-down elementor-widget elementor-widget-aux_modern_heading\" data-id=\"3138b968\" data-element_type=\"widget\" data-widget_type=\"aux_modern_heading.default\">\n\t\t\t\t<div class=\"elementor-widget-container\">\n\t\t\t<section class=\"aux-widget-modern-heading\">\n            <div class=\"aux-widget-inner\"><h4 class=\"aux-modern-heading-primary\"><\/h4><h2 class=\"aux-modern-heading-secondary\"><span class=\"aux-head-highlight\">Hvordan monteres eMax-finer?<\/span><\/h2><\/div>\n        <\/section>\t\t<\/div>\n\t\t\t\t<\/div>\n\t\t\t\t<div class=\"elementor-element elementor-element-5853d396 elementor-widget elementor-widget-text-editor\" data-id=\"5853d396\" data-element_type=\"widget\" data-widget_type=\"text-editor.default\">\n\t\t\t\t<div class=\"elementor-widget-container\">\n\t\t\t\t\t\t\t<p>Proceduren for Emax-finer af porcel\u00e6n involverer typisk to bes\u00f8g. Under det f\u00f8rste bes\u00f8g vil tandl\u00e6gen forberede dine t\u00e6nder ved forsigtigt at trimme en lille smule emalje for at skabe plads til fin\u00e9rerne. Der tages et aftryk af dine t\u00e6nder, som sendes til et laboratorium, der laver dine specialfremstillede finer. Midlertidige finer placeres, s\u00e5 du kan se og godkende udseendet, f\u00f8r de endelige finer fremstilles.<br \/>Ved den anden aftale fjerner tandl\u00e6gen de midlertidige finer og kontrollerer de endelige finers pasform. N\u00e5r du er tilfreds med pasformen og udseendet, limes fin\u00e9rerne ved hj\u00e6lp af et s\u00e6rligt lys, der &#8220;h\u00e6rder&#8221; limen og sikrer en sikker og permanent fastg\u00f8relse.    <\/p>\n\t\t\t\t\t\t<\/div>\n\t\t\t\t<\/div>\n\t\t\t\t\t<\/div>\n\t\t<\/div>\n\t\t\t\t\t<\/div>\n\t\t<\/section>\n\t\t\t\t<section class=\"elementor-section elementor-top-section elementor-element elementor-element-1c650e3 elementor-section-stretched elementor-hidden-desktop elementor-hidden-tablet elementor-hidden-mobile elementor-section-boxed elementor-section-height-default elementor-section-height-default\" data-id=\"1c650e3\" data-element_type=\"section\" data-settings=\"{&quot;stretch_section&quot;:&quot;section-stretched&quot;}\">\n\t\t\t\t\t\t<div class=\"elementor-container elementor-column-gap-no\">\n\t\t\t\t\t<div class=\"aux-parallax-section elementor-column elementor-col-100 elementor-top-column elementor-element elementor-element-6a1b7dd\" data-id=\"6a1b7dd\" data-element_type=\"column\">\n\t\t\t<div class=\"elementor-widget-wrap elementor-element-populated\">\n\t\t\t\t\t\t<section class=\"elementor-section elementor-inner-section elementor-element elementor-element-21a8873 elementor-section-boxed elementor-section-height-default elementor-section-height-default\" data-id=\"21a8873\" data-element_type=\"section\">\n\t\t\t\t\t\t<div class=\"elementor-container elementor-column-gap-narrow\">\n\t\t\t\t\t<div class=\"aux-parallax-section elementor-column elementor-col-33 elementor-inner-column elementor-element elementor-element-e78b308\" data-id=\"e78b308\" data-element_type=\"column\">\n\t\t\t<div class=\"elementor-widget-wrap elementor-element-populated\">\n\t\t\t\t\t\t<div class=\"elementor-element elementor-element-5bfaa05 aux-appear-watch-animation aux-fade-in-up elementor-widget elementor-widget-aux-before-after\" data-id=\"5bfaa05\" data-element_type=\"widget\" data-widget_type=\"aux-before-after.default\">\n\t\t\t\t<div class=\"elementor-widget-container\">\n\t\t\t<div class=\"widget-container aux-widget-before-after\"><div class=\"aux-before-after\" data-offset=\"0.5\" ><img decoding=\"async\" width=\"605\" height=\"300\" src=\"https:\/\/cagdisdental.com\/wp-content\/uploads\/2024\/09\/Picture21.jpg\" class=\"attachment-large size-large wp-image-1015\" alt=\"\" srcset=\"https:\/\/cagdisdental.com\/wp-content\/uploads\/2024\/09\/Picture21.jpg 605w, https:\/\/cagdisdental.com\/wp-content\/uploads\/2024\/09\/Picture21-200x99.jpg 200w\" sizes=\"(max-width: 605px) 100vw, 605px\" \/> <img loading=\"lazy\" decoding=\"async\" width=\"605\" height=\"300\" src=\"https:\/\/cagdisdental.com\/wp-content\/uploads\/2024\/09\/Picture2.jpg\" class=\"attachment-large size-large wp-image-1016\" alt=\"\" srcset=\"https:\/\/cagdisdental.com\/wp-content\/uploads\/2024\/09\/Picture2.jpg 605w, https:\/\/cagdisdental.com\/wp-content\/uploads\/2024\/09\/Picture2-200x99.jpg 200w\" sizes=\"(max-width: 605px) 100vw, 605px\" \/><\/div><\/div>\t\t<\/div>\n\t\t\t\t<\/div>\n\t\t\t\t\t<\/div>\n\t\t<\/div>\n\t\t\t\t<div class=\"aux-parallax-section elementor-column elementor-col-33 elementor-inner-column elementor-element elementor-element-b56aa46\" data-id=\"b56aa46\" data-element_type=\"column\">\n\t\t\t<div class=\"elementor-widget-wrap elementor-element-populated\">\n\t\t\t\t\t\t<div class=\"elementor-element elementor-element-0a53888 aux-appear-watch-animation aux-fade-in-up elementor-widget elementor-widget-aux-before-after\" data-id=\"0a53888\" data-element_type=\"widget\" data-widget_type=\"aux-before-after.default\">\n\t\t\t\t<div class=\"elementor-widget-container\">\n\t\t\t<div class=\"widget-container aux-widget-before-after\"><div class=\"aux-before-after\" data-offset=\"0.5\" ><img loading=\"lazy\" decoding=\"async\" width=\"605\" height=\"300\" src=\"https:\/\/cagdisdental.com\/wp-content\/uploads\/2024\/09\/Picture23.jpg\" class=\"attachment-large size-large wp-image-1013\" alt=\"\" srcset=\"https:\/\/cagdisdental.com\/wp-content\/uploads\/2024\/09\/Picture23.jpg 605w, https:\/\/cagdisdental.com\/wp-content\/uploads\/2024\/09\/Picture23-200x99.jpg 200w\" sizes=\"(max-width: 605px) 100vw, 605px\" \/> <img loading=\"lazy\" decoding=\"async\" width=\"605\" height=\"300\" src=\"https:\/\/cagdisdental.com\/wp-content\/uploads\/2024\/09\/Picture22.jpg\" class=\"attachment-large size-large wp-image-1014\" alt=\"\" srcset=\"https:\/\/cagdisdental.com\/wp-content\/uploads\/2024\/09\/Picture22.jpg 605w, https:\/\/cagdisdental.com\/wp-content\/uploads\/2024\/09\/Picture22-200x99.jpg 200w\" sizes=\"(max-width: 605px) 100vw, 605px\" \/><\/div><\/div>\t\t<\/div>\n\t\t\t\t<\/div>\n\t\t\t\t\t<\/div>\n\t\t<\/div>\n\t\t\t\t<div class=\"aux-parallax-section elementor-column elementor-col-33 elementor-inner-column elementor-element elementor-element-2b23ec1\" data-id=\"2b23ec1\" data-element_type=\"column\">\n\t\t\t<div class=\"elementor-widget-wrap elementor-element-populated\">\n\t\t\t\t\t\t<div class=\"elementor-element elementor-element-6508a3c aux-appear-watch-animation aux-fade-in-up elementor-widget elementor-widget-aux-before-after\" data-id=\"6508a3c\" data-element_type=\"widget\" data-widget_type=\"aux-before-after.default\">\n\t\t\t\t<div class=\"elementor-widget-container\">\n\t\t\t<div class=\"widget-container aux-widget-before-after\"><div class=\"aux-before-after\" data-offset=\"0.5\" ><img loading=\"lazy\" decoding=\"async\" width=\"605\" height=\"300\" src=\"https:\/\/cagdisdental.com\/wp-content\/uploads\/2024\/09\/Picture24.jpg\" class=\"attachment-large size-large wp-image-1012\" alt=\"\" srcset=\"https:\/\/cagdisdental.com\/wp-content\/uploads\/2024\/09\/Picture24.jpg 605w, https:\/\/cagdisdental.com\/wp-content\/uploads\/2024\/09\/Picture24-200x99.jpg 200w\" sizes=\"(max-width: 605px) 100vw, 605px\" \/> <img loading=\"lazy\" decoding=\"async\" width=\"605\" height=\"300\" src=\"https:\/\/cagdisdental.com\/wp-content\/uploads\/2024\/09\/Picture25.jpg\" class=\"attachment-large size-large wp-image-1011\" alt=\"\" srcset=\"https:\/\/cagdisdental.com\/wp-content\/uploads\/2024\/09\/Picture25.jpg 605w, https:\/\/cagdisdental.com\/wp-content\/uploads\/2024\/09\/Picture25-200x99.jpg 200w\" sizes=\"(max-width: 605px) 100vw, 605px\" \/><\/div><\/div>\t\t<\/div>\n\t\t\t\t<\/div>\n\t\t\t\t\t<\/div>\n\t\t<\/div>\n\t\t\t\t\t<\/div>\n\t\t<\/section>\n\t\t\t\t\t<\/div>\n\t\t<\/div>\n\t\t\t\t\t<\/div>\n\t\t<\/section>\n\t\t\t\t<section class=\"elementor-section elementor-top-section elementor-element elementor-element-456bc91 elementor-section-stretched elementor-section-boxed elementor-section-height-default elementor-section-height-default\" data-id=\"456bc91\" data-element_type=\"section\" data-settings=\"{&quot;stretch_section&quot;:&quot;section-stretched&quot;}\">\n\t\t\t\t\t\t<div class=\"elementor-container elementor-column-gap-no\">\n\t\t\t\t\t<div class=\"aux-parallax-section elementor-column elementor-col-100 elementor-top-column elementor-element elementor-element-39c6af0\" data-id=\"39c6af0\" data-element_type=\"column\">\n\t\t\t<div class=\"elementor-widget-wrap elementor-element-populated\">\n\t\t\t\t\t\t<div class=\"elementor-element elementor-element-e191d56 aux-appear-watch-animation aux-scale-down elementor-widget elementor-widget-aux_modern_heading\" data-id=\"e191d56\" data-element_type=\"widget\" data-widget_type=\"aux_modern_heading.default\">\n\t\t\t\t<div class=\"elementor-widget-container\">\n\t\t\t<section class=\"aux-widget-modern-heading\">\n            <div class=\"aux-widget-inner\"><h4 class=\"aux-modern-heading-primary\"><\/h4><h2 class=\"aux-modern-heading-secondary\"><span class=\"aux-head-highlight\">Fordele ved eMax-finer<\/span><\/h2><\/div>\n        <\/section>\t\t<\/div>\n\t\t\t\t<\/div>\n\t\t\t\t<div class=\"elementor-element elementor-element-1fe2229 elementor-widget elementor-widget-text-editor\" data-id=\"1fe2229\" data-element_type=\"widget\" data-widget_type=\"text-editor.default\">\n\t\t\t\t<div class=\"elementor-widget-container\">\n\t\t\t\t\t\t\t<p><strong> <\/strong>De prim\u00e6re fordele ved Emax-finer stammer fra deres glaskeramiske sammens\u00e6tning, som giver enest\u00e5ende gennemskinnelighed, opalescens og lysdiffusion. Her er nogle af de vigtigste fordele: <\/p>\n<ul>\n<li><strong>Naturlig integration:<\/strong> Emax-finer kan tilpasses perfekt til farven p\u00e5 dine eksisterende t\u00e6nder, s\u00e5 du f\u00e5r et s\u00f8ml\u00f8st og naturligt udseende smil. For at f\u00e5 et endnu lysere udseende kan du blege t\u00e6nderne p\u00e5 forh\u00e5nd. <\/li>\n<li><strong>Minimal fjernelse af t\u00e6nder:<\/strong> Disse finer er betydeligt tyndere end traditionelle porcel\u00e6nsfiner, hvilket kr\u00e6ver mindre fjernelse af emalje.<\/li>\n<li><strong>\u00c6stetik, der kan tilpasses: <\/strong>De giver mulighed for pr\u00e6cise justeringer af dine t\u00e6nders form, l\u00e6ngde, bredde og farve.<\/li>\n<li><strong>Korrektion af mindre problemer:<\/strong> Emax-finer kan effektivt afhj\u00e6lpe mindre sk\u00e6vheder, som f.eks. sm\u00e5 sk\u00e6vheder eller huller.<\/li>\n<li><strong>Forbedret holdbarhed:<\/strong> Deres glaskeramiske materiale er b\u00e5de h\u00e5rdere og tyndere, hvilket giver \u00f8get holdbarhed.<\/li>\n<\/ul>\n\t\t\t\t\t\t<\/div>\n\t\t\t\t<\/div>\n\t\t\t\t\t<\/div>\n\t\t<\/div>\n\t\t\t\t\t<\/div>\n\t\t<\/section>\n\t\t\t\t<\/div>\n\t\t","protected":false},"excerpt":{"rendered":"<p>Skinner for evigt med dig E-Max-finer Emax-finer skiller sig ud p\u00e5 grund af deres brug af keramisk materiale i mods\u00e6tning til det traditionelle porcel\u00e6n, der bruges i andre finer. De er blandt de mest anbefalede muligheder for patienter, der s\u00f8ger de mest naturlige og \u00e6stetisk tiltalende resultater. Hvad er eMax? Emax-finer er fremstillet af lithiumdisilikatglas, [&hellip;]<\/p>\n","protected":false},"author":1,"featured_media":0,"parent":0,"menu_order":0,"comment_status":"closed","ping_status":"closed","template":"","meta":{"_monsterinsights_skip_tracking":false,"_monsterinsights_sitenote_active":false,"_monsterinsights_sitenote_note":"","_monsterinsights_sitenote_category":0,"_joinchat":[],"footnotes":""},"class_list":["post-2550","page","type-page","status-publish","hentry"],"aioseo_notices":[],"_links":{"self":[{"href":"https:\/\/cagdisdental.com\/da\/wp-json\/wp\/v2\/pages\/2550"}],"collection":[{"href":"https:\/\/cagdisdental.com\/da\/wp-json\/wp\/v2\/pages"}],"about":[{"href":"https:\/\/cagdisdental.com\/da\/wp-json\/wp\/v2\/types\/page"}],"author":[{"embeddable":true,"href":"https:\/\/cagdisdental.com\/da\/wp-json\/wp\/v2\/users\/1"}],"replies":[{"embeddable":true,"href":"https:\/\/cagdisdental.com\/da\/wp-json\/wp\/v2\/comments?post=2550"}],"version-history":[{"count":1,"href":"https:\/\/cagdisdental.com\/da\/wp-json\/wp\/v2\/pages\/2550\/revisions"}],"predecessor-version":[{"id":2586,"href":"https:\/\/cagdisdental.com\/da\/wp-json\/wp\/v2\/pages\/2550\/revisions\/2586"}],"wp:attachment":[{"href":"https:\/\/cagdisdental.com\/da\/wp-json\/wp\/v2\/media?parent=2550"}],"curies":[{"name":"wp","href":"https:\/\/api.w.org\/{rel}","templated":true}]}}