{"id":2652,"date":"2024-08-31T13:21:20","date_gmt":"2024-08-31T13:21:20","guid":{"rendered":"https:\/\/cagdisdental.com\/laminatfiner\/"},"modified":"2025-05-01T00:26:43","modified_gmt":"2025-05-01T00:26:43","slug":"laminatfiner","status":"publish","type":"page","link":"https:\/\/cagdisdental.com\/da\/laminatfiner\/","title":{"rendered":"Laminatfin\u00e9r"},"content":{"rendered":"\t\t<div data-elementor-type=\"wp-page\" data-elementor-id=\"2652\" class=\"elementor elementor-2652 elementor-141\">\n\t\t\t\t\t\t<section class=\"elementor-section elementor-top-section elementor-element elementor-element-747277c2 elementor-section-content-middle elementor-section-stretched elementor-section-boxed elementor-section-height-default elementor-section-height-default\" data-id=\"747277c2\" data-element_type=\"section\" data-settings=\"{&quot;stretch_section&quot;:&quot;section-stretched&quot;,&quot;background_background&quot;:&quot;classic&quot;}\">\n\t\t\t\t\t\t<div class=\"elementor-container elementor-column-gap-no\">\n\t\t\t\t\t<div class=\"aux-parallax-section elementor-column elementor-col-50 elementor-top-column elementor-element elementor-element-30c0574b\" data-id=\"30c0574b\" data-element_type=\"column\">\n\t\t\t<div class=\"elementor-widget-wrap elementor-element-populated\">\n\t\t\t\t\t\t<div class=\"elementor-element elementor-element-5790941 aux-appear-watch-animation aux-scale-down elementor-widget elementor-widget-aux_modern_heading\" data-id=\"5790941\" data-element_type=\"widget\" data-widget_type=\"aux_modern_heading.default\">\n\t\t\t\t<div class=\"elementor-widget-container\">\n\t\t\t<section class=\"aux-widget-modern-heading\">\n            <div class=\"aux-widget-inner\"><h4 class=\"aux-modern-heading-primary\">Skinner for evigt med dig<\/h4><h1 class=\"aux-modern-heading-secondary\"><span class=\"aux-head-highlight\">Laminatfin\u00e9r<\/span><\/h1><div class=\"aux-modern-heading-description\"><p>Uanset om du \u00f8nsker at reparere en fl\u00e6kket tand, der har generet dig, eller \u00f8nsker et helt nyt smil, er dentallaminater (ogs\u00e5 kendt som ultratynde fin\u00e9r) en tiltalende mulighed, is\u00e6r p\u00e5 grund af deres omkostningseffektivitet.<\/p><\/p>\n<\/div><\/div>\n        <\/section>\t\t<\/div>\n\t\t\t\t<\/div>\n\t\t\t\t\t<\/div>\n\t\t<\/div>\n\t\t\t\t<div class=\"aux-parallax-section elementor-column elementor-col-50 elementor-top-column elementor-element elementor-element-6c4343fb\" data-id=\"6c4343fb\" data-element_type=\"column\">\n\t\t\t<div class=\"elementor-widget-wrap elementor-element-populated\">\n\t\t\t\t\t\t<div class=\"elementor-element elementor-element-59c187a2 aux-appear-watch-animation aux-scale-up elementor-widget elementor-widget-aux_image\" data-id=\"59c187a2\" data-element_type=\"widget\" data-widget_type=\"aux_image.default\">\n\t\t\t\t<div class=\"elementor-widget-container\">\n\t\t\t<section class=\"widget-container aux-widget-image aux-alignnone aux-parent-au580e5831\">\n    <div class=\"aux-media-hint-frame \">\n        <div class=\"aux-media-image \" >\n        \n            \n\n            \n            <img fetchpriority=\"high\" decoding=\"async\" width=\"1600\" height=\"1152\" src=\"https:\/\/cagdisdental.com\/wp-content\/uploads\/2024\/11\/8-3.jpg\" class=\"aux-attachment aux-featured-image aux-attachment-id-1827\" alt=\"8-3\" data-ratio=\"1.39\" data-original-w=\"1600\" \/>            \n                <\/div>\n    <\/div>\n\n<\/section><!-- widget-container -->\t\t<\/div>\n\t\t\t\t<\/div>\n\t\t\t\t\t<\/div>\n\t\t<\/div>\n\t\t\t\t\t<\/div>\n\t\t<\/section>\n\t\t\t\t<section class=\"elementor-section elementor-top-section elementor-element elementor-element-69661c10 elementor-section-stretched elementor-section-boxed elementor-section-height-default elementor-section-height-default\" data-id=\"69661c10\" data-element_type=\"section\" data-settings=\"{&quot;background_background&quot;:&quot;classic&quot;,&quot;stretch_section&quot;:&quot;section-stretched&quot;}\">\n\t\t\t\t\t\t<div class=\"elementor-container elementor-column-gap-no\">\n\t\t\t\t\t<div class=\"aux-parallax-section elementor-column elementor-col-100 elementor-top-column elementor-element elementor-element-21c37bb4\" data-id=\"21c37bb4\" data-element_type=\"column\">\n\t\t\t<div class=\"elementor-widget-wrap elementor-element-populated\">\n\t\t\t\t\t\t<div class=\"elementor-element elementor-element-49de49a2 aux-appear-watch-animation aux-scale-down elementor-widget elementor-widget-aux_modern_heading\" data-id=\"49de49a2\" data-element_type=\"widget\" data-widget_type=\"aux_modern_heading.default\">\n\t\t\t\t<div class=\"elementor-widget-container\">\n\t\t\t<section class=\"aux-widget-modern-heading\">\n            <div class=\"aux-widget-inner\"><h4 class=\"aux-modern-heading-primary\"><\/h4><h2 class=\"aux-modern-heading-secondary\"><span class=\"aux-head-highlight\">Hvad er laminatfin\u00e9r?<\/span><\/h2><\/div>\n        <\/section>\t\t<\/div>\n\t\t\t\t<\/div>\n\t\t\t\t<div class=\"elementor-element elementor-element-3184d44b aux-appear-watch-animation aux-scale-down elementor-widget elementor-widget-text-editor\" data-id=\"3184d44b\" data-element_type=\"widget\" data-widget_type=\"text-editor.default\">\n\t\t\t\t<div class=\"elementor-widget-container\">\n\t\t\t\t\t\t\t<p>Tandfiner, herunder traditionelt porcel\u00e6n, Lumineers, Emax og laminater, er designet til at forbedre dine t\u00e6nders farve, form, placering og st\u00f8rrelse. De er effektive l\u00f8sninger til at l\u00f8se problemer som misfarvning, slid, huller, sk\u00e5r og sk\u00e6vheder. <\/p>\n<p>Laminater er us\u00e6dvanligt tynde skaller lavet af tandkeramik, som omhyggeligt limes p\u00e5 forsiden af dine t\u00e6nder. De l\u00f8ser forskellige tandproblemer og kan forbedre dit smil betydeligt. <\/p>\n\t\t\t\t\t\t<\/div>\n\t\t\t\t<\/div>\n\t\t\t\t\t<\/div>\n\t\t<\/div>\n\t\t\t\t\t<\/div>\n\t\t<\/section>\n\t\t\t\t<section class=\"elementor-section elementor-top-section elementor-element elementor-element-b831863 elementor-section-stretched elementor-section-boxed elementor-section-height-default elementor-section-height-default\" data-id=\"b831863\" data-element_type=\"section\" data-settings=\"{&quot;stretch_section&quot;:&quot;section-stretched&quot;,&quot;background_background&quot;:&quot;classic&quot;}\">\n\t\t\t\t\t\t<div class=\"elementor-container elementor-column-gap-no\">\n\t\t\t\t\t<div class=\"aux-parallax-section elementor-column elementor-col-50 elementor-top-column elementor-element elementor-element-655d8015\" data-id=\"655d8015\" data-element_type=\"column\">\n\t\t\t<div class=\"elementor-widget-wrap elementor-element-populated\">\n\t\t\t\t\t\t<div class=\"elementor-element elementor-element-3dc409c5 aux-appear-watch-animation aux-scale-up elementor-widget elementor-widget-aux_image\" data-id=\"3dc409c5\" data-element_type=\"widget\" data-widget_type=\"aux_image.default\">\n\t\t\t\t<div class=\"elementor-widget-container\">\n\t\t\t<section class=\"widget-container aux-widget-image aux-alignnone aux-parent-au1fa4c8e0\">\n    <div class=\"aux-media-hint-frame \">\n        <div class=\"aux-media-image \" >\n        \n            \n\n            \n            <img decoding=\"async\" width=\"1800\" height=\"1200\" src=\"https:\/\/cagdisdental.com\/wp-content\/uploads\/2024\/09\/pexels-polina-zimmerman-46873601.jpg\" class=\"aux-attachment aux-featured-image aux-attachment-id-368\" alt=\"pexels-polina-zimmerman-4687360(1)\" data-ratio=\"1.5\" data-original-w=\"1800\" \/>            \n                <\/div>\n    <\/div>\n\n<\/section><!-- widget-container -->\t\t<\/div>\n\t\t\t\t<\/div>\n\t\t\t\t\t<\/div>\n\t\t<\/div>\n\t\t\t\t<div class=\"aux-parallax-section elementor-column elementor-col-50 elementor-top-column elementor-element elementor-element-8d9e671\" data-id=\"8d9e671\" data-element_type=\"column\">\n\t\t\t<div class=\"elementor-widget-wrap elementor-element-populated\">\n\t\t\t\t\t\t<div class=\"elementor-element elementor-element-520a8fff aux-appear-watch-animation aux-scale-down elementor-widget elementor-widget-aux_modern_heading\" data-id=\"520a8fff\" data-element_type=\"widget\" data-widget_type=\"aux_modern_heading.default\">\n\t\t\t\t<div class=\"elementor-widget-container\">\n\t\t\t<section class=\"aux-widget-modern-heading\">\n            <div class=\"aux-widget-inner\"><h4 class=\"aux-modern-heading-primary\"><\/h4><h2 class=\"aux-modern-heading-secondary\"><span class=\"aux-head-highlight\">Hvad er forskellen p\u00e5 laminat og normal fin\u00e9r?<\/span><\/h2><\/div>\n        <\/section>\t\t<\/div>\n\t\t\t\t<\/div>\n\t\t\t\t<div class=\"elementor-element elementor-element-64b08652 aux-appear-watch-animation aux-scale-down elementor-widget elementor-widget-text-editor\" data-id=\"64b08652\" data-element_type=\"widget\" data-widget_type=\"text-editor.default\">\n\t\t\t\t<div class=\"elementor-widget-container\">\n\t\t\t\t\t\t\t<p><strong> <\/strong>Dentallaminater og tandfiner forbedrer begge dit smils udseende og funktion. Selv om begreberne ofte bruges i fl\u00e6ng, er det vigtigt at bem\u00e6rke, at laminater er betydeligt tyndere end traditionelle fin\u00e9r. Som f\u00f8lge heraf kr\u00e6ver behandlingsprocessen for laminater typisk mindre fjernelse af emalje fra t\u00e6nderne.  <\/p>\n\t\t\t\t\t\t<\/div>\n\t\t\t\t<\/div>\n\t\t\t\t\t<\/div>\n\t\t<\/div>\n\t\t\t\t\t<\/div>\n\t\t<\/section>\n\t\t\t\t<section class=\"elementor-section elementor-top-section elementor-element elementor-element-1adffd84 elementor-section-stretched elementor-section-boxed elementor-section-height-default elementor-section-height-default\" data-id=\"1adffd84\" data-element_type=\"section\" data-settings=\"{&quot;background_background&quot;:&quot;classic&quot;,&quot;stretch_section&quot;:&quot;section-stretched&quot;}\">\n\t\t\t\t\t\t<div class=\"elementor-container elementor-column-gap-no\">\n\t\t\t\t\t<div class=\"aux-parallax-section elementor-column elementor-col-50 elementor-top-column elementor-element elementor-element-66341289\" data-id=\"66341289\" data-element_type=\"column\">\n\t\t\t<div class=\"elementor-widget-wrap elementor-element-populated\">\n\t\t\t\t\t\t<div class=\"elementor-element elementor-element-6fbfbeca aux-appear-watch-animation aux-scale-down elementor-widget elementor-widget-aux_modern_heading\" data-id=\"6fbfbeca\" data-element_type=\"widget\" data-widget_type=\"aux_modern_heading.default\">\n\t\t\t\t<div class=\"elementor-widget-container\">\n\t\t\t<section class=\"aux-widget-modern-heading\">\n            <div class=\"aux-widget-inner\"><h4 class=\"aux-modern-heading-primary\"><\/h4><h2 class=\"aux-modern-heading-secondary\"><span class=\"aux-head-highlight\">Komposit vs. porcel\u00e6n<\/span><\/h2><\/div>\n        <\/section>\t\t<\/div>\n\t\t\t\t<\/div>\n\t\t\t\t<div class=\"elementor-element elementor-element-13dc0c74 aux-appear-watch-animation aux-scale-down elementor-widget elementor-widget-text-editor\" data-id=\"13dc0c74\" data-element_type=\"widget\" data-widget_type=\"text-editor.default\">\n\t\t\t\t<div class=\"elementor-widget-container\">\n\t\t\t\t\t\t\t<p>Hos \u00c7a\u011fdi\u015f Dental fremstilles tandfiner typisk af to hovedmaterialer: kompositharpiks eller porcel\u00e6n.<\/p>\n<p>Porcel\u00e6nsfiner foretr\u00e6kkes ofte p\u00e5 grund af deres overlegne modstandsdygtighed over for farvning, lange levetid og forbedrede \u00e6stetik. Selv om nogle mener, at kompositfin\u00e9r kr\u00e6ver mindre forberedelse af de naturlige t\u00e6nder, varierer dette fra sag til sag og er ikke universelt sandt. En fordel ved kompositfin\u00e9r er, at de ofte kan monteres p\u00e5 kun en enkelt dag.  <\/p>\n<p>P\u00e5 den anden side har traditionelle porcel\u00e6nsfiner en tendens til at v\u00e6re dyrere og kr\u00e6ver normalt mere fjernelse af emalje for at omforme tanden, f\u00f8r fineren p\u00e5f\u00f8res. Der er dog mulighed for ultratynde laminatfin\u00e9r, der kan kr\u00e6ve mindre emaljereduktion sammenlignet med traditionelle porcel\u00e6nsfiner. <\/p>\n\t\t\t\t\t\t<\/div>\n\t\t\t\t<\/div>\n\t\t\t\t\t<\/div>\n\t\t<\/div>\n\t\t\t\t<div class=\"aux-parallax-section elementor-column elementor-col-50 elementor-top-column elementor-element elementor-element-77cf0d6f elementor-hidden-desktop elementor-hidden-tablet elementor-hidden-mobile\" data-id=\"77cf0d6f\" data-element_type=\"column\">\n\t\t\t<div class=\"elementor-widget-wrap elementor-element-populated\">\n\t\t\t\t\t\t<div class=\"elementor-element elementor-element-6fa3ffe7 aux-appear-watch-animation aux-scale-up elementor-widget elementor-widget-aux_image\" data-id=\"6fa3ffe7\" data-element_type=\"widget\" data-widget_type=\"aux_image.default\">\n\t\t\t\t<div class=\"elementor-widget-container\">\n\t\t\t<section class=\"widget-container aux-widget-image aux-alignnone aux-parent-au3669366d\">\n    <div class=\"aux-media-hint-frame \">\n        <div class=\"aux-media-image \" >\n        \n            \n\n            \n            <img decoding=\"async\" width=\"768\" height=\"768\" src=\"https:\/\/cagdisdental.com\/wp-content\/uploads\/2024\/09\/20240319_200532.jpg\" class=\"aux-attachment aux-featured-image aux-attachment-id-313\" alt=\"20240319_200532\" data-ratio=\"1\" data-original-w=\"768\" \/>            \n                <\/div>\n    <\/div>\n\n<\/section><!-- widget-container -->\t\t<\/div>\n\t\t\t\t<\/div>\n\t\t\t\t\t<\/div>\n\t\t<\/div>\n\t\t\t\t\t<\/div>\n\t\t<\/section>\n\t\t\t\t<section class=\"elementor-section elementor-top-section elementor-element elementor-element-6a6e6d60 elementor-section-stretched elementor-section-boxed elementor-section-height-default elementor-section-height-default\" data-id=\"6a6e6d60\" data-element_type=\"section\" data-settings=\"{&quot;stretch_section&quot;:&quot;section-stretched&quot;,&quot;background_background&quot;:&quot;classic&quot;}\">\n\t\t\t\t\t\t<div class=\"elementor-container elementor-column-gap-no\">\n\t\t\t\t\t<div class=\"aux-parallax-section elementor-column elementor-col-100 elementor-top-column elementor-element elementor-element-37a5c86a\" data-id=\"37a5c86a\" data-element_type=\"column\">\n\t\t\t<div class=\"elementor-widget-wrap elementor-element-populated\">\n\t\t\t\t\t\t<div class=\"elementor-element elementor-element-213a0d48 aux-appear-watch-animation aux-scale-down elementor-widget elementor-widget-aux_modern_heading\" data-id=\"213a0d48\" data-element_type=\"widget\" data-widget_type=\"aux_modern_heading.default\">\n\t\t\t\t<div class=\"elementor-widget-container\">\n\t\t\t<section class=\"aux-widget-modern-heading\">\n            <div class=\"aux-widget-inner\"><h4 class=\"aux-modern-heading-primary\"><\/h4><h2 class=\"aux-modern-heading-secondary\"><span class=\"aux-head-highlight\">Hvad er det s\u00e6rlige ved laminatfin\u00e9r?<\/span><\/h2><\/div>\n        <\/section>\t\t<\/div>\n\t\t\t\t<\/div>\n\t\t\t\t<div class=\"elementor-element elementor-element-3848320e aux-appear-watch-animation aux-scale-down elementor-widget elementor-widget-text-editor\" data-id=\"3848320e\" data-element_type=\"widget\" data-widget_type=\"text-editor.default\">\n\t\t\t\t<div class=\"elementor-widget-container\">\n\t\t\t\t\t\t\t<p>Laminater har de samme funktioner og fordele som traditionelle tandfin\u00e9r, men med en afg\u00f8rende forskel: De kr\u00e6ver ikke fjernelse af emalje. Faktisk er det afg\u00f8rende for den langsigtede tandsundhed at bevare den naturlige emalje, hvilket g\u00f8r laminater til en mere konservativ l\u00f8sning. <\/p>\n<p>Selvom laminater er mere sk\u00e5nsomme for t\u00e6nderne, kan forkert tilpasning nogle gange resultere i et klodset udseende, da den naturlige tand ikke er blevet omformet. Derudover er laminater generelt dyrere sammenlignet med deres modstykker i porcel\u00e6n. <\/p>\n\t\t\t\t\t\t<\/div>\n\t\t\t\t<\/div>\n\t\t\t\t\t<\/div>\n\t\t<\/div>\n\t\t\t\t\t<\/div>\n\t\t<\/section>\n\t\t\t\t<section class=\"elementor-section elementor-top-section elementor-element elementor-element-f3a803f elementor-section-stretched elementor-section-boxed elementor-section-height-default elementor-section-height-default\" data-id=\"f3a803f\" data-element_type=\"section\" data-settings=\"{&quot;stretch_section&quot;:&quot;section-stretched&quot;,&quot;background_background&quot;:&quot;classic&quot;}\">\n\t\t\t\t\t\t<div class=\"elementor-container elementor-column-gap-no\">\n\t\t\t\t\t<div class=\"aux-parallax-section elementor-column elementor-col-100 elementor-top-column elementor-element elementor-element-7a94a18\" data-id=\"7a94a18\" data-element_type=\"column\">\n\t\t\t<div class=\"elementor-widget-wrap elementor-element-populated\">\n\t\t\t\t\t\t<div class=\"elementor-element elementor-element-84e7ed1 aux-appear-watch-animation aux-scale-down elementor-widget elementor-widget-aux_modern_heading\" data-id=\"84e7ed1\" data-element_type=\"widget\" data-widget_type=\"aux_modern_heading.default\">\n\t\t\t\t<div class=\"elementor-widget-container\">\n\t\t\t<section class=\"aux-widget-modern-heading\">\n            <div class=\"aux-widget-inner\"><h4 class=\"aux-modern-heading-primary\"><\/h4><h2 class=\"aux-modern-heading-secondary\"><span class=\"aux-head-highlight\">Hvorfor er forskellen vigtig?<\/span><\/h2><\/div>\n        <\/section>\t\t<\/div>\n\t\t\t\t<\/div>\n\t\t\t\t<div class=\"elementor-element elementor-element-33e3b54 aux-appear-watch-animation aux-scale-down elementor-widget elementor-widget-text-editor\" data-id=\"33e3b54\" data-element_type=\"widget\" data-widget_type=\"text-editor.default\">\n\t\t\t\t<div class=\"elementor-widget-container\">\n\t\t\t\t\t\t\t<p>Selvom dentallaminater og traditionelle fin\u00e9r kan virke ens, kan en forst\u00e5else af forskellene hj\u00e6lpe dig med at v\u00e6lge den bedste l\u00f8sning til dine behov.<\/p>\n<p>Ved mere alvorlige tandproblemer, som f.eks. markant sk\u00e6ve t\u00e6nder eller store huller, kan andre behandlinger v\u00e6re mere velegnede. Men hvis dine st\u00f8rste bekymringer er misfarvning af t\u00e6nderne eller mindre sk\u00e5r, kan laminater effektivt l\u00f8se disse problemer. <\/p>\n<p>Laminater giver en letv\u00e6gtsl\u00f8sning og indeb\u00e6rer typisk mindre fjernelse af emalje sammenlignet med traditionelle fin\u00e9r, hvilket g\u00f8r dem til et mindre invasivt valg til at forbedre dit smil.<\/p>\n\t\t\t\t\t\t<\/div>\n\t\t\t\t<\/div>\n\t\t\t\t\t<\/div>\n\t\t<\/div>\n\t\t\t\t\t<\/div>\n\t\t<\/section>\n\t\t\t\t<\/div>\n\t\t","protected":false},"excerpt":{"rendered":"<p>Skinner for evigt med dig Laminatfin\u00e9r Uanset om du \u00f8nsker at reparere en fl\u00e6kket tand, der har generet dig, eller \u00f8nsker et helt nyt smil, er dentallaminater (ogs\u00e5 kendt som ultratynde fin\u00e9r) en tiltalende mulighed, is\u00e6r p\u00e5 grund af deres omkostningseffektivitet. Hvad er laminatfin\u00e9r? Tandfiner, herunder traditionelt porcel\u00e6n, Lumineers, Emax og laminater, er designet til [&hellip;]<\/p>\n","protected":false},"author":1,"featured_media":0,"parent":0,"menu_order":0,"comment_status":"closed","ping_status":"closed","template":"","meta":{"_monsterinsights_skip_tracking":false,"_monsterinsights_sitenote_active":false,"_monsterinsights_sitenote_note":"","_monsterinsights_sitenote_category":0,"_joinchat":[],"footnotes":""},"class_list":["post-2652","page","type-page","status-publish","hentry"],"aioseo_notices":[],"_links":{"self":[{"href":"https:\/\/cagdisdental.com\/da\/wp-json\/wp\/v2\/pages\/2652"}],"collection":[{"href":"https:\/\/cagdisdental.com\/da\/wp-json\/wp\/v2\/pages"}],"about":[{"href":"https:\/\/cagdisdental.com\/da\/wp-json\/wp\/v2\/types\/page"}],"author":[{"embeddable":true,"href":"https:\/\/cagdisdental.com\/da\/wp-json\/wp\/v2\/users\/1"}],"replies":[{"embeddable":true,"href":"https:\/\/cagdisdental.com\/da\/wp-json\/wp\/v2\/comments?post=2652"}],"version-history":[{"count":1,"href":"https:\/\/cagdisdental.com\/da\/wp-json\/wp\/v2\/pages\/2652\/revisions"}],"predecessor-version":[{"id":2653,"href":"https:\/\/cagdisdental.com\/da\/wp-json\/wp\/v2\/pages\/2652\/revisions\/2653"}],"wp:attachment":[{"href":"https:\/\/cagdisdental.com\/da\/wp-json\/wp\/v2\/media?parent=2652"}],"curies":[{"name":"wp","href":"https:\/\/api.w.org\/{rel}","templated":true}]}}