{"id":2656,"date":"2024-08-31T13:21:09","date_gmt":"2024-08-31T13:21:09","guid":{"rendered":"https:\/\/cagdisdental.com\/hollywood-smil\/"},"modified":"2025-05-01T00:24:27","modified_gmt":"2025-05-01T00:24:27","slug":"hollywood-smil","status":"publish","type":"page","link":"https:\/\/cagdisdental.com\/da\/hollywood-smil\/","title":{"rendered":"Hollywood-smil"},"content":{"rendered":"\t\t<div data-elementor-type=\"wp-page\" data-elementor-id=\"2656\" class=\"elementor elementor-2656 elementor-139\">\n\t\t\t\t\t\t<section class=\"elementor-section elementor-top-section elementor-element elementor-element-35d7d119 elementor-section-content-middle elementor-section-stretched elementor-section-boxed elementor-section-height-default elementor-section-height-default\" data-id=\"35d7d119\" data-element_type=\"section\" data-settings=\"{&quot;stretch_section&quot;:&quot;section-stretched&quot;,&quot;background_background&quot;:&quot;classic&quot;}\">\n\t\t\t\t\t\t<div class=\"elementor-container elementor-column-gap-no\">\n\t\t\t\t\t<div class=\"aux-parallax-section elementor-column elementor-col-50 elementor-top-column elementor-element elementor-element-4f5c0a6b\" data-id=\"4f5c0a6b\" data-element_type=\"column\">\n\t\t\t<div class=\"elementor-widget-wrap elementor-element-populated\">\n\t\t\t\t\t\t<div class=\"elementor-element elementor-element-68312283 aux-appear-watch-animation aux-scale-down elementor-widget elementor-widget-aux_modern_heading\" data-id=\"68312283\" data-element_type=\"widget\" data-widget_type=\"aux_modern_heading.default\">\n\t\t\t\t<div class=\"elementor-widget-container\">\n\t\t\t<section class=\"aux-widget-modern-heading\">\n            <div class=\"aux-widget-inner\"><h4 class=\"aux-modern-heading-primary\">Hollywood-smil<\/h4><h1 class=\"aux-modern-heading-secondary\"><span class=\"aux-head-highlight\">En detaljeret behandlingsplan, der f\u00e5r dit smil til at str\u00e5le<\/span><\/h1><\/div>\n        <\/section>\t\t<\/div>\n\t\t\t\t<\/div>\n\t\t\t\t\t<\/div>\n\t\t<\/div>\n\t\t\t\t<div class=\"aux-parallax-section elementor-column elementor-col-50 elementor-top-column elementor-element elementor-element-2bccfa1\" data-id=\"2bccfa1\" data-element_type=\"column\">\n\t\t\t<div class=\"elementor-widget-wrap elementor-element-populated\">\n\t\t\t\t\t\t<div class=\"elementor-element elementor-element-57b9d0d3 aux-appear-watch-animation aux-scale-up elementor-widget elementor-widget-aux_image\" data-id=\"57b9d0d3\" data-element_type=\"widget\" data-widget_type=\"aux_image.default\">\n\t\t\t\t<div class=\"elementor-widget-container\">\n\t\t\t<section class=\"widget-container aux-widget-image aux-alignnone aux-parent-au47409174\">\n    <div class=\"aux-media-hint-frame \">\n        <div class=\"aux-media-image \" >\n        \n            \n\n            \n            <img fetchpriority=\"high\" decoding=\"async\" width=\"1500\" height=\"612\" src=\"https:\/\/cagdisdental.com\/wp-content\/uploads\/2024\/09\/0-1.jpg\" class=\"aux-attachment aux-featured-image aux-attachment-id-718\" data-ratio=\"2.45\" data-original-w=\"1500\" \/>            \n                <\/div>\n    <\/div>\n\n<\/section><!-- widget-container -->\t\t<\/div>\n\t\t\t\t<\/div>\n\t\t\t\t\t<\/div>\n\t\t<\/div>\n\t\t\t\t\t<\/div>\n\t\t<\/section>\n\t\t\t\t<section class=\"elementor-section elementor-top-section elementor-element elementor-element-71547d3 elementor-section-stretched elementor-section-boxed elementor-section-height-default elementor-section-height-default\" data-id=\"71547d3\" data-element_type=\"section\" data-settings=\"{&quot;background_background&quot;:&quot;classic&quot;,&quot;stretch_section&quot;:&quot;section-stretched&quot;}\">\n\t\t\t\t\t\t<div class=\"elementor-container elementor-column-gap-no\">\n\t\t\t\t\t<div class=\"aux-parallax-section elementor-column elementor-col-50 elementor-top-column elementor-element elementor-element-3486a000\" data-id=\"3486a000\" data-element_type=\"column\">\n\t\t\t<div class=\"elementor-widget-wrap elementor-element-populated\">\n\t\t\t\t\t\t<div class=\"elementor-element elementor-element-70b4b058 aux-appear-watch-animation aux-fade-in-left-1 elementor-widget elementor-widget-aux_image\" data-id=\"70b4b058\" data-element_type=\"widget\" data-widget_type=\"aux_image.default\">\n\t\t\t\t<div class=\"elementor-widget-container\">\n\t\t\t<section class=\"widget-container aux-widget-image aux-alignnone aux-parent-au0f2a171e\">\n    <div class=\"aux-media-hint-frame \">\n        <div class=\"aux-media-image \" >\n        \n            \n\n            \n            <img decoding=\"async\" width=\"1500\" height=\"1100\" src=\"https:\/\/cagdisdental.com\/wp-content\/uploads\/2024\/09\/1-2.jpg\" class=\"aux-attachment aux-featured-image aux-attachment-id-719\" alt=\"1\" data-ratio=\"1.36\" data-original-w=\"1500\" \/>            \n                <\/div>\n    <\/div>\n\n<\/section><!-- widget-container -->\t\t<\/div>\n\t\t\t\t<\/div>\n\t\t\t\t\t<\/div>\n\t\t<\/div>\n\t\t\t\t<div class=\"aux-parallax-section elementor-column elementor-col-50 elementor-top-column elementor-element elementor-element-140ca4e7\" data-id=\"140ca4e7\" data-element_type=\"column\">\n\t\t\t<div class=\"elementor-widget-wrap elementor-element-populated\">\n\t\t\t\t\t\t<div class=\"elementor-element elementor-element-15d09148 aux-appear-watch-animation aux-fade-in-left-1 elementor-widget elementor-widget-aux_modern_heading\" data-id=\"15d09148\" data-element_type=\"widget\" data-widget_type=\"aux_modern_heading.default\">\n\t\t\t\t<div class=\"elementor-widget-container\">\n\t\t\t<section class=\"aux-widget-modern-heading\">\n            <div class=\"aux-widget-inner\"><h4 class=\"aux-modern-heading-primary\"><\/h4><h2 class=\"aux-modern-heading-secondary\"><span class=\"aux-head-highlight\">Hvad er en komplet Hollywood Smile Makeover?<\/span><\/h2><\/div>\n        <\/section>\t\t<\/div>\n\t\t\t\t<\/div>\n\t\t\t\t<div class=\"elementor-element elementor-element-3d7437fd aux-appear-watch-animation aux-fade-in-left-1 elementor-widget elementor-widget-text-editor\" data-id=\"3d7437fd\" data-element_type=\"widget\" data-widget_type=\"text-editor.default\">\n\t\t\t\t<div class=\"elementor-widget-container\">\n\t\t\t\t\t\t\t<p>Som navnet antyder, er en Hollywood Smile Makeover en kosmetisk procedure med en komplet protetisk rekonstruktion af begge k\u00e6ber ved hj\u00e6lp af h\u00e6tter, fin\u00e9r og ofte implantater. Kort sagt er et Hollywood Smile en omfattende makeover af dit smil. <\/p>\n<p>Hollywood Smile indeb\u00e6rer installation af tandkroner p\u00e5 alle t\u00e6nder, eller i det mindste p\u00e5 alle t\u00e6nder, der er synlige i begge k\u00e6ber, hvilket inkluderer pr\u00e6molarer.<\/p>\n\t\t\t\t\t\t<\/div>\n\t\t\t\t<\/div>\n\t\t\t\t\t<\/div>\n\t\t<\/div>\n\t\t\t\t\t<\/div>\n\t\t<\/section>\n\t\t\t\t<section class=\"elementor-section elementor-top-section elementor-element elementor-element-7f38f5d5 elementor-section-stretched elementor-section-boxed elementor-section-height-default elementor-section-height-default\" data-id=\"7f38f5d5\" data-element_type=\"section\" data-settings=\"{&quot;stretch_section&quot;:&quot;section-stretched&quot;}\">\n\t\t\t\t\t\t<div class=\"elementor-container elementor-column-gap-no\">\n\t\t\t\t\t<div class=\"aux-parallax-section elementor-column elementor-col-100 elementor-top-column elementor-element elementor-element-3b8ba79e\" data-id=\"3b8ba79e\" data-element_type=\"column\">\n\t\t\t<div class=\"elementor-widget-wrap elementor-element-populated\">\n\t\t\t\t\t\t<div class=\"elementor-element elementor-element-1f6794f4 aux-appear-watch-animation aux-scale-down elementor-widget elementor-widget-aux_modern_heading\" data-id=\"1f6794f4\" data-element_type=\"widget\" data-widget_type=\"aux_modern_heading.default\">\n\t\t\t\t<div class=\"elementor-widget-container\">\n\t\t\t<section class=\"aux-widget-modern-heading\">\n            <div class=\"aux-widget-inner\"><h4 class=\"aux-modern-heading-primary\"><\/h4><h2 class=\"aux-modern-heading-secondary\"><span class=\"aux-head-highlight\">Hvad er Hollywood Smile-proceduren?<\/span><\/h2><\/div>\n        <\/section>\t\t<\/div>\n\t\t\t\t<\/div>\n\t\t\t\t<div class=\"elementor-element elementor-element-6aab3547 aux-appear-watch-animation aux-scale-down elementor-widget elementor-widget-text-editor\" data-id=\"6aab3547\" data-element_type=\"widget\" data-widget_type=\"text-editor.default\">\n\t\t\t\t<div class=\"elementor-widget-container\">\n\t\t\t\t\t\t\t<p>Hele proceduren for at f\u00e5 den st\u00f8rste Hollywood Smile Makeover kr\u00e6ver ofte 2-3 tandl\u00e6gebes\u00f8g i l\u00f8bet af en uge.<\/p>\n<p><strong>Trin 1: Evaluering af smilet<\/strong><\/p>\n<p>De kosmetiske tandl\u00e6ger vil vurdere dine t\u00e6nder under din konsultation for at afg\u00f8re, hvilken type finer der er den bedste l\u00f8sning for dig.<\/p>\n<p>Du vil ogs\u00e5 tale om dine ideelle nye t\u00e6nders form, l\u00e6ngde, bredde og farve under denne konsultation.<\/p>\n<p>For at kunne lave midlertidige fin\u00e9r og en digital forh\u00e5ndsvisning af dit nye Hollywood-smil til den anden session, tager din tandl\u00e6ge m\u00e5ske billeder af din mund. Denne forh\u00e5ndsvisning giver dig en id\u00e9 om, hvordan dit ansigt vil se ud, og giver dig mulighed for at tr\u00e6ffe en informeret beslutning, f\u00f8r du forpligter dig til Hollywood Smile-proceduren. <\/p>\n<p><strong>Trin 2: Forh\u00e5ndsvisning<\/strong><\/p>\n<p>Der fremstilles et s\u00e6t midlertidige fin\u00e9r baseret p\u00e5 specifikationerne fra den indledende konsultation for at sikre, at du har det godt og gerne vil g\u00e5 videre med designet.<\/p>\n<p>For at g\u00f8re plads til de midlertidige fin\u00e9r skal din kosmetiske tandl\u00e6ge fjerne et meget tyndt lag (mindre end en halv millimeter) af emaljen fra dine t\u00e6nder. Der tages en ny afst\u00f8bning af dine t\u00e6nder efter fjernelsesproceduren. Denne afst\u00f8bning bruges til at skabe de permanente finer.  <\/p>\n<p><strong>Trin 3: Permanent fin\u00e9r<\/strong><\/p>\n<p>Det sidste bes\u00f8g hos dine kosmetiske tandl\u00e6ger i Hollywood-smileproceduren er for at installere de permanente finer. Det kan v\u00e6re n\u00f8dvendigt at justere eller sk\u00e6re fin\u00e9rerne til for at sikre, at de passer perfekt p\u00e5 dine t\u00e6nder. Tandfin\u00e9rernes succes og levetid afh\u00e6nger ogs\u00e5 af, hvordan de er blevet forberedt, og hvilke materialer der er blevet brugt i forberedelsesprocessen.  <\/p>\n<p>Dine t\u00e6nder bliver renset, poleret og \u00e6tset, n\u00e5r dine fin\u00e9r er sat korrekt p\u00e5.<\/p>\n<p>Hver finer er belagt med en f\u00f8rsteklasses tandcement, f\u00f8r den fastg\u00f8res til dine t\u00e6nder. N\u00e5r hver finer er p\u00e5 plads, vil den kosmetiske tandl\u00e6ge st\u00f8rkne tandcementen ved hj\u00e6lp af et specielt lys. <\/p>\n<p>Dit bid vil blive unders\u00f8gt, n\u00e5r alle dine facader er blevet sat p\u00e5 plads.<\/p>\n<p><strong>Trin 4: Smil<\/strong><\/p>\n<p>Nu er det tid til at prale af dit smukke smil!<\/p>\n\t\t\t\t\t\t<\/div>\n\t\t\t\t<\/div>\n\t\t\t\t<section class=\"elementor-section elementor-inner-section elementor-element elementor-element-8194294 elementor-hidden-desktop elementor-hidden-tablet elementor-hidden-mobile elementor-section-boxed elementor-section-height-default elementor-section-height-default\" data-id=\"8194294\" data-element_type=\"section\">\n\t\t\t\t\t\t<div class=\"elementor-container elementor-column-gap-narrow\">\n\t\t\t\t\t<div class=\"aux-parallax-section elementor-column elementor-col-33 elementor-inner-column elementor-element elementor-element-6c41ec7\" data-id=\"6c41ec7\" data-element_type=\"column\">\n\t\t\t<div class=\"elementor-widget-wrap elementor-element-populated\">\n\t\t\t\t\t\t<div class=\"elementor-element elementor-element-8f5711e aux-appear-watch-animation aux-fade-in-up elementor-widget elementor-widget-aux-before-after\" data-id=\"8f5711e\" data-element_type=\"widget\" data-widget_type=\"aux-before-after.default\">\n\t\t\t\t<div class=\"elementor-widget-container\">\n\t\t\t<div class=\"widget-container aux-widget-before-after\"><div class=\"aux-before-after\" data-offset=\"0.5\" ><img decoding=\"async\" width=\"1500\" height=\"724\" src=\"https:\/\/cagdisdental.com\/wp-content\/uploads\/2024\/09\/3.webp\" class=\"attachment-full size-full wp-image-726\" alt=\"\" srcset=\"https:\/\/cagdisdental.com\/wp-content\/uploads\/2024\/09\/3.webp 1500w, https:\/\/cagdisdental.com\/wp-content\/uploads\/2024\/09\/3-200x97.webp 200w\" sizes=\"(max-width: 1500px) 100vw, 1500px\" \/> <img loading=\"lazy\" decoding=\"async\" width=\"1500\" height=\"724\" src=\"https:\/\/cagdisdental.com\/wp-content\/uploads\/2024\/09\/31-1.webp\" class=\"attachment-full size-full wp-image-725\" alt=\"\" srcset=\"https:\/\/cagdisdental.com\/wp-content\/uploads\/2024\/09\/31-1.webp 1500w, https:\/\/cagdisdental.com\/wp-content\/uploads\/2024\/09\/31-1-200x97.webp 200w\" sizes=\"(max-width: 1500px) 100vw, 1500px\" \/><\/div><\/div>\t\t<\/div>\n\t\t\t\t<\/div>\n\t\t\t\t\t<\/div>\n\t\t<\/div>\n\t\t\t\t<div class=\"aux-parallax-section elementor-column elementor-col-33 elementor-inner-column elementor-element elementor-element-e5c5f9b\" data-id=\"e5c5f9b\" data-element_type=\"column\">\n\t\t\t<div class=\"elementor-widget-wrap elementor-element-populated\">\n\t\t\t\t\t\t<div class=\"elementor-element elementor-element-64de90e aux-appear-watch-animation aux-fade-in-up elementor-widget elementor-widget-aux-before-after\" data-id=\"64de90e\" data-element_type=\"widget\" data-widget_type=\"aux-before-after.default\">\n\t\t\t\t<div class=\"elementor-widget-container\">\n\t\t\t<div class=\"widget-container aux-widget-before-after\"><div class=\"aux-before-after\" data-offset=\"0.5\" ><img loading=\"lazy\" decoding=\"async\" width=\"1500\" height=\"724\" src=\"https:\/\/cagdisdental.com\/wp-content\/uploads\/2024\/09\/33.webp\" class=\"attachment-full size-full wp-image-727\" alt=\"\" srcset=\"https:\/\/cagdisdental.com\/wp-content\/uploads\/2024\/09\/33.webp 1500w, https:\/\/cagdisdental.com\/wp-content\/uploads\/2024\/09\/33-200x97.webp 200w\" sizes=\"(max-width: 1500px) 100vw, 1500px\" \/> <img loading=\"lazy\" decoding=\"async\" width=\"1500\" height=\"724\" src=\"https:\/\/cagdisdental.com\/wp-content\/uploads\/2024\/09\/32.webp\" class=\"attachment-full size-full wp-image-722\" alt=\"\" srcset=\"https:\/\/cagdisdental.com\/wp-content\/uploads\/2024\/09\/32.webp 1500w, https:\/\/cagdisdental.com\/wp-content\/uploads\/2024\/09\/32-200x97.webp 200w\" sizes=\"(max-width: 1500px) 100vw, 1500px\" \/><\/div><\/div>\t\t<\/div>\n\t\t\t\t<\/div>\n\t\t\t\t\t<\/div>\n\t\t<\/div>\n\t\t\t\t<div class=\"aux-parallax-section elementor-column elementor-col-33 elementor-inner-column elementor-element elementor-element-7a9abfd\" data-id=\"7a9abfd\" data-element_type=\"column\">\n\t\t\t<div class=\"elementor-widget-wrap elementor-element-populated\">\n\t\t\t\t\t\t<div class=\"elementor-element elementor-element-84210ee aux-appear-watch-animation aux-fade-in-up elementor-widget elementor-widget-aux-before-after\" data-id=\"84210ee\" data-element_type=\"widget\" data-widget_type=\"aux-before-after.default\">\n\t\t\t\t<div class=\"elementor-widget-container\">\n\t\t\t<div class=\"widget-container aux-widget-before-after\"><div class=\"aux-before-after\" data-offset=\"0.5\" ><img loading=\"lazy\" decoding=\"async\" width=\"1500\" height=\"724\" src=\"https:\/\/cagdisdental.com\/wp-content\/uploads\/2024\/09\/315.webp\" class=\"attachment-full size-full wp-image-723\" alt=\"\" srcset=\"https:\/\/cagdisdental.com\/wp-content\/uploads\/2024\/09\/315.webp 1500w, https:\/\/cagdisdental.com\/wp-content\/uploads\/2024\/09\/315-200x97.webp 200w\" sizes=\"(max-width: 1500px) 100vw, 1500px\" \/> <img loading=\"lazy\" decoding=\"async\" width=\"1500\" height=\"724\" src=\"https:\/\/cagdisdental.com\/wp-content\/uploads\/2024\/09\/34.webp\" class=\"attachment-full size-full wp-image-724\" alt=\"\" srcset=\"https:\/\/cagdisdental.com\/wp-content\/uploads\/2024\/09\/34.webp 1500w, https:\/\/cagdisdental.com\/wp-content\/uploads\/2024\/09\/34-200x97.webp 200w\" sizes=\"(max-width: 1500px) 100vw, 1500px\" \/><\/div><\/div>\t\t<\/div>\n\t\t\t\t<\/div>\n\t\t\t\t\t<\/div>\n\t\t<\/div>\n\t\t\t\t\t<\/div>\n\t\t<\/section>\n\t\t\t\t\t<\/div>\n\t\t<\/div>\n\t\t\t\t\t<\/div>\n\t\t<\/section>\n\t\t\t\t<section class=\"elementor-section elementor-top-section elementor-element elementor-element-3312d46f elementor-section-stretched elementor-section-boxed elementor-section-height-default elementor-section-height-default\" data-id=\"3312d46f\" data-element_type=\"section\" data-settings=\"{&quot;background_background&quot;:&quot;classic&quot;,&quot;stretch_section&quot;:&quot;section-stretched&quot;}\">\n\t\t\t\t\t\t<div class=\"elementor-container elementor-column-gap-no\">\n\t\t\t\t\t<div class=\"aux-parallax-section elementor-column elementor-col-50 elementor-top-column elementor-element elementor-element-58846fb5\" data-id=\"58846fb5\" data-element_type=\"column\">\n\t\t\t<div class=\"elementor-widget-wrap elementor-element-populated\">\n\t\t\t\t\t\t<div class=\"elementor-element elementor-element-6f79695 aux-appear-watch-animation aux-fade-in-left-1 elementor-widget elementor-widget-aux_modern_heading\" data-id=\"6f79695\" data-element_type=\"widget\" data-widget_type=\"aux_modern_heading.default\">\n\t\t\t\t<div class=\"elementor-widget-container\">\n\t\t\t<section class=\"aux-widget-modern-heading\">\n            <div class=\"aux-widget-inner\"><h4 class=\"aux-modern-heading-primary\"><\/h4><h2 class=\"aux-modern-heading-secondary\"><span class=\"aux-head-highlight\">Hvor l\u00e6nge holder et Hollywood-smil?<\/span><\/h2><\/div>\n        <\/section>\t\t<\/div>\n\t\t\t\t<\/div>\n\t\t\t\t<div class=\"elementor-element elementor-element-616eb883 aux-appear-watch-animation aux-fade-in-left-1 elementor-widget elementor-widget-text-editor\" data-id=\"616eb883\" data-element_type=\"widget\" data-widget_type=\"text-editor.default\">\n\t\t\t\t<div class=\"elementor-widget-container\">\n\t\t\t\t\t\t\t<p>Hvis du v\u00e6lger at f\u00e5 lavet et Hollywood-smil, vil du ikke blive skuffet. Resultaterne vises \u00f8jeblikkeligt og naturligt, og du vil se en betydelig forbedring af mange facetter af dit smil, fra den m\u00e5de, de er placeret p\u00e5, til deres perlemorsglans og ideelle m\u00e5l. <\/p>\n<p>Dette langtidsholdbare smil kan f\u00f8lge dig i mindst 15 \u00e5r. Hvor l\u00e6nge dit Hollywood-smil holder, afh\u00e6nger af holdbarheden af de fin\u00e9r, kroner eller tandimplantater, du har f\u00e5et sat p\u00e5 t\u00e6nderne, og af, om du har en god tandplejerutine. <\/p>\n<p><strong>Hvordan passer du p\u00e5 dit Hollywood-smil?<br \/><\/strong>I sidste ende er vedligeholdelse det vigtigste element for at sikre, at dit Hollywood Smile er der for at holde.<\/p>\n<p>For at bevare dit Hollywood-smil skal du<\/p>\n<p>B\u00f8rst t\u00e6nder og brug tandtr\u00e5d hver dag. Din tandplejerutine er meget vigtig. <\/p>\n<p>Brug mundskyl to gange om dagen.<\/p>\n<p>Undg\u00e5 at bide negle. T\u00e6nder, der er uj\u00e6vne, kn\u00e6kkede eller fl\u00e6kkede som f\u00f8lge af denne d\u00e5rlige praksis. Desuden kan dine fin\u00e9r g\u00e5 i stykker.  <\/p>\n<p>Undg\u00e5 at \u00e5bne ting med t\u00e6nderne. Hvis du bruger dine t\u00e6nder til at \u00e5bne poser eller l\u00e5g, kan det skade dem alvorligt. <\/p>\n<p>I sidste ende siger et smil mere end tusind ord! S\u00e5 glem ikke at b\u00e6re dit smil med selvtillid. Husk dog, at din tandplejerutine og opretholdelse af en solid tandhygiejne er den ultimative n\u00f8gle til et langvarigt og smukt Hollywood-smil.  <\/p>\n\t\t\t\t\t\t<\/div>\n\t\t\t\t<\/div>\n\t\t\t\t\t<\/div>\n\t\t<\/div>\n\t\t\t\t<div class=\"aux-parallax-section elementor-column elementor-col-50 elementor-top-column elementor-element elementor-element-154b5416\" data-id=\"154b5416\" data-element_type=\"column\">\n\t\t\t<div class=\"elementor-widget-wrap elementor-element-populated\">\n\t\t\t\t\t\t<div class=\"elementor-element elementor-element-6f7d8363 aux-appear-watch-animation aux-fade-in-left-1 elementor-widget elementor-widget-aux_image\" data-id=\"6f7d8363\" data-element_type=\"widget\" data-widget_type=\"aux_image.default\">\n\t\t\t\t<div class=\"elementor-widget-container\">\n\t\t\t<section class=\"widget-container aux-widget-image aux-alignnone aux-parent-au120b0f71\">\n    <div class=\"aux-media-hint-frame \">\n        <div class=\"aux-media-image \" >\n        \n            \n\n            \n            <img loading=\"lazy\" decoding=\"async\" width=\"1280\" height=\"853\" src=\"https:\/\/cagdisdental.com\/wp-content\/uploads\/2021\/04\/pexels-olly-37797052.jpg\" class=\"aux-attachment aux-featured-image aux-attachment-id-626\" alt=\"pexels-olly-3779705(2)\" data-ratio=\"1.5\" data-original-w=\"1280\" \/>            \n                <\/div>\n    <\/div>\n\n<\/section><!-- widget-container -->\t\t<\/div>\n\t\t\t\t<\/div>\n\t\t\t\t\t<\/div>\n\t\t<\/div>\n\t\t\t\t\t<\/div>\n\t\t<\/section>\n\t\t\t\t<section class=\"elementor-section elementor-top-section elementor-element elementor-element-40a7062e elementor-section-stretched elementor-section-boxed elementor-section-height-default elementor-section-height-default\" data-id=\"40a7062e\" data-element_type=\"section\" data-settings=\"{&quot;stretch_section&quot;:&quot;section-stretched&quot;}\">\n\t\t\t\t\t\t<div class=\"elementor-container elementor-column-gap-no\">\n\t\t\t\t\t<div class=\"aux-parallax-section elementor-column elementor-col-100 elementor-top-column elementor-element elementor-element-6675ddcd\" data-id=\"6675ddcd\" data-element_type=\"column\">\n\t\t\t<div class=\"elementor-widget-wrap elementor-element-populated\">\n\t\t\t\t\t\t<div class=\"elementor-element elementor-element-634d3066 aux-appear-watch-animation aux-scale-down elementor-widget elementor-widget-aux_modern_heading\" data-id=\"634d3066\" data-element_type=\"widget\" data-widget_type=\"aux_modern_heading.default\">\n\t\t\t\t<div class=\"elementor-widget-container\">\n\t\t\t<section class=\"aux-widget-modern-heading\">\n            <div class=\"aux-widget-inner\"><h4 class=\"aux-modern-heading-primary\"><\/h4><h2 class=\"aux-modern-heading-secondary\"><span class=\"aux-head-highlight\">Hvad er de forskellige typer af fin\u00e9r?<\/span><\/h2><\/div>\n        <\/section>\t\t<\/div>\n\t\t\t\t<\/div>\n\t\t\t\t<div class=\"elementor-element elementor-element-bff96a aux-appear-watch-animation aux-scale-down elementor-widget elementor-widget-text-editor\" data-id=\"bff96a\" data-element_type=\"widget\" data-widget_type=\"text-editor.default\">\n\t\t\t\t<div class=\"elementor-widget-container\">\n\t\t\t\t\t\t\t<p>Fin\u00e9r er et banebrydende kosmetisk tandplejeprodukt, der er lavet til at forbedre dine t\u00e6nders overordnede udseende. De placeres ofte p\u00e5 dine fort\u00e6nder og de sider, der er synlige, n\u00e5r du smiler. Hvis det g\u00f8res ordentligt, giver fin\u00e9r et meget naturligt udseende, da din tandl\u00e6ge binder dem direkte p\u00e5 dine t\u00e6nder under hele operationen.  <\/p>\n<p>Hvordan v\u00e6lger man mellem de forskellige fin\u00e9rtyper?<\/p>\n<p>Fin\u00e9r f\u00e5s i mange forskellige farver og materialer, men uanset hvilket valg du tr\u00e6ffer, vil de v\u00e6re tynde, pletafvisende og st\u00e6rke nok til at overleve den normale daglige slitage p\u00e5 dine t\u00e6nder.<\/p>\n<p><strong>Type 1: Porcel\u00e6nsfiner<\/strong><\/p>\n<p>De er ofte det foretrukne valg for patienter, der \u00f8nsker at \u00e6ndre st\u00f8rrelse, form eller farve p\u00e5 deres t\u00e6nder eller foretage mindre justeringer af dem. F\u00f8lgende er nogle af fordelene ved porcel\u00e6nsfiner: <\/p>\n<p>Sammenlignet med andre fin\u00e9r er de tyndere.<\/p>\n<p>Du kan f\u00e5 gl\u00e6de af t\u00e6nder, der ser helt naturlige ud.<\/p>\n<p>Porcel\u00e6nsfiner kan holde i op til 15 \u00e5r med korrekt vedligeholdelse.<\/p>\n<p>For det meste er det ikke n\u00f8dvendigt at reducere st\u00f8rrelsen p\u00e5 en naturlig tand.<\/p>\n<p>Husk p\u00e5 det: Mens porcel\u00e6nsfiner er mere modstandsdygtige og ser mere realistiske ud, er de ogs\u00e5 dyrere og kr\u00e6ver en s\u00e6rlig poleringspasta. Desuden kan de ikke repareres, hvis de g\u00e5r i stykker, og derfor er det n\u00f8dvendigt med en udskiftning. <\/p>\n<p><strong>Type 2: Keramiske finer<\/strong><\/p>\n<p>En af de mest udbredte typer af fin\u00e9r er keramik, og mange patienter synes, at de er en fantastisk mulighed, fordi de har<\/p>\n<p>Et realistisk udseende<\/p>\n<p>Styrke<\/p>\n<p>Evne til at ligne dine faktiske t\u00e6nder<\/p>\n<p>Husk, at det kan tage l\u00e6ngere tid at fremstille keramiske finer end andre typer. Efter indgrebet kan du ogs\u00e5 have lidt midlertidig tandf\u00f8lsomhed i et par dage. <\/p>\n<p><strong>Type 3: Blandede fin\u00e9r<\/strong><\/p>\n<p>Nogle mennesker foretr\u00e6kker blendede fin\u00e9r, fordi de er mere prisvenlige. Desuden kan de ofte s\u00e6ttes p\u00e5 i en enkelt procedure, s\u00e5 man slipper for mange tandl\u00e6gebes\u00f8g. Andre fordele ved denne type finer er bl.a:  <\/p>\n<p>Sammenlignet med andre fin\u00e9r kr\u00e6ver de mindre tandforberedelse.<\/p>\n<p>Normalt er prisen det halve af porcel\u00e6nsfiner.<\/p>\n<p>Superior kompositfin\u00e9r kan give et naturligt udseende.<\/p>\n<p>Husk, at blandede fin\u00e9r kan v\u00e6re billigere, men de har ogs\u00e5 st\u00f8rre risiko for at blive misfarvede, g\u00e5 i stykker eller fl\u00e6kke, hvis de ikke bliver passet ordentligt.<\/p>\n\t\t\t\t\t\t<\/div>\n\t\t\t\t<\/div>\n\t\t\t\t\t<\/div>\n\t\t<\/div>\n\t\t\t\t\t<\/div>\n\t\t<\/section>\n\t\t\t\t<\/div>\n\t\t","protected":false},"excerpt":{"rendered":"<p>Hollywood-smil En detaljeret behandlingsplan, der f\u00e5r dit smil til at str\u00e5le Hvad er en komplet Hollywood Smile Makeover? Som navnet antyder, er en Hollywood Smile Makeover en kosmetisk procedure med en komplet protetisk rekonstruktion af begge k\u00e6ber ved hj\u00e6lp af h\u00e6tter, fin\u00e9r og ofte implantater. Kort sagt er et Hollywood Smile en omfattende makeover af [&hellip;]<\/p>\n","protected":false},"author":1,"featured_media":0,"parent":0,"menu_order":0,"comment_status":"closed","ping_status":"closed","template":"","meta":{"_monsterinsights_skip_tracking":false,"_monsterinsights_sitenote_active":false,"_monsterinsights_sitenote_note":"","_monsterinsights_sitenote_category":0,"_joinchat":[],"footnotes":""},"class_list":["post-2656","page","type-page","status-publish","hentry"],"aioseo_notices":[],"_links":{"self":[{"href":"https:\/\/cagdisdental.com\/da\/wp-json\/wp\/v2\/pages\/2656"}],"collection":[{"href":"https:\/\/cagdisdental.com\/da\/wp-json\/wp\/v2\/pages"}],"about":[{"href":"https:\/\/cagdisdental.com\/da\/wp-json\/wp\/v2\/types\/page"}],"author":[{"embeddable":true,"href":"https:\/\/cagdisdental.com\/da\/wp-json\/wp\/v2\/users\/1"}],"replies":[{"embeddable":true,"href":"https:\/\/cagdisdental.com\/da\/wp-json\/wp\/v2\/comments?post=2656"}],"version-history":[{"count":1,"href":"https:\/\/cagdisdental.com\/da\/wp-json\/wp\/v2\/pages\/2656\/revisions"}],"predecessor-version":[{"id":2669,"href":"https:\/\/cagdisdental.com\/da\/wp-json\/wp\/v2\/pages\/2656\/revisions\/2669"}],"wp:attachment":[{"href":"https:\/\/cagdisdental.com\/da\/wp-json\/wp\/v2\/media?parent=2656"}],"curies":[{"name":"wp","href":"https:\/\/api.w.org\/{rel}","templated":true}]}}