{"id":2999,"date":"2024-09-18T12:16:46","date_gmt":"2024-09-18T12:16:46","guid":{"rendered":"https:\/\/cagdisdental.com\/alle-auf-sechs\/"},"modified":"2025-03-04T10:41:59","modified_gmt":"2025-03-04T10:41:59","slug":"alle-auf-sechs","status":"publish","type":"page","link":"https:\/\/cagdisdental.com\/de\/alle-auf-sechs\/","title":{"rendered":"Alle auf Sechs"},"content":{"rendered":"\t\t<div data-elementor-type=\"wp-page\" data-elementor-id=\"2999\" class=\"elementor elementor-2999 elementor-161\">\n\t\t\t\t\t\t<section class=\"elementor-section elementor-top-section elementor-element elementor-element-d995657 elementor-section-content-middle elementor-section-stretched elementor-section-boxed elementor-section-height-default elementor-section-height-default\" data-id=\"d995657\" data-element_type=\"section\" data-settings=\"{&quot;stretch_section&quot;:&quot;section-stretched&quot;,&quot;background_background&quot;:&quot;classic&quot;}\">\n\t\t\t\t\t\t<div class=\"elementor-container elementor-column-gap-no\">\n\t\t\t\t\t<div class=\"aux-parallax-section elementor-column elementor-col-50 elementor-top-column elementor-element elementor-element-0e759b0\" data-id=\"0e759b0\" data-element_type=\"column\">\n\t\t\t<div class=\"elementor-widget-wrap elementor-element-populated\">\n\t\t\t\t\t\t<div class=\"elementor-element elementor-element-78ff2ca aux-appear-watch-animation aux-scale-down elementor-widget elementor-widget-aux_modern_heading\" data-id=\"78ff2ca\" data-element_type=\"widget\" data-widget_type=\"aux_modern_heading.default\">\n\t\t\t\t<div class=\"elementor-widget-container\">\n\t\t\t<section class=\"aux-widget-modern-heading\">\n            <div class=\"aux-widget-inner\"><h4 class=\"aux-modern-heading-primary\">Scheint f\u00fcr immer mit Ihnen<\/h4><h1 class=\"aux-modern-heading-secondary\"><span class=\"aux-head-highlight\">Alle auf Sechs<\/span><\/h1><div class=\"aux-modern-heading-description\"><p>All-on-Six-Zahnimplantate, auch bekannt als Zahnersatz f\u00fcr den gesamten Zahnbogen, bieten im Vergleich zu herk\u00f6mmlichen Vollprothesen eine \u00fcberlegene Stabilit\u00e4t und Funktionalit\u00e4t. Sie bieten eine verbesserte \u00c4sthetik und Haltbarkeit f\u00fcr den Ersatz eines ganzen Zahnbogens. Diese Methode bietet ein stabiles Fundament f\u00fcr die restaurative Prothese und ber\u00fccksichtigt sowohl \u00e4sthetische als auch funktionelle Aspekte.  <\/p>\n<\/div><\/div>\n        <\/section>\t\t<\/div>\n\t\t\t\t<\/div>\n\t\t\t\t\t<\/div>\n\t\t<\/div>\n\t\t\t\t<div class=\"aux-parallax-section elementor-column elementor-col-50 elementor-top-column elementor-element elementor-element-0cb9ebb\" data-id=\"0cb9ebb\" data-element_type=\"column\">\n\t\t\t<div class=\"elementor-widget-wrap elementor-element-populated\">\n\t\t\t\t\t\t<div class=\"elementor-element elementor-element-6b35261 elementor-widget elementor-widget-video\" data-id=\"6b35261\" data-element_type=\"widget\" data-settings=\"{&quot;video_type&quot;:&quot;hosted&quot;,&quot;controls&quot;:&quot;yes&quot;}\" data-widget_type=\"video.default\">\n\t\t\t\t<div class=\"elementor-widget-container\">\n\t\t\t\t\t<div class=\"e-hosted-video elementor-wrapper elementor-open-inline\">\n\t\t\t\t\t<video class=\"elementor-video\" src=\"https:\/\/cagdisdental.com\/wp-content\/uploads\/2024\/09\/V-All-on-Six-2.mp4\" controls=\"\" preload=\"metadata\" controlsList=\"nodownload\"><\/video>\n\t\t\t\t<\/div>\n\t\t\t\t<\/div>\n\t\t\t\t<\/div>\n\t\t\t\t\t<\/div>\n\t\t<\/div>\n\t\t\t\t\t<\/div>\n\t\t<\/section>\n\t\t\t\t<section class=\"elementor-section elementor-top-section elementor-element elementor-element-8b9abc2 elementor-section-stretched elementor-section-boxed elementor-section-height-default elementor-section-height-default\" data-id=\"8b9abc2\" data-element_type=\"section\" data-settings=\"{&quot;background_background&quot;:&quot;classic&quot;,&quot;stretch_section&quot;:&quot;section-stretched&quot;}\">\n\t\t\t\t\t\t<div class=\"elementor-container elementor-column-gap-no\">\n\t\t\t\t\t<div class=\"aux-parallax-section elementor-column elementor-col-100 elementor-top-column elementor-element elementor-element-db968fb\" data-id=\"db968fb\" data-element_type=\"column\">\n\t\t\t<div class=\"elementor-widget-wrap elementor-element-populated\">\n\t\t\t\t\t\t<div class=\"elementor-element elementor-element-76708f0 aux-appear-watch-animation aux-scale-down elementor-widget elementor-widget-aux_modern_heading\" data-id=\"76708f0\" data-element_type=\"widget\" data-widget_type=\"aux_modern_heading.default\">\n\t\t\t\t<div class=\"elementor-widget-container\">\n\t\t\t<section class=\"aux-widget-modern-heading\">\n            <div class=\"aux-widget-inner\"><h4 class=\"aux-modern-heading-primary\"><\/h4><h2 class=\"aux-modern-heading-secondary\"><span class=\"aux-head-highlight\">Was sind All-on-Six-Zahnimplantate?<\/span><\/h2><\/div>\n        <\/section>\t\t<\/div>\n\t\t\t\t<\/div>\n\t\t\t\t<div class=\"elementor-element elementor-element-89bbcf6 elementor-widget elementor-widget-text-editor\" data-id=\"89bbcf6\" data-element_type=\"widget\" data-widget_type=\"text-editor.default\">\n\t\t\t\t<div class=\"elementor-widget-container\">\n\t\t\t\t\t\t\t<p>All-on-Six-Zahnimplantate, auch bekannt als Zahnersatz f\u00fcr den gesamten Zahnbogen, bieten im Vergleich zu herk\u00f6mmlichen Vollprothesen eine \u00fcberlegene Stabilit\u00e4t und Funktionalit\u00e4t. Sie bieten eine verbesserte \u00c4sthetik und Haltbarkeit f\u00fcr den Ersatz eines ganzen Zahnbogens. Diese Methode bietet ein stabiles Fundament f\u00fcr die restaurative Prothese und ber\u00fccksichtigt sowohl \u00e4sthetische als auch funktionelle Aspekte.  <\/p>\n<p>Bei dem All-on-Six-Verfahren werden sechs biokompatible Implantate, in der Regel aus Titan, strategisch in den Kieferknochen eingesetzt. Diese Implantate werden einer Osseointegration unterzogen, einem Prozess, bei dem sie mit dem umgebenden Knochen verschmelzen und so einen starken Halt bieten. Sobald die Heilung abgeschlossen ist, wird eine restaurative Prothese oder ein Zahnersatz mit Hilfe von Verbindern auf den Implantaten befestigt, um eine dauerhafte und komfortable Zahnfunktion zu gew\u00e4hrleisten und ein strahlendes L\u00e4cheln zu erhalten.  <\/p>\n<p>Unsere erfahrenen Oral- und Implantatchirurgen wissen, wie wichtig Stabilit\u00e4t und Komfort sind, die bei herk\u00f6mmlichen Prothesen fehlen k\u00f6nnen. Unsere erfahrenen Chirurgen widmen sich der sorgf\u00e4ltigen Rekonstruktion Ihres L\u00e4chelns und der Optimierung der Zahnfunktion, um au\u00dfergew\u00f6hnliche, individuelle Ergebnisse zu erzielen, die Ihre Erwartungen erf\u00fcllen. <\/p>\n\t\t\t\t\t\t<\/div>\n\t\t\t\t<\/div>\n\t\t\t\t\t<\/div>\n\t\t<\/div>\n\t\t\t\t\t<\/div>\n\t\t<\/section>\n\t\t\t\t<section class=\"elementor-section elementor-top-section elementor-element elementor-element-af035a7 elementor-section-stretched elementor-section-boxed elementor-section-height-default elementor-section-height-default\" data-id=\"af035a7\" data-element_type=\"section\" data-settings=\"{&quot;stretch_section&quot;:&quot;section-stretched&quot;}\">\n\t\t\t\t\t\t<div class=\"elementor-container elementor-column-gap-no\">\n\t\t\t\t\t<div class=\"aux-parallax-section elementor-column elementor-col-50 elementor-top-column elementor-element elementor-element-8adf277\" data-id=\"8adf277\" data-element_type=\"column\">\n\t\t\t<div class=\"elementor-widget-wrap elementor-element-populated\">\n\t\t\t\t\t\t<div class=\"elementor-element elementor-element-e46217a aux-appear-watch-animation aux-scale-up elementor-widget elementor-widget-aux_image\" data-id=\"e46217a\" data-element_type=\"widget\" data-widget_type=\"aux_image.default\">\n\t\t\t\t<div class=\"elementor-widget-container\">\n\t\t\t<section class=\"widget-container aux-widget-image aux-alignnone aux-parent-aufed3209e\">\n    <div class=\"aux-media-hint-frame \">\n        <div class=\"aux-media-image \" >\n        \n            \n\n            \n            <img fetchpriority=\"high\" decoding=\"async\" width=\"1024\" height=\"787\" src=\"https:\/\/cagdisdental.com\/wp-content\/uploads\/2024\/09\/1-3.jpg\" class=\"aux-attachment aux-featured-image aux-attachment-id-1028\" alt=\"1\" data-ratio=\"1.3\" data-original-w=\"1024\" \/>            \n                <\/div>\n    <\/div>\n\n<\/section><!-- widget-container -->\t\t<\/div>\n\t\t\t\t<\/div>\n\t\t\t\t\t<\/div>\n\t\t<\/div>\n\t\t\t\t<div class=\"aux-parallax-section elementor-column elementor-col-50 elementor-top-column elementor-element elementor-element-b03c48b\" data-id=\"b03c48b\" data-element_type=\"column\">\n\t\t\t<div class=\"elementor-widget-wrap elementor-element-populated\">\n\t\t\t\t\t\t<div class=\"elementor-element elementor-element-25e43e5 aux-appear-watch-animation aux-scale-down elementor-widget elementor-widget-aux_modern_heading\" data-id=\"25e43e5\" data-element_type=\"widget\" data-widget_type=\"aux_modern_heading.default\">\n\t\t\t\t<div class=\"elementor-widget-container\">\n\t\t\t<section class=\"aux-widget-modern-heading\">\n            <div class=\"aux-widget-inner\"><h4 class=\"aux-modern-heading-primary\"><\/h4><h2 class=\"aux-modern-heading-secondary\"><span class=\"aux-head-highlight\">Warum All-On-Six Zahnimplantate w\u00e4hlen?<\/span><\/h2><\/div>\n        <\/section>\t\t<\/div>\n\t\t\t\t<\/div>\n\t\t\t\t<div class=\"elementor-element elementor-element-0eb08cc elementor-widget elementor-widget-text-editor\" data-id=\"0eb08cc\" data-element_type=\"widget\" data-widget_type=\"text-editor.default\">\n\t\t\t\t<div class=\"elementor-widget-container\">\n\t\t\t\t\t\t\t<p>All-On-Six-Zahnimplantate sind eine ausgezeichnete Wahl f\u00fcr Patienten, die einen weniger invasiven zahnmedizinischen Eingriff w\u00fcnschen. Dieser Ansatz minimiert die Erholungszeit und erfordert im Vergleich zu traditionellen Methoden weniger umfangreiche Operationen. <\/p>\n<p>Unsere Chirurgen beurteilen den Kieferknochen sorgf\u00e4ltig und platzieren jedes Implantat strategisch, um eine starke Verbindung zu gew\u00e4hrleisten und gleichzeitig weniger Implantate zu verwenden. Bei den meisten Patienten k\u00f6nnen sofort nach der Operation provisorische Z\u00e4hne auf die Implantate gesetzt werden, die einige Monate sp\u00e4ter mit einer dauerhaften Prothese versorgt werden. <\/p>\n<p>Der Ersatz von Zahnersatz durch All-On-Six Implantate bietet mehrere Vorteile:<\/p>\n<ul>\n<li><strong>Pflegeleichtigkeit:<\/strong> Pflegen Sie Ihre Implantate genau wie nat\u00fcrliche Z\u00e4hne, ohne dass Sie spezielle Reinigungsmittel ben\u00f6tigen.<\/li>\n<li><strong>Bequemlichkeit:<\/strong> Sie m\u00fcssen die Prothese nachts nicht herausnehmen.<\/li>\n<li><strong>Stabilit\u00e4t:<\/strong> Eliminiert Probleme mit verrutschenden Prothesen.<\/li>\n<li><strong>Flexibilit\u00e4t bei der Ern\u00e4hrung:<\/strong> Genie\u00dfen Sie eine gro\u00dfe Auswahl an Lebensmitteln ohne Einschr\u00e4nkungen.<\/li>\n<li><strong>Erhalt des Knochens<\/strong>: Implantate tragen dazu bei, Ihren Kieferknochen zu erhalten. Sie beugen Knochenschwund vor und verhindern ein vorzeitig gealtertes Aussehen.<\/li>\n<li><strong>Komfort:<\/strong> Implantate absorbieren den Druck beim Kauen und reduzieren so das Zahnfleisch, das bei herk\u00f6mmlichen Prothesen oft schmerzt.<\/li>\n<\/ul>\n\t\t\t\t\t\t<\/div>\n\t\t\t\t<\/div>\n\t\t\t\t\t<\/div>\n\t\t<\/div>\n\t\t\t\t\t<\/div>\n\t\t<\/section>\n\t\t\t\t<section class=\"elementor-section elementor-top-section elementor-element elementor-element-8cb5aa8 elementor-section-stretched elementor-section-boxed elementor-section-height-default elementor-section-height-default\" data-id=\"8cb5aa8\" data-element_type=\"section\" data-settings=\"{&quot;background_background&quot;:&quot;classic&quot;,&quot;stretch_section&quot;:&quot;section-stretched&quot;}\">\n\t\t\t\t\t\t<div class=\"elementor-container elementor-column-gap-no\">\n\t\t\t\t\t<div class=\"aux-parallax-section elementor-column elementor-col-50 elementor-top-column elementor-element elementor-element-09fd12a\" data-id=\"09fd12a\" data-element_type=\"column\">\n\t\t\t<div class=\"elementor-widget-wrap elementor-element-populated\">\n\t\t\t\t\t\t<div class=\"elementor-element elementor-element-bf53ec7 aux-appear-watch-animation aux-scale-down elementor-widget elementor-widget-aux_modern_heading\" data-id=\"bf53ec7\" data-element_type=\"widget\" data-widget_type=\"aux_modern_heading.default\">\n\t\t\t\t<div class=\"elementor-widget-container\">\n\t\t\t<section class=\"aux-widget-modern-heading\">\n            <div class=\"aux-widget-inner\"><h4 class=\"aux-modern-heading-primary\"><\/h4><h2 class=\"aux-modern-heading-secondary\"><span class=\"aux-head-highlight\">Wer ist ein guter Kandidat f\u00fcr All-On-Six?<\/span><\/h2><\/div>\n        <\/section>\t\t<\/div>\n\t\t\t\t<\/div>\n\t\t\t\t<div class=\"elementor-element elementor-element-1875ea5 elementor-widget elementor-widget-text-editor\" data-id=\"1875ea5\" data-element_type=\"widget\" data-widget_type=\"text-editor.default\">\n\t\t\t\t<div class=\"elementor-widget-container\">\n\t\t\t\t\t\t\t<p>All-On-6-Implantate sind eine hochwirksame L\u00f6sung f\u00fcr Patienten, denen alle oder die meisten ihrer Z\u00e4hne im Ober- oder Unterkiefer fehlen. Kandidaten f\u00fcr dieses Verfahren sollten sich in einem guten Gesundheitszustand befinden und \u00fcber eine ausreichende Kieferknochendichte sowie gesunde Z\u00e4hne und gesundes Zahnfleisch verf\u00fcgen. <\/p>\n<p>Bestimmte Personen sind jedoch m\u00f6glicherweise nicht f\u00fcr All-On-Six-Implantate geeignet. Dazu geh\u00f6ren Menschen, die rauchen oder an Krankheiten wie Krebs, Autoimmunerkrankungen oder Blutungsst\u00f6rungen leiden. Unsere Kieferchirurgen f\u00fchren eine gr\u00fcndliche Untersuchung Ihres allgemeinen Gesundheitszustands und Ihrer Krankengeschichte durch, um festzustellen, ob All-On-6-Implantate f\u00fcr Sie in Frage kommen.  <\/p><\/p>\n\t\t\t\t\t\t<\/div>\n\t\t\t\t<\/div>\n\t\t\t\t\t<\/div>\n\t\t<\/div>\n\t\t\t\t<div class=\"aux-parallax-section elementor-column elementor-col-50 elementor-top-column elementor-element elementor-element-ee4bd09\" data-id=\"ee4bd09\" data-element_type=\"column\">\n\t\t\t<div class=\"elementor-widget-wrap elementor-element-populated\">\n\t\t\t\t\t\t<div class=\"elementor-element elementor-element-fa8be0d aux-appear-watch-animation aux-scale-up elementor-widget elementor-widget-aux_image\" data-id=\"fa8be0d\" data-element_type=\"widget\" data-widget_type=\"aux_image.default\">\n\t\t\t\t<div class=\"elementor-widget-container\">\n\t\t\t<section class=\"widget-container aux-widget-image aux-alignnone aux-parent-aub27002f5\">\n    <div class=\"aux-media-hint-frame \">\n        <div class=\"aux-media-image \" >\n        \n            \n\n            \n            <img decoding=\"async\" width=\"768\" height=\"768\" src=\"https:\/\/cagdisdental.com\/wp-content\/uploads\/2024\/09\/20240319_200532.jpg\" class=\"aux-attachment aux-featured-image aux-attachment-id-313\" alt=\"20240319_200532\" data-ratio=\"1\" data-original-w=\"768\" \/>            \n                <\/div>\n    <\/div>\n\n<\/section><!-- widget-container -->\t\t<\/div>\n\t\t\t\t<\/div>\n\t\t\t\t\t<\/div>\n\t\t<\/div>\n\t\t\t\t\t<\/div>\n\t\t<\/section>\n\t\t\t\t<section class=\"elementor-section elementor-top-section elementor-element elementor-element-595d91e elementor-section-stretched elementor-section-boxed elementor-section-height-default elementor-section-height-default\" data-id=\"595d91e\" data-element_type=\"section\" data-settings=\"{&quot;stretch_section&quot;:&quot;section-stretched&quot;}\">\n\t\t\t\t\t\t<div class=\"elementor-container elementor-column-gap-no\">\n\t\t\t\t\t<div class=\"aux-parallax-section elementor-column elementor-col-100 elementor-top-column elementor-element elementor-element-05d2c9b\" data-id=\"05d2c9b\" data-element_type=\"column\">\n\t\t\t<div class=\"elementor-widget-wrap elementor-element-populated\">\n\t\t\t\t\t\t<div class=\"elementor-element elementor-element-a63f794 aux-appear-watch-animation aux-scale-down elementor-widget elementor-widget-aux_modern_heading\" data-id=\"a63f794\" data-element_type=\"widget\" data-widget_type=\"aux_modern_heading.default\">\n\t\t\t\t<div class=\"elementor-widget-container\">\n\t\t\t<section class=\"aux-widget-modern-heading\">\n            <div class=\"aux-widget-inner\"><h4 class=\"aux-modern-heading-primary\"><\/h4><h2 class=\"aux-modern-heading-secondary\"><span class=\"aux-head-highlight\">Was sind die Vorteile eines All-on-6 Implantats im Vergleich zu anderen Implantatoptionen?<\/span><\/h2><\/div>\n        <\/section>\t\t<\/div>\n\t\t\t\t<\/div>\n\t\t\t\t<div class=\"elementor-element elementor-element-b954e79 elementor-widget elementor-widget-text-editor\" data-id=\"b954e79\" data-element_type=\"widget\" data-widget_type=\"text-editor.default\">\n\t\t\t\t<div class=\"elementor-widget-container\">\n\t\t\t\t\t\t\t<ul>\n<li><strong>Bessere Unterst\u00fctzung:<\/strong> All-on-6-Zahnimplantate bieten \u00fcberlegenen Halt und Stabilit\u00e4t f\u00fcr restaurative Prothesen, indem sechs Implantate im Kieferknochen verankert werden. Dieser Aufbau verbessert die Stabilit\u00e4t der Prothese und behebt effektiv Probleme mit dem Verrutschen der Prothese beim Kauen. <\/li>\n<\/ul>\n<ul>\n<li><strong>Verbesserte Gesichts\u00e4sthetik:<\/strong> All-on-6-Implantate sind effektiver bei der Wiederherstellung der Gesichts\u00e4sthetik im Vergleich zu anderen Zahnersatzoptionen. Indem sie den Oberkieferknochen rekonstruieren, beheben sie Probleme wie eingefallene Wangen und verleihen ein jugendlicheres Aussehen. <\/li>\n<\/ul>\n<ul>\n<li><strong>Gleichm\u00e4\u00dfige Lastverteilung:<\/strong> Im Gegensatz zu anderen Implantatmethoden, bei denen die funktionelle Belastung auf weniger Implantate verteilt wird, wird bei All-on-6 die Belastung gleichm\u00e4\u00dfig auf sechs Implantate verteilt. Dieser Ansatz reduziert die Knochenresorption um die Implantate herum und erh\u00f6ht deren Haltbarkeit. <\/li>\n<\/ul>\n<ul>\n<li><strong>Erh\u00e4lt die Dichte des Kieferknochens:<\/strong> L\u00e4ngerer Zahnverlust kann zu einer fortschreitenden Resorption des Kieferknochens und einer verminderten Knochendichte f\u00fchren. Das Einsetzen von All-on-6-Implantaten hilft, diesem Abbau entgegenzuwirken und die Knochendichte zu erhalten. <\/li>\n<\/ul>\n<ul>\n<li><strong>Flexible prothetische Optionen:<\/strong> All-on-Six-Implantate bieten verschiedene, auf die individuellen Bed\u00fcrfnisse zugeschnittene Restaurationsm\u00f6glichkeiten, wie z. B. vollst\u00e4ndige Prothesenbr\u00fccken. Diese Flexibilit\u00e4t erm\u00f6glicht eine verbesserte Funktion und \u00c4sthetik aufgrund der stabilen Unterst\u00fctzung durch die Implantate. <\/li>\n<\/ul>\n<p><strong> <\/strong><strong>Langlebigkeit:<\/strong> All-on-6-Implantate sind f\u00fcr den langfristigen Einsatz konzipiert und bieten bei richtiger Mundhygiene und regelm\u00e4\u00dfigen Nachuntersuchungen dauerhafte Ergebnisse. Wenn sie richtig gepflegt werden, k\u00f6nnen sie ein Leben lang zuverl\u00e4ssige und dauerhafte Ergebnisse liefern. <\/p>\n\t\t\t\t\t\t<\/div>\n\t\t\t\t<\/div>\n\t\t\t\t\t<\/div>\n\t\t<\/div>\n\t\t\t\t\t<\/div>\n\t\t<\/section>\n\t\t\t\t<\/div>\n\t\t","protected":false},"excerpt":{"rendered":"<p>Scheint f\u00fcr immer mit Ihnen Alle auf Sechs All-on-Six-Zahnimplantate, auch bekannt als Zahnersatz f\u00fcr den gesamten Zahnbogen, bieten im Vergleich zu herk\u00f6mmlichen Vollprothesen eine \u00fcberlegene Stabilit\u00e4t und Funktionalit\u00e4t. Sie bieten eine verbesserte \u00c4sthetik und Haltbarkeit f\u00fcr den Ersatz eines ganzen Zahnbogens. Diese Methode bietet ein stabiles Fundament f\u00fcr die restaurative Prothese und ber\u00fccksichtigt sowohl \u00e4sthetische [&hellip;]<\/p>\n","protected":false},"author":1,"featured_media":0,"parent":0,"menu_order":0,"comment_status":"closed","ping_status":"closed","template":"","meta":{"_monsterinsights_skip_tracking":false,"_monsterinsights_sitenote_active":false,"_monsterinsights_sitenote_note":"","_monsterinsights_sitenote_category":0,"_joinchat":[],"footnotes":""},"class_list":["post-2999","page","type-page","status-publish","hentry"],"aioseo_notices":[],"_links":{"self":[{"href":"https:\/\/cagdisdental.com\/de\/wp-json\/wp\/v2\/pages\/2999"}],"collection":[{"href":"https:\/\/cagdisdental.com\/de\/wp-json\/wp\/v2\/pages"}],"about":[{"href":"https:\/\/cagdisdental.com\/de\/wp-json\/wp\/v2\/types\/page"}],"author":[{"embeddable":true,"href":"https:\/\/cagdisdental.com\/de\/wp-json\/wp\/v2\/users\/1"}],"replies":[{"embeddable":true,"href":"https:\/\/cagdisdental.com\/de\/wp-json\/wp\/v2\/comments?post=2999"}],"version-history":[{"count":1,"href":"https:\/\/cagdisdental.com\/de\/wp-json\/wp\/v2\/pages\/2999\/revisions"}],"predecessor-version":[{"id":3042,"href":"https:\/\/cagdisdental.com\/de\/wp-json\/wp\/v2\/pages\/2999\/revisions\/3042"}],"wp:attachment":[{"href":"https:\/\/cagdisdental.com\/de\/wp-json\/wp\/v2\/media?parent=2999"}],"curies":[{"name":"wp","href":"https:\/\/api.w.org\/{rel}","templated":true}]}}