{"id":3308,"date":"2024-08-31T13:21:20","date_gmt":"2024-08-31T13:21:20","guid":{"rendered":"https:\/\/cagdisdental.com\/laminat-furniere\/"},"modified":"2025-05-01T00:26:44","modified_gmt":"2025-05-01T00:26:44","slug":"laminat-furniere","status":"publish","type":"page","link":"https:\/\/cagdisdental.com\/de\/laminat-furniere\/","title":{"rendered":"Laminat-Furniere"},"content":{"rendered":"\t\t<div data-elementor-type=\"wp-page\" data-elementor-id=\"3308\" class=\"elementor elementor-3308 elementor-141\">\n\t\t\t\t\t\t<section class=\"elementor-section elementor-top-section elementor-element elementor-element-747277c2 elementor-section-content-middle elementor-section-stretched elementor-section-boxed elementor-section-height-default elementor-section-height-default\" data-id=\"747277c2\" data-element_type=\"section\" data-settings=\"{&quot;stretch_section&quot;:&quot;section-stretched&quot;,&quot;background_background&quot;:&quot;classic&quot;}\">\n\t\t\t\t\t\t<div class=\"elementor-container elementor-column-gap-no\">\n\t\t\t\t\t<div class=\"aux-parallax-section elementor-column elementor-col-50 elementor-top-column elementor-element elementor-element-30c0574b\" data-id=\"30c0574b\" data-element_type=\"column\">\n\t\t\t<div class=\"elementor-widget-wrap elementor-element-populated\">\n\t\t\t\t\t\t<div class=\"elementor-element elementor-element-5790941 aux-appear-watch-animation aux-scale-down elementor-widget elementor-widget-aux_modern_heading\" data-id=\"5790941\" data-element_type=\"widget\" data-widget_type=\"aux_modern_heading.default\">\n\t\t\t\t<div class=\"elementor-widget-container\">\n\t\t\t<section class=\"aux-widget-modern-heading\">\n            <div class=\"aux-widget-inner\"><h4 class=\"aux-modern-heading-primary\">Scheint f\u00fcr immer mit Ihnen<\/h4><h1 class=\"aux-modern-heading-secondary\"><span class=\"aux-head-highlight\">Laminat-Furniere<\/span><\/h1><div class=\"aux-modern-heading-description\"><p>Ganz gleich, ob Sie einen abgebrochenen Zahn reparieren m\u00f6chten, der Sie st\u00f6rt, oder ob Sie ein komplettes neues L\u00e4cheln anstreben, Zahnlaminate (auch bekannt als ultrad\u00fcnne Veneers) sind eine attraktive Option, vor allem wegen ihrer Kosteneffizienz.<\/p><\/p>\n<\/div><\/div>\n        <\/section>\t\t<\/div>\n\t\t\t\t<\/div>\n\t\t\t\t\t<\/div>\n\t\t<\/div>\n\t\t\t\t<div class=\"aux-parallax-section elementor-column elementor-col-50 elementor-top-column elementor-element elementor-element-6c4343fb\" data-id=\"6c4343fb\" data-element_type=\"column\">\n\t\t\t<div class=\"elementor-widget-wrap elementor-element-populated\">\n\t\t\t\t\t\t<div class=\"elementor-element elementor-element-59c187a2 aux-appear-watch-animation aux-scale-up elementor-widget elementor-widget-aux_image\" data-id=\"59c187a2\" data-element_type=\"widget\" data-widget_type=\"aux_image.default\">\n\t\t\t\t<div class=\"elementor-widget-container\">\n\t\t\t<section class=\"widget-container aux-widget-image aux-alignnone aux-parent-au221b79a7\">\n    <div class=\"aux-media-hint-frame \">\n        <div class=\"aux-media-image \" >\n        \n            \n\n            \n            <img fetchpriority=\"high\" decoding=\"async\" width=\"1600\" height=\"1152\" src=\"https:\/\/cagdisdental.com\/wp-content\/uploads\/2024\/11\/8-3.jpg\" class=\"aux-attachment aux-featured-image aux-attachment-id-1827\" alt=\"8-3\" data-ratio=\"1.39\" data-original-w=\"1600\" \/>            \n                <\/div>\n    <\/div>\n\n<\/section><!-- widget-container -->\t\t<\/div>\n\t\t\t\t<\/div>\n\t\t\t\t\t<\/div>\n\t\t<\/div>\n\t\t\t\t\t<\/div>\n\t\t<\/section>\n\t\t\t\t<section class=\"elementor-section elementor-top-section elementor-element elementor-element-69661c10 elementor-section-stretched elementor-section-boxed elementor-section-height-default elementor-section-height-default\" data-id=\"69661c10\" data-element_type=\"section\" data-settings=\"{&quot;background_background&quot;:&quot;classic&quot;,&quot;stretch_section&quot;:&quot;section-stretched&quot;}\">\n\t\t\t\t\t\t<div class=\"elementor-container elementor-column-gap-no\">\n\t\t\t\t\t<div class=\"aux-parallax-section elementor-column elementor-col-100 elementor-top-column elementor-element elementor-element-21c37bb4\" data-id=\"21c37bb4\" data-element_type=\"column\">\n\t\t\t<div class=\"elementor-widget-wrap elementor-element-populated\">\n\t\t\t\t\t\t<div class=\"elementor-element elementor-element-49de49a2 aux-appear-watch-animation aux-scale-down elementor-widget elementor-widget-aux_modern_heading\" data-id=\"49de49a2\" data-element_type=\"widget\" data-widget_type=\"aux_modern_heading.default\">\n\t\t\t\t<div class=\"elementor-widget-container\">\n\t\t\t<section class=\"aux-widget-modern-heading\">\n            <div class=\"aux-widget-inner\"><h4 class=\"aux-modern-heading-primary\"><\/h4><h2 class=\"aux-modern-heading-secondary\"><span class=\"aux-head-highlight\">Was sind Laminatfurniere?<\/span><\/h2><\/div>\n        <\/section>\t\t<\/div>\n\t\t\t\t<\/div>\n\t\t\t\t<div class=\"elementor-element elementor-element-3184d44b aux-appear-watch-animation aux-scale-down elementor-widget elementor-widget-text-editor\" data-id=\"3184d44b\" data-element_type=\"widget\" data-widget_type=\"text-editor.default\">\n\t\t\t\t<div class=\"elementor-widget-container\">\n\t\t\t\t\t\t\t<p>Zahnveneers, einschlie\u00dflich traditionellem Porzellan, Lumineers, Emax und Laminaten, wurden entwickelt, um die Farbe, Form, Position und Gr\u00f6\u00dfe Ihrer Z\u00e4hne zu verbessern. Sie sind eine effektive L\u00f6sung f\u00fcr Probleme wie Verf\u00e4rbungen, Abnutzung, L\u00fccken, Abplatzungen und Schiefst\u00e4nde. <\/p>\n<p>Laminate sind au\u00dfergew\u00f6hnlich d\u00fcnne Schalen aus Dentalkeramik, die sorgf\u00e4ltig auf die Vorderfl\u00e4chen Ihrer Z\u00e4hne geklebt werden. Sie helfen bei verschiedenen Zahnproblemen und k\u00f6nnen Ihr L\u00e4cheln deutlich verbessern. <\/p>\n\t\t\t\t\t\t<\/div>\n\t\t\t\t<\/div>\n\t\t\t\t\t<\/div>\n\t\t<\/div>\n\t\t\t\t\t<\/div>\n\t\t<\/section>\n\t\t\t\t<section class=\"elementor-section elementor-top-section elementor-element elementor-element-b831863 elementor-section-stretched elementor-section-boxed elementor-section-height-default elementor-section-height-default\" data-id=\"b831863\" data-element_type=\"section\" data-settings=\"{&quot;stretch_section&quot;:&quot;section-stretched&quot;,&quot;background_background&quot;:&quot;classic&quot;}\">\n\t\t\t\t\t\t<div class=\"elementor-container elementor-column-gap-no\">\n\t\t\t\t\t<div class=\"aux-parallax-section elementor-column elementor-col-50 elementor-top-column elementor-element elementor-element-655d8015\" data-id=\"655d8015\" data-element_type=\"column\">\n\t\t\t<div class=\"elementor-widget-wrap elementor-element-populated\">\n\t\t\t\t\t\t<div class=\"elementor-element elementor-element-3dc409c5 aux-appear-watch-animation aux-scale-up elementor-widget elementor-widget-aux_image\" data-id=\"3dc409c5\" data-element_type=\"widget\" data-widget_type=\"aux_image.default\">\n\t\t\t\t<div class=\"elementor-widget-container\">\n\t\t\t<section class=\"widget-container aux-widget-image aux-alignnone aux-parent-au4dcf75aa\">\n    <div class=\"aux-media-hint-frame \">\n        <div class=\"aux-media-image \" >\n        \n            \n\n            \n            <img decoding=\"async\" width=\"1800\" height=\"1200\" src=\"https:\/\/cagdisdental.com\/wp-content\/uploads\/2024\/09\/pexels-polina-zimmerman-46873601.jpg\" class=\"aux-attachment aux-featured-image aux-attachment-id-368\" alt=\"pexels-polina-zimmerman-4687360(1)\" data-ratio=\"1.5\" data-original-w=\"1800\" \/>            \n                <\/div>\n    <\/div>\n\n<\/section><!-- widget-container -->\t\t<\/div>\n\t\t\t\t<\/div>\n\t\t\t\t\t<\/div>\n\t\t<\/div>\n\t\t\t\t<div class=\"aux-parallax-section elementor-column elementor-col-50 elementor-top-column elementor-element elementor-element-8d9e671\" data-id=\"8d9e671\" data-element_type=\"column\">\n\t\t\t<div class=\"elementor-widget-wrap elementor-element-populated\">\n\t\t\t\t\t\t<div class=\"elementor-element elementor-element-520a8fff aux-appear-watch-animation aux-scale-down elementor-widget elementor-widget-aux_modern_heading\" data-id=\"520a8fff\" data-element_type=\"widget\" data-widget_type=\"aux_modern_heading.default\">\n\t\t\t\t<div class=\"elementor-widget-container\">\n\t\t\t<section class=\"aux-widget-modern-heading\">\n            <div class=\"aux-widget-inner\"><h4 class=\"aux-modern-heading-primary\"><\/h4><h2 class=\"aux-modern-heading-secondary\"><span class=\"aux-head-highlight\">Was ist der Unterschied zwischen Laminat und normalen Furnieren?<\/span><\/h2><\/div>\n        <\/section>\t\t<\/div>\n\t\t\t\t<\/div>\n\t\t\t\t<div class=\"elementor-element elementor-element-64b08652 aux-appear-watch-animation aux-scale-down elementor-widget elementor-widget-text-editor\" data-id=\"64b08652\" data-element_type=\"widget\" data-widget_type=\"text-editor.default\">\n\t\t\t\t<div class=\"elementor-widget-container\">\n\t\t\t\t\t\t\t<p><strong> <\/strong>Zahnlaminate und Zahnveneers verbessern beide das Aussehen und die Funktion Ihres L\u00e4chelns. Obwohl die Begriffe oft synonym verwendet werden, ist es wichtig zu wissen, dass Laminate deutlich d\u00fcnner sind als herk\u00f6mmliche Veneers. Daher muss bei der Behandlung mit Laminaten in der Regel weniger Zahnschmelz von den Z\u00e4hnen entfernt werden.  <\/p>\n\t\t\t\t\t\t<\/div>\n\t\t\t\t<\/div>\n\t\t\t\t\t<\/div>\n\t\t<\/div>\n\t\t\t\t\t<\/div>\n\t\t<\/section>\n\t\t\t\t<section class=\"elementor-section elementor-top-section elementor-element elementor-element-1adffd84 elementor-section-stretched elementor-section-boxed elementor-section-height-default elementor-section-height-default\" data-id=\"1adffd84\" data-element_type=\"section\" data-settings=\"{&quot;background_background&quot;:&quot;classic&quot;,&quot;stretch_section&quot;:&quot;section-stretched&quot;}\">\n\t\t\t\t\t\t<div class=\"elementor-container elementor-column-gap-no\">\n\t\t\t\t\t<div class=\"aux-parallax-section elementor-column elementor-col-50 elementor-top-column elementor-element elementor-element-66341289\" data-id=\"66341289\" data-element_type=\"column\">\n\t\t\t<div class=\"elementor-widget-wrap elementor-element-populated\">\n\t\t\t\t\t\t<div class=\"elementor-element elementor-element-6fbfbeca aux-appear-watch-animation aux-scale-down elementor-widget elementor-widget-aux_modern_heading\" data-id=\"6fbfbeca\" data-element_type=\"widget\" data-widget_type=\"aux_modern_heading.default\">\n\t\t\t\t<div class=\"elementor-widget-container\">\n\t\t\t<section class=\"aux-widget-modern-heading\">\n            <div class=\"aux-widget-inner\"><h4 class=\"aux-modern-heading-primary\"><\/h4><h2 class=\"aux-modern-heading-secondary\"><span class=\"aux-head-highlight\">Komposit vs. Porzellan<\/span><\/h2><\/div>\n        <\/section>\t\t<\/div>\n\t\t\t\t<\/div>\n\t\t\t\t<div class=\"elementor-element elementor-element-13dc0c74 aux-appear-watch-animation aux-scale-down elementor-widget elementor-widget-text-editor\" data-id=\"13dc0c74\" data-element_type=\"widget\" data-widget_type=\"text-editor.default\">\n\t\t\t\t<div class=\"elementor-widget-container\">\n\t\t\t\t\t\t\t<p>Bei \u00c7a\u011fdi\u015f Dental werden Zahnveneers in der Regel aus zwei Hauptmaterialien hergestellt: Komposit oder Porzellan.<\/p>\n<p>Porzellanveneers werden aufgrund ihrer \u00fcberlegenen Fleckenbest\u00e4ndigkeit, Langlebigkeit und verbesserten \u00c4sthetik h\u00e4ufig bevorzugt. Obwohl einige glauben, dass Komposit-Veneers weniger Vorbereitung der nat\u00fcrlichen Z\u00e4hne erfordern, ist dies von Fall zu Fall unterschiedlich und nicht allgemein g\u00fcltig. Ein Vorteil von Komposit-Veneers ist, dass sie oft an nur einem einzigen Tag angepasst werden k\u00f6nnen.  <\/p>\n<p>Andererseits sind traditionelle Porzellanveneers tendenziell teurer und erfordern in der Regel eine gr\u00f6\u00dfere Entfernung des Zahnschmelzes, um den Zahn vor dem Anbringen der Veneers neu zu formen. Es gibt jedoch eine Option f\u00fcr ultrad\u00fcnne Laminat-Veneers, bei denen im Vergleich zu traditionellen Porzellan-Veneers weniger Zahnschmelz abgetragen werden muss. <\/p>\n\t\t\t\t\t\t<\/div>\n\t\t\t\t<\/div>\n\t\t\t\t\t<\/div>\n\t\t<\/div>\n\t\t\t\t<div class=\"aux-parallax-section elementor-column elementor-col-50 elementor-top-column elementor-element elementor-element-77cf0d6f elementor-hidden-desktop elementor-hidden-tablet elementor-hidden-mobile\" data-id=\"77cf0d6f\" data-element_type=\"column\">\n\t\t\t<div class=\"elementor-widget-wrap elementor-element-populated\">\n\t\t\t\t\t\t<div class=\"elementor-element elementor-element-6fa3ffe7 aux-appear-watch-animation aux-scale-up elementor-widget elementor-widget-aux_image\" data-id=\"6fa3ffe7\" data-element_type=\"widget\" data-widget_type=\"aux_image.default\">\n\t\t\t\t<div class=\"elementor-widget-container\">\n\t\t\t<section class=\"widget-container aux-widget-image aux-alignnone aux-parent-au7eb219d6\">\n    <div class=\"aux-media-hint-frame \">\n        <div class=\"aux-media-image \" >\n        \n            \n\n            \n            <img decoding=\"async\" width=\"768\" height=\"768\" src=\"https:\/\/cagdisdental.com\/wp-content\/uploads\/2024\/09\/20240319_200532.jpg\" class=\"aux-attachment aux-featured-image aux-attachment-id-313\" alt=\"20240319_200532\" data-ratio=\"1\" data-original-w=\"768\" \/>            \n                <\/div>\n    <\/div>\n\n<\/section><!-- widget-container -->\t\t<\/div>\n\t\t\t\t<\/div>\n\t\t\t\t\t<\/div>\n\t\t<\/div>\n\t\t\t\t\t<\/div>\n\t\t<\/section>\n\t\t\t\t<section class=\"elementor-section elementor-top-section elementor-element elementor-element-6a6e6d60 elementor-section-stretched elementor-section-boxed elementor-section-height-default elementor-section-height-default\" data-id=\"6a6e6d60\" data-element_type=\"section\" data-settings=\"{&quot;stretch_section&quot;:&quot;section-stretched&quot;,&quot;background_background&quot;:&quot;classic&quot;}\">\n\t\t\t\t\t\t<div class=\"elementor-container elementor-column-gap-no\">\n\t\t\t\t\t<div class=\"aux-parallax-section elementor-column elementor-col-100 elementor-top-column elementor-element elementor-element-37a5c86a\" data-id=\"37a5c86a\" data-element_type=\"column\">\n\t\t\t<div class=\"elementor-widget-wrap elementor-element-populated\">\n\t\t\t\t\t\t<div class=\"elementor-element elementor-element-213a0d48 aux-appear-watch-animation aux-scale-down elementor-widget elementor-widget-aux_modern_heading\" data-id=\"213a0d48\" data-element_type=\"widget\" data-widget_type=\"aux_modern_heading.default\">\n\t\t\t\t<div class=\"elementor-widget-container\">\n\t\t\t<section class=\"aux-widget-modern-heading\">\n            <div class=\"aux-widget-inner\"><h4 class=\"aux-modern-heading-primary\"><\/h4><h2 class=\"aux-modern-heading-secondary\"><span class=\"aux-head-highlight\">Was ist das Besondere an Laminatfurnieren?<\/span><\/h2><\/div>\n        <\/section>\t\t<\/div>\n\t\t\t\t<\/div>\n\t\t\t\t<div class=\"elementor-element elementor-element-3848320e aux-appear-watch-animation aux-scale-down elementor-widget elementor-widget-text-editor\" data-id=\"3848320e\" data-element_type=\"widget\" data-widget_type=\"text-editor.default\">\n\t\t\t\t<div class=\"elementor-widget-container\">\n\t\t\t\t\t\t\t<p>Laminate bieten \u00e4hnliche Funktionen und Vorteile wie herk\u00f6mmliche Zahnveneers, jedoch mit einem entscheidenden Unterschied: Sie erfordern keine Entfernung des Zahnschmelzes. Tats\u00e4chlich ist der Erhalt des nat\u00fcrlichen Zahnschmelzes entscheidend f\u00fcr die langfristige Zahngesundheit, was Laminate zu einer konservativeren Option macht. <\/p>\n<p>Laminate sind zwar sanfter zu den Z\u00e4hnen, aber eine unsachgem\u00e4\u00dfe Anpassung kann manchmal zu einem wuchtigen Aussehen f\u00fchren, da der nat\u00fcrliche Zahn nicht umgeformt wurde. Au\u00dferdem sind Laminate im Allgemeinen teurer als ihre Gegenst\u00fccke aus Porzellan. <\/p>\n\t\t\t\t\t\t<\/div>\n\t\t\t\t<\/div>\n\t\t\t\t\t<\/div>\n\t\t<\/div>\n\t\t\t\t\t<\/div>\n\t\t<\/section>\n\t\t\t\t<section class=\"elementor-section elementor-top-section elementor-element elementor-element-f3a803f elementor-section-stretched elementor-section-boxed elementor-section-height-default elementor-section-height-default\" data-id=\"f3a803f\" data-element_type=\"section\" data-settings=\"{&quot;stretch_section&quot;:&quot;section-stretched&quot;,&quot;background_background&quot;:&quot;classic&quot;}\">\n\t\t\t\t\t\t<div class=\"elementor-container elementor-column-gap-no\">\n\t\t\t\t\t<div class=\"aux-parallax-section elementor-column elementor-col-100 elementor-top-column elementor-element elementor-element-7a94a18\" data-id=\"7a94a18\" data-element_type=\"column\">\n\t\t\t<div class=\"elementor-widget-wrap elementor-element-populated\">\n\t\t\t\t\t\t<div class=\"elementor-element elementor-element-84e7ed1 aux-appear-watch-animation aux-scale-down elementor-widget elementor-widget-aux_modern_heading\" data-id=\"84e7ed1\" data-element_type=\"widget\" data-widget_type=\"aux_modern_heading.default\">\n\t\t\t\t<div class=\"elementor-widget-container\">\n\t\t\t<section class=\"aux-widget-modern-heading\">\n            <div class=\"aux-widget-inner\"><h4 class=\"aux-modern-heading-primary\"><\/h4><h2 class=\"aux-modern-heading-secondary\"><span class=\"aux-head-highlight\">Warum ist der Unterschied wichtig?<\/span><\/h2><\/div>\n        <\/section>\t\t<\/div>\n\t\t\t\t<\/div>\n\t\t\t\t<div class=\"elementor-element elementor-element-33e3b54 aux-appear-watch-animation aux-scale-down elementor-widget elementor-widget-text-editor\" data-id=\"33e3b54\" data-element_type=\"widget\" data-widget_type=\"text-editor.default\">\n\t\t\t\t<div class=\"elementor-widget-container\">\n\t\t\t\t\t\t\t<p>Obwohl Zahnlaminate und herk\u00f6mmliche Veneers \u00e4hnlich erscheinen m\u00f6gen, kann das Verst\u00e4ndnis ihrer Unterschiede Ihnen helfen, die beste Option f\u00fcr Ihre Bed\u00fcrfnisse zu w\u00e4hlen.<\/p>\n<p>Bei schwerwiegenderen Zahnproblemen, wie z.B. bei erheblichen Zahnfehlstellungen oder gro\u00dfen L\u00fccken, sind andere Behandlungen m\u00f6glicherweise besser geeignet. Wenn Ihr Hauptanliegen jedoch Zahnverf\u00e4rbungen oder kleinere Chips sind, k\u00f6nnen Laminate diese Probleme effektiv l\u00f6sen. <\/p>\n<p>Laminate bieten eine leichte L\u00f6sung und erfordern in der Regel weniger Zahnschmelzabtrag im Vergleich zu traditionellen Veneers, was sie zu einer weniger invasiven Wahl f\u00fcr die Versch\u00f6nerung Ihres L\u00e4chelns macht.<\/p>\n\t\t\t\t\t\t<\/div>\n\t\t\t\t<\/div>\n\t\t\t\t\t<\/div>\n\t\t<\/div>\n\t\t\t\t\t<\/div>\n\t\t<\/section>\n\t\t\t\t<\/div>\n\t\t","protected":false},"excerpt":{"rendered":"<p>Scheint f\u00fcr immer mit Ihnen Laminat-Furniere Ganz gleich, ob Sie einen abgebrochenen Zahn reparieren m\u00f6chten, der Sie st\u00f6rt, oder ob Sie ein komplettes neues L\u00e4cheln anstreben, Zahnlaminate (auch bekannt als ultrad\u00fcnne Veneers) sind eine attraktive Option, vor allem wegen ihrer Kosteneffizienz. Was sind Laminatfurniere? Zahnveneers, einschlie\u00dflich traditionellem Porzellan, Lumineers, Emax und Laminaten, wurden entwickelt, um [&hellip;]<\/p>\n","protected":false},"author":1,"featured_media":0,"parent":0,"menu_order":0,"comment_status":"closed","ping_status":"closed","template":"","meta":{"_monsterinsights_skip_tracking":false,"_monsterinsights_sitenote_active":false,"_monsterinsights_sitenote_note":"","_monsterinsights_sitenote_category":0,"_joinchat":[],"footnotes":""},"class_list":["post-3308","page","type-page","status-publish","hentry"],"aioseo_notices":[],"_links":{"self":[{"href":"https:\/\/cagdisdental.com\/de\/wp-json\/wp\/v2\/pages\/3308"}],"collection":[{"href":"https:\/\/cagdisdental.com\/de\/wp-json\/wp\/v2\/pages"}],"about":[{"href":"https:\/\/cagdisdental.com\/de\/wp-json\/wp\/v2\/types\/page"}],"author":[{"embeddable":true,"href":"https:\/\/cagdisdental.com\/de\/wp-json\/wp\/v2\/users\/1"}],"replies":[{"embeddable":true,"href":"https:\/\/cagdisdental.com\/de\/wp-json\/wp\/v2\/comments?post=3308"}],"version-history":[{"count":1,"href":"https:\/\/cagdisdental.com\/de\/wp-json\/wp\/v2\/pages\/3308\/revisions"}],"predecessor-version":[{"id":3309,"href":"https:\/\/cagdisdental.com\/de\/wp-json\/wp\/v2\/pages\/3308\/revisions\/3309"}],"wp:attachment":[{"href":"https:\/\/cagdisdental.com\/de\/wp-json\/wp\/v2\/media?parent=3308"}],"curies":[{"name":"wp","href":"https:\/\/api.w.org\/{rel}","templated":true}]}}