{"id":3758,"date":"2024-09-18T12:16:46","date_gmt":"2024-09-18T12:16:46","guid":{"rendered":"https:\/\/cagdisdental.com\/e-max-furniere\/"},"modified":"2025-05-01T00:26:25","modified_gmt":"2025-05-01T00:26:25","slug":"e-max-furniere","status":"publish","type":"page","link":"https:\/\/cagdisdental.com\/de\/e-max-furniere\/","title":{"rendered":"E MAX Furniere"},"content":{"rendered":"\t\t<div data-elementor-type=\"wp-page\" data-elementor-id=\"3758\" class=\"elementor elementor-3758 elementor-143\">\n\t\t\t\t\t\t<section class=\"elementor-section elementor-top-section elementor-element elementor-element-29c899bf elementor-section-content-middle elementor-section-stretched elementor-section-boxed elementor-section-height-default elementor-section-height-default\" data-id=\"29c899bf\" data-element_type=\"section\" data-settings=\"{&quot;stretch_section&quot;:&quot;section-stretched&quot;,&quot;background_background&quot;:&quot;classic&quot;}\">\n\t\t\t\t\t\t<div class=\"elementor-container elementor-column-gap-no\">\n\t\t\t\t\t<div class=\"aux-parallax-section elementor-column elementor-col-50 elementor-top-column elementor-element elementor-element-50e97136\" data-id=\"50e97136\" data-element_type=\"column\">\n\t\t\t<div class=\"elementor-widget-wrap elementor-element-populated\">\n\t\t\t\t\t\t<div class=\"elementor-element elementor-element-2e05fb22 aux-appear-watch-animation aux-scale-down elementor-widget elementor-widget-aux_modern_heading\" data-id=\"2e05fb22\" data-element_type=\"widget\" data-widget_type=\"aux_modern_heading.default\">\n\t\t\t\t<div class=\"elementor-widget-container\">\n\t\t\t<section class=\"aux-widget-modern-heading\">\n            <div class=\"aux-widget-inner\"><h4 class=\"aux-modern-heading-primary\">Scheint f\u00fcr immer mit Ihnen<\/h4><h1 class=\"aux-modern-heading-secondary\"><span class=\"aux-head-highlight\">E-Max Furniere<\/span><\/h1><div class=\"aux-modern-heading-description\"><p>Emax Veneers zeichnen sich durch die Verwendung von Keramik aus, im Gegensatz zu dem traditionellen Porzellan, das bei anderen Veneers verwendet wird. Sie geh\u00f6ren zu den am h\u00e4ufigsten empfohlenen Optionen f\u00fcr Patienten, die ein m\u00f6glichst nat\u00fcrliches und \u00e4sthetisch ansprechendes Ergebnis w\u00fcnschen. <\/p>\n<\/div><\/div>\n        <\/section>\t\t<\/div>\n\t\t\t\t<\/div>\n\t\t\t\t\t<\/div>\n\t\t<\/div>\n\t\t\t\t<div class=\"aux-parallax-section elementor-column elementor-col-50 elementor-top-column elementor-element elementor-element-11bbae9e\" data-id=\"11bbae9e\" data-element_type=\"column\">\n\t\t\t<div class=\"elementor-widget-wrap elementor-element-populated\">\n\t\t\t\t\t\t<div class=\"elementor-element elementor-element-7deb0d12 aux-appear-watch-animation aux-scale-up elementor-widget elementor-widget-aux_image\" data-id=\"7deb0d12\" data-element_type=\"widget\" data-widget_type=\"aux_image.default\">\n\t\t\t\t<div class=\"elementor-widget-container\">\n\t\t\t<section class=\"widget-container aux-widget-image aux-alignnone aux-parent-au92c5f65a\">\n    <div class=\"aux-media-hint-frame \">\n        <div class=\"aux-media-image \" >\n        \n            \n\n            \n            <img fetchpriority=\"high\" decoding=\"async\" width=\"843\" height=\"526\" src=\"https:\/\/cagdisdental.com\/wp-content\/uploads\/2024\/09\/Ekran-goruntusu-2024-09-18-225220.png\" class=\"aux-attachment aux-featured-image aux-attachment-id-1008\" alt=\"Ekran g\u00f6r\u00fcnt\u00fcs\u00fc 2024-09-18 225220\" data-ratio=\"1.6\" data-original-w=\"843\" \/>            \n                <\/div>\n    <\/div>\n\n<\/section><!-- widget-container -->\t\t<\/div>\n\t\t\t\t<\/div>\n\t\t\t\t\t<\/div>\n\t\t<\/div>\n\t\t\t\t\t<\/div>\n\t\t<\/section>\n\t\t\t\t<section class=\"elementor-section elementor-top-section elementor-element elementor-element-328c2709 elementor-section-stretched elementor-section-boxed elementor-section-height-default elementor-section-height-default\" data-id=\"328c2709\" data-element_type=\"section\" data-settings=\"{&quot;background_background&quot;:&quot;classic&quot;,&quot;stretch_section&quot;:&quot;section-stretched&quot;}\">\n\t\t\t\t\t\t<div class=\"elementor-container elementor-column-gap-no\">\n\t\t\t\t\t<div class=\"aux-parallax-section elementor-column elementor-col-100 elementor-top-column elementor-element elementor-element-672f99ac\" data-id=\"672f99ac\" data-element_type=\"column\">\n\t\t\t<div class=\"elementor-widget-wrap elementor-element-populated\">\n\t\t\t\t\t\t<div class=\"elementor-element elementor-element-6c041526 aux-appear-watch-animation aux-scale-down elementor-widget elementor-widget-aux_modern_heading\" data-id=\"6c041526\" data-element_type=\"widget\" data-widget_type=\"aux_modern_heading.default\">\n\t\t\t\t<div class=\"elementor-widget-container\">\n\t\t\t<section class=\"aux-widget-modern-heading\">\n            <div class=\"aux-widget-inner\"><h4 class=\"aux-modern-heading-primary\"><\/h4><h2 class=\"aux-modern-heading-secondary\"><span class=\"aux-head-highlight\">Was ist eMax?<\/span><\/h2><\/div>\n        <\/section>\t\t<\/div>\n\t\t\t\t<\/div>\n\t\t\t\t<div class=\"elementor-element elementor-element-32e9dc59 elementor-widget elementor-widget-text-editor\" data-id=\"32e9dc59\" data-element_type=\"widget\" data-widget_type=\"text-editor.default\">\n\t\t\t\t<div class=\"elementor-widget-container\">\n\t\t\t\t\t\t\t<p style=\"text-align: left;\">Emax Veneers werden aus Lithiumdisilikatglas hergestellt, einem hochwertigen vollkeramischen Material, das f\u00fcr seine au\u00dfergew\u00f6hnliche Transluzenz und Haltbarkeit bekannt ist. Dieses fortschrittliche Material erm\u00f6glicht die Herstellung von Veneers, die sowohl unglaublich stark sind als auch bemerkenswert nat\u00fcrlich aussehen. <\/p>\n\t\t\t\t\t\t<\/div>\n\t\t\t\t<\/div>\n\t\t\t\t\t<\/div>\n\t\t<\/div>\n\t\t\t\t\t<\/div>\n\t\t<\/section>\n\t\t\t\t<section class=\"elementor-section elementor-top-section elementor-element elementor-element-e21d95e elementor-section-stretched elementor-section-boxed elementor-section-height-default elementor-section-height-default\" data-id=\"e21d95e\" data-element_type=\"section\" data-settings=\"{&quot;background_background&quot;:&quot;classic&quot;,&quot;stretch_section&quot;:&quot;section-stretched&quot;}\">\n\t\t\t\t\t\t<div class=\"elementor-container elementor-column-gap-no\">\n\t\t\t\t\t<div class=\"aux-parallax-section elementor-column elementor-col-50 elementor-top-column elementor-element elementor-element-599d93b\" data-id=\"599d93b\" data-element_type=\"column\">\n\t\t\t<div class=\"elementor-widget-wrap elementor-element-populated\">\n\t\t\t\t\t\t<div class=\"elementor-element elementor-element-e1d485e aux-appear-watch-animation aux-scale-down elementor-widget elementor-widget-aux_modern_heading\" data-id=\"e1d485e\" data-element_type=\"widget\" data-widget_type=\"aux_modern_heading.default\">\n\t\t\t\t<div class=\"elementor-widget-container\">\n\t\t\t<section class=\"aux-widget-modern-heading\">\n            <div class=\"aux-widget-inner\"><h1 class=\"aux-modern-heading-primary\"><\/h1><p class=\"aux-modern-heading-secondary\"><span class=\"aux-head-highlight\">Was sind eMax Porzellanveneers?<\/span><\/p><\/div>\n        <\/section>\t\t<\/div>\n\t\t\t\t<\/div>\n\t\t\t\t<div class=\"elementor-element elementor-element-42affeb elementor-widget elementor-widget-text-editor\" data-id=\"42affeb\" data-element_type=\"widget\" data-widget_type=\"text-editor.default\">\n\t\t\t\t<div class=\"elementor-widget-container\">\n\t\t\t\t\t\t\t<p>Emax Porzellan-Veneers bestehen aus einem Emax-Kern, der mit einer Schicht aus Porzellan \u00fcberzogen ist. Sie unterscheiden sich von anderen Verblendungsarten durch ihre bemerkenswerte Transluzenz und Opaleszenz, die eine bessere Lichtstreuung erm\u00f6glichen. <\/p>\n<p>Im Gegensatz dazu sind herk\u00f6mmliche Porzellanveneers eher undurchsichtig und erreichen nicht das gleiche Ma\u00df an Lichtdurchl\u00e4ssigkeit. Emax Porzellan-Veneers k\u00f6nnen ein sehr nat\u00fcrlich aussehendes L\u00e4cheln erzeugen, das sich nahtlos in Ihre nat\u00fcrlichen Z\u00e4hne einf\u00fcgt und eine der \u00e4sthetisch ansprechendsten Optionen auf dem Markt ist. <\/p>\n\t\t\t\t\t\t<\/div>\n\t\t\t\t<\/div>\n\t\t\t\t\t<\/div>\n\t\t<\/div>\n\t\t\t\t<div class=\"aux-parallax-section elementor-column elementor-col-50 elementor-top-column elementor-element elementor-element-71391a6\" data-id=\"71391a6\" data-element_type=\"column\">\n\t\t\t<div class=\"elementor-widget-wrap elementor-element-populated\">\n\t\t\t\t\t\t<div class=\"elementor-element elementor-element-0ea29f2 aux-appear-watch-animation aux-scale-up elementor-widget elementor-widget-aux_image\" data-id=\"0ea29f2\" data-element_type=\"widget\" data-widget_type=\"aux_image.default\">\n\t\t\t\t<div class=\"elementor-widget-container\">\n\t\t\t<section class=\"widget-container aux-widget-image aux-alignnone aux-parent-au7e09e7a0\">\n    <div class=\"aux-media-hint-frame \">\n        <div class=\"aux-media-image \" >\n        \n            \n\n            \n            <img decoding=\"async\" width=\"605\" height=\"363\" src=\"https:\/\/cagdisdental.com\/wp-content\/uploads\/2024\/09\/Picture1.jpg\" class=\"aux-attachment aux-featured-image aux-attachment-id-1009\" alt=\"Picture1\" data-ratio=\"1.67\" data-original-w=\"605\" \/>            \n                <\/div>\n    <\/div>\n\n<\/section><!-- widget-container -->\t\t<\/div>\n\t\t\t\t<\/div>\n\t\t\t\t\t<\/div>\n\t\t<\/div>\n\t\t\t\t\t<\/div>\n\t\t<\/section>\n\t\t\t\t<section class=\"elementor-section elementor-top-section elementor-element elementor-element-53fbfcff elementor-section-stretched elementor-section-boxed elementor-section-height-default elementor-section-height-default\" data-id=\"53fbfcff\" data-element_type=\"section\" data-settings=\"{&quot;background_background&quot;:&quot;classic&quot;,&quot;stretch_section&quot;:&quot;section-stretched&quot;}\">\n\t\t\t\t\t\t<div class=\"elementor-container elementor-column-gap-no\">\n\t\t\t\t\t<div class=\"aux-parallax-section elementor-column elementor-col-100 elementor-top-column elementor-element elementor-element-12fa2964\" data-id=\"12fa2964\" data-element_type=\"column\">\n\t\t\t<div class=\"elementor-widget-wrap elementor-element-populated\">\n\t\t\t\t\t\t<div class=\"elementor-element elementor-element-42836107 aux-appear-watch-animation aux-scale-down elementor-widget elementor-widget-aux_modern_heading\" data-id=\"42836107\" data-element_type=\"widget\" data-widget_type=\"aux_modern_heading.default\">\n\t\t\t\t<div class=\"elementor-widget-container\">\n\t\t\t<section class=\"aux-widget-modern-heading\">\n            <div class=\"aux-widget-inner\"><h4 class=\"aux-modern-heading-primary\"><\/h4><h2 class=\"aux-modern-heading-secondary\"><span class=\"aux-head-highlight\">eMax Veneers Vorteile<\/span><\/h2><\/div>\n        <\/section>\t\t<\/div>\n\t\t\t\t<\/div>\n\t\t\t\t<div class=\"elementor-element elementor-element-7066c060 elementor-widget elementor-widget-text-editor\" data-id=\"7066c060\" data-element_type=\"widget\" data-widget_type=\"text-editor.default\">\n\t\t\t\t<div class=\"elementor-widget-container\">\n\t\t\t\t\t\t\t<p>Die Hauptvorteile von Emax-Veneers liegen in ihrer glaskeramischen Zusammensetzung, die f\u00fcr au\u00dfergew\u00f6hnliche Transluzenz, Opaleszenz und Lichtstreuung sorgt. Hier sind einige der wichtigsten Vorteile: <\/p>\n<ul>\n<li><strong>Nat\u00fcrliche Integration:<\/strong> Emax Veneers k\u00f6nnen perfekt an die Farbe Ihrer vorhandenen Z\u00e4hne angepasst werden und sorgen so f\u00fcr ein nahtloses und nat\u00fcrlich wirkendes L\u00e4cheln. F\u00fcr ein noch strahlenderes Aussehen k\u00f6nnen die Z\u00e4hne vorher aufgehellt werden. <\/li>\n<li><strong>Minimale Zahnentfernung:<\/strong> Diese Veneers sind deutlich d\u00fcnner als herk\u00f6mmliche Porzellanveneers, so dass weniger Zahnschmelz entfernt werden muss.<\/li>\n<li><strong>Anpassbare \u00c4sthetik: <\/strong>Sie erm\u00f6glichen eine pr\u00e4zise Anpassung der Form, L\u00e4nge, Breite und Farbe Ihrer Z\u00e4hne.<\/li>\n<li><strong>Korrektur von kleineren Problemen:<\/strong> Emax Veneers k\u00f6nnen kleinere Fehlstellungen, wie leichte Engst\u00e4nde oder L\u00fccken, effektiv korrigieren.<\/li>\n<li><strong>Verbesserte Langlebigkeit:<\/strong> Ihr glaskeramisches Material ist sowohl h\u00e4rter als auch d\u00fcnner und bietet somit eine l\u00e4ngere Haltbarkeit.<\/li>\n<\/ul>\n\t\t\t\t\t\t<\/div>\n\t\t\t\t<\/div>\n\t\t\t\t\t<\/div>\n\t\t<\/div>\n\t\t\t\t\t<\/div>\n\t\t<\/section>\n\t\t\t\t<section class=\"elementor-section elementor-top-section elementor-element elementor-element-1c350dba elementor-section-stretched elementor-section-boxed elementor-section-height-default elementor-section-height-default\" data-id=\"1c350dba\" data-element_type=\"section\" data-settings=\"{&quot;stretch_section&quot;:&quot;section-stretched&quot;}\">\n\t\t\t\t\t\t<div class=\"elementor-container elementor-column-gap-no\">\n\t\t\t\t\t<div class=\"aux-parallax-section elementor-column elementor-col-100 elementor-top-column elementor-element elementor-element-34ea9e88\" data-id=\"34ea9e88\" data-element_type=\"column\">\n\t\t\t<div class=\"elementor-widget-wrap elementor-element-populated\">\n\t\t\t\t\t\t<div class=\"elementor-element elementor-element-3138b968 aux-appear-watch-animation aux-scale-down elementor-widget elementor-widget-aux_modern_heading\" data-id=\"3138b968\" data-element_type=\"widget\" data-widget_type=\"aux_modern_heading.default\">\n\t\t\t\t<div class=\"elementor-widget-container\">\n\t\t\t<section class=\"aux-widget-modern-heading\">\n            <div class=\"aux-widget-inner\"><h4 class=\"aux-modern-heading-primary\"><\/h4><h2 class=\"aux-modern-heading-secondary\"><span class=\"aux-head-highlight\">Wie werden eMax Veneers angebracht?<\/span><\/h2><\/div>\n        <\/section>\t\t<\/div>\n\t\t\t\t<\/div>\n\t\t\t\t<div class=\"elementor-element elementor-element-5853d396 elementor-widget elementor-widget-text-editor\" data-id=\"5853d396\" data-element_type=\"widget\" data-widget_type=\"text-editor.default\">\n\t\t\t\t<div class=\"elementor-widget-container\">\n\t\t\t\t\t\t\t<p>Das Verfahren f\u00fcr Emax Porzellan-Veneers umfasst in der Regel zwei Besuche. W\u00e4hrend des ersten Termins bereitet der Zahnarzt Ihre Z\u00e4hne vor, indem er einen kleinen Teil des Zahnschmelzes vorsichtig abschleift, um Platz f\u00fcr die Veneers zu schaffen. Von Ihren Z\u00e4hnen wird ein Abdruck genommen und an ein Labor geschickt, das Ihre individuellen Veneers anfertigt. Es werden provisorische Veneers eingesetzt, damit Sie sich ein Bild von dem Aussehen machen k\u00f6nnen, bevor die endg\u00fcltigen Veneers angefertigt werden.<br \/>Beim zweiten Termin wird der Zahnarzt die provisorischen Veneers entfernen und den Sitz der endg\u00fcltigen Veneers \u00fcberpr\u00fcfen. Wenn Sie mit der Passform und dem Aussehen zufrieden sind, werden die Veneers mit einem speziellen Licht aufgeklebt, das den Kleber &#8222;aush\u00e4rtet&#8220; und eine sichere und dauerhafte Befestigung gew\u00e4hrleistet.    <\/p>\n\t\t\t\t\t\t<\/div>\n\t\t\t\t<\/div>\n\t\t\t\t\t<\/div>\n\t\t<\/div>\n\t\t\t\t\t<\/div>\n\t\t<\/section>\n\t\t\t\t<section class=\"elementor-section elementor-top-section elementor-element elementor-element-1c650e3 elementor-section-stretched elementor-hidden-desktop elementor-hidden-tablet elementor-hidden-mobile elementor-section-boxed elementor-section-height-default elementor-section-height-default\" data-id=\"1c650e3\" data-element_type=\"section\" data-settings=\"{&quot;stretch_section&quot;:&quot;section-stretched&quot;}\">\n\t\t\t\t\t\t<div class=\"elementor-container elementor-column-gap-no\">\n\t\t\t\t\t<div class=\"aux-parallax-section elementor-column elementor-col-100 elementor-top-column elementor-element elementor-element-6a1b7dd\" data-id=\"6a1b7dd\" data-element_type=\"column\">\n\t\t\t<div class=\"elementor-widget-wrap elementor-element-populated\">\n\t\t\t\t\t\t<section class=\"elementor-section elementor-inner-section elementor-element elementor-element-21a8873 elementor-section-boxed elementor-section-height-default elementor-section-height-default\" data-id=\"21a8873\" data-element_type=\"section\">\n\t\t\t\t\t\t<div class=\"elementor-container elementor-column-gap-narrow\">\n\t\t\t\t\t<div class=\"aux-parallax-section elementor-column elementor-col-33 elementor-inner-column elementor-element elementor-element-e78b308\" data-id=\"e78b308\" data-element_type=\"column\">\n\t\t\t<div class=\"elementor-widget-wrap elementor-element-populated\">\n\t\t\t\t\t\t<div class=\"elementor-element elementor-element-5bfaa05 aux-appear-watch-animation aux-fade-in-up elementor-widget elementor-widget-aux-before-after\" data-id=\"5bfaa05\" data-element_type=\"widget\" data-widget_type=\"aux-before-after.default\">\n\t\t\t\t<div class=\"elementor-widget-container\">\n\t\t\t<div class=\"widget-container aux-widget-before-after\"><div class=\"aux-before-after\" data-offset=\"0.5\" ><img decoding=\"async\" width=\"605\" height=\"300\" src=\"https:\/\/cagdisdental.com\/wp-content\/uploads\/2024\/09\/Picture21.jpg\" class=\"attachment-large size-large wp-image-1015\" alt=\"\" srcset=\"https:\/\/cagdisdental.com\/wp-content\/uploads\/2024\/09\/Picture21.jpg 605w, https:\/\/cagdisdental.com\/wp-content\/uploads\/2024\/09\/Picture21-200x99.jpg 200w\" sizes=\"(max-width: 605px) 100vw, 605px\" \/> <img loading=\"lazy\" decoding=\"async\" width=\"605\" height=\"300\" src=\"https:\/\/cagdisdental.com\/wp-content\/uploads\/2024\/09\/Picture2.jpg\" class=\"attachment-large size-large wp-image-1016\" alt=\"\" srcset=\"https:\/\/cagdisdental.com\/wp-content\/uploads\/2024\/09\/Picture2.jpg 605w, https:\/\/cagdisdental.com\/wp-content\/uploads\/2024\/09\/Picture2-200x99.jpg 200w\" sizes=\"(max-width: 605px) 100vw, 605px\" \/><\/div><\/div>\t\t<\/div>\n\t\t\t\t<\/div>\n\t\t\t\t\t<\/div>\n\t\t<\/div>\n\t\t\t\t<div class=\"aux-parallax-section elementor-column elementor-col-33 elementor-inner-column elementor-element elementor-element-b56aa46\" data-id=\"b56aa46\" data-element_type=\"column\">\n\t\t\t<div class=\"elementor-widget-wrap elementor-element-populated\">\n\t\t\t\t\t\t<div class=\"elementor-element elementor-element-0a53888 aux-appear-watch-animation aux-fade-in-up elementor-widget elementor-widget-aux-before-after\" data-id=\"0a53888\" data-element_type=\"widget\" data-widget_type=\"aux-before-after.default\">\n\t\t\t\t<div class=\"elementor-widget-container\">\n\t\t\t<div class=\"widget-container aux-widget-before-after\"><div class=\"aux-before-after\" data-offset=\"0.5\" ><img loading=\"lazy\" decoding=\"async\" width=\"605\" height=\"300\" src=\"https:\/\/cagdisdental.com\/wp-content\/uploads\/2024\/09\/Picture23.jpg\" class=\"attachment-large size-large wp-image-1013\" alt=\"\" srcset=\"https:\/\/cagdisdental.com\/wp-content\/uploads\/2024\/09\/Picture23.jpg 605w, https:\/\/cagdisdental.com\/wp-content\/uploads\/2024\/09\/Picture23-200x99.jpg 200w\" sizes=\"(max-width: 605px) 100vw, 605px\" \/> <img loading=\"lazy\" decoding=\"async\" width=\"605\" height=\"300\" src=\"https:\/\/cagdisdental.com\/wp-content\/uploads\/2024\/09\/Picture22.jpg\" class=\"attachment-large size-large wp-image-1014\" alt=\"\" srcset=\"https:\/\/cagdisdental.com\/wp-content\/uploads\/2024\/09\/Picture22.jpg 605w, https:\/\/cagdisdental.com\/wp-content\/uploads\/2024\/09\/Picture22-200x99.jpg 200w\" sizes=\"(max-width: 605px) 100vw, 605px\" \/><\/div><\/div>\t\t<\/div>\n\t\t\t\t<\/div>\n\t\t\t\t\t<\/div>\n\t\t<\/div>\n\t\t\t\t<div class=\"aux-parallax-section elementor-column elementor-col-33 elementor-inner-column elementor-element elementor-element-2b23ec1\" data-id=\"2b23ec1\" data-element_type=\"column\">\n\t\t\t<div class=\"elementor-widget-wrap elementor-element-populated\">\n\t\t\t\t\t\t<div class=\"elementor-element elementor-element-6508a3c aux-appear-watch-animation aux-fade-in-up elementor-widget elementor-widget-aux-before-after\" data-id=\"6508a3c\" data-element_type=\"widget\" data-widget_type=\"aux-before-after.default\">\n\t\t\t\t<div class=\"elementor-widget-container\">\n\t\t\t<div class=\"widget-container aux-widget-before-after\"><div class=\"aux-before-after\" data-offset=\"0.5\" ><img loading=\"lazy\" decoding=\"async\" width=\"605\" height=\"300\" src=\"https:\/\/cagdisdental.com\/wp-content\/uploads\/2024\/09\/Picture24.jpg\" class=\"attachment-large size-large wp-image-1012\" alt=\"\" srcset=\"https:\/\/cagdisdental.com\/wp-content\/uploads\/2024\/09\/Picture24.jpg 605w, https:\/\/cagdisdental.com\/wp-content\/uploads\/2024\/09\/Picture24-200x99.jpg 200w\" sizes=\"(max-width: 605px) 100vw, 605px\" \/> <img loading=\"lazy\" decoding=\"async\" width=\"605\" height=\"300\" src=\"https:\/\/cagdisdental.com\/wp-content\/uploads\/2024\/09\/Picture25.jpg\" class=\"attachment-large size-large wp-image-1011\" alt=\"\" srcset=\"https:\/\/cagdisdental.com\/wp-content\/uploads\/2024\/09\/Picture25.jpg 605w, https:\/\/cagdisdental.com\/wp-content\/uploads\/2024\/09\/Picture25-200x99.jpg 200w\" sizes=\"(max-width: 605px) 100vw, 605px\" \/><\/div><\/div>\t\t<\/div>\n\t\t\t\t<\/div>\n\t\t\t\t\t<\/div>\n\t\t<\/div>\n\t\t\t\t\t<\/div>\n\t\t<\/section>\n\t\t\t\t\t<\/div>\n\t\t<\/div>\n\t\t\t\t\t<\/div>\n\t\t<\/section>\n\t\t\t\t<section class=\"elementor-section elementor-top-section elementor-element elementor-element-456bc91 elementor-section-stretched elementor-section-boxed elementor-section-height-default elementor-section-height-default\" data-id=\"456bc91\" data-element_type=\"section\" data-settings=\"{&quot;stretch_section&quot;:&quot;section-stretched&quot;}\">\n\t\t\t\t\t\t<div class=\"elementor-container elementor-column-gap-no\">\n\t\t\t\t\t<div class=\"aux-parallax-section elementor-column elementor-col-100 elementor-top-column elementor-element elementor-element-39c6af0\" data-id=\"39c6af0\" data-element_type=\"column\">\n\t\t\t<div class=\"elementor-widget-wrap elementor-element-populated\">\n\t\t\t\t\t\t<div class=\"elementor-element elementor-element-e191d56 aux-appear-watch-animation aux-scale-down elementor-widget elementor-widget-aux_modern_heading\" data-id=\"e191d56\" data-element_type=\"widget\" data-widget_type=\"aux_modern_heading.default\">\n\t\t\t\t<div class=\"elementor-widget-container\">\n\t\t\t<section class=\"aux-widget-modern-heading\">\n            <div class=\"aux-widget-inner\"><h4 class=\"aux-modern-heading-primary\"><\/h4><h2 class=\"aux-modern-heading-secondary\"><span class=\"aux-head-highlight\">eMax Veneers Vorteile<\/span><\/h2><\/div>\n        <\/section>\t\t<\/div>\n\t\t\t\t<\/div>\n\t\t\t\t<div class=\"elementor-element elementor-element-1fe2229 elementor-widget elementor-widget-text-editor\" data-id=\"1fe2229\" data-element_type=\"widget\" data-widget_type=\"text-editor.default\">\n\t\t\t\t<div class=\"elementor-widget-container\">\n\t\t\t\t\t\t\t<p><strong> <\/strong>Die Hauptvorteile von Emax-Veneers liegen in ihrer glaskeramischen Zusammensetzung, die f\u00fcr au\u00dfergew\u00f6hnliche Transluzenz, Opaleszenz und Lichtstreuung sorgt. Hier sind einige der wichtigsten Vorteile: <\/p>\n<ul>\n<li><strong>Nat\u00fcrliche Integration:<\/strong> Emax Veneers k\u00f6nnen perfekt an die Farbe Ihrer vorhandenen Z\u00e4hne angepasst werden und sorgen so f\u00fcr ein nahtloses und nat\u00fcrlich wirkendes L\u00e4cheln. F\u00fcr ein noch strahlenderes Aussehen k\u00f6nnen die Z\u00e4hne vorher aufgehellt werden. <\/li>\n<li><strong>Minimale Zahnentfernung:<\/strong> Diese Veneers sind deutlich d\u00fcnner als herk\u00f6mmliche Porzellanveneers, so dass weniger Zahnschmelz entfernt werden muss.<\/li>\n<li><strong>Anpassbare \u00c4sthetik: <\/strong>Sie erm\u00f6glichen eine pr\u00e4zise Anpassung der Form, L\u00e4nge, Breite und Farbe Ihrer Z\u00e4hne.<\/li>\n<li><strong>Korrektur von kleineren Problemen:<\/strong> Emax Veneers k\u00f6nnen kleinere Fehlstellungen, wie leichte Engst\u00e4nde oder L\u00fccken, effektiv korrigieren.<\/li>\n<li><strong>Verbesserte Langlebigkeit:<\/strong> Ihr glaskeramisches Material ist sowohl h\u00e4rter als auch d\u00fcnner und bietet somit eine l\u00e4ngere Haltbarkeit.<\/li>\n<\/ul>\n\t\t\t\t\t\t<\/div>\n\t\t\t\t<\/div>\n\t\t\t\t\t<\/div>\n\t\t<\/div>\n\t\t\t\t\t<\/div>\n\t\t<\/section>\n\t\t\t\t<\/div>\n\t\t","protected":false},"excerpt":{"rendered":"<p>Scheint f\u00fcr immer mit Ihnen E-Max Furniere Emax Veneers zeichnen sich durch die Verwendung von Keramik aus, im Gegensatz zu dem traditionellen Porzellan, das bei anderen Veneers verwendet wird. Sie geh\u00f6ren zu den am h\u00e4ufigsten empfohlenen Optionen f\u00fcr Patienten, die ein m\u00f6glichst nat\u00fcrliches und \u00e4sthetisch ansprechendes Ergebnis w\u00fcnschen. Was ist eMax? Emax Veneers werden aus [&hellip;]<\/p>\n","protected":false},"author":1,"featured_media":0,"parent":0,"menu_order":0,"comment_status":"closed","ping_status":"closed","template":"","meta":{"_monsterinsights_skip_tracking":false,"_monsterinsights_sitenote_active":false,"_monsterinsights_sitenote_note":"","_monsterinsights_sitenote_category":0,"_joinchat":[],"footnotes":""},"class_list":["post-3758","page","type-page","status-publish","hentry"],"aioseo_notices":[],"_links":{"self":[{"href":"https:\/\/cagdisdental.com\/de\/wp-json\/wp\/v2\/pages\/3758"}],"collection":[{"href":"https:\/\/cagdisdental.com\/de\/wp-json\/wp\/v2\/pages"}],"about":[{"href":"https:\/\/cagdisdental.com\/de\/wp-json\/wp\/v2\/types\/page"}],"author":[{"embeddable":true,"href":"https:\/\/cagdisdental.com\/de\/wp-json\/wp\/v2\/users\/1"}],"replies":[{"embeddable":true,"href":"https:\/\/cagdisdental.com\/de\/wp-json\/wp\/v2\/comments?post=3758"}],"version-history":[{"count":1,"href":"https:\/\/cagdisdental.com\/de\/wp-json\/wp\/v2\/pages\/3758\/revisions"}],"predecessor-version":[{"id":3767,"href":"https:\/\/cagdisdental.com\/de\/wp-json\/wp\/v2\/pages\/3758\/revisions\/3767"}],"wp:attachment":[{"href":"https:\/\/cagdisdental.com\/de\/wp-json\/wp\/v2\/media?parent=3758"}],"curies":[{"name":"wp","href":"https:\/\/api.w.org\/{rel}","templated":true}]}}