{"id":3841,"date":"2024-09-18T12:16:46","date_gmt":"2024-09-18T12:16:46","guid":{"rendered":"https:\/\/cagdisdental.com\/zahnaufhellung\/"},"modified":"2025-03-25T10:42:42","modified_gmt":"2025-03-25T10:42:42","slug":"zahnaufhellung","status":"publish","type":"page","link":"https:\/\/cagdisdental.com\/de\/zahnaufhellung\/","title":{"rendered":"Zahnaufhellung"},"content":{"rendered":"\t\t<div data-elementor-type=\"wp-page\" data-elementor-id=\"3841\" class=\"elementor elementor-3841 elementor-147\">\n\t\t\t\t\t\t<section class=\"elementor-section elementor-top-section elementor-element elementor-element-136d66e elementor-section-content-middle elementor-section-stretched elementor-section-boxed elementor-section-height-default elementor-section-height-default\" data-id=\"136d66e\" data-element_type=\"section\" data-settings=\"{&quot;stretch_section&quot;:&quot;section-stretched&quot;,&quot;background_background&quot;:&quot;classic&quot;}\">\n\t\t\t\t\t\t<div class=\"elementor-container elementor-column-gap-no\">\n\t\t\t\t\t<div class=\"aux-parallax-section elementor-column elementor-col-50 elementor-top-column elementor-element elementor-element-9b8f61d\" data-id=\"9b8f61d\" data-element_type=\"column\">\n\t\t\t<div class=\"elementor-widget-wrap elementor-element-populated\">\n\t\t\t\t\t\t<div class=\"elementor-element elementor-element-170a472 aux-appear-watch-animation aux-scale-down elementor-widget elementor-widget-aux_modern_heading\" data-id=\"170a472\" data-element_type=\"widget\" data-widget_type=\"aux_modern_heading.default\">\n\t\t\t\t<div class=\"elementor-widget-container\">\n\t\t\t<section class=\"aux-widget-modern-heading\">\n            <div class=\"aux-widget-inner\"><h4 class=\"aux-modern-heading-primary\">Shine Bright Today<\/h4><h1 class=\"aux-modern-heading-secondary\"><span class=\"aux-head-highlight\">Zahnaufhellung<\/span><\/h1><\/div>\n        <\/section>\t\t<\/div>\n\t\t\t\t<\/div>\n\t\t\t\t<div class=\"elementor-element elementor-element-e03bd95 elementor-widget__width-auto elementor-hidden-phone aux-appear-watch-animation aux-scale-down elementor-widget elementor-widget-aux_modern_button\" data-id=\"e03bd95\" data-element_type=\"widget\" data-widget_type=\"aux_modern_button.default\">\n\t\t\t\t<div class=\"elementor-widget-container\">\n\t\t\t    <div class=\"aux-modern-button-wrapper aux-modern-button-align-left\" >\n                    <a class=\"aux-modern-button aux-black aux-modern-button-md aux-modern-button-normal aux-modern-button-default aux-icon-\" href=\"#\">\n                <div class=\"aux-overlay\"><\/div>\n                                <div class=\"aux-text\">\n<span class=\"aux-text-before\">Kontaktieren Sie uns!<\/span>                <\/div>\n            <\/a>\n            \n    <\/div>\n\n    \t\t<\/div>\n\t\t\t\t<\/div>\n\t\t\t\t\t<\/div>\n\t\t<\/div>\n\t\t\t\t<div class=\"aux-parallax-section elementor-column elementor-col-50 elementor-top-column elementor-element elementor-element-32530c7\" data-id=\"32530c7\" data-element_type=\"column\">\n\t\t\t<div class=\"elementor-widget-wrap elementor-element-populated\">\n\t\t\t\t\t\t<div class=\"elementor-element elementor-element-441a691 aux-appear-watch-animation aux-fade-in-left-1 elementor-widget__width-initial elementor-widget elementor-widget-aux_image\" data-id=\"441a691\" data-element_type=\"widget\" data-widget_type=\"aux_image.default\">\n\t\t\t\t<div class=\"elementor-widget-container\">\n\t\t\t<section class=\"widget-container aux-widget-image aux-alignnone aux-parent-aucc183358\">\n    <div class=\"aux-media-hint-frame \">\n        <div class=\"aux-media-image \" >\n        \n            \n\n            \n            <img fetchpriority=\"high\" decoding=\"async\" width=\"1500\" height=\"564\" src=\"https:\/\/cagdisdental.com\/wp-content\/uploads\/2024\/09\/Untitled.jpg\" class=\"aux-attachment aux-featured-image aux-attachment-id-1140\" alt=\"Untitled\" data-ratio=\"2.66\" data-original-w=\"1500\" \/>            \n                <\/div>\n    <\/div>\n\n<\/section><!-- widget-container -->\t\t<\/div>\n\t\t\t\t<\/div>\n\t\t\t\t\t<\/div>\n\t\t<\/div>\n\t\t\t\t\t<\/div>\n\t\t<\/section>\n\t\t\t\t<section class=\"elementor-section elementor-top-section elementor-element elementor-element-d7884bb elementor-section-stretched elementor-section-boxed elementor-section-height-default elementor-section-height-default\" data-id=\"d7884bb\" data-element_type=\"section\" data-settings=\"{&quot;background_background&quot;:&quot;classic&quot;,&quot;stretch_section&quot;:&quot;section-stretched&quot;}\">\n\t\t\t\t\t\t<div class=\"elementor-container elementor-column-gap-no\">\n\t\t\t\t\t<div class=\"aux-parallax-section elementor-column elementor-col-100 elementor-top-column elementor-element elementor-element-3b04c42\" data-id=\"3b04c42\" data-element_type=\"column\">\n\t\t\t<div class=\"elementor-widget-wrap elementor-element-populated\">\n\t\t\t\t\t\t<div class=\"elementor-element elementor-element-82cff6c aux-appear-watch-animation aux-scale-down elementor-widget elementor-widget-aux_modern_heading\" data-id=\"82cff6c\" data-element_type=\"widget\" data-widget_type=\"aux_modern_heading.default\">\n\t\t\t\t<div class=\"elementor-widget-container\">\n\t\t\t<section class=\"aux-widget-modern-heading\">\n            <div class=\"aux-widget-inner\"><h4 class=\"aux-modern-heading-primary\"><\/h4><h2 class=\"aux-modern-heading-secondary\"><span class=\"aux-head-highlight\">Was ist Zahnaufhellung?<\/span><\/h2><\/div>\n        <\/section>\t\t<\/div>\n\t\t\t\t<\/div>\n\t\t\t\t<div class=\"elementor-element elementor-element-3d0911c aux-appear-watch-animation aux-fade-in-left elementor-widget elementor-widget-text-editor\" data-id=\"3d0911c\" data-element_type=\"widget\" data-widget_type=\"text-editor.default\">\n\t\t\t\t<div class=\"elementor-widget-container\">\n\t\t\t\t\t\t\t<p>Die Zahnaufhellung ist ein Verfahren, mit dem die Vergilbung oder Verdunkelung des Zahnschmelzes behandelt werden kann, die oft durch verschiedene Faktoren verursacht wird. Dazu wird ein vom Gesundheitsministerium zugelassenes Aufhellungsgel verwendet. Viele Menschen, die eine \u00e4sthetische Verbesserung anstreben, wenden sich an professionelle Zahnaufhellungsmethoden, anstatt sich auf Hausmittel oder rezeptfreie Produkte zu verlassen.  <\/p>\n<p>Es ist wichtig zu wissen, dass Sie sich bei der Zahnaufhellung nicht nur auf Online-Recherchen verlassen sollten. Viele Menschen suchen nach Produkten wie Fleckenentfernern, Aufhellungsstreifen, Aufhellungslampen, Gelen oder selbstgemachten Mitteln, aber diese k\u00f6nnen manchmal unwirksam oder sogar sch\u00e4dlich sein. <\/p>\n<p>Um Farbver\u00e4nderungen anzugehen, sind Zahnsteinreinigung und Politur normalerweise die ersten Schritte. Wenn diese Methoden nicht zum gew\u00fcnschten Wei\u00dfgrad f\u00fchren, ist eine professionelle Zahnaufhellung eine praktikable Option. <\/p>\n<p>Eine professionelle Zahnaufhellung kann die Zahnfarbe um 3-4 Nuancen aufhellen, wobei die Ergebnisse von Person zu Person variieren k\u00f6nnen. Die Aufhellung sollte nicht ohne professionelle Anleitung zu Hause durchgef\u00fchrt werden. Am sichersten ist es, wenn Sie die Empfehlungen Ihres Zahnarztes f\u00fcr die h\u00e4usliche Anwendung von Bleichgel zus\u00e4tzlich zu den Behandlungen in der Praxis befolgen. Dies gew\u00e4hrleistet eine effektive und sichere Aufhellung und minimiert m\u00f6gliche Risiken.   <\/p>\n\t\t\t\t\t\t<\/div>\n\t\t\t\t<\/div>\n\t\t\t\t\t<\/div>\n\t\t<\/div>\n\t\t\t\t\t<\/div>\n\t\t<\/section>\n\t\t\t\t<section class=\"elementor-section elementor-top-section elementor-element elementor-element-ad42531 elementor-section-stretched elementor-section-boxed elementor-section-height-default elementor-section-height-default\" data-id=\"ad42531\" data-element_type=\"section\" data-settings=\"{&quot;stretch_section&quot;:&quot;section-stretched&quot;}\">\n\t\t\t\t\t\t<div class=\"elementor-container elementor-column-gap-no\">\n\t\t\t\t\t<div class=\"aux-parallax-section elementor-column elementor-col-100 elementor-top-column elementor-element elementor-element-e1fb4d3 aux-appear-watch-animation aux-scale-up\" data-id=\"e1fb4d3\" data-element_type=\"column\">\n\t\t\t<div class=\"elementor-widget-wrap elementor-element-populated\">\n\t\t\t\t\t\t<section class=\"elementor-section elementor-inner-section elementor-element elementor-element-dde0001 elementor-section-boxed elementor-section-height-default elementor-section-height-default\" data-id=\"dde0001\" data-element_type=\"section\">\n\t\t\t\t\t\t<div class=\"elementor-container elementor-column-gap-narrow\">\n\t\t\t\t\t<div class=\"aux-parallax-section elementor-column elementor-col-33 elementor-inner-column elementor-element elementor-element-9f642b7\" data-id=\"9f642b7\" data-element_type=\"column\">\n\t\t\t<div class=\"elementor-widget-wrap elementor-element-populated\">\n\t\t\t\t\t\t<div class=\"elementor-element elementor-element-58bd6aa elementor-widget elementor-widget-aux-before-after\" data-id=\"58bd6aa\" data-element_type=\"widget\" data-widget_type=\"aux-before-after.default\">\n\t\t\t\t<div class=\"elementor-widget-container\">\n\t\t\t<div class=\"widget-container aux-widget-before-after\"><div class=\"aux-before-after\" data-offset=\"0.5\" ><img decoding=\"async\" width=\"1346\" height=\"430\" src=\"https:\/\/cagdisdental.com\/wp-content\/uploads\/2024\/09\/Screenshot-2024-09-22-173936.png\" class=\"attachment-full size-full wp-image-1179\" alt=\"\" srcset=\"https:\/\/cagdisdental.com\/wp-content\/uploads\/2024\/09\/Screenshot-2024-09-22-173936.png 1346w, https:\/\/cagdisdental.com\/wp-content\/uploads\/2024\/09\/Screenshot-2024-09-22-173936-200x64.png 200w\" sizes=\"(max-width: 1346px) 100vw, 1346px\" \/> <img decoding=\"async\" width=\"1347\" height=\"430\" src=\"https:\/\/cagdisdental.com\/wp-content\/uploads\/2024\/09\/Screenshot-2024-09-22-173956.png\" class=\"attachment-full size-full wp-image-1180\" alt=\"\" srcset=\"https:\/\/cagdisdental.com\/wp-content\/uploads\/2024\/09\/Screenshot-2024-09-22-173956.png 1347w, https:\/\/cagdisdental.com\/wp-content\/uploads\/2024\/09\/Screenshot-2024-09-22-173956-200x64.png 200w\" sizes=\"(max-width: 1347px) 100vw, 1347px\" \/><\/div><\/div>\t\t<\/div>\n\t\t\t\t<\/div>\n\t\t\t\t\t<\/div>\n\t\t<\/div>\n\t\t\t\t<div class=\"aux-parallax-section elementor-column elementor-col-33 elementor-inner-column elementor-element elementor-element-daba913\" data-id=\"daba913\" data-element_type=\"column\">\n\t\t\t<div class=\"elementor-widget-wrap elementor-element-populated\">\n\t\t\t\t\t\t<div class=\"elementor-element elementor-element-b75031d elementor-widget elementor-widget-aux-before-after\" data-id=\"b75031d\" data-element_type=\"widget\" data-widget_type=\"aux-before-after.default\">\n\t\t\t\t<div class=\"elementor-widget-container\">\n\t\t\t<div class=\"widget-container aux-widget-before-after\"><div class=\"aux-before-after\" data-offset=\"0.5\" ><img loading=\"lazy\" decoding=\"async\" width=\"765\" height=\"430\" src=\"https:\/\/cagdisdental.com\/wp-content\/uploads\/2024\/09\/Screenshot-2024-09-22-174030.png\" class=\"attachment-full size-full wp-image-1181\" alt=\"\" srcset=\"https:\/\/cagdisdental.com\/wp-content\/uploads\/2024\/09\/Screenshot-2024-09-22-174030.png 765w, https:\/\/cagdisdental.com\/wp-content\/uploads\/2024\/09\/Screenshot-2024-09-22-174030-200x112.png 200w\" sizes=\"(max-width: 765px) 100vw, 765px\" \/> <img loading=\"lazy\" decoding=\"async\" width=\"738\" height=\"430\" src=\"https:\/\/cagdisdental.com\/wp-content\/uploads\/2024\/09\/Screenshot-2024-09-22-174111.png\" class=\"attachment-full size-full wp-image-1182\" alt=\"\" srcset=\"https:\/\/cagdisdental.com\/wp-content\/uploads\/2024\/09\/Screenshot-2024-09-22-174111.png 738w, https:\/\/cagdisdental.com\/wp-content\/uploads\/2024\/09\/Screenshot-2024-09-22-174111-200x117.png 200w\" sizes=\"(max-width: 738px) 100vw, 738px\" \/><\/div><\/div>\t\t<\/div>\n\t\t\t\t<\/div>\n\t\t\t\t\t<\/div>\n\t\t<\/div>\n\t\t\t\t<div class=\"aux-parallax-section elementor-column elementor-col-33 elementor-inner-column elementor-element elementor-element-a064960\" data-id=\"a064960\" data-element_type=\"column\">\n\t\t\t<div class=\"elementor-widget-wrap elementor-element-populated\">\n\t\t\t\t\t\t<div class=\"elementor-element elementor-element-4a742d7 elementor-widget elementor-widget-aux-before-after\" data-id=\"4a742d7\" data-element_type=\"widget\" data-widget_type=\"aux-before-after.default\">\n\t\t\t\t<div class=\"elementor-widget-container\">\n\t\t\t<div class=\"widget-container aux-widget-before-after\"><div class=\"aux-before-after\" data-offset=\"0.5\" ><img loading=\"lazy\" decoding=\"async\" width=\"1346\" height=\"430\" src=\"https:\/\/cagdisdental.com\/wp-content\/uploads\/2024\/09\/Screenshot-2024-09-22-174140.png\" class=\"attachment-full size-full wp-image-1183\" alt=\"\" srcset=\"https:\/\/cagdisdental.com\/wp-content\/uploads\/2024\/09\/Screenshot-2024-09-22-174140.png 1346w, https:\/\/cagdisdental.com\/wp-content\/uploads\/2024\/09\/Screenshot-2024-09-22-174140-200x64.png 200w\" sizes=\"(max-width: 1346px) 100vw, 1346px\" \/> <img loading=\"lazy\" decoding=\"async\" width=\"1346\" height=\"430\" src=\"https:\/\/cagdisdental.com\/wp-content\/uploads\/2024\/09\/Screenshot-2024-09-22-174155.png\" class=\"attachment-full size-full wp-image-1178\" alt=\"\" srcset=\"https:\/\/cagdisdental.com\/wp-content\/uploads\/2024\/09\/Screenshot-2024-09-22-174155.png 1346w, https:\/\/cagdisdental.com\/wp-content\/uploads\/2024\/09\/Screenshot-2024-09-22-174155-200x64.png 200w\" sizes=\"(max-width: 1346px) 100vw, 1346px\" \/><\/div><\/div>\t\t<\/div>\n\t\t\t\t<\/div>\n\t\t\t\t\t<\/div>\n\t\t<\/div>\n\t\t\t\t\t<\/div>\n\t\t<\/section>\n\t\t\t\t\t<\/div>\n\t\t<\/div>\n\t\t\t\t\t<\/div>\n\t\t<\/section>\n\t\t\t\t<section class=\"elementor-section elementor-top-section elementor-element elementor-element-77271eb elementor-section-stretched elementor-section-boxed elementor-section-height-default elementor-section-height-default\" data-id=\"77271eb\" data-element_type=\"section\" data-settings=\"{&quot;stretch_section&quot;:&quot;section-stretched&quot;}\">\n\t\t\t\t\t\t<div class=\"elementor-container elementor-column-gap-no\">\n\t\t\t\t\t<div class=\"aux-parallax-section elementor-column elementor-col-100 elementor-top-column elementor-element elementor-element-991a560\" data-id=\"991a560\" data-element_type=\"column\" data-settings=\"{&quot;background_background&quot;:&quot;classic&quot;}\">\n\t\t\t<div class=\"elementor-widget-wrap elementor-element-populated\">\n\t\t\t\t\t\t<section class=\"elementor-section elementor-inner-section elementor-element elementor-element-4c99883 elementor-section-boxed elementor-section-height-default elementor-section-height-default\" data-id=\"4c99883\" data-element_type=\"section\">\n\t\t\t\t\t\t<div class=\"elementor-container elementor-column-gap-default\">\n\t\t\t\t\t<div class=\"aux-parallax-section elementor-column elementor-col-50 elementor-inner-column elementor-element elementor-element-8240b5e\" data-id=\"8240b5e\" data-element_type=\"column\">\n\t\t\t<div class=\"elementor-widget-wrap elementor-element-populated\">\n\t\t\t\t\t\t<div class=\"elementor-element elementor-element-dbb6a45 aux-appear-watch-animation aux-scale-down elementor-widget elementor-widget-aux_modern_heading\" data-id=\"dbb6a45\" data-element_type=\"widget\" data-widget_type=\"aux_modern_heading.default\">\n\t\t\t\t<div class=\"elementor-widget-container\">\n\t\t\t<section class=\"aux-widget-modern-heading\">\n            <div class=\"aux-widget-inner\"><h4 class=\"aux-modern-heading-primary\"><\/h4><h2 class=\"aux-modern-heading-secondary\"><span class=\"aux-head-highlight\">B\u00fcro-Bleiche<\/span><\/h2><\/div>\n        <\/section>\t\t<\/div>\n\t\t\t\t<\/div>\n\t\t\t\t<div class=\"elementor-element elementor-element-af9aed4 aux-appear-watch-animation aux-fade-in-left elementor-widget elementor-widget-text-editor\" data-id=\"af9aed4\" data-element_type=\"widget\" data-widget_type=\"text-editor.default\">\n\t\t\t\t<div class=\"elementor-widget-container\">\n\t\t\t\t\t\t\t<p>Die Zahnaufhellung in der Praxis ist eine hochwirksame Behandlung, die von einem Zahnarzt durchgef\u00fchrt wird und daf\u00fcr bekannt ist, dass sie in relativ kurzer Zeit deutliche Ergebnisse liefert. Diese Methode ist besonders effektiv bei der Behandlung starker Verf\u00e4rbungen, einschlie\u00dflich sehr dunkler oder gelber Z\u00e4hne. In der Regel wird ein Aufhellungsgel in Kombination mit Licht oder Laser aufgetragen, und die gesamte Behandlung dauert in der Regel etwa eine Stunde.<br \/>Das Verfahren besteht in der Regel aus 2-3 Sitzungen von jeweils 15-20 Minuten. Die Anzahl der erforderlichen Sitzungen h\u00e4ngt vom Zustand Ihrer Z\u00e4hne und deren Empfindlichkeit ab. Um das Ergebnis der Aufhellung zu verbessern und zu verl\u00e4ngern, werden vor der Aufhellungsbehandlung Zahnstein und Zahnstein entfernt.<br \/>Auf das Zahnfleisch werden Schutzmittel aufgetragen, um eine Sch\u00e4digung durch das sauerstoffreiche Aufhellungsgel zu verhindern, das dann mit Licht oder Laser aktiviert wird. Das Gel wird auf die Z\u00e4hne aufgetragen, und je nach Art des Gels muss es mit Licht aktiviert werden. Neuere Entwicklungen haben die Anwendung von zwei Gelen eingef\u00fchrt, die eine effektive Aufhellung mit minimalen Beschwerden in einer einzigen Sitzung erm\u00f6glichen.<br \/>Nachdem das Gel aufgetragen und die Lichtbehandlung abgeschlossen ist, werden die Ergebnisse bewertet. Falls erforderlich, k\u00f6nnen weitere Sitzungen durchgef\u00fchrt werden. Es ist \u00fcblich, dass nach der Behandlung eine gewisse Empfindlichkeit der Z\u00e4hne auftritt, die jedoch in der Regel innerhalb weniger Tage abklingt.        <\/p>\n\t\t\t\t\t\t<\/div>\n\t\t\t\t<\/div>\n\t\t\t\t\t<\/div>\n\t\t<\/div>\n\t\t\t\t<div class=\"aux-parallax-section elementor-column elementor-col-50 elementor-inner-column elementor-element elementor-element-78988df\" data-id=\"78988df\" data-element_type=\"column\">\n\t\t\t<div class=\"elementor-widget-wrap elementor-element-populated\">\n\t\t\t\t\t\t<div class=\"elementor-element elementor-element-3236241 aux-appear-watch-animation aux-scale-up elementor-widget elementor-widget-aux_image\" data-id=\"3236241\" data-element_type=\"widget\" data-widget_type=\"aux_image.default\">\n\t\t\t\t<div class=\"elementor-widget-container\">\n\t\t\t<section class=\"widget-container aux-widget-image aux-alignnone aux-parent-auf59a7b6b\">\n    <div class=\"aux-media-hint-frame \">\n        <div class=\"aux-media-image \" >\n        \n            \n\n            \n            <img loading=\"lazy\" decoding=\"async\" width=\"1500\" height=\"879\" src=\"https:\/\/cagdisdental.com\/wp-content\/uploads\/2024\/09\/Untitled1.jpg\" class=\"aux-attachment aux-featured-image aux-attachment-id-1191\" alt=\"Untitled1\" data-ratio=\"1.71\" data-original-w=\"1500\" \/>            \n                <\/div>\n    <\/div>\n\n<\/section><!-- widget-container -->\t\t<\/div>\n\t\t\t\t<\/div>\n\t\t\t\t\t<\/div>\n\t\t<\/div>\n\t\t\t\t\t<\/div>\n\t\t<\/section>\n\t\t\t\t\t<\/div>\n\t\t<\/div>\n\t\t\t\t\t<\/div>\n\t\t<\/section>\n\t\t\t\t<section class=\"elementor-section elementor-top-section elementor-element elementor-element-3ccd4e8 elementor-section-boxed elementor-section-height-default elementor-section-height-default\" data-id=\"3ccd4e8\" data-element_type=\"section\">\n\t\t\t\t\t\t<div class=\"elementor-container elementor-column-gap-default\">\n\t\t\t\t\t<div class=\"aux-parallax-section elementor-column elementor-col-50 elementor-top-column elementor-element elementor-element-91acccc\" data-id=\"91acccc\" data-element_type=\"column\">\n\t\t\t<div class=\"elementor-widget-wrap elementor-element-populated\">\n\t\t\t\t\t\t<div class=\"elementor-element elementor-element-50a4ddb aux-appear-watch-animation aux-scale-up elementor-widget elementor-widget-aux_image\" data-id=\"50a4ddb\" data-element_type=\"widget\" data-widget_type=\"aux_image.default\">\n\t\t\t\t<div class=\"elementor-widget-container\">\n\t\t\t<section class=\"widget-container aux-widget-image aux-alignnone aux-parent-auf99bd23b\">\n    <div class=\"aux-media-hint-frame \">\n        <div class=\"aux-media-image \" >\n        \n            \n\n            \n            <img loading=\"lazy\" decoding=\"async\" width=\"1211\" height=\"834\" src=\"https:\/\/cagdisdental.com\/wp-content\/uploads\/2024\/09\/cagdis-dental-logo-dikey2.png\" class=\"aux-attachment aux-featured-image aux-attachment-id-399\" alt=\"cagdis-dental-logo-dikey(2)\" data-ratio=\"1.45\" data-original-w=\"1211\" \/>            \n                <\/div>\n    <\/div>\n\n<\/section><!-- widget-container -->\t\t<\/div>\n\t\t\t\t<\/div>\n\t\t\t\t\t<\/div>\n\t\t<\/div>\n\t\t\t\t<div class=\"aux-parallax-section elementor-column elementor-col-50 elementor-top-column elementor-element elementor-element-f68b893\" data-id=\"f68b893\" data-element_type=\"column\">\n\t\t\t<div class=\"elementor-widget-wrap elementor-element-populated\">\n\t\t\t\t\t\t<div class=\"elementor-element elementor-element-527ceba aux-appear-watch-animation aux-scale-down elementor-widget elementor-widget-aux_modern_heading\" data-id=\"527ceba\" data-element_type=\"widget\" data-widget_type=\"aux_modern_heading.default\">\n\t\t\t\t<div class=\"elementor-widget-container\">\n\t\t\t<section class=\"aux-widget-modern-heading\">\n            <div class=\"aux-widget-inner\"><h4 class=\"aux-modern-heading-primary\"><\/h4><h2 class=\"aux-modern-heading-secondary\"><span class=\"aux-head-highlight\">Bleaching zu Hause<\/span><\/h2><\/div>\n        <\/section>\t\t<\/div>\n\t\t\t\t<\/div>\n\t\t\t\t<div class=\"elementor-element elementor-element-f842209 aux-appear-watch-animation aux-fade-in-left elementor-widget elementor-widget-text-editor\" data-id=\"f842209\" data-element_type=\"widget\" data-widget_type=\"text-editor.default\">\n\t\t\t\t<div class=\"elementor-widget-container\">\n\t\t\t\t\t\t\t<p>Bei der Zahnaufhellung zu Hause verwenden Sie ein von Ihrem Zahnarzt zur Verf\u00fcgung gestelltes Bleaching-Kit, das f\u00fcr eine sichere und wirksame Behandlung zu Hause entwickelt wurde. Diese Methode ist bei richtiger Anwendung eine zuverl\u00e4ssige Option f\u00fcr ein strahlenderes L\u00e4cheln. So funktioniert das Verfahren in der Regel:  <\/p>\n<p><b>Erstuntersuchung und Messungen:<\/b> Ihr Zahnarzt nimmt Abdr\u00fccke von Ihrem Mund, um individuelle Schienen (oder Kunststoffmundst\u00fccke) zu erstellen, die genau passen.<\/p>\n<p><b>Vorbereitung der L\u00f6ffel:<\/b> Auf der Grundlage dieser Abdr\u00fccke werden individuelle Schienen angefertigt, um einen bequemen Sitz zu gew\u00e4hrleisten. Der Zahnarzt stellt Ihnen ein Bleaching-Gel zur Verf\u00fcgung, das in der angegebenen Menge auf diese Schienen aufgetragen werden sollte. Wenn Sie zu viel Gel verwenden, kann es zu einem \u00dcberlaufen kommen, was Ihr Zahnfleisch reizen kann. Sollte dies der Fall sein, entfernen Sie das \u00fcbersch\u00fcssige Gel mit einem Wattest\u00e4bchen und sp\u00fclen Sie die Stelle mit Wasser ab.   <\/p>\n<p><b>Anwendung:<\/b> Setzen Sie die Schienen mit dem Gel in Ihren Mund.<\/p>\n<p><b>Dauer und H\u00e4ufigkeit:<\/b> Um effektive Ergebnisse zu erzielen, sollten Sie die Schienen f\u00fcr die von Ihrem Zahnarzt empfohlene Dauer im Mund behalten. Das sind in der Regel 4 bis 8 Stunden tags\u00fcber oder 9 bis 10 Stunden \u00fcber Nacht. In der Regel wird die Behandlung 10-14 Tage lang angewendet, aber dies kann je nach Grad der Verf\u00e4rbung und dem verwendeten Bleichgel variieren. Aus Gr\u00fcnden der Bequemlichkeit wird oft die Anwendung \u00fcber Nacht bevorzugt.   <\/p>\n<p>Wenn Sie diese Schritte befolgen und sich an die Empfehlungen Ihres Zahnarztes halten, k\u00f6nnen Sie sp\u00fcrbare Aufhellungsergebnisse erzielen und gleichzeitig das Risiko von Nebenwirkungen minimieren.<\/p>\n\t\t\t\t\t\t<\/div>\n\t\t\t\t<\/div>\n\t\t\t\t\t<\/div>\n\t\t<\/div>\n\t\t\t\t\t<\/div>\n\t\t<\/section>\n\t\t\t\t<\/div>\n\t\t","protected":false},"excerpt":{"rendered":"<p>Shine Bright Today Zahnaufhellung Kontaktieren Sie uns! Was ist Zahnaufhellung? Die Zahnaufhellung ist ein Verfahren, mit dem die Vergilbung oder Verdunkelung des Zahnschmelzes behandelt werden kann, die oft durch verschiedene Faktoren verursacht wird. Dazu wird ein vom Gesundheitsministerium zugelassenes Aufhellungsgel verwendet. Viele Menschen, die eine \u00e4sthetische Verbesserung anstreben, wenden sich an professionelle Zahnaufhellungsmethoden, anstatt sich [&hellip;]<\/p>\n","protected":false},"author":1,"featured_media":0,"parent":0,"menu_order":0,"comment_status":"closed","ping_status":"closed","template":"","meta":{"_monsterinsights_skip_tracking":false,"_monsterinsights_sitenote_active":false,"_monsterinsights_sitenote_note":"","_monsterinsights_sitenote_category":0,"_joinchat":[],"footnotes":""},"class_list":["post-3841","page","type-page","status-publish","hentry"],"aioseo_notices":[],"_links":{"self":[{"href":"https:\/\/cagdisdental.com\/de\/wp-json\/wp\/v2\/pages\/3841"}],"collection":[{"href":"https:\/\/cagdisdental.com\/de\/wp-json\/wp\/v2\/pages"}],"about":[{"href":"https:\/\/cagdisdental.com\/de\/wp-json\/wp\/v2\/types\/page"}],"author":[{"embeddable":true,"href":"https:\/\/cagdisdental.com\/de\/wp-json\/wp\/v2\/users\/1"}],"replies":[{"embeddable":true,"href":"https:\/\/cagdisdental.com\/de\/wp-json\/wp\/v2\/comments?post=3841"}],"version-history":[{"count":1,"href":"https:\/\/cagdisdental.com\/de\/wp-json\/wp\/v2\/pages\/3841\/revisions"}],"predecessor-version":[{"id":3851,"href":"https:\/\/cagdisdental.com\/de\/wp-json\/wp\/v2\/pages\/3841\/revisions\/3851"}],"wp:attachment":[{"href":"https:\/\/cagdisdental.com\/de\/wp-json\/wp\/v2\/media?parent=3841"}],"curies":[{"name":"wp","href":"https:\/\/api.w.org\/{rel}","templated":true}]}}