{"id":6905,"date":"2024-09-18T12:16:46","date_gmt":"2024-09-18T12:16:46","guid":{"rendered":"https:\/\/cagdisdental.com\/wurzelkanal\/"},"modified":"2025-11-02T23:02:21","modified_gmt":"2025-11-02T23:02:21","slug":"wurzelkanal","status":"publish","type":"page","link":"https:\/\/cagdisdental.com\/de\/wurzelkanal\/","title":{"rendered":"Wurzelkanal"},"content":{"rendered":"\t\t<div data-elementor-type=\"wp-page\" data-elementor-id=\"6905\" class=\"elementor elementor-6905 elementor-159\">\n\t\t\t\t\t\t<section class=\"elementor-section elementor-top-section elementor-element elementor-element-e00a6cb elementor-section-content-middle elementor-section-stretched elementor-section-boxed elementor-section-height-default elementor-section-height-default\" data-id=\"e00a6cb\" data-element_type=\"section\" data-settings=\"{&quot;stretch_section&quot;:&quot;section-stretched&quot;,&quot;background_background&quot;:&quot;classic&quot;}\">\n\t\t\t\t\t\t<div class=\"elementor-container elementor-column-gap-no\">\n\t\t\t\t\t<div class=\"aux-parallax-section elementor-column elementor-col-50 elementor-top-column elementor-element elementor-element-df9ff63\" data-id=\"df9ff63\" data-element_type=\"column\">\n\t\t\t<div class=\"elementor-widget-wrap elementor-element-populated\">\n\t\t\t\t\t\t<div class=\"elementor-element elementor-element-6e09a97 aux-appear-watch-animation aux-scale-down elementor-widget elementor-widget-aux_modern_heading\" data-id=\"6e09a97\" data-element_type=\"widget\" data-widget_type=\"aux_modern_heading.default\">\n\t\t\t\t<div class=\"elementor-widget-container\">\n\t\t\t<section class=\"aux-widget-modern-heading\">\n            <div class=\"aux-widget-inner\"><h4 class=\"aux-modern-heading-primary\">Stoppen Sie Schmerzen und retten Sie Ihre Z\u00e4hne<\/h4><h1 class=\"aux-modern-heading-secondary\"><span class=\"aux-head-highlight\">Wurzelkanal<\/span><\/h1><div class=\"aux-modern-heading-description\"><h4>Kompetente Behandlung f\u00fcr nachhaltige Linderung<\/h4>\n<\/div><\/div>\n        <\/section>\t\t<\/div>\n\t\t\t\t<\/div>\n\t\t\t\t<div class=\"elementor-element elementor-element-500f398 elementor-widget__width-auto elementor-hidden-phone aux-appear-watch-animation aux-scale-down elementor-widget elementor-widget-aux_modern_button\" data-id=\"500f398\" data-element_type=\"widget\" data-widget_type=\"aux_modern_button.default\">\n\t\t\t\t<div class=\"elementor-widget-container\">\n\t\t\t    <div class=\"aux-modern-button-wrapper aux-modern-button-align-left\" >\n                    <a class=\"aux-modern-button aux-black aux-modern-button-md aux-modern-button-normal aux-modern-button-default aux-icon-\" href=\"#\">\n                <div class=\"aux-overlay\"><\/div>\n                                <div class=\"aux-text\">\n<span class=\"aux-text-before\">Kontaktieren Sie uns!<\/span>                <\/div>\n            <\/a>\n            \n    <\/div>\n\n    \t\t<\/div>\n\t\t\t\t<\/div>\n\t\t\t\t\t<\/div>\n\t\t<\/div>\n\t\t\t\t<div class=\"aux-parallax-section elementor-column elementor-col-50 elementor-top-column elementor-element elementor-element-ecff54a\" data-id=\"ecff54a\" data-element_type=\"column\">\n\t\t\t<div class=\"elementor-widget-wrap elementor-element-populated\">\n\t\t\t\t\t\t<div class=\"elementor-element elementor-element-6a14c04 aux-appear-watch-animation aux-fade-in-left-1 elementor-widget elementor-widget-aux_image\" data-id=\"6a14c04\" data-element_type=\"widget\" data-widget_type=\"aux_image.default\">\n\t\t\t\t<div class=\"elementor-widget-container\">\n\t\t\t<section class=\"widget-container aux-widget-image aux-alignnone aux-parent-au1b732ade\">\n    <div class=\"aux-media-hint-frame \">\n        <div class=\"aux-media-image \" >\n        \n            \n\n            \n            <img fetchpriority=\"high\" decoding=\"async\" width=\"1211\" height=\"834\" src=\"https:\/\/cagdisdental.com\/wp-content\/uploads\/2024\/09\/cagdis-dental-logo-dikey2.png\" class=\"aux-attachment aux-featured-image aux-attachment-id-399\" alt=\"cagdis-dental-logo-dikey(2)\" data-ratio=\"1.45\" data-original-w=\"1211\" \/>            \n                <\/div>\n    <\/div>\n\n<\/section><!-- widget-container -->\t\t<\/div>\n\t\t\t\t<\/div>\n\t\t\t\t\t<\/div>\n\t\t<\/div>\n\t\t\t\t\t<\/div>\n\t\t<\/section>\n\t\t\t\t<section class=\"elementor-section elementor-top-section elementor-element elementor-element-1b16b01 elementor-section-stretched elementor-section-boxed elementor-section-height-default elementor-section-height-default\" data-id=\"1b16b01\" data-element_type=\"section\" data-settings=\"{&quot;background_background&quot;:&quot;classic&quot;,&quot;stretch_section&quot;:&quot;section-stretched&quot;}\">\n\t\t\t\t\t\t<div class=\"elementor-container elementor-column-gap-no\">\n\t\t\t\t\t<div class=\"aux-parallax-section elementor-column elementor-col-100 elementor-top-column elementor-element elementor-element-a1efb96\" data-id=\"a1efb96\" data-element_type=\"column\">\n\t\t\t<div class=\"elementor-widget-wrap elementor-element-populated\">\n\t\t\t\t\t\t<div class=\"elementor-element elementor-element-b4d8105 aux-appear-watch-animation aux-scale-down elementor-widget elementor-widget-aux_modern_heading\" data-id=\"b4d8105\" data-element_type=\"widget\" data-widget_type=\"aux_modern_heading.default\">\n\t\t\t\t<div class=\"elementor-widget-container\">\n\t\t\t<section class=\"aux-widget-modern-heading\">\n            <div class=\"aux-widget-inner\"><h4 class=\"aux-modern-heading-primary\"><\/h4><h2 class=\"aux-modern-heading-secondary\"><span class=\"aux-head-highlight\">Was ist eine Wurzelkanalbehandlung?<\/span><\/h2><\/div>\n        <\/section>\t\t<\/div>\n\t\t\t\t<\/div>\n\t\t\t\t<div class=\"elementor-element elementor-element-46b56e1 aux-appear-watch-animation aux-fade-in-left elementor-widget elementor-widget-text-editor\" data-id=\"46b56e1\" data-element_type=\"widget\" data-widget_type=\"text-editor.default\">\n\t\t\t\t<div class=\"elementor-widget-container\">\n\t\t\t\t\t\t\t<p>Eine Wurzelkanalbehandlung, auch endodontische Behandlung genannt, ist ein zahn\u00e4rztlicher Eingriff, bei dem infizierte oder besch\u00e4digte Zahnpulpa aus dem Inneren eines Zahns entfernt wird.<\/p>\n<p>Jeder Zahn enth\u00e4lt ein Kanalsystem, das sich von der Krone (der Oberseite des Zahns) bis zur Wurzel erstreckt. In diesen Kan\u00e4len befindet sich die Zahnpulpa, die aus Bindegewebe, Nerven und Blutgef\u00e4\u00dfen besteht. <\/p>\n<p>Bei einer Wurzelkanalbehandlung entfernt der Zahnarzt die besch\u00e4digte oder infizierte Pulpa aus dem Inneren des Zahns. Sobald der Zellstoff entfernt ist, wird der leere Raum gr\u00fcndlich gereinigt, desinfiziert und dann gef\u00fcllt und versiegelt, um eine weitere Infektion zu verhindern. <\/p>\n<p>Um die Funktionalit\u00e4t des Zahns wiederherzustellen und ihn vor zuk\u00fcnftigen Sch\u00e4den zu sch\u00fctzen, kann die Kaufl\u00e4che mit einer F\u00fcllung oder einer Krone wiederhergestellt werden.<\/p>\n\t\t\t\t\t\t<\/div>\n\t\t\t\t<\/div>\n\t\t\t\t\t<\/div>\n\t\t<\/div>\n\t\t\t\t\t<\/div>\n\t\t<\/section>\n\t\t\t\t<section class=\"elementor-section elementor-top-section elementor-element elementor-element-c38a767 elementor-section-stretched elementor-section-boxed elementor-section-height-default elementor-section-height-default\" data-id=\"c38a767\" data-element_type=\"section\" data-settings=\"{&quot;background_background&quot;:&quot;classic&quot;,&quot;stretch_section&quot;:&quot;section-stretched&quot;}\">\n\t\t\t\t\t\t<div class=\"elementor-container elementor-column-gap-no\">\n\t\t\t\t\t<div class=\"aux-parallax-section elementor-column elementor-col-50 elementor-top-column elementor-element elementor-element-974986f\" data-id=\"974986f\" data-element_type=\"column\">\n\t\t\t<div class=\"elementor-widget-wrap elementor-element-populated\">\n\t\t\t\t\t\t<div class=\"elementor-element elementor-element-162a37e aux-appear-watch-animation aux-scale-down elementor-widget elementor-widget-aux_modern_heading\" data-id=\"162a37e\" data-element_type=\"widget\" data-widget_type=\"aux_modern_heading.default\">\n\t\t\t\t<div class=\"elementor-widget-container\">\n\t\t\t<section class=\"aux-widget-modern-heading\">\n            <div class=\"aux-widget-inner\"><h4 class=\"aux-modern-heading-primary\"><\/h4><h2 class=\"aux-modern-heading-secondary\"><span class=\"aux-head-highlight\">Wann ben\u00f6tige ich eine Wurzelkanalbehandlung?<\/span><\/h2><\/div>\n        <\/section>\t\t<\/div>\n\t\t\t\t<\/div>\n\t\t\t\t<div class=\"elementor-element elementor-element-f71415f aux-appear-watch-animation aux-fade-in-left elementor-widget elementor-widget-text-editor\" data-id=\"f71415f\" data-element_type=\"widget\" data-widget_type=\"text-editor.default\">\n\t\t\t\t<div class=\"elementor-widget-container\">\n\t\t\t\t\t\t\t<p>Wenn Sie einen schwer infizierten oder besch\u00e4digten Zahn haben, kann eine Wurzelkanalbehandlung oft den Zahn erhalten und die Notwendigkeit einer Extraktion verhindern.<\/p>\n<p>Ein Zahn kann sich aufgrund mehrerer Faktoren infizieren oder besch\u00e4digen, darunter:<\/p>\n<ul>\n<li><b>Verfallen:<\/b> Tiefe Karies, die bis zur inneren Pulpa des Zahns reichen.<\/li>\n<li><b>Normale Abnutzung:<\/b> Allgemeine Verschlechterung im Laufe der Zeit.<\/li>\n<li><b>Verletzung:<\/b> Traumata oder Unf\u00e4lle, die den Zahn betreffen.<\/li>\n<li><b>Kracht:<\/b> Frakturen in der Zahnstruktur.<\/li>\n<li><b>Zahnfleischerkrankungen:<\/b> Parodontale Probleme, die die Gesundheit des Zahns beeintr\u00e4chtigen.<\/li>\n<li><b>Rissige F\u00fcllungen:<\/b> Kompromittierte Restaurationen, die die Pulpa freilegen.<\/li>\n<li><b>Wiederholte zahn\u00e4rztliche Arbeiten:<\/b> Mehrere Eingriffe, die die Zahnpulpa verletzen k\u00f6nnen.<\/li>\n<\/ul>\n<p>Wenn die Pulpa des Zahns besch\u00e4digt ist, k\u00f6nnen Bakterien eindringen und sich vermehren, was zu einer Infektion oder einem Abszess an der Wurzel f\u00fchrt. Antibiotika allein k\u00f6nnen diese Infektionen nicht l\u00f6sen; Ein Wurzelkanal ist notwendig, um die infizierte Pulpa zu entfernen und das Problem zu beheben. <\/p>\n<p>Die Erhaltung Ihres nat\u00fcrlichen Zahns ist dem Ersatz durch einen k\u00fcnstlichen Zahn vorzuziehen, da er eine bessere Funktionalit\u00e4t beim Bei\u00dfen und Kauen beibeh\u00e4lt.<\/p>\n\t\t\t\t\t\t<\/div>\n\t\t\t\t<\/div>\n\t\t\t\t\t<\/div>\n\t\t<\/div>\n\t\t\t\t<div class=\"aux-parallax-section elementor-column elementor-col-50 elementor-top-column elementor-element elementor-element-f244e80\" data-id=\"f244e80\" data-element_type=\"column\">\n\t\t\t<div class=\"elementor-widget-wrap elementor-element-populated\">\n\t\t\t\t\t\t<div class=\"elementor-element elementor-element-f8a9c2a aux-appear-watch-animation aux-scale-up elementor-widget elementor-widget-aux_image\" data-id=\"f8a9c2a\" data-element_type=\"widget\" data-widget_type=\"aux_image.default\">\n\t\t\t\t<div class=\"elementor-widget-container\">\n\t\t\t<section class=\"widget-container aux-widget-image aux-alignnone aux-parent-aue7ed3ea1\">\n    <div class=\"aux-media-hint-frame \">\n        <div class=\"aux-media-image \" >\n        \n            \n\n            \n            <img decoding=\"async\" width=\"1211\" height=\"834\" src=\"https:\/\/cagdisdental.com\/wp-content\/uploads\/2024\/08\/cagdis-dental-logo-dikey.png\" class=\"aux-attachment aux-featured-image aux-attachment-id-106\" alt=\"cagdis dental logo dikey\" data-ratio=\"1.45\" data-original-w=\"1211\" \/>            \n                <\/div>\n    <\/div>\n\n<\/section><!-- widget-container -->\t\t<\/div>\n\t\t\t\t<\/div>\n\t\t\t\t\t<\/div>\n\t\t<\/div>\n\t\t\t\t\t<\/div>\n\t\t<\/section>\n\t\t\t\t<section class=\"elementor-section elementor-top-section elementor-element elementor-element-d9e8e18 elementor-section-boxed elementor-section-height-default elementor-section-height-default\" data-id=\"d9e8e18\" data-element_type=\"section\">\n\t\t\t\t\t\t<div class=\"elementor-container elementor-column-gap-no\">\n\t\t\t\t\t<div class=\"aux-parallax-section elementor-column elementor-col-100 elementor-top-column elementor-element elementor-element-0efc1fe\" data-id=\"0efc1fe\" data-element_type=\"column\">\n\t\t\t<div class=\"elementor-widget-wrap elementor-element-populated\">\n\t\t\t\t\t\t<div class=\"elementor-element elementor-element-f25fbee aux-appear-watch-animation aux-scale-down elementor-widget elementor-widget-aux_modern_heading\" data-id=\"f25fbee\" data-element_type=\"widget\" data-widget_type=\"aux_modern_heading.default\">\n\t\t\t\t<div class=\"elementor-widget-container\">\n\t\t\t<section class=\"aux-widget-modern-heading\">\n            <div class=\"aux-widget-inner\"><h4 class=\"aux-modern-heading-primary\"><\/h4><h2 class=\"aux-modern-heading-secondary\"><span class=\"aux-head-highlight\">Was passiert bei einer Wurzelkanalbehandlung?<\/span><\/h2><\/div>\n        <\/section>\t\t<\/div>\n\t\t\t\t<\/div>\n\t\t\t\t<div class=\"elementor-element elementor-element-f8671ce aux-appear-watch-animation aux-fade-in-left elementor-widget elementor-widget-text-editor\" data-id=\"f8671ce\" data-element_type=\"widget\" data-widget_type=\"text-editor.default\">\n\t\t\t\t<div class=\"elementor-widget-container\">\n\t\t\t\t\t\t\t<p>W\u00e4hrend einer Wurzelkanalbehandlung umfasst der Eingriff in der Regel mehrere Schritte und kann mehr als einen Termin erfordern. Folgendes passiert in der Regel: <\/p>\n<ul>\n<li aria-level=\"1\"><b>Erstes R\u00f6ntgen:<\/b> Ihr Zahnarzt oder Endodontologe wird eine R\u00f6ntgenaufnahme Ihres Zahns und der Umgebung anfertigen, um das Ausma\u00df der Infektion zu beurteilen und die Behandlung zu planen.<\/li>\n<li aria-level=\"1\"><b>Lokalan\u00e4sthesie:<\/b> Ein Lokalan\u00e4sthetikum wird verabreicht, um den Bereich um Ihren Zahn herum zu bet\u00e4uben und sicherzustellen, dass Sie w\u00e4hrend des gesamten Eingriffs bequem bleiben.<\/li>\n<li aria-level=\"1\"><b>Kofferdam:<\/b> Eine Gummiplatte, ein sogenannter Damm, wird um Ihren Zahn gelegt, um den Bereich w\u00e4hrend der Behandlung sauber und trocken zu halten.<\/li>\n<li aria-level=\"1\"><b>Zugang \u00d6ffnung:<\/b> Der Zahnarzt bohrt ein kleines Loch in die Oberseite des Zahns, um Zugang zur Pulpakammer und den Kan\u00e4len im Inneren zu erhalten.<\/li>\n<li aria-level=\"1\"><b>Pulpaentfernung<\/b>: Die infizierte oder besch\u00e4digte Pulpa wird aus den Kan\u00e4len des Zahns entfernt.<\/li>\n<li aria-level=\"1\">Reinigung und Desinfektion: Das Innere des Zahns wird gr\u00fcndlich gereinigt und desinfiziert, um verbleibende Bakterien und Ablagerungen zu entfernen.<\/li>\n<li aria-level=\"1\"><b>Provisorische F\u00fcllung:<\/b> Wenn mehr als eine Sitzung erforderlich ist, wird eine provisorische F\u00fcllung platziert, um den Zahn bis zum n\u00e4chsten Termin zu sch\u00fctzen.<\/li>\n<li aria-level=\"1\"><b>Bef\u00fcllen des Kanals:<\/b> Sobald die Reinigung abgeschlossen ist, werden die Kan\u00e4le mit einem sterilen Material namens Guttapercha gef\u00fcllt, das dazu beitr\u00e4gt, den Raum abzudichten und zuk\u00fcnftige Infektionen zu verhindern.<\/li>\n<li aria-level=\"1\"><b>Abschlie\u00dfende Restaurierung:<\/b> Eine dauerhafte F\u00fcllung oder Krone wird auf den Zahn aufgesetzt, um seine Funktion wiederherzustellen und ihn vor weiteren Sch\u00e4den oder Infektionen zu sch\u00fctzen.<\/li>\n<\/ul>\n<p>Durch die Befolgung dieser Schritte zielt die Wurzelkanalbehandlung darauf ab, den Zahn zu retten und seine Gesundheit und Funktion wiederherzustellen.<\/p>\n\t\t\t\t\t\t<\/div>\n\t\t\t\t<\/div>\n\t\t\t\t\t<\/div>\n\t\t<\/div>\n\t\t\t\t\t<\/div>\n\t\t<\/section>\n\t\t\t\t<\/div>\n\t\t","protected":false},"excerpt":{"rendered":"<p>Stoppen Sie Schmerzen und retten Sie Ihre Z\u00e4hne Wurzelkanal Kompetente Behandlung f\u00fcr nachhaltige Linderung Kontaktieren Sie uns! Was ist eine Wurzelkanalbehandlung? Eine Wurzelkanalbehandlung, auch endodontische Behandlung genannt, ist ein zahn\u00e4rztlicher Eingriff, bei dem infizierte oder besch\u00e4digte Zahnpulpa aus dem Inneren eines Zahns entfernt wird. Jeder Zahn enth\u00e4lt ein Kanalsystem, das sich von der Krone (der [&hellip;]<\/p>\n","protected":false},"author":1,"featured_media":0,"parent":0,"menu_order":0,"comment_status":"closed","ping_status":"closed","template":"elementor_header_footer","meta":{"_monsterinsights_skip_tracking":false,"_monsterinsights_sitenote_active":false,"_monsterinsights_sitenote_note":"","_monsterinsights_sitenote_category":0,"_joinchat":[],"footnotes":""},"class_list":["post-6905","page","type-page","status-publish","hentry"],"aioseo_notices":[],"_links":{"self":[{"href":"https:\/\/cagdisdental.com\/de\/wp-json\/wp\/v2\/pages\/6905"}],"collection":[{"href":"https:\/\/cagdisdental.com\/de\/wp-json\/wp\/v2\/pages"}],"about":[{"href":"https:\/\/cagdisdental.com\/de\/wp-json\/wp\/v2\/types\/page"}],"author":[{"embeddable":true,"href":"https:\/\/cagdisdental.com\/de\/wp-json\/wp\/v2\/users\/1"}],"replies":[{"embeddable":true,"href":"https:\/\/cagdisdental.com\/de\/wp-json\/wp\/v2\/comments?post=6905"}],"version-history":[{"count":1,"href":"https:\/\/cagdisdental.com\/de\/wp-json\/wp\/v2\/pages\/6905\/revisions"}],"predecessor-version":[{"id":6907,"href":"https:\/\/cagdisdental.com\/de\/wp-json\/wp\/v2\/pages\/6905\/revisions\/6907"}],"wp:attachment":[{"href":"https:\/\/cagdisdental.com\/de\/wp-json\/wp\/v2\/media?parent=6905"}],"curies":[{"name":"wp","href":"https:\/\/api.w.org\/{rel}","templated":true}]}}