{"id":2232,"date":"2024-08-31T13:21:09","date_gmt":"2024-08-31T13:21:09","guid":{"rendered":"https:\/\/cagdisdental.com\/sonrisa-de-hollywood\/"},"modified":"2025-11-02T23:02:21","modified_gmt":"2025-11-02T23:02:21","slug":"sonrisa-de-hollywood","status":"publish","type":"page","link":"https:\/\/cagdisdental.com\/es\/sonrisa-de-hollywood\/","title":{"rendered":"Sonrisa de Hollywood"},"content":{"rendered":"\t\t<div data-elementor-type=\"wp-page\" data-elementor-id=\"2232\" class=\"elementor elementor-2232 elementor-139\">\n\t\t\t\t\t\t<section class=\"elementor-section elementor-top-section elementor-element elementor-element-35d7d119 elementor-section-content-middle elementor-section-stretched elementor-section-boxed elementor-section-height-default elementor-section-height-default\" data-id=\"35d7d119\" data-element_type=\"section\" data-settings=\"{&quot;stretch_section&quot;:&quot;section-stretched&quot;,&quot;background_background&quot;:&quot;classic&quot;}\">\n\t\t\t\t\t\t<div class=\"elementor-container elementor-column-gap-no\">\n\t\t\t\t\t<div class=\"aux-parallax-section elementor-column elementor-col-50 elementor-top-column elementor-element elementor-element-4f5c0a6b\" data-id=\"4f5c0a6b\" data-element_type=\"column\">\n\t\t\t<div class=\"elementor-widget-wrap elementor-element-populated\">\n\t\t\t\t\t\t<div class=\"elementor-element elementor-element-68312283 aux-appear-watch-animation aux-scale-down elementor-widget elementor-widget-aux_modern_heading\" data-id=\"68312283\" data-element_type=\"widget\" data-widget_type=\"aux_modern_heading.default\">\n\t\t\t\t<div class=\"elementor-widget-container\">\n\t\t\t<section class=\"aux-widget-modern-heading\">\n            <div class=\"aux-widget-inner\"><h4 class=\"aux-modern-heading-primary\">Sonrisa de Hollywood<\/h4><h1 class=\"aux-modern-heading-secondary\"><span class=\"aux-head-highlight\">Un plan de tratamiento detallado para hacer brillar tu Sonrisa<\/span><\/h1><\/div>\n        <\/section>\t\t<\/div>\n\t\t\t\t<\/div>\n\t\t\t\t\t<\/div>\n\t\t<\/div>\n\t\t\t\t<div class=\"aux-parallax-section elementor-column elementor-col-50 elementor-top-column elementor-element elementor-element-2bccfa1\" data-id=\"2bccfa1\" data-element_type=\"column\">\n\t\t\t<div class=\"elementor-widget-wrap elementor-element-populated\">\n\t\t\t\t\t\t<div class=\"elementor-element elementor-element-57b9d0d3 aux-appear-watch-animation aux-scale-up elementor-widget elementor-widget-aux_image\" data-id=\"57b9d0d3\" data-element_type=\"widget\" data-widget_type=\"aux_image.default\">\n\t\t\t\t<div class=\"elementor-widget-container\">\n\t\t\t<section class=\"widget-container aux-widget-image aux-alignnone aux-parent-aufbe2fb44\">\n    <div class=\"aux-media-hint-frame \">\n        <div class=\"aux-media-image \" >\n        \n            \n\n            \n            <img fetchpriority=\"high\" decoding=\"async\" width=\"1500\" height=\"612\" src=\"https:\/\/cagdisdental.com\/wp-content\/uploads\/2024\/09\/0-1.jpg\" class=\"aux-attachment aux-featured-image aux-attachment-id-718\" data-ratio=\"2.45\" data-original-w=\"1500\" \/>            \n                <\/div>\n    <\/div>\n\n<\/section><!-- widget-container -->\t\t<\/div>\n\t\t\t\t<\/div>\n\t\t\t\t\t<\/div>\n\t\t<\/div>\n\t\t\t\t\t<\/div>\n\t\t<\/section>\n\t\t\t\t<section class=\"elementor-section elementor-top-section elementor-element elementor-element-71547d3 elementor-section-stretched elementor-section-boxed elementor-section-height-default elementor-section-height-default\" data-id=\"71547d3\" data-element_type=\"section\" data-settings=\"{&quot;background_background&quot;:&quot;classic&quot;,&quot;stretch_section&quot;:&quot;section-stretched&quot;}\">\n\t\t\t\t\t\t<div class=\"elementor-container elementor-column-gap-no\">\n\t\t\t\t\t<div class=\"aux-parallax-section elementor-column elementor-col-50 elementor-top-column elementor-element elementor-element-3486a000\" data-id=\"3486a000\" data-element_type=\"column\">\n\t\t\t<div class=\"elementor-widget-wrap elementor-element-populated\">\n\t\t\t\t\t\t<div class=\"elementor-element elementor-element-70b4b058 aux-appear-watch-animation aux-fade-in-left-1 elementor-widget elementor-widget-aux_image\" data-id=\"70b4b058\" data-element_type=\"widget\" data-widget_type=\"aux_image.default\">\n\t\t\t\t<div class=\"elementor-widget-container\">\n\t\t\t<section class=\"widget-container aux-widget-image aux-alignnone aux-parent-au03507353\">\n    <div class=\"aux-media-hint-frame \">\n        <div class=\"aux-media-image \" >\n        \n            \n\n            \n            <img decoding=\"async\" width=\"1500\" height=\"1100\" src=\"https:\/\/cagdisdental.com\/wp-content\/uploads\/2024\/09\/1-2.jpg\" class=\"aux-attachment aux-featured-image aux-attachment-id-719\" alt=\"1\" data-ratio=\"1.36\" data-original-w=\"1500\" \/>            \n                <\/div>\n    <\/div>\n\n<\/section><!-- widget-container -->\t\t<\/div>\n\t\t\t\t<\/div>\n\t\t\t\t\t<\/div>\n\t\t<\/div>\n\t\t\t\t<div class=\"aux-parallax-section elementor-column elementor-col-50 elementor-top-column elementor-element elementor-element-140ca4e7\" data-id=\"140ca4e7\" data-element_type=\"column\">\n\t\t\t<div class=\"elementor-widget-wrap elementor-element-populated\">\n\t\t\t\t\t\t<div class=\"elementor-element elementor-element-15d09148 aux-appear-watch-animation aux-fade-in-left-1 elementor-widget elementor-widget-aux_modern_heading\" data-id=\"15d09148\" data-element_type=\"widget\" data-widget_type=\"aux_modern_heading.default\">\n\t\t\t\t<div class=\"elementor-widget-container\">\n\t\t\t<section class=\"aux-widget-modern-heading\">\n            <div class=\"aux-widget-inner\"><h4 class=\"aux-modern-heading-primary\"><\/h4><h2 class=\"aux-modern-heading-secondary\"><span class=\"aux-head-highlight\">\u00bfQu\u00e9 es un cambio completo de sonrisa Hollywood?<\/span><\/h2><\/div>\n        <\/section>\t\t<\/div>\n\t\t\t\t<\/div>\n\t\t\t\t<div class=\"elementor-element elementor-element-3d7437fd aux-appear-watch-animation aux-fade-in-left-1 elementor-widget elementor-widget-text-editor\" data-id=\"3d7437fd\" data-element_type=\"widget\" data-widget_type=\"text-editor.default\">\n\t\t\t\t<div class=\"elementor-widget-container\">\n\t\t\t\t\t\t\t<p>Como su nombre indica, un Hollywood Smile Makeover es un procedimiento cosm\u00e9tico con una reconstrucci\u00f3n prot\u00e9sica completa de ambos maxilares empleando fundas, carillas y, con frecuencia, implantes . En t\u00e9rminos m\u00e1s sencillos, una Sonrisa de Hollywood es un cambio de imagen integral de tu sonrisa. <\/p>\n<p>La Sonrisa de Hollywood consiste en instalar coronas dentales en todos los dientes o, como m\u00ednimo, en todos los dientes visibles de ambos maxilares, lo que incluye los premolares.<\/p>\n\t\t\t\t\t\t<\/div>\n\t\t\t\t<\/div>\n\t\t\t\t\t<\/div>\n\t\t<\/div>\n\t\t\t\t\t<\/div>\n\t\t<\/section>\n\t\t\t\t<section class=\"elementor-section elementor-top-section elementor-element elementor-element-7f38f5d5 elementor-section-stretched elementor-section-boxed elementor-section-height-default elementor-section-height-default\" data-id=\"7f38f5d5\" data-element_type=\"section\" data-settings=\"{&quot;stretch_section&quot;:&quot;section-stretched&quot;}\">\n\t\t\t\t\t\t<div class=\"elementor-container elementor-column-gap-no\">\n\t\t\t\t\t<div class=\"aux-parallax-section elementor-column elementor-col-100 elementor-top-column elementor-element elementor-element-3b8ba79e\" data-id=\"3b8ba79e\" data-element_type=\"column\">\n\t\t\t<div class=\"elementor-widget-wrap elementor-element-populated\">\n\t\t\t\t\t\t<div class=\"elementor-element elementor-element-1f6794f4 aux-appear-watch-animation aux-scale-down elementor-widget elementor-widget-aux_modern_heading\" data-id=\"1f6794f4\" data-element_type=\"widget\" data-widget_type=\"aux_modern_heading.default\">\n\t\t\t\t<div class=\"elementor-widget-container\">\n\t\t\t<section class=\"aux-widget-modern-heading\">\n            <div class=\"aux-widget-inner\"><h4 class=\"aux-modern-heading-primary\"><\/h4><h2 class=\"aux-modern-heading-secondary\"><span class=\"aux-head-highlight\">\u00bfQu\u00e9 es el procedimiento Hollywood Smile?<\/span><\/h2><\/div>\n        <\/section>\t\t<\/div>\n\t\t\t\t<\/div>\n\t\t\t\t<div class=\"elementor-element elementor-element-6aab3547 aux-appear-watch-animation aux-scale-down elementor-widget elementor-widget-text-editor\" data-id=\"6aab3547\" data-element_type=\"widget\" data-widget_type=\"text-editor.default\">\n\t\t\t\t<div class=\"elementor-widget-container\">\n\t\t\t\t\t\t\t<p>El procedimiento completo para conseguir el mejor Hollywood Smile Makeover suele requerir una semana de 2-3 visitas al dentista.<\/p>\n<p><strong>Paso 1: Evaluaci\u00f3n de la sonrisa<\/strong><\/p>\n<p>Los dentistas est\u00e9ticos evaluar\u00e1n tus dientes durante la consulta para determinar qu\u00e9 tipo de carillas es la mejor opci\u00f3n para ti.<\/p>\n<p>Durante esta consulta tambi\u00e9n hablar\u00e1s de la forma, longitud, anchura y color de tus nuevos dientes ideales<\/p>\n<p>Para crear carillas provisionales y una vista previa digital del dise\u00f1o de tu nueva sonrisa Hollywood Smile para la segunda sesi\u00f3n, tu dentista puede hacerte fotos de la boca. Esta vista previa te da una idea del aspecto que tendr\u00e1 tu cara, permiti\u00e9ndote tomar una decisi\u00f3n informada antes de comprometerte con el procedimiento Hollywood Smile. <\/p>\n<p><strong>Paso 2: Vista previa<\/strong><\/p>\n<p>Se crea un juego de carillas provisionales basado en las especificaciones de la consulta inicial para asegurarse de que te sientes c\u00f3modo y quieres seguir adelante con el dise\u00f1o.<\/p>\n<p>Para hacer sitio a las carillas provisionales, tu dentista est\u00e9tico tiene que eliminar una capa muy fina (menos de medio mil\u00edmetro) del esmalte de tus dientes. Tras el procedimiento de eliminaci\u00f3n, se obtiene un molde fresco de tus dientes. Este molde se utiliza para crear las carillas permanentes.  <\/p>\n<p><strong>Paso 3: Carillas permanentes<\/strong><\/p>\n<p>Esta \u00faltima visita a tus dentistas est\u00e9ticos en el procedimiento Hollywood smile es para instalar las carillas permanentes. Puede ser necesario ajustar o cortar las carillas para garantizar un ajuste perfecto en tus dientes. Adem\u00e1s, el \u00e9xito y la duraci\u00f3n de las carillas dentales dependen de c\u00f3mo se hayan preparado y qu\u00e9 materiales se hayan utilizado en el proceso de preparaci\u00f3n.  <\/p>\n<p>Tus dientes se limpiar\u00e1n, pulir\u00e1n y grabar\u00e1n una vez que las carillas se hayan colocado correctamente.<\/p>\n<p>Cada carilla se recubre con un cemento dental de primera calidad antes de fijarla a tus dientes. Una vez colocada cada carilla, el dentista est\u00e9tico solidificar\u00e1 el cemento dental con una luz especial. <\/p>\n<p>Se examinar\u00e1 tu mordida despu\u00e9s de colocar todas las carillas.<\/p>\n<p><strong>Paso 4: Sonr\u00ede<\/strong><\/p>\n<p>\u00a1Ahora es el momento de presumir de sonrisa bonita!<\/p>\n\t\t\t\t\t\t<\/div>\n\t\t\t\t<\/div>\n\t\t\t\t<section class=\"elementor-section elementor-inner-section elementor-element elementor-element-8194294 elementor-hidden-desktop elementor-hidden-tablet elementor-hidden-mobile elementor-section-boxed elementor-section-height-default elementor-section-height-default\" data-id=\"8194294\" data-element_type=\"section\">\n\t\t\t\t\t\t<div class=\"elementor-container elementor-column-gap-narrow\">\n\t\t\t\t\t<div class=\"aux-parallax-section elementor-column elementor-col-33 elementor-inner-column elementor-element elementor-element-6c41ec7\" data-id=\"6c41ec7\" data-element_type=\"column\">\n\t\t\t<div class=\"elementor-widget-wrap elementor-element-populated\">\n\t\t\t\t\t\t<div class=\"elementor-element elementor-element-8f5711e aux-appear-watch-animation aux-fade-in-up elementor-widget elementor-widget-aux-before-after\" data-id=\"8f5711e\" data-element_type=\"widget\" data-widget_type=\"aux-before-after.default\">\n\t\t\t\t<div class=\"elementor-widget-container\">\n\t\t\t<div class=\"widget-container aux-widget-before-after\"><div class=\"aux-before-after\" data-offset=\"0.5\" ><img decoding=\"async\" width=\"1500\" height=\"724\" src=\"https:\/\/cagdisdental.com\/wp-content\/uploads\/2024\/09\/3.webp\" class=\"attachment-full size-full wp-image-726\" alt=\"\" srcset=\"https:\/\/cagdisdental.com\/wp-content\/uploads\/2024\/09\/3.webp 1500w, https:\/\/cagdisdental.com\/wp-content\/uploads\/2024\/09\/3-200x97.webp 200w\" sizes=\"(max-width: 1500px) 100vw, 1500px\" \/> <img loading=\"lazy\" decoding=\"async\" width=\"1500\" height=\"724\" src=\"https:\/\/cagdisdental.com\/wp-content\/uploads\/2024\/09\/31-1.webp\" class=\"attachment-full size-full wp-image-725\" alt=\"\" srcset=\"https:\/\/cagdisdental.com\/wp-content\/uploads\/2024\/09\/31-1.webp 1500w, https:\/\/cagdisdental.com\/wp-content\/uploads\/2024\/09\/31-1-200x97.webp 200w\" sizes=\"(max-width: 1500px) 100vw, 1500px\" \/><\/div><\/div>\t\t<\/div>\n\t\t\t\t<\/div>\n\t\t\t\t\t<\/div>\n\t\t<\/div>\n\t\t\t\t<div class=\"aux-parallax-section elementor-column elementor-col-33 elementor-inner-column elementor-element elementor-element-e5c5f9b\" data-id=\"e5c5f9b\" data-element_type=\"column\">\n\t\t\t<div class=\"elementor-widget-wrap elementor-element-populated\">\n\t\t\t\t\t\t<div class=\"elementor-element elementor-element-64de90e aux-appear-watch-animation aux-fade-in-up elementor-widget elementor-widget-aux-before-after\" data-id=\"64de90e\" data-element_type=\"widget\" data-widget_type=\"aux-before-after.default\">\n\t\t\t\t<div class=\"elementor-widget-container\">\n\t\t\t<div class=\"widget-container aux-widget-before-after\"><div class=\"aux-before-after\" data-offset=\"0.5\" ><img loading=\"lazy\" decoding=\"async\" width=\"1500\" height=\"724\" src=\"https:\/\/cagdisdental.com\/wp-content\/uploads\/2024\/09\/33.webp\" class=\"attachment-full size-full wp-image-727\" alt=\"\" srcset=\"https:\/\/cagdisdental.com\/wp-content\/uploads\/2024\/09\/33.webp 1500w, https:\/\/cagdisdental.com\/wp-content\/uploads\/2024\/09\/33-200x97.webp 200w\" sizes=\"(max-width: 1500px) 100vw, 1500px\" \/> <img loading=\"lazy\" decoding=\"async\" width=\"1500\" height=\"724\" src=\"https:\/\/cagdisdental.com\/wp-content\/uploads\/2024\/09\/32.webp\" class=\"attachment-full size-full wp-image-722\" alt=\"\" srcset=\"https:\/\/cagdisdental.com\/wp-content\/uploads\/2024\/09\/32.webp 1500w, https:\/\/cagdisdental.com\/wp-content\/uploads\/2024\/09\/32-200x97.webp 200w\" sizes=\"(max-width: 1500px) 100vw, 1500px\" \/><\/div><\/div>\t\t<\/div>\n\t\t\t\t<\/div>\n\t\t\t\t\t<\/div>\n\t\t<\/div>\n\t\t\t\t<div class=\"aux-parallax-section elementor-column elementor-col-33 elementor-inner-column elementor-element elementor-element-7a9abfd\" data-id=\"7a9abfd\" data-element_type=\"column\">\n\t\t\t<div class=\"elementor-widget-wrap elementor-element-populated\">\n\t\t\t\t\t\t<div class=\"elementor-element elementor-element-84210ee aux-appear-watch-animation aux-fade-in-up elementor-widget elementor-widget-aux-before-after\" data-id=\"84210ee\" data-element_type=\"widget\" data-widget_type=\"aux-before-after.default\">\n\t\t\t\t<div class=\"elementor-widget-container\">\n\t\t\t<div class=\"widget-container aux-widget-before-after\"><div class=\"aux-before-after\" data-offset=\"0.5\" ><img loading=\"lazy\" decoding=\"async\" width=\"1500\" height=\"724\" src=\"https:\/\/cagdisdental.com\/wp-content\/uploads\/2024\/09\/315.webp\" class=\"attachment-full size-full wp-image-723\" alt=\"\" srcset=\"https:\/\/cagdisdental.com\/wp-content\/uploads\/2024\/09\/315.webp 1500w, https:\/\/cagdisdental.com\/wp-content\/uploads\/2024\/09\/315-200x97.webp 200w\" sizes=\"(max-width: 1500px) 100vw, 1500px\" \/> <img loading=\"lazy\" decoding=\"async\" width=\"1500\" height=\"724\" src=\"https:\/\/cagdisdental.com\/wp-content\/uploads\/2024\/09\/34.webp\" class=\"attachment-full size-full wp-image-724\" alt=\"\" srcset=\"https:\/\/cagdisdental.com\/wp-content\/uploads\/2024\/09\/34.webp 1500w, https:\/\/cagdisdental.com\/wp-content\/uploads\/2024\/09\/34-200x97.webp 200w\" sizes=\"(max-width: 1500px) 100vw, 1500px\" \/><\/div><\/div>\t\t<\/div>\n\t\t\t\t<\/div>\n\t\t\t\t\t<\/div>\n\t\t<\/div>\n\t\t\t\t\t<\/div>\n\t\t<\/section>\n\t\t\t\t\t<\/div>\n\t\t<\/div>\n\t\t\t\t\t<\/div>\n\t\t<\/section>\n\t\t\t\t<section class=\"elementor-section elementor-top-section elementor-element elementor-element-3312d46f elementor-section-stretched elementor-section-boxed elementor-section-height-default elementor-section-height-default\" data-id=\"3312d46f\" data-element_type=\"section\" data-settings=\"{&quot;background_background&quot;:&quot;classic&quot;,&quot;stretch_section&quot;:&quot;section-stretched&quot;}\">\n\t\t\t\t\t\t<div class=\"elementor-container elementor-column-gap-no\">\n\t\t\t\t\t<div class=\"aux-parallax-section elementor-column elementor-col-50 elementor-top-column elementor-element elementor-element-58846fb5\" data-id=\"58846fb5\" data-element_type=\"column\">\n\t\t\t<div class=\"elementor-widget-wrap elementor-element-populated\">\n\t\t\t\t\t\t<div class=\"elementor-element elementor-element-6f79695 aux-appear-watch-animation aux-fade-in-left-1 elementor-widget elementor-widget-aux_modern_heading\" data-id=\"6f79695\" data-element_type=\"widget\" data-widget_type=\"aux_modern_heading.default\">\n\t\t\t\t<div class=\"elementor-widget-container\">\n\t\t\t<section class=\"aux-widget-modern-heading\">\n            <div class=\"aux-widget-inner\"><h4 class=\"aux-modern-heading-primary\"><\/h4><h2 class=\"aux-modern-heading-secondary\"><span class=\"aux-head-highlight\">\u00bfCu\u00e1nto dura una sonrisa de Hollywood?<\/span><\/h2><\/div>\n        <\/section>\t\t<\/div>\n\t\t\t\t<\/div>\n\t\t\t\t<div class=\"elementor-element elementor-element-616eb883 aux-appear-watch-animation aux-fade-in-left-1 elementor-widget elementor-widget-text-editor\" data-id=\"616eb883\" data-element_type=\"widget\" data-widget_type=\"text-editor.default\">\n\t\t\t\t<div class=\"elementor-widget-container\">\n\t\t\t\t\t\t\t<p>Si decides someterte a una intervenci\u00f3n de sonrisa Hollywood, no te decepcionar\u00e1. Los resultados aparecen de forma instant\u00e1nea y natural, y ver\u00e1s una mejora significativa en muchas facetas de tu sonrisa, desde su posici\u00f3n hasta su brillo nacarado y sus medidas ideales. <\/p>\n<p>Esta sonrisa duradera puede acompa\u00f1arte durante al menos 15 a\u00f1os. La duraci\u00f3n de tu sonrisa de Hollywood depende de la durabilidad de las carillas, coronas o implantes dentales que te hayas colocado en los dientes y de que mantengas una rutina de cuidado dental adecuada. <\/p>\n<p><strong>\u00bfC\u00f3mo cuidar tu sonrisa de Hollywood?<br \/><\/strong>Al final, el mantenimiento es el elemento m\u00e1s importante para que tu Sonrisa de Hollywood dure.<\/p>\n<p>Para mantener tu sonrisa de Hollywood, debes<\/p>\n<p>Cep\u00edllate los dientes y usa hilo dental todos los d\u00edas. Tu rutina de cuidado dental es muy importante. <\/p>\n<p>Utiliza enjuague bucal dos veces al d\u00eda.<\/p>\n<p>Evita morderte las u\u00f1as. Los dientes pueden quedar desiguales, agrietados o astillados como consecuencia de esta mala pr\u00e1ctica. Adem\u00e1s, tus carillas podr\u00edan romperse.  <\/p>\n<p>Evita abrir objetos con los dientes. Si te gusta utilizar los dientes para abrir bolsas o tapones, puedes da\u00f1arlos gravemente. <\/p>\n<p>En definitiva, \u00a1una sonrisa vale m\u00e1s que mil palabras! As\u00ed que no olvides lucir tu sonrisa con confianza.  No obstante, recuerda que tu rutina de cuidado dental y el mantenimiento de una higiene dental s\u00f3lida son la clave definitiva para conseguir una sonrisa de Hollywood duradera y bonita.<\/p>\n\t\t\t\t\t\t<\/div>\n\t\t\t\t<\/div>\n\t\t\t\t\t<\/div>\n\t\t<\/div>\n\t\t\t\t<div class=\"aux-parallax-section elementor-column elementor-col-50 elementor-top-column elementor-element elementor-element-154b5416\" data-id=\"154b5416\" data-element_type=\"column\">\n\t\t\t<div class=\"elementor-widget-wrap elementor-element-populated\">\n\t\t\t\t\t\t<div class=\"elementor-element elementor-element-6f7d8363 aux-appear-watch-animation aux-fade-in-left-1 elementor-widget elementor-widget-aux_image\" data-id=\"6f7d8363\" data-element_type=\"widget\" data-widget_type=\"aux_image.default\">\n\t\t\t\t<div class=\"elementor-widget-container\">\n\t\t\t<section class=\"widget-container aux-widget-image aux-alignnone aux-parent-au16e712df\">\n    <div class=\"aux-media-hint-frame \">\n        <div class=\"aux-media-image \" >\n        \n            \n\n            \n            <img loading=\"lazy\" decoding=\"async\" width=\"1280\" height=\"853\" src=\"https:\/\/cagdisdental.com\/wp-content\/uploads\/2021\/04\/pexels-olly-37797052.jpg\" class=\"aux-attachment aux-featured-image aux-attachment-id-626\" alt=\"pexels-olly-3779705(2)\" data-ratio=\"1.5\" data-original-w=\"1280\" \/>            \n                <\/div>\n    <\/div>\n\n<\/section><!-- widget-container -->\t\t<\/div>\n\t\t\t\t<\/div>\n\t\t\t\t\t<\/div>\n\t\t<\/div>\n\t\t\t\t\t<\/div>\n\t\t<\/section>\n\t\t\t\t<section class=\"elementor-section elementor-top-section elementor-element elementor-element-40a7062e elementor-section-stretched elementor-section-boxed elementor-section-height-default elementor-section-height-default\" data-id=\"40a7062e\" data-element_type=\"section\" data-settings=\"{&quot;stretch_section&quot;:&quot;section-stretched&quot;}\">\n\t\t\t\t\t\t<div class=\"elementor-container elementor-column-gap-no\">\n\t\t\t\t\t<div class=\"aux-parallax-section elementor-column elementor-col-100 elementor-top-column elementor-element elementor-element-6675ddcd\" data-id=\"6675ddcd\" data-element_type=\"column\">\n\t\t\t<div class=\"elementor-widget-wrap elementor-element-populated\">\n\t\t\t\t\t\t<div class=\"elementor-element elementor-element-634d3066 aux-appear-watch-animation aux-scale-down elementor-widget elementor-widget-aux_modern_heading\" data-id=\"634d3066\" data-element_type=\"widget\" data-widget_type=\"aux_modern_heading.default\">\n\t\t\t\t<div class=\"elementor-widget-container\">\n\t\t\t<section class=\"aux-widget-modern-heading\">\n            <div class=\"aux-widget-inner\"><h4 class=\"aux-modern-heading-primary\"><\/h4><h2 class=\"aux-modern-heading-secondary\"><span class=\"aux-head-highlight\">\u00bfCu\u00e1les son los distintos tipos de carillas?<\/span><\/h2><\/div>\n        <\/section>\t\t<\/div>\n\t\t\t\t<\/div>\n\t\t\t\t<div class=\"elementor-element elementor-element-bff96a aux-appear-watch-animation aux-scale-down elementor-widget elementor-widget-text-editor\" data-id=\"bff96a\" data-element_type=\"widget\" data-widget_type=\"text-editor.default\">\n\t\t\t\t<div class=\"elementor-widget-container\">\n\t\t\t\t\t\t\t<p>Las carillas son un producto de odontolog\u00eda cosm\u00e9tica de vanguardia que se fabrica para mejorar el aspecto general de tus dientes. Suelen colocarse en los dientes frontales y en los laterales que son visibles cuando sonr\u00edes. Si se hacen correctamente, las carillas dan un aspecto muy natural, ya que tu dentista las fijar\u00e1 directamente a tus dientes durante toda la operaci\u00f3n.  <\/p>\n<p>\u00bfC\u00f3mo elegir entre los distintos tipos de chapas?<\/p>\n<p>Las carillas est\u00e1n disponibles en distintos tonos y materiales, pero independientemente de la elecci\u00f3n que hagas, ser\u00e1n finas, resistentes a las manchas y lo bastante fuertes como para sobrevivir al desgaste diario normal de tus dientes.<\/p>\n<p><strong>Tipo 1: Carillas de porcelana<\/strong><\/p>\n<p>Con frecuencia son las carillas preferidas de los pacientes que quieren cambiar el tama\u00f1o, la forma o el color de sus dientes o hacerles peque\u00f1os ajustes. A continuaci\u00f3n se enumeran algunas ventajas de las carillas de porcelana: <\/p>\n<p>En comparaci\u00f3n con otras carillas, son m\u00e1s finas.<\/p>\n<p>Podr\u00edas beneficiarte de unos dientes con un aspecto bastante natural.<\/p>\n<p>Las carillas de porcelana pueden durar hasta 15 a\u00f1os con un mantenimiento adecuado.<\/p>\n<p>La mayor\u00eda de las veces no es necesario reducir el tama\u00f1o de ning\u00fan diente natural.<\/p>\n<p>Recuerda: Aunque las carillas de porcelana son m\u00e1s resistentes y tienen un aspecto m\u00e1s realista, tambi\u00e9n son m\u00e1s caras y requieren una pasta de pulido especializada. Adem\u00e1s, no se pueden reparar si se rompen, por lo que es necesario sustituirlas. <\/p>\n<p><strong>Tipo 2: Carillas cer\u00e1micas<\/strong><\/p>\n<p>Uno de los tipos de carillas m\u00e1s utilizados es el de cer\u00e1mica, y muchos pacientes consideran que son una opci\u00f3n fant\u00e1stica porque tienen<\/p>\n<p>Un aspecto realista<\/p>\n<p>Fuerza<\/p>\n<p>Capacidad para parecerse a tus dientes reales<\/p>\n<p>Recuerda que las carillas de cer\u00e1mica pueden requerir m\u00e1s tiempo de elaboraci\u00f3n que otras variedades. Despu\u00e9s de la intervenci\u00f3n, tambi\u00e9n puedes tener cierta sensibilidad dental temporal durante unos d\u00edas. <\/p>\n<p><strong>Tipo 3: Carillas mixtas<\/strong><\/p>\n<p>Algunas personas prefieren las carillas mixtas porque son m\u00e1s asequibles. Adem\u00e1s, con frecuencia pueden implantarse en una sola intervenci\u00f3n, eliminando la necesidad de muchas citas con el dentista. Otras ventajas de este tipo de chapa son:  <\/p>\n<p>En comparaci\u00f3n con otras carillas, requieren menos preparaci\u00f3n del diente.<\/p>\n<p>Normalmente, el precio es la mitad que el de las carillas de porcelana.<\/p>\n<p>Las carillas de composite superior pueden mostrar un aspecto natural.<\/p>\n<p>Recuerda que las carillas mixtas pueden ser menos caras, pero tambi\u00e9n tienen m\u00e1s probabilidades de mancharse, romperse o astillarse si no se cuidan adecuadamente.<\/p>\n\t\t\t\t\t\t<\/div>\n\t\t\t\t<\/div>\n\t\t\t\t\t<\/div>\n\t\t<\/div>\n\t\t\t\t\t<\/div>\n\t\t<\/section>\n\t\t\t\t<\/div>\n\t\t","protected":false},"excerpt":{"rendered":"<p>Sonrisa de Hollywood Un plan de tratamiento detallado para hacer brillar tu Sonrisa \u00bfQu\u00e9 es un cambio completo de sonrisa Hollywood? Como su nombre indica, un Hollywood Smile Makeover es un procedimiento cosm\u00e9tico con una reconstrucci\u00f3n prot\u00e9sica completa de ambos maxilares empleando fundas, carillas y, con frecuencia, implantes . En t\u00e9rminos m\u00e1s sencillos, una Sonrisa [&hellip;]<\/p>\n","protected":false},"author":1,"featured_media":0,"parent":0,"menu_order":0,"comment_status":"closed","ping_status":"closed","template":"","meta":{"_monsterinsights_skip_tracking":false,"_monsterinsights_sitenote_active":false,"_monsterinsights_sitenote_note":"","_monsterinsights_sitenote_category":0,"_joinchat":[],"footnotes":""},"class_list":["post-2232","page","type-page","status-publish","hentry"],"aioseo_notices":[],"_links":{"self":[{"href":"https:\/\/cagdisdental.com\/es\/wp-json\/wp\/v2\/pages\/2232"}],"collection":[{"href":"https:\/\/cagdisdental.com\/es\/wp-json\/wp\/v2\/pages"}],"about":[{"href":"https:\/\/cagdisdental.com\/es\/wp-json\/wp\/v2\/types\/page"}],"author":[{"embeddable":true,"href":"https:\/\/cagdisdental.com\/es\/wp-json\/wp\/v2\/users\/1"}],"replies":[{"embeddable":true,"href":"https:\/\/cagdisdental.com\/es\/wp-json\/wp\/v2\/comments?post=2232"}],"version-history":[{"count":2,"href":"https:\/\/cagdisdental.com\/es\/wp-json\/wp\/v2\/pages\/2232\/revisions"}],"predecessor-version":[{"id":6878,"href":"https:\/\/cagdisdental.com\/es\/wp-json\/wp\/v2\/pages\/2232\/revisions\/6878"}],"wp:attachment":[{"href":"https:\/\/cagdisdental.com\/es\/wp-json\/wp\/v2\/media?parent=2232"}],"curies":[{"name":"wp","href":"https:\/\/api.w.org\/{rel}","templated":true}]}}