{"id":2240,"date":"2024-09-18T12:16:46","date_gmt":"2024-09-18T12:16:46","guid":{"rendered":"https:\/\/cagdisdental.com\/carillas-e-max\/"},"modified":"2025-11-02T23:02:21","modified_gmt":"2025-11-02T23:02:21","slug":"carillas-e-max","status":"publish","type":"page","link":"https:\/\/cagdisdental.com\/es\/carillas-e-max\/","title":{"rendered":"Carillas E MAX"},"content":{"rendered":"\t\t<div data-elementor-type=\"wp-page\" data-elementor-id=\"2240\" class=\"elementor elementor-2240 elementor-143\">\n\t\t\t\t\t\t<section class=\"elementor-section elementor-top-section elementor-element elementor-element-29c899bf elementor-section-content-middle elementor-section-stretched elementor-section-boxed elementor-section-height-default elementor-section-height-default\" data-id=\"29c899bf\" data-element_type=\"section\" data-settings=\"{&quot;stretch_section&quot;:&quot;section-stretched&quot;,&quot;background_background&quot;:&quot;classic&quot;}\">\n\t\t\t\t\t\t<div class=\"elementor-container elementor-column-gap-no\">\n\t\t\t\t\t<div class=\"aux-parallax-section elementor-column elementor-col-50 elementor-top-column elementor-element elementor-element-50e97136\" data-id=\"50e97136\" data-element_type=\"column\">\n\t\t\t<div class=\"elementor-widget-wrap elementor-element-populated\">\n\t\t\t\t\t\t<div class=\"elementor-element elementor-element-2e05fb22 aux-appear-watch-animation aux-scale-down elementor-widget elementor-widget-aux_modern_heading\" data-id=\"2e05fb22\" data-element_type=\"widget\" data-widget_type=\"aux_modern_heading.default\">\n\t\t\t\t<div class=\"elementor-widget-container\">\n\t\t\t<section class=\"aux-widget-modern-heading\">\n            <div class=\"aux-widget-inner\"><h4 class=\"aux-modern-heading-primary\">Brilla Para Siempre Contigo<\/h4><h1 class=\"aux-modern-heading-secondary\"><span class=\"aux-head-highlight\">Carillas E-Max<\/span><\/h1><div class=\"aux-modern-heading-description\"><p>Las carillas Emax destacan por el uso de material cer\u00e1mico, frente a la porcelana tradicional utilizada en otras carillas. Se encuentran entre las opciones m\u00e1s recomendadas para los pacientes que buscan los resultados m\u00e1s naturales y est\u00e9ticamente agradables. <\/p>\n<\/div><\/div>\n        <\/section>\t\t<\/div>\n\t\t\t\t<\/div>\n\t\t\t\t\t<\/div>\n\t\t<\/div>\n\t\t\t\t<div class=\"aux-parallax-section elementor-column elementor-col-50 elementor-top-column elementor-element elementor-element-11bbae9e\" data-id=\"11bbae9e\" data-element_type=\"column\">\n\t\t\t<div class=\"elementor-widget-wrap elementor-element-populated\">\n\t\t\t\t\t\t<div class=\"elementor-element elementor-element-7deb0d12 aux-appear-watch-animation aux-scale-up elementor-widget elementor-widget-aux_image\" data-id=\"7deb0d12\" data-element_type=\"widget\" data-widget_type=\"aux_image.default\">\n\t\t\t\t<div class=\"elementor-widget-container\">\n\t\t\t<section class=\"widget-container aux-widget-image aux-alignnone aux-parent-au08743f31\">\n    <div class=\"aux-media-hint-frame \">\n        <div class=\"aux-media-image \" >\n        \n            \n\n            \n            <img fetchpriority=\"high\" decoding=\"async\" width=\"843\" height=\"526\" src=\"https:\/\/cagdisdental.com\/wp-content\/uploads\/2024\/09\/Ekran-goruntusu-2024-09-18-225220.png\" class=\"aux-attachment aux-featured-image aux-attachment-id-1008\" alt=\"Ekran g\u00f6r\u00fcnt\u00fcs\u00fc 2024-09-18 225220\" data-ratio=\"1.6\" data-original-w=\"843\" \/>            \n                <\/div>\n    <\/div>\n\n<\/section><!-- widget-container -->\t\t<\/div>\n\t\t\t\t<\/div>\n\t\t\t\t\t<\/div>\n\t\t<\/div>\n\t\t\t\t\t<\/div>\n\t\t<\/section>\n\t\t\t\t<section class=\"elementor-section elementor-top-section elementor-element elementor-element-328c2709 elementor-section-stretched elementor-section-boxed elementor-section-height-default elementor-section-height-default\" data-id=\"328c2709\" data-element_type=\"section\" data-settings=\"{&quot;background_background&quot;:&quot;classic&quot;,&quot;stretch_section&quot;:&quot;section-stretched&quot;}\">\n\t\t\t\t\t\t<div class=\"elementor-container elementor-column-gap-no\">\n\t\t\t\t\t<div class=\"aux-parallax-section elementor-column elementor-col-100 elementor-top-column elementor-element elementor-element-672f99ac\" data-id=\"672f99ac\" data-element_type=\"column\">\n\t\t\t<div class=\"elementor-widget-wrap elementor-element-populated\">\n\t\t\t\t\t\t<div class=\"elementor-element elementor-element-6c041526 aux-appear-watch-animation aux-scale-down elementor-widget elementor-widget-aux_modern_heading\" data-id=\"6c041526\" data-element_type=\"widget\" data-widget_type=\"aux_modern_heading.default\">\n\t\t\t\t<div class=\"elementor-widget-container\">\n\t\t\t<section class=\"aux-widget-modern-heading\">\n            <div class=\"aux-widget-inner\"><h4 class=\"aux-modern-heading-primary\"><\/h4><h2 class=\"aux-modern-heading-secondary\"><span class=\"aux-head-highlight\">\u00bfQu\u00e9 es la eMax?<\/span><\/h2><\/div>\n        <\/section>\t\t<\/div>\n\t\t\t\t<\/div>\n\t\t\t\t<div class=\"elementor-element elementor-element-32e9dc59 elementor-widget elementor-widget-text-editor\" data-id=\"32e9dc59\" data-element_type=\"widget\" data-widget_type=\"text-editor.default\">\n\t\t\t\t<div class=\"elementor-widget-container\">\n\t\t\t\t\t\t\t<p style=\"text-align: left;\">Las carillas Emax est\u00e1n hechas de vidrio de disilicato de litio, un material cer\u00e1mico de alta calidad conocido por su excepcional translucidez y durabilidad. Este avanzado material permite crear carillas incre\u00edblemente resistentes y de aspecto extraordinariamente natural. <\/p>\n\t\t\t\t\t\t<\/div>\n\t\t\t\t<\/div>\n\t\t\t\t\t<\/div>\n\t\t<\/div>\n\t\t\t\t\t<\/div>\n\t\t<\/section>\n\t\t\t\t<section class=\"elementor-section elementor-top-section elementor-element elementor-element-e21d95e elementor-section-stretched elementor-section-boxed elementor-section-height-default elementor-section-height-default\" data-id=\"e21d95e\" data-element_type=\"section\" data-settings=\"{&quot;background_background&quot;:&quot;classic&quot;,&quot;stretch_section&quot;:&quot;section-stretched&quot;}\">\n\t\t\t\t\t\t<div class=\"elementor-container elementor-column-gap-no\">\n\t\t\t\t\t<div class=\"aux-parallax-section elementor-column elementor-col-50 elementor-top-column elementor-element elementor-element-599d93b\" data-id=\"599d93b\" data-element_type=\"column\">\n\t\t\t<div class=\"elementor-widget-wrap elementor-element-populated\">\n\t\t\t\t\t\t<div class=\"elementor-element elementor-element-e1d485e aux-appear-watch-animation aux-scale-down elementor-widget elementor-widget-aux_modern_heading\" data-id=\"e1d485e\" data-element_type=\"widget\" data-widget_type=\"aux_modern_heading.default\">\n\t\t\t\t<div class=\"elementor-widget-container\">\n\t\t\t<section class=\"aux-widget-modern-heading\">\n            <div class=\"aux-widget-inner\"><h1 class=\"aux-modern-heading-primary\"><\/h1><p class=\"aux-modern-heading-secondary\"><span class=\"aux-head-highlight\">\u00bfQu\u00e9 son las carillas de porcelana eMax?<\/span><\/p><\/div>\n        <\/section>\t\t<\/div>\n\t\t\t\t<\/div>\n\t\t\t\t<div class=\"elementor-element elementor-element-42affeb elementor-widget elementor-widget-text-editor\" data-id=\"42affeb\" data-element_type=\"widget\" data-widget_type=\"text-editor.default\">\n\t\t\t\t<div class=\"elementor-widget-container\">\n\t\t\t\t\t\t\t<p>Las carillas de porcelana Emax est\u00e1n compuestas por un n\u00facleo Emax recubierto de una capa de porcelana. Se distinguen de otros tipos de carillas por su notable translucidez y opalescencia, que permiten una mejor difusi\u00f3n de la luz. <\/p>\n<p>En cambio, las carillas de porcelana tradicionales tienden a ser m\u00e1s opacas y no consiguen el mismo nivel de transmisi\u00f3n de la luz. Las carillas de porcelana Emax pueden proporcionar una sonrisa de aspecto muy natural, combin\u00e1ndose a la perfecci\u00f3n con tus dientes naturales y ofreciendo una de las opciones est\u00e9ticamente m\u00e1s agradables disponibles. <\/p>\n\t\t\t\t\t\t<\/div>\n\t\t\t\t<\/div>\n\t\t\t\t\t<\/div>\n\t\t<\/div>\n\t\t\t\t<div class=\"aux-parallax-section elementor-column elementor-col-50 elementor-top-column elementor-element elementor-element-71391a6\" data-id=\"71391a6\" data-element_type=\"column\">\n\t\t\t<div class=\"elementor-widget-wrap elementor-element-populated\">\n\t\t\t\t\t\t<div class=\"elementor-element elementor-element-0ea29f2 aux-appear-watch-animation aux-scale-up elementor-widget elementor-widget-aux_image\" data-id=\"0ea29f2\" data-element_type=\"widget\" data-widget_type=\"aux_image.default\">\n\t\t\t\t<div class=\"elementor-widget-container\">\n\t\t\t<section class=\"widget-container aux-widget-image aux-alignnone aux-parent-au742d4e51\">\n    <div class=\"aux-media-hint-frame \">\n        <div class=\"aux-media-image \" >\n        \n            \n\n            \n            <img decoding=\"async\" width=\"605\" height=\"363\" src=\"https:\/\/cagdisdental.com\/wp-content\/uploads\/2024\/09\/Picture1.jpg\" class=\"aux-attachment aux-featured-image aux-attachment-id-1009\" alt=\"Picture1\" data-ratio=\"1.67\" data-original-w=\"605\" \/>            \n                <\/div>\n    <\/div>\n\n<\/section><!-- widget-container -->\t\t<\/div>\n\t\t\t\t<\/div>\n\t\t\t\t\t<\/div>\n\t\t<\/div>\n\t\t\t\t\t<\/div>\n\t\t<\/section>\n\t\t\t\t<section class=\"elementor-section elementor-top-section elementor-element elementor-element-53fbfcff elementor-section-stretched elementor-section-boxed elementor-section-height-default elementor-section-height-default\" data-id=\"53fbfcff\" data-element_type=\"section\" data-settings=\"{&quot;background_background&quot;:&quot;classic&quot;,&quot;stretch_section&quot;:&quot;section-stretched&quot;}\">\n\t\t\t\t\t\t<div class=\"elementor-container elementor-column-gap-no\">\n\t\t\t\t\t<div class=\"aux-parallax-section elementor-column elementor-col-100 elementor-top-column elementor-element elementor-element-12fa2964\" data-id=\"12fa2964\" data-element_type=\"column\">\n\t\t\t<div class=\"elementor-widget-wrap elementor-element-populated\">\n\t\t\t\t\t\t<div class=\"elementor-element elementor-element-42836107 aux-appear-watch-animation aux-scale-down elementor-widget elementor-widget-aux_modern_heading\" data-id=\"42836107\" data-element_type=\"widget\" data-widget_type=\"aux_modern_heading.default\">\n\t\t\t\t<div class=\"elementor-widget-container\">\n\t\t\t<section class=\"aux-widget-modern-heading\">\n            <div class=\"aux-widget-inner\"><h4 class=\"aux-modern-heading-primary\"><\/h4><h2 class=\"aux-modern-heading-secondary\"><span class=\"aux-head-highlight\">Ventajas de las carillas eMax<\/span><\/h2><\/div>\n        <\/section>\t\t<\/div>\n\t\t\t\t<\/div>\n\t\t\t\t<div class=\"elementor-element elementor-element-7066c060 elementor-widget elementor-widget-text-editor\" data-id=\"7066c060\" data-element_type=\"widget\" data-widget_type=\"text-editor.default\">\n\t\t\t\t<div class=\"elementor-widget-container\">\n\t\t\t\t\t\t\t<p>Las principales ventajas de las carillas Emax proceden de su composici\u00f3n vitrocer\u00e1mica, que proporciona una translucidez, opalescencia y difusi\u00f3n de la luz excepcionales. He aqu\u00ed algunas ventajas clave: <\/p>\n<ul>\n<li><strong>Integraci\u00f3n natural:<\/strong> Las carillas Emax pueden adaptarse perfectamente al color de tus dientes actuales para conseguir una sonrisa perfecta y de aspecto natural. Para un aspecto a\u00fan m\u00e1s brillante, se puede realizar previamente un blanqueamiento dental. <\/li>\n<li><strong>Eliminaci\u00f3n m\u00ednima de dientes:<\/strong> Estas carillas son significativamente m\u00e1s finas que las carillas de porcelana tradicionales, por lo que requieren menos eliminaci\u00f3n de esmalte.<\/li>\n<li><strong>Est\u00e9tica personalizable: <\/strong>Permiten ajustar con precisi\u00f3n la forma, longitud, anchura y color de tus dientes.<\/li>\n<li><strong>Correcci\u00f3n de problemas menores:<\/strong> Las carillas Emax pueden corregir eficazmente desalineaciones menores, como api\u00f1amientos leves o espacios.<\/li>\n<li><strong>Mayor durabilidad:<\/strong> Su material vitrocer\u00e1mico es a la vez m\u00e1s duro y m\u00e1s fino, lo que ofrece una mayor durabilidad.<\/li>\n<\/ul>\n\t\t\t\t\t\t<\/div>\n\t\t\t\t<\/div>\n\t\t\t\t\t<\/div>\n\t\t<\/div>\n\t\t\t\t\t<\/div>\n\t\t<\/section>\n\t\t\t\t<section class=\"elementor-section elementor-top-section elementor-element elementor-element-1c350dba elementor-section-stretched elementor-section-boxed elementor-section-height-default elementor-section-height-default\" data-id=\"1c350dba\" data-element_type=\"section\" data-settings=\"{&quot;stretch_section&quot;:&quot;section-stretched&quot;}\">\n\t\t\t\t\t\t<div class=\"elementor-container elementor-column-gap-no\">\n\t\t\t\t\t<div class=\"aux-parallax-section elementor-column elementor-col-100 elementor-top-column elementor-element elementor-element-34ea9e88\" data-id=\"34ea9e88\" data-element_type=\"column\">\n\t\t\t<div class=\"elementor-widget-wrap elementor-element-populated\">\n\t\t\t\t\t\t<div class=\"elementor-element elementor-element-3138b968 aux-appear-watch-animation aux-scale-down elementor-widget elementor-widget-aux_modern_heading\" data-id=\"3138b968\" data-element_type=\"widget\" data-widget_type=\"aux_modern_heading.default\">\n\t\t\t\t<div class=\"elementor-widget-container\">\n\t\t\t<section class=\"aux-widget-modern-heading\">\n            <div class=\"aux-widget-inner\"><h4 class=\"aux-modern-heading-primary\"><\/h4><h2 class=\"aux-modern-heading-secondary\"><span class=\"aux-head-highlight\">\u00bfC\u00f3mo se colocan las carillas eMax?<\/span><\/h2><\/div>\n        <\/section>\t\t<\/div>\n\t\t\t\t<\/div>\n\t\t\t\t<div class=\"elementor-element elementor-element-5853d396 elementor-widget elementor-widget-text-editor\" data-id=\"5853d396\" data-element_type=\"widget\" data-widget_type=\"text-editor.default\">\n\t\t\t\t<div class=\"elementor-widget-container\">\n\t\t\t\t\t\t\t<p>El procedimiento de las carillas de porcelana Emax suele requerir dos visitas. Durante la primera cita, el dentista preparar\u00e1 tus dientes recortando suavemente una peque\u00f1a cantidad de esmalte para crear espacio para las carillas. Se tomar\u00e1 una impresi\u00f3n de tus dientes y se enviar\u00e1 a un laboratorio para elaborar tus carillas personalizadas. Se colocar\u00e1n carillas provisionales para que puedas previsualizar y aprobar el aspecto antes de que se hagan las carillas definitivas.<br \/>En la segunda cita, el dentista retirar\u00e1 las carillas provisionales y comprobar\u00e1 el ajuste de las definitivas. Cuando est\u00e9s satisfecho con el ajuste y el aspecto, las carillas se pegar\u00e1n utilizando una luz especial que \u00abcura\u00bb el adhesivo, garantizando una fijaci\u00f3n segura y permanente.    <\/p>\n\t\t\t\t\t\t<\/div>\n\t\t\t\t<\/div>\n\t\t\t\t\t<\/div>\n\t\t<\/div>\n\t\t\t\t\t<\/div>\n\t\t<\/section>\n\t\t\t\t<section class=\"elementor-section elementor-top-section elementor-element elementor-element-1c650e3 elementor-section-stretched elementor-hidden-desktop elementor-hidden-tablet elementor-hidden-mobile elementor-section-boxed elementor-section-height-default elementor-section-height-default\" data-id=\"1c650e3\" data-element_type=\"section\" data-settings=\"{&quot;stretch_section&quot;:&quot;section-stretched&quot;}\">\n\t\t\t\t\t\t<div class=\"elementor-container elementor-column-gap-no\">\n\t\t\t\t\t<div class=\"aux-parallax-section elementor-column elementor-col-100 elementor-top-column elementor-element elementor-element-6a1b7dd\" data-id=\"6a1b7dd\" data-element_type=\"column\">\n\t\t\t<div class=\"elementor-widget-wrap elementor-element-populated\">\n\t\t\t\t\t\t<section class=\"elementor-section elementor-inner-section elementor-element elementor-element-21a8873 elementor-section-boxed elementor-section-height-default elementor-section-height-default\" data-id=\"21a8873\" data-element_type=\"section\">\n\t\t\t\t\t\t<div class=\"elementor-container elementor-column-gap-narrow\">\n\t\t\t\t\t<div class=\"aux-parallax-section elementor-column elementor-col-33 elementor-inner-column elementor-element elementor-element-e78b308\" data-id=\"e78b308\" data-element_type=\"column\">\n\t\t\t<div class=\"elementor-widget-wrap elementor-element-populated\">\n\t\t\t\t\t\t<div class=\"elementor-element elementor-element-5bfaa05 aux-appear-watch-animation aux-fade-in-up elementor-widget elementor-widget-aux-before-after\" data-id=\"5bfaa05\" data-element_type=\"widget\" data-widget_type=\"aux-before-after.default\">\n\t\t\t\t<div class=\"elementor-widget-container\">\n\t\t\t<div class=\"widget-container aux-widget-before-after\"><div class=\"aux-before-after\" data-offset=\"0.5\" ><img decoding=\"async\" width=\"605\" height=\"300\" src=\"https:\/\/cagdisdental.com\/wp-content\/uploads\/2024\/09\/Picture21.jpg\" class=\"attachment-large size-large wp-image-1015\" alt=\"\" srcset=\"https:\/\/cagdisdental.com\/wp-content\/uploads\/2024\/09\/Picture21.jpg 605w, https:\/\/cagdisdental.com\/wp-content\/uploads\/2024\/09\/Picture21-200x99.jpg 200w\" sizes=\"(max-width: 605px) 100vw, 605px\" \/> <img loading=\"lazy\" decoding=\"async\" width=\"605\" height=\"300\" src=\"https:\/\/cagdisdental.com\/wp-content\/uploads\/2024\/09\/Picture2.jpg\" class=\"attachment-large size-large wp-image-1016\" alt=\"\" srcset=\"https:\/\/cagdisdental.com\/wp-content\/uploads\/2024\/09\/Picture2.jpg 605w, https:\/\/cagdisdental.com\/wp-content\/uploads\/2024\/09\/Picture2-200x99.jpg 200w\" sizes=\"(max-width: 605px) 100vw, 605px\" \/><\/div><\/div>\t\t<\/div>\n\t\t\t\t<\/div>\n\t\t\t\t\t<\/div>\n\t\t<\/div>\n\t\t\t\t<div class=\"aux-parallax-section elementor-column elementor-col-33 elementor-inner-column elementor-element elementor-element-b56aa46\" data-id=\"b56aa46\" data-element_type=\"column\">\n\t\t\t<div class=\"elementor-widget-wrap elementor-element-populated\">\n\t\t\t\t\t\t<div class=\"elementor-element elementor-element-0a53888 aux-appear-watch-animation aux-fade-in-up elementor-widget elementor-widget-aux-before-after\" data-id=\"0a53888\" data-element_type=\"widget\" data-widget_type=\"aux-before-after.default\">\n\t\t\t\t<div class=\"elementor-widget-container\">\n\t\t\t<div class=\"widget-container aux-widget-before-after\"><div class=\"aux-before-after\" data-offset=\"0.5\" ><img loading=\"lazy\" decoding=\"async\" width=\"605\" height=\"300\" src=\"https:\/\/cagdisdental.com\/wp-content\/uploads\/2024\/09\/Picture23.jpg\" class=\"attachment-large size-large wp-image-1013\" alt=\"\" srcset=\"https:\/\/cagdisdental.com\/wp-content\/uploads\/2024\/09\/Picture23.jpg 605w, https:\/\/cagdisdental.com\/wp-content\/uploads\/2024\/09\/Picture23-200x99.jpg 200w\" sizes=\"(max-width: 605px) 100vw, 605px\" \/> <img loading=\"lazy\" decoding=\"async\" width=\"605\" height=\"300\" src=\"https:\/\/cagdisdental.com\/wp-content\/uploads\/2024\/09\/Picture22.jpg\" class=\"attachment-large size-large wp-image-1014\" alt=\"\" srcset=\"https:\/\/cagdisdental.com\/wp-content\/uploads\/2024\/09\/Picture22.jpg 605w, https:\/\/cagdisdental.com\/wp-content\/uploads\/2024\/09\/Picture22-200x99.jpg 200w\" sizes=\"(max-width: 605px) 100vw, 605px\" \/><\/div><\/div>\t\t<\/div>\n\t\t\t\t<\/div>\n\t\t\t\t\t<\/div>\n\t\t<\/div>\n\t\t\t\t<div class=\"aux-parallax-section elementor-column elementor-col-33 elementor-inner-column elementor-element elementor-element-2b23ec1\" data-id=\"2b23ec1\" data-element_type=\"column\">\n\t\t\t<div class=\"elementor-widget-wrap elementor-element-populated\">\n\t\t\t\t\t\t<div class=\"elementor-element elementor-element-6508a3c aux-appear-watch-animation aux-fade-in-up elementor-widget elementor-widget-aux-before-after\" data-id=\"6508a3c\" data-element_type=\"widget\" data-widget_type=\"aux-before-after.default\">\n\t\t\t\t<div class=\"elementor-widget-container\">\n\t\t\t<div class=\"widget-container aux-widget-before-after\"><div class=\"aux-before-after\" data-offset=\"0.5\" ><img loading=\"lazy\" decoding=\"async\" width=\"605\" height=\"300\" src=\"https:\/\/cagdisdental.com\/wp-content\/uploads\/2024\/09\/Picture24.jpg\" class=\"attachment-large size-large wp-image-1012\" alt=\"\" srcset=\"https:\/\/cagdisdental.com\/wp-content\/uploads\/2024\/09\/Picture24.jpg 605w, https:\/\/cagdisdental.com\/wp-content\/uploads\/2024\/09\/Picture24-200x99.jpg 200w\" sizes=\"(max-width: 605px) 100vw, 605px\" \/> <img loading=\"lazy\" decoding=\"async\" width=\"605\" height=\"300\" src=\"https:\/\/cagdisdental.com\/wp-content\/uploads\/2024\/09\/Picture25.jpg\" class=\"attachment-large size-large wp-image-1011\" alt=\"\" srcset=\"https:\/\/cagdisdental.com\/wp-content\/uploads\/2024\/09\/Picture25.jpg 605w, https:\/\/cagdisdental.com\/wp-content\/uploads\/2024\/09\/Picture25-200x99.jpg 200w\" sizes=\"(max-width: 605px) 100vw, 605px\" \/><\/div><\/div>\t\t<\/div>\n\t\t\t\t<\/div>\n\t\t\t\t\t<\/div>\n\t\t<\/div>\n\t\t\t\t\t<\/div>\n\t\t<\/section>\n\t\t\t\t\t<\/div>\n\t\t<\/div>\n\t\t\t\t\t<\/div>\n\t\t<\/section>\n\t\t\t\t<section class=\"elementor-section elementor-top-section elementor-element elementor-element-456bc91 elementor-section-stretched elementor-section-boxed elementor-section-height-default elementor-section-height-default\" data-id=\"456bc91\" data-element_type=\"section\" data-settings=\"{&quot;stretch_section&quot;:&quot;section-stretched&quot;}\">\n\t\t\t\t\t\t<div class=\"elementor-container elementor-column-gap-no\">\n\t\t\t\t\t<div class=\"aux-parallax-section elementor-column elementor-col-100 elementor-top-column elementor-element elementor-element-39c6af0\" data-id=\"39c6af0\" data-element_type=\"column\">\n\t\t\t<div class=\"elementor-widget-wrap elementor-element-populated\">\n\t\t\t\t\t\t<div class=\"elementor-element elementor-element-e191d56 aux-appear-watch-animation aux-scale-down elementor-widget elementor-widget-aux_modern_heading\" data-id=\"e191d56\" data-element_type=\"widget\" data-widget_type=\"aux_modern_heading.default\">\n\t\t\t\t<div class=\"elementor-widget-container\">\n\t\t\t<section class=\"aux-widget-modern-heading\">\n            <div class=\"aux-widget-inner\"><h4 class=\"aux-modern-heading-primary\"><\/h4><h2 class=\"aux-modern-heading-secondary\"><span class=\"aux-head-highlight\">Ventajas de las carillas eMax<\/span><\/h2><\/div>\n        <\/section>\t\t<\/div>\n\t\t\t\t<\/div>\n\t\t\t\t<div class=\"elementor-element elementor-element-1fe2229 elementor-widget elementor-widget-text-editor\" data-id=\"1fe2229\" data-element_type=\"widget\" data-widget_type=\"text-editor.default\">\n\t\t\t\t<div class=\"elementor-widget-container\">\n\t\t\t\t\t\t\t<p><strong> <\/strong>Las principales ventajas de las carillas Emax proceden de su composici\u00f3n vitrocer\u00e1mica, que proporciona una translucidez, opalescencia y difusi\u00f3n de la luz excepcionales. He aqu\u00ed algunas ventajas clave: <\/p>\n<ul>\n<li><strong>Integraci\u00f3n natural:<\/strong> Las carillas Emax pueden adaptarse perfectamente al color de tus dientes actuales para conseguir una sonrisa perfecta y de aspecto natural. Para un aspecto a\u00fan m\u00e1s brillante, se puede realizar previamente un blanqueamiento dental. <\/li>\n<li><strong>Eliminaci\u00f3n m\u00ednima de dientes:<\/strong> Estas carillas son significativamente m\u00e1s finas que las carillas de porcelana tradicionales, por lo que requieren menos eliminaci\u00f3n de esmalte.<\/li>\n<li><strong>Est\u00e9tica personalizable: <\/strong>Permiten ajustar con precisi\u00f3n la forma, longitud, anchura y color de tus dientes.<\/li>\n<li><strong>Correcci\u00f3n de problemas menores:<\/strong> Las carillas Emax pueden corregir eficazmente desalineaciones menores, como api\u00f1amientos leves o espacios.<\/li>\n<li><strong>Mayor durabilidad:<\/strong> Su material vitrocer\u00e1mico es a la vez m\u00e1s duro y m\u00e1s fino, lo que ofrece una mayor durabilidad.<\/li>\n<\/ul>\n\t\t\t\t\t\t<\/div>\n\t\t\t\t<\/div>\n\t\t\t\t\t<\/div>\n\t\t<\/div>\n\t\t\t\t\t<\/div>\n\t\t<\/section>\n\t\t\t\t<\/div>\n\t\t","protected":false},"excerpt":{"rendered":"<p>Brilla Para Siempre Contigo Carillas E-Max Las carillas Emax destacan por el uso de material cer\u00e1mico, frente a la porcelana tradicional utilizada en otras carillas. Se encuentran entre las opciones m\u00e1s recomendadas para los pacientes que buscan los resultados m\u00e1s naturales y est\u00e9ticamente agradables. \u00bfQu\u00e9 es la eMax? Las carillas Emax est\u00e1n hechas de vidrio [&hellip;]<\/p>\n","protected":false},"author":1,"featured_media":0,"parent":0,"menu_order":0,"comment_status":"closed","ping_status":"closed","template":"","meta":{"_monsterinsights_skip_tracking":false,"_monsterinsights_sitenote_active":false,"_monsterinsights_sitenote_note":"","_monsterinsights_sitenote_category":0,"_joinchat":[],"footnotes":""},"class_list":["post-2240","page","type-page","status-publish","hentry"],"aioseo_notices":[],"_links":{"self":[{"href":"https:\/\/cagdisdental.com\/es\/wp-json\/wp\/v2\/pages\/2240"}],"collection":[{"href":"https:\/\/cagdisdental.com\/es\/wp-json\/wp\/v2\/pages"}],"about":[{"href":"https:\/\/cagdisdental.com\/es\/wp-json\/wp\/v2\/types\/page"}],"author":[{"embeddable":true,"href":"https:\/\/cagdisdental.com\/es\/wp-json\/wp\/v2\/users\/1"}],"replies":[{"embeddable":true,"href":"https:\/\/cagdisdental.com\/es\/wp-json\/wp\/v2\/comments?post=2240"}],"version-history":[{"count":2,"href":"https:\/\/cagdisdental.com\/es\/wp-json\/wp\/v2\/pages\/2240\/revisions"}],"predecessor-version":[{"id":6900,"href":"https:\/\/cagdisdental.com\/es\/wp-json\/wp\/v2\/pages\/2240\/revisions\/6900"}],"wp:attachment":[{"href":"https:\/\/cagdisdental.com\/es\/wp-json\/wp\/v2\/media?parent=2240"}],"curies":[{"name":"wp","href":"https:\/\/api.w.org\/{rel}","templated":true}]}}