{"id":2243,"date":"2024-08-31T13:21:20","date_gmt":"2024-08-31T13:21:20","guid":{"rendered":"https:\/\/cagdisdental.com\/chapas-de-laminado\/"},"modified":"2025-11-02T23:02:21","modified_gmt":"2025-11-02T23:02:21","slug":"chapas-de-laminado","status":"publish","type":"page","link":"https:\/\/cagdisdental.com\/es\/chapas-de-laminado\/","title":{"rendered":"Chapas de laminado"},"content":{"rendered":"\t\t<div data-elementor-type=\"wp-page\" data-elementor-id=\"2243\" class=\"elementor elementor-2243 elementor-141\">\n\t\t\t\t\t\t<section class=\"elementor-section elementor-top-section elementor-element elementor-element-747277c2 elementor-section-content-middle elementor-section-stretched elementor-section-boxed elementor-section-height-default elementor-section-height-default\" data-id=\"747277c2\" data-element_type=\"section\" data-settings=\"{&quot;stretch_section&quot;:&quot;section-stretched&quot;,&quot;background_background&quot;:&quot;classic&quot;}\">\n\t\t\t\t\t\t<div class=\"elementor-container elementor-column-gap-no\">\n\t\t\t\t\t<div class=\"aux-parallax-section elementor-column elementor-col-50 elementor-top-column elementor-element elementor-element-30c0574b\" data-id=\"30c0574b\" data-element_type=\"column\">\n\t\t\t<div class=\"elementor-widget-wrap elementor-element-populated\">\n\t\t\t\t\t\t<div class=\"elementor-element elementor-element-5790941 aux-appear-watch-animation aux-scale-down elementor-widget elementor-widget-aux_modern_heading\" data-id=\"5790941\" data-element_type=\"widget\" data-widget_type=\"aux_modern_heading.default\">\n\t\t\t\t<div class=\"elementor-widget-container\">\n\t\t\t<section class=\"aux-widget-modern-heading\">\n            <div class=\"aux-widget-inner\"><h4 class=\"aux-modern-heading-primary\">Brilla Para Siempre Contigo<\/h4><h1 class=\"aux-modern-heading-secondary\"><span class=\"aux-head-highlight\">Chapas de laminado<\/span><\/h1><div class=\"aux-modern-heading-description\"><p>Tanto si quieres reparar un diente astillado que te ha estado molestando como si quieres cambiar por completo tu sonrisa, las l\u00e1minas dentales (tambi\u00e9n conocidas como carillas ultrafinas) son una opci\u00f3n atractiva, sobre todo por su rentabilidad.<\/p><\/p>\n<\/div><\/div>\n        <\/section>\t\t<\/div>\n\t\t\t\t<\/div>\n\t\t\t\t\t<\/div>\n\t\t<\/div>\n\t\t\t\t<div class=\"aux-parallax-section elementor-column elementor-col-50 elementor-top-column elementor-element elementor-element-6c4343fb\" data-id=\"6c4343fb\" data-element_type=\"column\">\n\t\t\t<div class=\"elementor-widget-wrap elementor-element-populated\">\n\t\t\t\t\t\t<div class=\"elementor-element elementor-element-59c187a2 aux-appear-watch-animation aux-scale-up elementor-widget elementor-widget-aux_image\" data-id=\"59c187a2\" data-element_type=\"widget\" data-widget_type=\"aux_image.default\">\n\t\t\t\t<div class=\"elementor-widget-container\">\n\t\t\t<section class=\"widget-container aux-widget-image aux-alignnone aux-parent-auf3f55f46\">\n    <div class=\"aux-media-hint-frame \">\n        <div class=\"aux-media-image \" >\n        \n            \n\n            \n            <img fetchpriority=\"high\" decoding=\"async\" width=\"1600\" height=\"1152\" src=\"https:\/\/cagdisdental.com\/wp-content\/uploads\/2024\/11\/8-3.jpg\" class=\"aux-attachment aux-featured-image aux-attachment-id-1827\" alt=\"8-3\" data-ratio=\"1.39\" data-original-w=\"1600\" \/>            \n                <\/div>\n    <\/div>\n\n<\/section><!-- widget-container -->\t\t<\/div>\n\t\t\t\t<\/div>\n\t\t\t\t\t<\/div>\n\t\t<\/div>\n\t\t\t\t\t<\/div>\n\t\t<\/section>\n\t\t\t\t<section class=\"elementor-section elementor-top-section elementor-element elementor-element-69661c10 elementor-section-stretched elementor-section-boxed elementor-section-height-default elementor-section-height-default\" data-id=\"69661c10\" data-element_type=\"section\" data-settings=\"{&quot;background_background&quot;:&quot;classic&quot;,&quot;stretch_section&quot;:&quot;section-stretched&quot;}\">\n\t\t\t\t\t\t<div class=\"elementor-container elementor-column-gap-no\">\n\t\t\t\t\t<div class=\"aux-parallax-section elementor-column elementor-col-100 elementor-top-column elementor-element elementor-element-21c37bb4\" data-id=\"21c37bb4\" data-element_type=\"column\">\n\t\t\t<div class=\"elementor-widget-wrap elementor-element-populated\">\n\t\t\t\t\t\t<div class=\"elementor-element elementor-element-49de49a2 aux-appear-watch-animation aux-scale-down elementor-widget elementor-widget-aux_modern_heading\" data-id=\"49de49a2\" data-element_type=\"widget\" data-widget_type=\"aux_modern_heading.default\">\n\t\t\t\t<div class=\"elementor-widget-container\">\n\t\t\t<section class=\"aux-widget-modern-heading\">\n            <div class=\"aux-widget-inner\"><h4 class=\"aux-modern-heading-primary\"><\/h4><h2 class=\"aux-modern-heading-secondary\"><span class=\"aux-head-highlight\">\u00bfQu\u00e9 son las chapas de laminado?<\/span><\/h2><\/div>\n        <\/section>\t\t<\/div>\n\t\t\t\t<\/div>\n\t\t\t\t<div class=\"elementor-element elementor-element-3184d44b aux-appear-watch-animation aux-scale-down elementor-widget elementor-widget-text-editor\" data-id=\"3184d44b\" data-element_type=\"widget\" data-widget_type=\"text-editor.default\">\n\t\t\t\t<div class=\"elementor-widget-container\">\n\t\t\t\t\t\t\t<p>Las carillas dentales, incluidas las tradicionales de porcelana, Lumineers, Emax y laminadas, est\u00e1n dise\u00f1adas para mejorar el color, la forma, la posici\u00f3n y el tama\u00f1o de tus dientes. Son soluciones eficaces para tratar problemas como la decoloraci\u00f3n, el desgaste, las lagunas, los desconchones y las torceduras. <\/p>\n<p>Los laminados son l\u00e1minas excepcionalmente finas hechas de cer\u00e1mica dental, que se adhieren meticulosamente a las superficies frontales de tus dientes. Abordan diversos problemas dentales y pueden mejorar significativamente tu sonrisa. <\/p>\n\t\t\t\t\t\t<\/div>\n\t\t\t\t<\/div>\n\t\t\t\t\t<\/div>\n\t\t<\/div>\n\t\t\t\t\t<\/div>\n\t\t<\/section>\n\t\t\t\t<section class=\"elementor-section elementor-top-section elementor-element elementor-element-b831863 elementor-section-stretched elementor-section-boxed elementor-section-height-default elementor-section-height-default\" data-id=\"b831863\" data-element_type=\"section\" data-settings=\"{&quot;stretch_section&quot;:&quot;section-stretched&quot;,&quot;background_background&quot;:&quot;classic&quot;}\">\n\t\t\t\t\t\t<div class=\"elementor-container elementor-column-gap-no\">\n\t\t\t\t\t<div class=\"aux-parallax-section elementor-column elementor-col-50 elementor-top-column elementor-element elementor-element-655d8015\" data-id=\"655d8015\" data-element_type=\"column\">\n\t\t\t<div class=\"elementor-widget-wrap elementor-element-populated\">\n\t\t\t\t\t\t<div class=\"elementor-element elementor-element-3dc409c5 aux-appear-watch-animation aux-scale-up elementor-widget elementor-widget-aux_image\" data-id=\"3dc409c5\" data-element_type=\"widget\" data-widget_type=\"aux_image.default\">\n\t\t\t\t<div class=\"elementor-widget-container\">\n\t\t\t<section class=\"widget-container aux-widget-image aux-alignnone aux-parent-au414a68e8\">\n    <div class=\"aux-media-hint-frame \">\n        <div class=\"aux-media-image \" >\n        \n            \n\n            \n            <img decoding=\"async\" width=\"1800\" height=\"1200\" src=\"https:\/\/cagdisdental.com\/wp-content\/uploads\/2024\/09\/pexels-polina-zimmerman-46873601.jpg\" class=\"aux-attachment aux-featured-image aux-attachment-id-368\" alt=\"pexels-polina-zimmerman-4687360(1)\" data-ratio=\"1.5\" data-original-w=\"1800\" \/>            \n                <\/div>\n    <\/div>\n\n<\/section><!-- widget-container -->\t\t<\/div>\n\t\t\t\t<\/div>\n\t\t\t\t\t<\/div>\n\t\t<\/div>\n\t\t\t\t<div class=\"aux-parallax-section elementor-column elementor-col-50 elementor-top-column elementor-element elementor-element-8d9e671\" data-id=\"8d9e671\" data-element_type=\"column\">\n\t\t\t<div class=\"elementor-widget-wrap elementor-element-populated\">\n\t\t\t\t\t\t<div class=\"elementor-element elementor-element-520a8fff aux-appear-watch-animation aux-scale-down elementor-widget elementor-widget-aux_modern_heading\" data-id=\"520a8fff\" data-element_type=\"widget\" data-widget_type=\"aux_modern_heading.default\">\n\t\t\t\t<div class=\"elementor-widget-container\">\n\t\t\t<section class=\"aux-widget-modern-heading\">\n            <div class=\"aux-widget-inner\"><h4 class=\"aux-modern-heading-primary\"><\/h4><h2 class=\"aux-modern-heading-secondary\"><span class=\"aux-head-highlight\">\u00bfCu\u00e1l es la diferencia entre las carillas laminadas y las normales?<\/span><\/h2><\/div>\n        <\/section>\t\t<\/div>\n\t\t\t\t<\/div>\n\t\t\t\t<div class=\"elementor-element elementor-element-64b08652 aux-appear-watch-animation aux-scale-down elementor-widget elementor-widget-text-editor\" data-id=\"64b08652\" data-element_type=\"widget\" data-widget_type=\"text-editor.default\">\n\t\t\t\t<div class=\"elementor-widget-container\">\n\t\t\t\t\t\t\t<p><strong> <\/strong>Tanto las l\u00e1minas dentales como las carillas dentales mejoran el aspecto y la funci\u00f3n de tu sonrisa. Aunque los t\u00e9rminos suelen utilizarse indistintamente, es importante tener en cuenta que los laminados son notablemente m\u00e1s finos que las chapas tradicionales. Como resultado, el proceso de tratamiento de los laminados suele requerir menos eliminaci\u00f3n de esmalte de los dientes.  <\/p>\n\t\t\t\t\t\t<\/div>\n\t\t\t\t<\/div>\n\t\t\t\t\t<\/div>\n\t\t<\/div>\n\t\t\t\t\t<\/div>\n\t\t<\/section>\n\t\t\t\t<section class=\"elementor-section elementor-top-section elementor-element elementor-element-1adffd84 elementor-section-stretched elementor-section-boxed elementor-section-height-default elementor-section-height-default\" data-id=\"1adffd84\" data-element_type=\"section\" data-settings=\"{&quot;background_background&quot;:&quot;classic&quot;,&quot;stretch_section&quot;:&quot;section-stretched&quot;}\">\n\t\t\t\t\t\t<div class=\"elementor-container elementor-column-gap-no\">\n\t\t\t\t\t<div class=\"aux-parallax-section elementor-column elementor-col-50 elementor-top-column elementor-element elementor-element-66341289\" data-id=\"66341289\" data-element_type=\"column\">\n\t\t\t<div class=\"elementor-widget-wrap elementor-element-populated\">\n\t\t\t\t\t\t<div class=\"elementor-element elementor-element-6fbfbeca aux-appear-watch-animation aux-scale-down elementor-widget elementor-widget-aux_modern_heading\" data-id=\"6fbfbeca\" data-element_type=\"widget\" data-widget_type=\"aux_modern_heading.default\">\n\t\t\t\t<div class=\"elementor-widget-container\">\n\t\t\t<section class=\"aux-widget-modern-heading\">\n            <div class=\"aux-widget-inner\"><h4 class=\"aux-modern-heading-primary\"><\/h4><h2 class=\"aux-modern-heading-secondary\"><span class=\"aux-head-highlight\">Composite frente a porcelana<\/span><\/h2><\/div>\n        <\/section>\t\t<\/div>\n\t\t\t\t<\/div>\n\t\t\t\t<div class=\"elementor-element elementor-element-13dc0c74 aux-appear-watch-animation aux-scale-down elementor-widget elementor-widget-text-editor\" data-id=\"13dc0c74\" data-element_type=\"widget\" data-widget_type=\"text-editor.default\">\n\t\t\t\t<div class=\"elementor-widget-container\">\n\t\t\t\t\t\t\t<p>En \u00c7a\u011fdi\u015f Dental, las carillas dentales suelen estar hechas de dos materiales principales: resina compuesta o porcelana.<\/p>\n<p>A menudo se prefieren las carillas de porcelana por su mayor resistencia a las manchas, longevidad y est\u00e9tica mejorada. Aunque algunos creen que las carillas de composite requieren menos preparaci\u00f3n de los dientes naturales, esto var\u00eda en funci\u00f3n de cada caso y no es universalmente cierto. Una ventaja de las carillas de composite es que a menudo pueden colocarse en un solo d\u00eda.  <\/p>\n<p>Por otro lado, las carillas de porcelana tradicionales suelen ser m\u00e1s caras y normalmente requieren eliminar m\u00e1s esmalte para remodelar el diente antes de aplicar la carilla. Sin embargo, existe la opci\u00f3n de las carillas laminadas ultrafinas, que pueden requerir menos reducci\u00f3n del esmalte en comparaci\u00f3n con las carillas de porcelana tradicionales. <\/p>\n\t\t\t\t\t\t<\/div>\n\t\t\t\t<\/div>\n\t\t\t\t\t<\/div>\n\t\t<\/div>\n\t\t\t\t<div class=\"aux-parallax-section elementor-column elementor-col-50 elementor-top-column elementor-element elementor-element-77cf0d6f elementor-hidden-desktop elementor-hidden-tablet elementor-hidden-mobile\" data-id=\"77cf0d6f\" data-element_type=\"column\">\n\t\t\t<div class=\"elementor-widget-wrap elementor-element-populated\">\n\t\t\t\t\t\t<div class=\"elementor-element elementor-element-6fa3ffe7 aux-appear-watch-animation aux-scale-up elementor-widget elementor-widget-aux_image\" data-id=\"6fa3ffe7\" data-element_type=\"widget\" data-widget_type=\"aux_image.default\">\n\t\t\t\t<div class=\"elementor-widget-container\">\n\t\t\t<section class=\"widget-container aux-widget-image aux-alignnone aux-parent-au1b06224a\">\n    <div class=\"aux-media-hint-frame \">\n        <div class=\"aux-media-image \" >\n        \n            \n\n            \n            <img decoding=\"async\" width=\"768\" height=\"768\" src=\"https:\/\/cagdisdental.com\/wp-content\/uploads\/2024\/09\/20240319_200532.jpg\" class=\"aux-attachment aux-featured-image aux-attachment-id-313\" alt=\"20240319_200532\" data-ratio=\"1\" data-original-w=\"768\" \/>            \n                <\/div>\n    <\/div>\n\n<\/section><!-- widget-container -->\t\t<\/div>\n\t\t\t\t<\/div>\n\t\t\t\t\t<\/div>\n\t\t<\/div>\n\t\t\t\t\t<\/div>\n\t\t<\/section>\n\t\t\t\t<section class=\"elementor-section elementor-top-section elementor-element elementor-element-6a6e6d60 elementor-section-stretched elementor-section-boxed elementor-section-height-default elementor-section-height-default\" data-id=\"6a6e6d60\" data-element_type=\"section\" data-settings=\"{&quot;stretch_section&quot;:&quot;section-stretched&quot;,&quot;background_background&quot;:&quot;classic&quot;}\">\n\t\t\t\t\t\t<div class=\"elementor-container elementor-column-gap-no\">\n\t\t\t\t\t<div class=\"aux-parallax-section elementor-column elementor-col-100 elementor-top-column elementor-element elementor-element-37a5c86a\" data-id=\"37a5c86a\" data-element_type=\"column\">\n\t\t\t<div class=\"elementor-widget-wrap elementor-element-populated\">\n\t\t\t\t\t\t<div class=\"elementor-element elementor-element-213a0d48 aux-appear-watch-animation aux-scale-down elementor-widget elementor-widget-aux_modern_heading\" data-id=\"213a0d48\" data-element_type=\"widget\" data-widget_type=\"aux_modern_heading.default\">\n\t\t\t\t<div class=\"elementor-widget-container\">\n\t\t\t<section class=\"aux-widget-modern-heading\">\n            <div class=\"aux-widget-inner\"><h4 class=\"aux-modern-heading-primary\"><\/h4><h2 class=\"aux-modern-heading-secondary\"><span class=\"aux-head-highlight\">\u00bfQu\u00e9 tienen de especial las chapas laminadas?<\/span><\/h2><\/div>\n        <\/section>\t\t<\/div>\n\t\t\t\t<\/div>\n\t\t\t\t<div class=\"elementor-element elementor-element-3848320e aux-appear-watch-animation aux-scale-down elementor-widget elementor-widget-text-editor\" data-id=\"3848320e\" data-element_type=\"widget\" data-widget_type=\"text-editor.default\">\n\t\t\t\t<div class=\"elementor-widget-container\">\n\t\t\t\t\t\t\t<p>Los laminados ofrecen funciones y ventajas similares a las carillas dentales tradicionales, pero con una diferencia clave: no requieren la eliminaci\u00f3n del esmalte. De hecho, conservar el esmalte natural es crucial para la salud dental a largo plazo, lo que hace que los laminados sean una opci\u00f3n m\u00e1s conservadora. <\/p>\n<p>Aunque los laminados son m\u00e1s suaves para los dientes, una colocaci\u00f3n incorrecta puede dar a veces un aspecto abultado, ya que no se ha remodelado el diente natural. Adem\u00e1s, los laminados suelen ser m\u00e1s caros que sus hom\u00f3logos de porcelana. <\/p>\n\t\t\t\t\t\t<\/div>\n\t\t\t\t<\/div>\n\t\t\t\t\t<\/div>\n\t\t<\/div>\n\t\t\t\t\t<\/div>\n\t\t<\/section>\n\t\t\t\t<section class=\"elementor-section elementor-top-section elementor-element elementor-element-f3a803f elementor-section-stretched elementor-section-boxed elementor-section-height-default elementor-section-height-default\" data-id=\"f3a803f\" data-element_type=\"section\" data-settings=\"{&quot;stretch_section&quot;:&quot;section-stretched&quot;,&quot;background_background&quot;:&quot;classic&quot;}\">\n\t\t\t\t\t\t<div class=\"elementor-container elementor-column-gap-no\">\n\t\t\t\t\t<div class=\"aux-parallax-section elementor-column elementor-col-100 elementor-top-column elementor-element elementor-element-7a94a18\" data-id=\"7a94a18\" data-element_type=\"column\">\n\t\t\t<div class=\"elementor-widget-wrap elementor-element-populated\">\n\t\t\t\t\t\t<div class=\"elementor-element elementor-element-84e7ed1 aux-appear-watch-animation aux-scale-down elementor-widget elementor-widget-aux_modern_heading\" data-id=\"84e7ed1\" data-element_type=\"widget\" data-widget_type=\"aux_modern_heading.default\">\n\t\t\t\t<div class=\"elementor-widget-container\">\n\t\t\t<section class=\"aux-widget-modern-heading\">\n            <div class=\"aux-widget-inner\"><h4 class=\"aux-modern-heading-primary\"><\/h4><h2 class=\"aux-modern-heading-secondary\"><span class=\"aux-head-highlight\">\u00bfPor qu\u00e9 importa la diferencia?<\/span><\/h2><\/div>\n        <\/section>\t\t<\/div>\n\t\t\t\t<\/div>\n\t\t\t\t<div class=\"elementor-element elementor-element-33e3b54 aux-appear-watch-animation aux-scale-down elementor-widget elementor-widget-text-editor\" data-id=\"33e3b54\" data-element_type=\"widget\" data-widget_type=\"text-editor.default\">\n\t\t\t\t<div class=\"elementor-widget-container\">\n\t\t\t\t\t\t\t<p>Aunque las l\u00e1minas dentales y las carillas tradicionales pueden parecer similares, entender sus diferencias puede ayudarte a elegir la mejor opci\u00f3n para tus necesidades.<\/p>\n<p>Para problemas dentales m\u00e1s graves, como dientes muy desalineados o grandes espacios, pueden ser m\u00e1s adecuados otros tratamientos. Sin embargo, si lo que m\u00e1s te preocupa es la decoloraci\u00f3n de los dientes o peque\u00f1os desconchones, los laminados pueden resolver eficazmente estos problemas. <\/p>\n<p>Los laminados proporcionan una soluci\u00f3n ligera y suelen implicar una menor eliminaci\u00f3n de esmalte en comparaci\u00f3n con las carillas tradicionales, lo que los convierte en una opci\u00f3n menos invasiva para mejorar tu sonrisa.<\/p>\n\t\t\t\t\t\t<\/div>\n\t\t\t\t<\/div>\n\t\t\t\t\t<\/div>\n\t\t<\/div>\n\t\t\t\t\t<\/div>\n\t\t<\/section>\n\t\t\t\t<\/div>\n\t\t","protected":false},"excerpt":{"rendered":"<p>Brilla Para Siempre Contigo Chapas de laminado Tanto si quieres reparar un diente astillado que te ha estado molestando como si quieres cambiar por completo tu sonrisa, las l\u00e1minas dentales (tambi\u00e9n conocidas como carillas ultrafinas) son una opci\u00f3n atractiva, sobre todo por su rentabilidad. \u00bfQu\u00e9 son las chapas de laminado? Las carillas dentales, incluidas las [&hellip;]<\/p>\n","protected":false},"author":1,"featured_media":0,"parent":0,"menu_order":0,"comment_status":"closed","ping_status":"closed","template":"","meta":{"_monsterinsights_skip_tracking":false,"_monsterinsights_sitenote_active":false,"_monsterinsights_sitenote_note":"","_monsterinsights_sitenote_category":0,"_joinchat":[],"footnotes":""},"class_list":["post-2243","page","type-page","status-publish","hentry"],"aioseo_notices":[],"_links":{"self":[{"href":"https:\/\/cagdisdental.com\/es\/wp-json\/wp\/v2\/pages\/2243"}],"collection":[{"href":"https:\/\/cagdisdental.com\/es\/wp-json\/wp\/v2\/pages"}],"about":[{"href":"https:\/\/cagdisdental.com\/es\/wp-json\/wp\/v2\/types\/page"}],"author":[{"embeddable":true,"href":"https:\/\/cagdisdental.com\/es\/wp-json\/wp\/v2\/users\/1"}],"replies":[{"embeddable":true,"href":"https:\/\/cagdisdental.com\/es\/wp-json\/wp\/v2\/comments?post=2243"}],"version-history":[{"count":2,"href":"https:\/\/cagdisdental.com\/es\/wp-json\/wp\/v2\/pages\/2243\/revisions"}],"predecessor-version":[{"id":6889,"href":"https:\/\/cagdisdental.com\/es\/wp-json\/wp\/v2\/pages\/2243\/revisions\/6889"}],"wp:attachment":[{"href":"https:\/\/cagdisdental.com\/es\/wp-json\/wp\/v2\/media?parent=2243"}],"curies":[{"name":"wp","href":"https:\/\/api.w.org\/{rel}","templated":true}]}}