{"id":2264,"date":"2024-09-18T12:16:46","date_gmt":"2024-09-18T12:16:46","guid":{"rendered":"https:\/\/cagdisdental.com\/blanqueamiento-dental\/"},"modified":"2025-02-08T11:39:17","modified_gmt":"2025-02-08T11:39:17","slug":"blanqueamiento-dental","status":"publish","type":"page","link":"https:\/\/cagdisdental.com\/es\/blanqueamiento-dental\/","title":{"rendered":"Blanqueamiento dental"},"content":{"rendered":"\t\t<div data-elementor-type=\"wp-page\" data-elementor-id=\"2264\" class=\"elementor elementor-2264 elementor-147\">\n\t\t\t\t\t\t<section class=\"elementor-section elementor-top-section elementor-element elementor-element-136d66e elementor-section-content-middle elementor-section-stretched elementor-section-boxed elementor-section-height-default elementor-section-height-default\" data-id=\"136d66e\" data-element_type=\"section\" data-settings=\"{&quot;stretch_section&quot;:&quot;section-stretched&quot;,&quot;background_background&quot;:&quot;classic&quot;}\">\n\t\t\t\t\t\t<div class=\"elementor-container elementor-column-gap-no\">\n\t\t\t\t\t<div class=\"aux-parallax-section elementor-column elementor-col-50 elementor-top-column elementor-element elementor-element-9b8f61d\" data-id=\"9b8f61d\" data-element_type=\"column\">\n\t\t\t<div class=\"elementor-widget-wrap elementor-element-populated\">\n\t\t\t\t\t\t<div class=\"elementor-element elementor-element-170a472 aux-appear-watch-animation aux-scale-down elementor-widget elementor-widget-aux_modern_heading\" data-id=\"170a472\" data-element_type=\"widget\" data-widget_type=\"aux_modern_heading.default\">\n\t\t\t\t<div class=\"elementor-widget-container\">\n\t\t\t<section class=\"aux-widget-modern-heading\">\n            <div class=\"aux-widget-inner\"><h4 class=\"aux-modern-heading-primary\">Brilla hoy<\/h4><h1 class=\"aux-modern-heading-secondary\"><span class=\"aux-head-highlight\">Blanqueamiento dental<\/span><\/h1><\/div>\n        <\/section>\t\t<\/div>\n\t\t\t\t<\/div>\n\t\t\t\t<div class=\"elementor-element elementor-element-e03bd95 elementor-widget__width-auto elementor-hidden-phone aux-appear-watch-animation aux-scale-down elementor-widget elementor-widget-aux_modern_button\" data-id=\"e03bd95\" data-element_type=\"widget\" data-widget_type=\"aux_modern_button.default\">\n\t\t\t\t<div class=\"elementor-widget-container\">\n\t\t\t    <div class=\"aux-modern-button-wrapper aux-modern-button-align-left\" >\n                    <a class=\"aux-modern-button aux-black aux-modern-button-md aux-modern-button-normal aux-modern-button-default aux-icon-\" href=\"#\">\n                <div class=\"aux-overlay\"><\/div>\n                                <div class=\"aux-text\">\n<span class=\"aux-text-before\">Contacta con nosotros<\/span>                <\/div>\n            <\/a>\n            \n    <\/div>\n\n    \t\t<\/div>\n\t\t\t\t<\/div>\n\t\t\t\t\t<\/div>\n\t\t<\/div>\n\t\t\t\t<div class=\"aux-parallax-section elementor-column elementor-col-50 elementor-top-column elementor-element elementor-element-32530c7\" data-id=\"32530c7\" data-element_type=\"column\">\n\t\t\t<div class=\"elementor-widget-wrap elementor-element-populated\">\n\t\t\t\t\t\t<div class=\"elementor-element elementor-element-441a691 aux-appear-watch-animation aux-fade-in-left-1 elementor-widget__width-initial elementor-widget elementor-widget-aux_image\" data-id=\"441a691\" data-element_type=\"widget\" data-widget_type=\"aux_image.default\">\n\t\t\t\t<div class=\"elementor-widget-container\">\n\t\t\t<section class=\"widget-container aux-widget-image aux-alignnone aux-parent-au72d298d0\">\n    <div class=\"aux-media-hint-frame \">\n        <div class=\"aux-media-image \" >\n        \n            \n\n            \n            <img fetchpriority=\"high\" decoding=\"async\" width=\"1500\" height=\"564\" src=\"https:\/\/cagdisdental.com\/wp-content\/uploads\/2024\/09\/Untitled.jpg\" class=\"aux-attachment aux-featured-image aux-attachment-id-1140\" alt=\"Untitled\" data-ratio=\"2.66\" data-original-w=\"1500\" \/>            \n                <\/div>\n    <\/div>\n\n<\/section><!-- widget-container -->\t\t<\/div>\n\t\t\t\t<\/div>\n\t\t\t\t\t<\/div>\n\t\t<\/div>\n\t\t\t\t\t<\/div>\n\t\t<\/section>\n\t\t\t\t<section class=\"elementor-section elementor-top-section elementor-element elementor-element-d7884bb elementor-section-stretched elementor-section-boxed elementor-section-height-default elementor-section-height-default\" data-id=\"d7884bb\" data-element_type=\"section\" data-settings=\"{&quot;background_background&quot;:&quot;classic&quot;,&quot;stretch_section&quot;:&quot;section-stretched&quot;}\">\n\t\t\t\t\t\t<div class=\"elementor-container elementor-column-gap-no\">\n\t\t\t\t\t<div class=\"aux-parallax-section elementor-column elementor-col-100 elementor-top-column elementor-element elementor-element-3b04c42\" data-id=\"3b04c42\" data-element_type=\"column\">\n\t\t\t<div class=\"elementor-widget-wrap elementor-element-populated\">\n\t\t\t\t\t\t<div class=\"elementor-element elementor-element-82cff6c aux-appear-watch-animation aux-scale-down elementor-widget elementor-widget-aux_modern_heading\" data-id=\"82cff6c\" data-element_type=\"widget\" data-widget_type=\"aux_modern_heading.default\">\n\t\t\t\t<div class=\"elementor-widget-container\">\n\t\t\t<section class=\"aux-widget-modern-heading\">\n            <div class=\"aux-widget-inner\"><h4 class=\"aux-modern-heading-primary\"><\/h4><h2 class=\"aux-modern-heading-secondary\"><span class=\"aux-head-highlight\">\u00bfQu\u00e9 es el blanqueamiento dental?<\/span><\/h2><\/div>\n        <\/section>\t\t<\/div>\n\t\t\t\t<\/div>\n\t\t\t\t<div class=\"elementor-element elementor-element-3d0911c aux-appear-watch-animation aux-fade-in-left elementor-widget elementor-widget-text-editor\" data-id=\"3d0911c\" data-element_type=\"widget\" data-widget_type=\"text-editor.default\">\n\t\t\t\t<div class=\"elementor-widget-container\">\n\t\t\t\t\t\t\t<p>El blanqueamiento dental es un proceso dise\u00f1ado para tratar el amarilleamiento u oscurecimiento del esmalte dental, a menudo causado por diversos factores. Esto se consigue utilizando un gel blanqueador aprobado por el Ministerio de Sanidad. Muchas personas que buscan mejoras est\u00e9ticas recurren a m\u00e9todos profesionales de blanqueamiento dental, en lugar de confiar en remedios caseros o productos de venta libre.<\/p>\n<p>Es importante tener en cuenta que el blanqueamiento dental no es un procedimiento que deba realizarse bas\u00e1ndose \u00fanicamente en una investigaci\u00f3n en l\u00ednea. Mucha gente busca productos como quitamanchas, tiras blanqueadoras, luces blanqueadoras, geles o remedios caseros, pero a veces pueden ser ineficaces o incluso perjudiciales.<\/p>\n<p>Para abordar los cambios de color, los primeros pasos suelen ser la limpieza y el pulido del sarro. Si estos m\u00e9todos no consiguen la blancura deseada, el blanqueamiento dental profesional es una opci\u00f3n viable.<\/p>\n<p>El blanqueamiento dental profesional puede aclarar el color de los dientes entre 3 y 4 tonos, aunque los resultados pueden variar de una persona a otra. El blanqueamiento no debe hacerse en casa sin orientaci\u00f3n profesional. Lo m\u00e1s seguro es seguir las recomendaciones del dentista sobre el uso en casa de gel blanqueador, adem\u00e1s de los tratamientos en consulta. Esto garantiza un blanqueamiento eficaz y seguro, al tiempo que minimiza los riesgos potenciales.<\/p>\n\t\t\t\t\t\t<\/div>\n\t\t\t\t<\/div>\n\t\t\t\t\t<\/div>\n\t\t<\/div>\n\t\t\t\t\t<\/div>\n\t\t<\/section>\n\t\t\t\t<section class=\"elementor-section elementor-top-section elementor-element elementor-element-ad42531 elementor-section-stretched elementor-section-boxed elementor-section-height-default elementor-section-height-default\" data-id=\"ad42531\" data-element_type=\"section\" data-settings=\"{&quot;stretch_section&quot;:&quot;section-stretched&quot;}\">\n\t\t\t\t\t\t<div class=\"elementor-container elementor-column-gap-no\">\n\t\t\t\t\t<div class=\"aux-parallax-section elementor-column elementor-col-100 elementor-top-column elementor-element elementor-element-e1fb4d3 aux-appear-watch-animation aux-scale-up\" data-id=\"e1fb4d3\" data-element_type=\"column\">\n\t\t\t<div class=\"elementor-widget-wrap elementor-element-populated\">\n\t\t\t\t\t\t<section class=\"elementor-section elementor-inner-section elementor-element elementor-element-dde0001 elementor-section-boxed elementor-section-height-default elementor-section-height-default\" data-id=\"dde0001\" data-element_type=\"section\">\n\t\t\t\t\t\t<div class=\"elementor-container elementor-column-gap-narrow\">\n\t\t\t\t\t<div class=\"aux-parallax-section elementor-column elementor-col-33 elementor-inner-column elementor-element elementor-element-9f642b7\" data-id=\"9f642b7\" data-element_type=\"column\">\n\t\t\t<div class=\"elementor-widget-wrap elementor-element-populated\">\n\t\t\t\t\t\t<div class=\"elementor-element elementor-element-58bd6aa elementor-widget elementor-widget-aux-before-after\" data-id=\"58bd6aa\" data-element_type=\"widget\" data-widget_type=\"aux-before-after.default\">\n\t\t\t\t<div class=\"elementor-widget-container\">\n\t\t\t<div class=\"widget-container aux-widget-before-after\"><div class=\"aux-before-after\" data-offset=\"0.5\" ><img decoding=\"async\" width=\"1346\" height=\"430\" src=\"https:\/\/cagdisdental.com\/wp-content\/uploads\/2024\/09\/Screenshot-2024-09-22-173936.png\" class=\"attachment-full size-full wp-image-1179\" alt=\"\" srcset=\"https:\/\/cagdisdental.com\/wp-content\/uploads\/2024\/09\/Screenshot-2024-09-22-173936.png 1346w, https:\/\/cagdisdental.com\/wp-content\/uploads\/2024\/09\/Screenshot-2024-09-22-173936-200x64.png 200w\" sizes=\"(max-width: 1346px) 100vw, 1346px\" \/> <img decoding=\"async\" width=\"1347\" height=\"430\" src=\"https:\/\/cagdisdental.com\/wp-content\/uploads\/2024\/09\/Screenshot-2024-09-22-173956.png\" class=\"attachment-full size-full wp-image-1180\" alt=\"\" srcset=\"https:\/\/cagdisdental.com\/wp-content\/uploads\/2024\/09\/Screenshot-2024-09-22-173956.png 1347w, https:\/\/cagdisdental.com\/wp-content\/uploads\/2024\/09\/Screenshot-2024-09-22-173956-200x64.png 200w\" sizes=\"(max-width: 1347px) 100vw, 1347px\" \/><\/div><\/div>\t\t<\/div>\n\t\t\t\t<\/div>\n\t\t\t\t\t<\/div>\n\t\t<\/div>\n\t\t\t\t<div class=\"aux-parallax-section elementor-column elementor-col-33 elementor-inner-column elementor-element elementor-element-daba913\" data-id=\"daba913\" data-element_type=\"column\">\n\t\t\t<div class=\"elementor-widget-wrap elementor-element-populated\">\n\t\t\t\t\t\t<div class=\"elementor-element elementor-element-b75031d elementor-widget elementor-widget-aux-before-after\" data-id=\"b75031d\" data-element_type=\"widget\" data-widget_type=\"aux-before-after.default\">\n\t\t\t\t<div class=\"elementor-widget-container\">\n\t\t\t<div class=\"widget-container aux-widget-before-after\"><div class=\"aux-before-after\" data-offset=\"0.5\" ><img loading=\"lazy\" decoding=\"async\" width=\"765\" height=\"430\" src=\"https:\/\/cagdisdental.com\/wp-content\/uploads\/2024\/09\/Screenshot-2024-09-22-174030.png\" class=\"attachment-full size-full wp-image-1181\" alt=\"\" srcset=\"https:\/\/cagdisdental.com\/wp-content\/uploads\/2024\/09\/Screenshot-2024-09-22-174030.png 765w, https:\/\/cagdisdental.com\/wp-content\/uploads\/2024\/09\/Screenshot-2024-09-22-174030-200x112.png 200w\" sizes=\"(max-width: 765px) 100vw, 765px\" \/> <img loading=\"lazy\" decoding=\"async\" width=\"738\" height=\"430\" src=\"https:\/\/cagdisdental.com\/wp-content\/uploads\/2024\/09\/Screenshot-2024-09-22-174111.png\" class=\"attachment-full size-full wp-image-1182\" alt=\"\" srcset=\"https:\/\/cagdisdental.com\/wp-content\/uploads\/2024\/09\/Screenshot-2024-09-22-174111.png 738w, https:\/\/cagdisdental.com\/wp-content\/uploads\/2024\/09\/Screenshot-2024-09-22-174111-200x117.png 200w\" sizes=\"(max-width: 738px) 100vw, 738px\" \/><\/div><\/div>\t\t<\/div>\n\t\t\t\t<\/div>\n\t\t\t\t\t<\/div>\n\t\t<\/div>\n\t\t\t\t<div class=\"aux-parallax-section elementor-column elementor-col-33 elementor-inner-column elementor-element elementor-element-a064960\" data-id=\"a064960\" data-element_type=\"column\">\n\t\t\t<div class=\"elementor-widget-wrap elementor-element-populated\">\n\t\t\t\t\t\t<div class=\"elementor-element elementor-element-4a742d7 elementor-widget elementor-widget-aux-before-after\" data-id=\"4a742d7\" data-element_type=\"widget\" data-widget_type=\"aux-before-after.default\">\n\t\t\t\t<div class=\"elementor-widget-container\">\n\t\t\t<div class=\"widget-container aux-widget-before-after\"><div class=\"aux-before-after\" data-offset=\"0.5\" ><img loading=\"lazy\" decoding=\"async\" width=\"1346\" height=\"430\" src=\"https:\/\/cagdisdental.com\/wp-content\/uploads\/2024\/09\/Screenshot-2024-09-22-174140.png\" class=\"attachment-full size-full wp-image-1183\" alt=\"\" srcset=\"https:\/\/cagdisdental.com\/wp-content\/uploads\/2024\/09\/Screenshot-2024-09-22-174140.png 1346w, https:\/\/cagdisdental.com\/wp-content\/uploads\/2024\/09\/Screenshot-2024-09-22-174140-200x64.png 200w\" sizes=\"(max-width: 1346px) 100vw, 1346px\" \/> <img loading=\"lazy\" decoding=\"async\" width=\"1346\" height=\"430\" src=\"https:\/\/cagdisdental.com\/wp-content\/uploads\/2024\/09\/Screenshot-2024-09-22-174155.png\" class=\"attachment-full size-full wp-image-1178\" alt=\"\" srcset=\"https:\/\/cagdisdental.com\/wp-content\/uploads\/2024\/09\/Screenshot-2024-09-22-174155.png 1346w, https:\/\/cagdisdental.com\/wp-content\/uploads\/2024\/09\/Screenshot-2024-09-22-174155-200x64.png 200w\" sizes=\"(max-width: 1346px) 100vw, 1346px\" \/><\/div><\/div>\t\t<\/div>\n\t\t\t\t<\/div>\n\t\t\t\t\t<\/div>\n\t\t<\/div>\n\t\t\t\t\t<\/div>\n\t\t<\/section>\n\t\t\t\t\t<\/div>\n\t\t<\/div>\n\t\t\t\t\t<\/div>\n\t\t<\/section>\n\t\t\t\t<section class=\"elementor-section elementor-top-section elementor-element elementor-element-77271eb elementor-section-stretched elementor-section-boxed elementor-section-height-default elementor-section-height-default\" data-id=\"77271eb\" data-element_type=\"section\" data-settings=\"{&quot;stretch_section&quot;:&quot;section-stretched&quot;}\">\n\t\t\t\t\t\t<div class=\"elementor-container elementor-column-gap-no\">\n\t\t\t\t\t<div class=\"aux-parallax-section elementor-column elementor-col-100 elementor-top-column elementor-element elementor-element-991a560\" data-id=\"991a560\" data-element_type=\"column\" data-settings=\"{&quot;background_background&quot;:&quot;classic&quot;}\">\n\t\t\t<div class=\"elementor-widget-wrap elementor-element-populated\">\n\t\t\t\t\t\t<section class=\"elementor-section elementor-inner-section elementor-element elementor-element-4c99883 elementor-section-boxed elementor-section-height-default elementor-section-height-default\" data-id=\"4c99883\" data-element_type=\"section\">\n\t\t\t\t\t\t<div class=\"elementor-container elementor-column-gap-default\">\n\t\t\t\t\t<div class=\"aux-parallax-section elementor-column elementor-col-50 elementor-inner-column elementor-element elementor-element-8240b5e\" data-id=\"8240b5e\" data-element_type=\"column\">\n\t\t\t<div class=\"elementor-widget-wrap elementor-element-populated\">\n\t\t\t\t\t\t<div class=\"elementor-element elementor-element-dbb6a45 aux-appear-watch-animation aux-scale-down elementor-widget elementor-widget-aux_modern_heading\" data-id=\"dbb6a45\" data-element_type=\"widget\" data-widget_type=\"aux_modern_heading.default\">\n\t\t\t\t<div class=\"elementor-widget-container\">\n\t\t\t<section class=\"aux-widget-modern-heading\">\n            <div class=\"aux-widget-inner\"><h4 class=\"aux-modern-heading-primary\"><\/h4><h2 class=\"aux-modern-heading-secondary\"><span class=\"aux-head-highlight\">Blanqueamiento de oficinas<\/span><\/h2><\/div>\n        <\/section>\t\t<\/div>\n\t\t\t\t<\/div>\n\t\t\t\t<div class=\"elementor-element elementor-element-af9aed4 aux-appear-watch-animation aux-fade-in-left elementor-widget elementor-widget-text-editor\" data-id=\"af9aed4\" data-element_type=\"widget\" data-widget_type=\"text-editor.default\">\n\t\t\t\t<div class=\"elementor-widget-container\">\n\t\t\t\t\t\t\t<p>El blanqueamiento dental en consulta es un tratamiento muy eficaz realizado por un dentista, conocido por ofrecer resultados significativos en relativamente poco tiempo. Este m\u00e9todo es especialmente eficaz para tratar la decoloraci\u00f3n grave, incluidos los dientes muy oscuros o amarillos. Suele implicar la aplicaci\u00f3n de un gel blanqueador combinado con luz o l\u00e1ser, y el procedimiento completo suele durar aproximadamente una hora.<br \/>El proceso suele consistir en 2-3 sesiones de 15-20 minutos cada una. El n\u00famero de sesiones necesarias depende del estado de tus dientes y de su sensibilidad. Para mejorar y prolongar los resultados del blanqueamiento, se limpian el sarro y el c\u00e1lculo antes del tratamiento blanqueador.<br \/>Se aplican agentes protectores a las enc\u00edas para evitar que se da\u00f1en con el gel blanqueador con alto contenido en ox\u00edgeno, que luego se activa mediante luz o l\u00e1ser. El gel se aplica sobre los dientes y, dependiendo de su tipo, puede requerir una activaci\u00f3n lum\u00ednica. Los avances recientes han introducido la doble aplicaci\u00f3n de gel, que permite un blanqueamiento eficaz con m\u00ednimas molestias en una sola sesi\u00f3n.<br \/>Una vez aplicado el gel y completado el tratamiento con luz, se eval\u00faan los resultados. Se pueden realizar sesiones adicionales si es necesario. Es habitual experimentar cierta sensibilidad dental tras el tratamiento, pero suele remitir a los pocos d\u00edas.<\/p>\n\t\t\t\t\t\t<\/div>\n\t\t\t\t<\/div>\n\t\t\t\t\t<\/div>\n\t\t<\/div>\n\t\t\t\t<div class=\"aux-parallax-section elementor-column elementor-col-50 elementor-inner-column elementor-element elementor-element-78988df\" data-id=\"78988df\" data-element_type=\"column\">\n\t\t\t<div class=\"elementor-widget-wrap elementor-element-populated\">\n\t\t\t\t\t\t<div class=\"elementor-element elementor-element-3236241 aux-appear-watch-animation aux-scale-up elementor-widget elementor-widget-aux_image\" data-id=\"3236241\" data-element_type=\"widget\" data-widget_type=\"aux_image.default\">\n\t\t\t\t<div class=\"elementor-widget-container\">\n\t\t\t<section class=\"widget-container aux-widget-image aux-alignnone aux-parent-au955a4c79\">\n    <div class=\"aux-media-hint-frame \">\n        <div class=\"aux-media-image \" >\n        \n            \n\n            \n            <img loading=\"lazy\" decoding=\"async\" width=\"1500\" height=\"879\" src=\"https:\/\/cagdisdental.com\/wp-content\/uploads\/2024\/09\/Untitled1.jpg\" class=\"aux-attachment aux-featured-image aux-attachment-id-1191\" alt=\"Untitled1\" data-ratio=\"1.71\" data-original-w=\"1500\" \/>            \n                <\/div>\n    <\/div>\n\n<\/section><!-- widget-container -->\t\t<\/div>\n\t\t\t\t<\/div>\n\t\t\t\t\t<\/div>\n\t\t<\/div>\n\t\t\t\t\t<\/div>\n\t\t<\/section>\n\t\t\t\t\t<\/div>\n\t\t<\/div>\n\t\t\t\t\t<\/div>\n\t\t<\/section>\n\t\t\t\t<section class=\"elementor-section elementor-top-section elementor-element elementor-element-3ccd4e8 elementor-section-boxed elementor-section-height-default elementor-section-height-default\" data-id=\"3ccd4e8\" data-element_type=\"section\">\n\t\t\t\t\t\t<div class=\"elementor-container elementor-column-gap-default\">\n\t\t\t\t\t<div class=\"aux-parallax-section elementor-column elementor-col-50 elementor-top-column elementor-element elementor-element-91acccc\" data-id=\"91acccc\" data-element_type=\"column\">\n\t\t\t<div class=\"elementor-widget-wrap elementor-element-populated\">\n\t\t\t\t\t\t<div class=\"elementor-element elementor-element-50a4ddb aux-appear-watch-animation aux-scale-up elementor-widget elementor-widget-aux_image\" data-id=\"50a4ddb\" data-element_type=\"widget\" data-widget_type=\"aux_image.default\">\n\t\t\t\t<div class=\"elementor-widget-container\">\n\t\t\t<section class=\"widget-container aux-widget-image aux-alignnone aux-parent-auae2bd781\">\n    <div class=\"aux-media-hint-frame \">\n        <div class=\"aux-media-image \" >\n        \n            \n\n            \n            <img loading=\"lazy\" decoding=\"async\" width=\"1211\" height=\"834\" src=\"https:\/\/cagdisdental.com\/wp-content\/uploads\/2024\/09\/cagdis-dental-logo-dikey2.png\" class=\"aux-attachment aux-featured-image aux-attachment-id-399\" alt=\"cagdis-dental-logo-dikey(2)\" data-ratio=\"1.45\" data-original-w=\"1211\" \/>            \n                <\/div>\n    <\/div>\n\n<\/section><!-- widget-container -->\t\t<\/div>\n\t\t\t\t<\/div>\n\t\t\t\t\t<\/div>\n\t\t<\/div>\n\t\t\t\t<div class=\"aux-parallax-section elementor-column elementor-col-50 elementor-top-column elementor-element elementor-element-f68b893\" data-id=\"f68b893\" data-element_type=\"column\">\n\t\t\t<div class=\"elementor-widget-wrap elementor-element-populated\">\n\t\t\t\t\t\t<div class=\"elementor-element elementor-element-527ceba aux-appear-watch-animation aux-scale-down elementor-widget elementor-widget-aux_modern_heading\" data-id=\"527ceba\" data-element_type=\"widget\" data-widget_type=\"aux_modern_heading.default\">\n\t\t\t\t<div class=\"elementor-widget-container\">\n\t\t\t<section class=\"aux-widget-modern-heading\">\n            <div class=\"aux-widget-inner\"><h4 class=\"aux-modern-heading-primary\"><\/h4><h2 class=\"aux-modern-heading-secondary\"><span class=\"aux-head-highlight\">Blanqueo en casa<\/span><\/h2><\/div>\n        <\/section>\t\t<\/div>\n\t\t\t\t<\/div>\n\t\t\t\t<div class=\"elementor-element elementor-element-f842209 aux-appear-watch-animation aux-fade-in-left elementor-widget elementor-widget-text-editor\" data-id=\"f842209\" data-element_type=\"widget\" data-widget_type=\"text-editor.default\">\n\t\t\t\t<div class=\"elementor-widget-container\">\n\t\t\t\t\t\t\t<p>El m\u00e9todo de blanqueamiento dental en casa consiste en utilizar un kit de blanqueamiento proporcionado por tu dentista, dise\u00f1ado para un tratamiento seguro y eficaz en casa. Este m\u00e9todo es una opci\u00f3n fiable para conseguir una sonrisa m\u00e1s brillante si se utiliza correctamente. As\u00ed es como suele funcionar el proceso:<\/p>\n<p><b>Examen inicial y medidas:<\/b> Tu dentista tomar\u00e1 impresiones de tu boca para crear cubetas personalizadas (o piezas bucales de pl\u00e1stico) que se ajusten con precisi\u00f3n.<\/p>\n<p><b>Preparaci\u00f3n de las cubetas:<\/b> A partir de estas impresiones, se fabrican cubetas personalizadas para garantizar un ajuste c\u00f3modo. El dentista te proporcionar\u00e1 un gel blanqueador, que deber\u00e1s aplicar a estas cubetas en la cantidad especificada. Utilizar demasiado gel puede provocar un desbordamiento, que puede irritar tus enc\u00edas. Si esto ocurre, limpia el exceso de gel con un bastoncillo de algod\u00f3n y aclara la zona con agua.<\/p>\n<p><b>Aplicaci\u00f3n:<\/b> Coloca las cubetas con el gel en tu boca.<\/p>\n<p><b>Duraci\u00f3n y frecuencia:<\/b> Para obtener resultados eficaces, mant\u00e9n las cubetas en la boca durante el tiempo recomendado por tu dentista. Suele ser de 4 a 8 horas durante el d\u00eda, o de 9 a 10 horas durante la noche. Normalmente, el tratamiento se aplica durante 10-14 d\u00edas, pero esto puede variar seg\u00fan el grado de decoloraci\u00f3n y el gel blanqueador espec\u00edfico utilizado. A menudo se prefiere el uso nocturno por comodidad.<\/p>\n<p>Siguiendo estos pasos y ateni\u00e9ndote a las recomendaciones de tu dentista, puedes conseguir unos resultados de blanqueamiento notables minimizando el riesgo de efectos secundarios.<\/p>\n\t\t\t\t\t\t<\/div>\n\t\t\t\t<\/div>\n\t\t\t\t\t<\/div>\n\t\t<\/div>\n\t\t\t\t\t<\/div>\n\t\t<\/section>\n\t\t\t\t<\/div>\n\t\t","protected":false},"excerpt":{"rendered":"<p>Brilla hoy Blanqueamiento dental Contacta con nosotros \u00bfQu\u00e9 es el blanqueamiento dental? El blanqueamiento dental es un proceso dise\u00f1ado para tratar el amarilleamiento u oscurecimiento del esmalte dental, a menudo causado por diversos factores. Esto se consigue utilizando un gel blanqueador aprobado por el Ministerio de Sanidad. Muchas personas que buscan mejoras est\u00e9ticas recurren a [&hellip;]<\/p>\n","protected":false},"author":1,"featured_media":0,"parent":0,"menu_order":0,"comment_status":"closed","ping_status":"closed","template":"","meta":{"_monsterinsights_skip_tracking":false,"_monsterinsights_sitenote_active":false,"_monsterinsights_sitenote_note":"","_monsterinsights_sitenote_category":0,"_joinchat":[],"footnotes":""},"class_list":["post-2264","page","type-page","status-publish","hentry"],"aioseo_notices":[],"_links":{"self":[{"href":"https:\/\/cagdisdental.com\/es\/wp-json\/wp\/v2\/pages\/2264"}],"collection":[{"href":"https:\/\/cagdisdental.com\/es\/wp-json\/wp\/v2\/pages"}],"about":[{"href":"https:\/\/cagdisdental.com\/es\/wp-json\/wp\/v2\/types\/page"}],"author":[{"embeddable":true,"href":"https:\/\/cagdisdental.com\/es\/wp-json\/wp\/v2\/users\/1"}],"replies":[{"embeddable":true,"href":"https:\/\/cagdisdental.com\/es\/wp-json\/wp\/v2\/comments?post=2264"}],"version-history":[{"count":1,"href":"https:\/\/cagdisdental.com\/es\/wp-json\/wp\/v2\/pages\/2264\/revisions"}],"predecessor-version":[{"id":2265,"href":"https:\/\/cagdisdental.com\/es\/wp-json\/wp\/v2\/pages\/2264\/revisions\/2265"}],"wp:attachment":[{"href":"https:\/\/cagdisdental.com\/es\/wp-json\/wp\/v2\/media?parent=2264"}],"curies":[{"name":"wp","href":"https:\/\/api.w.org\/{rel}","templated":true}]}}