{"id":2269,"date":"2024-09-18T12:16:46","date_gmt":"2024-09-18T12:16:46","guid":{"rendered":"https:\/\/cagdisdental.com\/todos-a-las-seis\/"},"modified":"2025-02-08T11:39:16","modified_gmt":"2025-02-08T11:39:16","slug":"todos-a-las-seis","status":"publish","type":"page","link":"https:\/\/cagdisdental.com\/es\/todos-a-las-seis\/","title":{"rendered":"Todos a las seis"},"content":{"rendered":"\t\t<div data-elementor-type=\"wp-page\" data-elementor-id=\"2269\" class=\"elementor elementor-2269 elementor-161\">\n\t\t\t\t\t\t<section class=\"elementor-section elementor-top-section elementor-element elementor-element-d995657 elementor-section-content-middle elementor-section-stretched elementor-section-boxed elementor-section-height-default elementor-section-height-default\" data-id=\"d995657\" data-element_type=\"section\" data-settings=\"{&quot;stretch_section&quot;:&quot;section-stretched&quot;,&quot;background_background&quot;:&quot;classic&quot;}\">\n\t\t\t\t\t\t<div class=\"elementor-container elementor-column-gap-no\">\n\t\t\t\t\t<div class=\"aux-parallax-section elementor-column elementor-col-50 elementor-top-column elementor-element elementor-element-0e759b0\" data-id=\"0e759b0\" data-element_type=\"column\">\n\t\t\t<div class=\"elementor-widget-wrap elementor-element-populated\">\n\t\t\t\t\t\t<div class=\"elementor-element elementor-element-78ff2ca aux-appear-watch-animation aux-scale-down elementor-widget elementor-widget-aux_modern_heading\" data-id=\"78ff2ca\" data-element_type=\"widget\" data-widget_type=\"aux_modern_heading.default\">\n\t\t\t\t<div class=\"elementor-widget-container\">\n\t\t\t<section class=\"aux-widget-modern-heading\">\n            <div class=\"aux-widget-inner\"><h4 class=\"aux-modern-heading-primary\">Brilla Para Siempre Contigo<\/h4><h1 class=\"aux-modern-heading-secondary\"><span class=\"aux-head-highlight\">Todos a las seis<\/span><\/h1><div class=\"aux-modern-heading-description\"><p>Los implantes dentales All-on-Six, tambi\u00e9n conocidos como pr\u00f3tesis dentales de arcada completa, ofrecen una estabilidad y funcionalidad superiores a las pr\u00f3tesis dentales completas tradicionales. Proporcionan una mayor est\u00e9tica y durabilidad para sustituir toda una arcada de dientes. Este m\u00e9todo proporciona una base estable para la pr\u00f3tesis restauradora, abordando tanto los problemas est\u00e9ticos como los funcionales.  <\/p>\n<\/div><\/div>\n        <\/section>\t\t<\/div>\n\t\t\t\t<\/div>\n\t\t\t\t\t<\/div>\n\t\t<\/div>\n\t\t\t\t<div class=\"aux-parallax-section elementor-column elementor-col-50 elementor-top-column elementor-element elementor-element-0cb9ebb\" data-id=\"0cb9ebb\" data-element_type=\"column\">\n\t\t\t<div class=\"elementor-widget-wrap elementor-element-populated\">\n\t\t\t\t\t\t<div class=\"elementor-element elementor-element-6b35261 elementor-widget elementor-widget-video\" data-id=\"6b35261\" data-element_type=\"widget\" data-settings=\"{&quot;video_type&quot;:&quot;hosted&quot;,&quot;controls&quot;:&quot;yes&quot;}\" data-widget_type=\"video.default\">\n\t\t\t\t<div class=\"elementor-widget-container\">\n\t\t\t\t\t<div class=\"e-hosted-video elementor-wrapper elementor-open-inline\">\n\t\t\t\t\t<video class=\"elementor-video\" src=\"https:\/\/cagdisdental.com\/wp-content\/uploads\/2024\/09\/V-All-on-Six-2.mp4\" controls=\"\" preload=\"metadata\" controlsList=\"nodownload\"><\/video>\n\t\t\t\t<\/div>\n\t\t\t\t<\/div>\n\t\t\t\t<\/div>\n\t\t\t\t\t<\/div>\n\t\t<\/div>\n\t\t\t\t\t<\/div>\n\t\t<\/section>\n\t\t\t\t<section class=\"elementor-section elementor-top-section elementor-element elementor-element-8b9abc2 elementor-section-stretched elementor-section-boxed elementor-section-height-default elementor-section-height-default\" data-id=\"8b9abc2\" data-element_type=\"section\" data-settings=\"{&quot;background_background&quot;:&quot;classic&quot;,&quot;stretch_section&quot;:&quot;section-stretched&quot;}\">\n\t\t\t\t\t\t<div class=\"elementor-container elementor-column-gap-no\">\n\t\t\t\t\t<div class=\"aux-parallax-section elementor-column elementor-col-100 elementor-top-column elementor-element elementor-element-db968fb\" data-id=\"db968fb\" data-element_type=\"column\">\n\t\t\t<div class=\"elementor-widget-wrap elementor-element-populated\">\n\t\t\t\t\t\t<div class=\"elementor-element elementor-element-76708f0 aux-appear-watch-animation aux-scale-down elementor-widget elementor-widget-aux_modern_heading\" data-id=\"76708f0\" data-element_type=\"widget\" data-widget_type=\"aux_modern_heading.default\">\n\t\t\t\t<div class=\"elementor-widget-container\">\n\t\t\t<section class=\"aux-widget-modern-heading\">\n            <div class=\"aux-widget-inner\"><h4 class=\"aux-modern-heading-primary\"><\/h4><h2 class=\"aux-modern-heading-secondary\"><span class=\"aux-head-highlight\">\u00bfQu\u00e9 son los implantes dentales All-on-Six?<\/span><\/h2><\/div>\n        <\/section>\t\t<\/div>\n\t\t\t\t<\/div>\n\t\t\t\t<div class=\"elementor-element elementor-element-89bbcf6 elementor-widget elementor-widget-text-editor\" data-id=\"89bbcf6\" data-element_type=\"widget\" data-widget_type=\"text-editor.default\">\n\t\t\t\t<div class=\"elementor-widget-container\">\n\t\t\t\t\t\t\t<p>Los implantes dentales All-on-Six, tambi\u00e9n conocidos como pr\u00f3tesis dentales de arcada completa, ofrecen una estabilidad y funcionalidad superiores a las pr\u00f3tesis dentales completas tradicionales. Proporcionan una mayor est\u00e9tica y durabilidad para sustituir toda una arcada de dientes. Este m\u00e9todo proporciona una base estable para la pr\u00f3tesis restauradora, abordando tanto los problemas est\u00e9ticos como los funcionales.  <\/p>\n<p>En el procedimiento All-on-Six, se colocan estrat\u00e9gicamente en el hueso maxilar seis implantes biocompatibles, normalmente de titanio. Estos implantes se someten a un proceso de osteointegraci\u00f3n, en el que se fusionan con el hueso circundante para proporcionar un fuerte soporte. Una vez completada la cicatrizaci\u00f3n, se fija una pr\u00f3tesis o dentadura postiza sobre los implantes mediante conectores, garantizando una funci\u00f3n dental duradera y c\u00f3moda, al tiempo que se consigue una sonrisa radiante.  <\/p>\n<p>Nuestros expertos cirujanos orales y de implantes comprenden la importancia de la estabilidad y la comodidad de las que pueden carecer las dentaduras tradicionales. Nuestros expertos cirujanos se dedican a reconstruir meticulosamente tu sonrisa y optimizar la funci\u00f3n de los dientes para ofrecerte unos resultados excepcionales y personalizados que satisfagan tus expectativas. <\/p>\n\t\t\t\t\t\t<\/div>\n\t\t\t\t<\/div>\n\t\t\t\t\t<\/div>\n\t\t<\/div>\n\t\t\t\t\t<\/div>\n\t\t<\/section>\n\t\t\t\t<section class=\"elementor-section elementor-top-section elementor-element elementor-element-af035a7 elementor-section-stretched elementor-section-boxed elementor-section-height-default elementor-section-height-default\" data-id=\"af035a7\" data-element_type=\"section\" data-settings=\"{&quot;stretch_section&quot;:&quot;section-stretched&quot;}\">\n\t\t\t\t\t\t<div class=\"elementor-container elementor-column-gap-no\">\n\t\t\t\t\t<div class=\"aux-parallax-section elementor-column elementor-col-50 elementor-top-column elementor-element elementor-element-8adf277\" data-id=\"8adf277\" data-element_type=\"column\">\n\t\t\t<div class=\"elementor-widget-wrap elementor-element-populated\">\n\t\t\t\t\t\t<div class=\"elementor-element elementor-element-e46217a aux-appear-watch-animation aux-scale-up elementor-widget elementor-widget-aux_image\" data-id=\"e46217a\" data-element_type=\"widget\" data-widget_type=\"aux_image.default\">\n\t\t\t\t<div class=\"elementor-widget-container\">\n\t\t\t<section class=\"widget-container aux-widget-image aux-alignnone aux-parent-au8e26eb65\">\n    <div class=\"aux-media-hint-frame \">\n        <div class=\"aux-media-image \" >\n        \n            \n\n            \n            <img fetchpriority=\"high\" decoding=\"async\" width=\"1024\" height=\"787\" src=\"https:\/\/cagdisdental.com\/wp-content\/uploads\/2024\/09\/1-3.jpg\" class=\"aux-attachment aux-featured-image aux-attachment-id-1028\" alt=\"1\" data-ratio=\"1.3\" data-original-w=\"1024\" \/>            \n                <\/div>\n    <\/div>\n\n<\/section><!-- widget-container -->\t\t<\/div>\n\t\t\t\t<\/div>\n\t\t\t\t\t<\/div>\n\t\t<\/div>\n\t\t\t\t<div class=\"aux-parallax-section elementor-column elementor-col-50 elementor-top-column elementor-element elementor-element-b03c48b\" data-id=\"b03c48b\" data-element_type=\"column\">\n\t\t\t<div class=\"elementor-widget-wrap elementor-element-populated\">\n\t\t\t\t\t\t<div class=\"elementor-element elementor-element-25e43e5 aux-appear-watch-animation aux-scale-down elementor-widget elementor-widget-aux_modern_heading\" data-id=\"25e43e5\" data-element_type=\"widget\" data-widget_type=\"aux_modern_heading.default\">\n\t\t\t\t<div class=\"elementor-widget-container\">\n\t\t\t<section class=\"aux-widget-modern-heading\">\n            <div class=\"aux-widget-inner\"><h4 class=\"aux-modern-heading-primary\"><\/h4><h2 class=\"aux-modern-heading-secondary\"><span class=\"aux-head-highlight\">\u00bfPor qu\u00e9 elegir los implantes dentales All-On-Six?<\/span><\/h2><\/div>\n        <\/section>\t\t<\/div>\n\t\t\t\t<\/div>\n\t\t\t\t<div class=\"elementor-element elementor-element-0eb08cc elementor-widget elementor-widget-text-editor\" data-id=\"0eb08cc\" data-element_type=\"widget\" data-widget_type=\"text-editor.default\">\n\t\t\t\t<div class=\"elementor-widget-container\">\n\t\t\t\t\t\t\t<p>Los implantes dentales All-On-Six son una opci\u00f3n excelente para los pacientes que buscan un procedimiento dental menos invasivo. Este enfoque minimiza el tiempo de recuperaci\u00f3n y requiere una cirug\u00eda menos extensa en comparaci\u00f3n con los m\u00e9todos tradicionales. <\/p>\n<p>Nuestros cirujanos eval\u00faan cuidadosamente el hueso maxilar y colocan cada implante estrat\u00e9gicamente para garantizar una uni\u00f3n fuerte utilizando menos implantes. A la mayor\u00eda de los pacientes se les pueden colocar dientes provisionales sobre los implantes inmediatamente despu\u00e9s de la intervenci\u00f3n, y a\u00f1adir pr\u00f3tesis permanentes unos meses m\u00e1s tarde. <\/p>\n<p>Sustituir las dentaduras postizas por implantes All-On-Six ofrece varias ventajas:<\/p>\n<ul>\n<li><strong>Facilidad de cuidado:<\/strong> Mant\u00e9n tus implantes igual que los dientes naturales, sin necesidad de limpiadores especiales.<\/li>\n<li><strong>Comodidad:<\/strong> No es necesario quitarse la dentadura postiza por la noche.<\/li>\n<li><strong>Estabilidad:<\/strong> Elimina los problemas de desplazamiento o deslizamiento de las dentaduras postizas.<\/li>\n<li><strong>Flexibilidad diet\u00e9tica:<\/strong> Disfruta de una amplia variedad de alimentos sin restricciones.<\/li>\n<li><strong>Preservaci\u00f3n \u00f3sea<\/strong>: Los implantes ayudan a mantener tu hueso maxilar, previniendo la p\u00e9rdida \u00f3sea y evitando un aspecto prematuramente envejecido.<\/li>\n<li><strong>Comodidad:<\/strong> Los implantes absorben la presi\u00f3n de la masticaci\u00f3n, reduciendo el dolor de enc\u00edas que suelen causar las pr\u00f3tesis tradicionales.<\/li>\n<\/ul>\n\t\t\t\t\t\t<\/div>\n\t\t\t\t<\/div>\n\t\t\t\t\t<\/div>\n\t\t<\/div>\n\t\t\t\t\t<\/div>\n\t\t<\/section>\n\t\t\t\t<section class=\"elementor-section elementor-top-section elementor-element elementor-element-8cb5aa8 elementor-section-stretched elementor-section-boxed elementor-section-height-default elementor-section-height-default\" data-id=\"8cb5aa8\" data-element_type=\"section\" data-settings=\"{&quot;background_background&quot;:&quot;classic&quot;,&quot;stretch_section&quot;:&quot;section-stretched&quot;}\">\n\t\t\t\t\t\t<div class=\"elementor-container elementor-column-gap-no\">\n\t\t\t\t\t<div class=\"aux-parallax-section elementor-column elementor-col-50 elementor-top-column elementor-element elementor-element-09fd12a\" data-id=\"09fd12a\" data-element_type=\"column\">\n\t\t\t<div class=\"elementor-widget-wrap elementor-element-populated\">\n\t\t\t\t\t\t<div class=\"elementor-element elementor-element-bf53ec7 aux-appear-watch-animation aux-scale-down elementor-widget elementor-widget-aux_modern_heading\" data-id=\"bf53ec7\" data-element_type=\"widget\" data-widget_type=\"aux_modern_heading.default\">\n\t\t\t\t<div class=\"elementor-widget-container\">\n\t\t\t<section class=\"aux-widget-modern-heading\">\n            <div class=\"aux-widget-inner\"><h4 class=\"aux-modern-heading-primary\"><\/h4><h2 class=\"aux-modern-heading-secondary\"><span class=\"aux-head-highlight\">\u00bfQui\u00e9n es un buen candidato para All-On-Six?<\/span><\/h2><\/div>\n        <\/section>\t\t<\/div>\n\t\t\t\t<\/div>\n\t\t\t\t<div class=\"elementor-element elementor-element-1875ea5 elementor-widget elementor-widget-text-editor\" data-id=\"1875ea5\" data-element_type=\"widget\" data-widget_type=\"text-editor.default\">\n\t\t\t\t<div class=\"elementor-widget-container\">\n\t\t\t\t\t\t\t<p>Los implantes All-On-6 son una soluci\u00f3n muy eficaz para los pacientes a los que les faltan todos o la mayor\u00eda de los dientes del maxilar superior o inferior. Los candidatos a esta intervenci\u00f3n deben gozar de buena salud general y tener una densidad maxilar adecuada, as\u00ed como dientes y enc\u00edas sanos. <\/p>\n<p>Sin embargo, algunas personas pueden no ser aptas para los implantes All-On-Six. Entre ellas est\u00e1n las que fuman o padecen enfermedades como c\u00e1ncer, trastornos autoinmunitarios o trastornos hemorr\u00e1gicos. Nuestros cirujanos orales realizar\u00e1n una evaluaci\u00f3n exhaustiva de tu salud general y tu historial m\u00e9dico para determinar si los implantes All-On-6 son una opci\u00f3n adecuada para ti.  <\/p><\/p>\n\t\t\t\t\t\t<\/div>\n\t\t\t\t<\/div>\n\t\t\t\t\t<\/div>\n\t\t<\/div>\n\t\t\t\t<div class=\"aux-parallax-section elementor-column elementor-col-50 elementor-top-column elementor-element elementor-element-ee4bd09\" data-id=\"ee4bd09\" data-element_type=\"column\">\n\t\t\t<div class=\"elementor-widget-wrap elementor-element-populated\">\n\t\t\t\t\t\t<div class=\"elementor-element elementor-element-fa8be0d aux-appear-watch-animation aux-scale-up elementor-widget elementor-widget-aux_image\" data-id=\"fa8be0d\" data-element_type=\"widget\" data-widget_type=\"aux_image.default\">\n\t\t\t\t<div class=\"elementor-widget-container\">\n\t\t\t<section class=\"widget-container aux-widget-image aux-alignnone aux-parent-au5616e132\">\n    <div class=\"aux-media-hint-frame \">\n        <div class=\"aux-media-image \" >\n        \n            \n\n            \n            <img decoding=\"async\" width=\"768\" height=\"768\" src=\"https:\/\/cagdisdental.com\/wp-content\/uploads\/2024\/09\/20240319_200532.jpg\" class=\"aux-attachment aux-featured-image aux-attachment-id-313\" alt=\"20240319_200532\" data-ratio=\"1\" data-original-w=\"768\" \/>            \n                <\/div>\n    <\/div>\n\n<\/section><!-- widget-container -->\t\t<\/div>\n\t\t\t\t<\/div>\n\t\t\t\t\t<\/div>\n\t\t<\/div>\n\t\t\t\t\t<\/div>\n\t\t<\/section>\n\t\t\t\t<section class=\"elementor-section elementor-top-section elementor-element elementor-element-595d91e elementor-section-stretched elementor-section-boxed elementor-section-height-default elementor-section-height-default\" data-id=\"595d91e\" data-element_type=\"section\" data-settings=\"{&quot;stretch_section&quot;:&quot;section-stretched&quot;}\">\n\t\t\t\t\t\t<div class=\"elementor-container elementor-column-gap-no\">\n\t\t\t\t\t<div class=\"aux-parallax-section elementor-column elementor-col-100 elementor-top-column elementor-element elementor-element-05d2c9b\" data-id=\"05d2c9b\" data-element_type=\"column\">\n\t\t\t<div class=\"elementor-widget-wrap elementor-element-populated\">\n\t\t\t\t\t\t<div class=\"elementor-element elementor-element-a63f794 aux-appear-watch-animation aux-scale-down elementor-widget elementor-widget-aux_modern_heading\" data-id=\"a63f794\" data-element_type=\"widget\" data-widget_type=\"aux_modern_heading.default\">\n\t\t\t\t<div class=\"elementor-widget-container\">\n\t\t\t<section class=\"aux-widget-modern-heading\">\n            <div class=\"aux-widget-inner\"><h4 class=\"aux-modern-heading-primary\"><\/h4><h2 class=\"aux-modern-heading-secondary\"><span class=\"aux-head-highlight\">\u00bfCu\u00e1les son las ventajas de un implante All-on-6 en comparaci\u00f3n con otras opciones de implantes?<\/span><\/h2><\/div>\n        <\/section>\t\t<\/div>\n\t\t\t\t<\/div>\n\t\t\t\t<div class=\"elementor-element elementor-element-b954e79 elementor-widget elementor-widget-text-editor\" data-id=\"b954e79\" data-element_type=\"widget\" data-widget_type=\"text-editor.default\">\n\t\t\t\t<div class=\"elementor-widget-container\">\n\t\t\t\t\t\t\t<ul>\n<li><strong>Soporte mejorado:<\/strong> Los implantes dentales All-on-6 ofrecen un soporte y una estabilidad superiores para las pr\u00f3tesis restauradoras al anclar seis implantes en el hueso maxilar. Esta configuraci\u00f3n mejora la estabilidad de la pr\u00f3tesis y resuelve eficazmente los problemas de deslizamiento de la dentadura al masticar. <\/li>\n<\/ul>\n<ul>\n<li><strong>Est\u00e9tica facial mejorada:<\/strong> Los implantes All-on-6 son m\u00e1s eficaces para restaurar la est\u00e9tica facial que otras opciones de sustituci\u00f3n dental. Al reconstruir el maxilar superior, solucionan problemas como las mejillas hundidas, dando un aspecto m\u00e1s juvenil. <\/li>\n<\/ul>\n<ul>\n<li><strong>Distribuci\u00f3n uniforme de la carga:<\/strong> A diferencia de otros m\u00e9todos implantol\u00f3gicos que colocan cargas funcionales en menos implantes, All-on-6 distribuye uniformemente la carga entre seis implantes. Este enfoque reduce la reabsorci\u00f3n \u00f3sea alrededor de los implantes y aumenta su durabilidad. <\/li>\n<\/ul>\n<ul>\n<li><strong>Mantiene la densidad del hueso maxilar:<\/strong> La p\u00e9rdida prolongada de dientes puede provocar una reabsorci\u00f3n progresiva del hueso maxilar y una disminuci\u00f3n de la densidad \u00f3sea. La colocaci\u00f3n de implantes All-on-6 ayuda a contrarrestar esta reabsorci\u00f3n y a mantener la densidad \u00f3sea. <\/li>\n<\/ul>\n<ul>\n<li><strong>Opciones prot\u00e9sicas flexibles:<\/strong> Los implantes All-on-Six ofrecen varias opciones de restauraci\u00f3n adaptadas a las necesidades individuales, como puentes de dentadura completa. Esta flexibilidad permite mejorar la funci\u00f3n y la est\u00e9tica gracias al soporte estable que proporcionan los implantes. <\/li>\n<\/ul>\n<p><strong> <\/strong><strong>Durabilidad:<\/strong> Los implantes All-on-6 est\u00e1n dise\u00f1ados para un uso a largo plazo, ofreciendo resultados duraderos con una higiene bucal adecuada y seguimientos regulares. Si se mantienen correctamente, pueden proporcionar beneficios fiables y duraderos durante toda la vida. <\/p>\n\t\t\t\t\t\t<\/div>\n\t\t\t\t<\/div>\n\t\t\t\t\t<\/div>\n\t\t<\/div>\n\t\t\t\t\t<\/div>\n\t\t<\/section>\n\t\t\t\t<\/div>\n\t\t","protected":false},"excerpt":{"rendered":"<p>Brilla Para Siempre Contigo Todos a las seis Los implantes dentales All-on-Six, tambi\u00e9n conocidos como pr\u00f3tesis dentales de arcada completa, ofrecen una estabilidad y funcionalidad superiores a las pr\u00f3tesis dentales completas tradicionales. Proporcionan una mayor est\u00e9tica y durabilidad para sustituir toda una arcada de dientes. Este m\u00e9todo proporciona una base estable para la pr\u00f3tesis restauradora, [&hellip;]<\/p>\n","protected":false},"author":1,"featured_media":0,"parent":0,"menu_order":0,"comment_status":"closed","ping_status":"closed","template":"","meta":{"_monsterinsights_skip_tracking":false,"_monsterinsights_sitenote_active":false,"_monsterinsights_sitenote_note":"","_monsterinsights_sitenote_category":0,"_joinchat":[],"footnotes":""},"class_list":["post-2269","page","type-page","status-publish","hentry"],"aioseo_notices":[],"_links":{"self":[{"href":"https:\/\/cagdisdental.com\/es\/wp-json\/wp\/v2\/pages\/2269"}],"collection":[{"href":"https:\/\/cagdisdental.com\/es\/wp-json\/wp\/v2\/pages"}],"about":[{"href":"https:\/\/cagdisdental.com\/es\/wp-json\/wp\/v2\/types\/page"}],"author":[{"embeddable":true,"href":"https:\/\/cagdisdental.com\/es\/wp-json\/wp\/v2\/users\/1"}],"replies":[{"embeddable":true,"href":"https:\/\/cagdisdental.com\/es\/wp-json\/wp\/v2\/comments?post=2269"}],"version-history":[{"count":1,"href":"https:\/\/cagdisdental.com\/es\/wp-json\/wp\/v2\/pages\/2269\/revisions"}],"predecessor-version":[{"id":2271,"href":"https:\/\/cagdisdental.com\/es\/wp-json\/wp\/v2\/pages\/2269\/revisions\/2271"}],"wp:attachment":[{"href":"https:\/\/cagdisdental.com\/es\/wp-json\/wp\/v2\/media?parent=2269"}],"curies":[{"name":"wp","href":"https:\/\/api.w.org\/{rel}","templated":true}]}}