{"id":2272,"date":"2024-09-18T12:16:46","date_gmt":"2024-09-18T12:16:46","guid":{"rendered":"https:\/\/cagdisdental.com\/endodoncia\/"},"modified":"2025-02-08T11:39:17","modified_gmt":"2025-02-08T11:39:17","slug":"endodoncia","status":"publish","type":"page","link":"https:\/\/cagdisdental.com\/es\/endodoncia\/","title":{"rendered":"Endodoncia"},"content":{"rendered":"\t\t<div data-elementor-type=\"wp-page\" data-elementor-id=\"2272\" class=\"elementor elementor-2272 elementor-159\">\n\t\t\t\t\t\t<section class=\"elementor-section elementor-top-section elementor-element elementor-element-e00a6cb elementor-section-content-middle elementor-section-stretched elementor-section-boxed elementor-section-height-default elementor-section-height-default\" data-id=\"e00a6cb\" data-element_type=\"section\" data-settings=\"{&quot;stretch_section&quot;:&quot;section-stretched&quot;,&quot;background_background&quot;:&quot;classic&quot;}\">\n\t\t\t\t\t\t<div class=\"elementor-container elementor-column-gap-no\">\n\t\t\t\t\t<div class=\"aux-parallax-section elementor-column elementor-col-50 elementor-top-column elementor-element elementor-element-df9ff63\" data-id=\"df9ff63\" data-element_type=\"column\">\n\t\t\t<div class=\"elementor-widget-wrap elementor-element-populated\">\n\t\t\t\t\t\t<div class=\"elementor-element elementor-element-6e09a97 aux-appear-watch-animation aux-scale-down elementor-widget elementor-widget-aux_modern_heading\" data-id=\"6e09a97\" data-element_type=\"widget\" data-widget_type=\"aux_modern_heading.default\">\n\t\t\t\t<div class=\"elementor-widget-container\">\n\t\t\t<section class=\"aux-widget-modern-heading\">\n            <div class=\"aux-widget-inner\"><h4 class=\"aux-modern-heading-primary\">Acaba con el dolor y salva tus dientes<\/h4><h1 class=\"aux-modern-heading-secondary\"><span class=\"aux-head-highlight\">Endodoncia<\/span><\/h1><div class=\"aux-modern-heading-description\"><h4>Tratamiento experto para un alivio duradero<\/h4>\n<\/div><\/div>\n        <\/section>\t\t<\/div>\n\t\t\t\t<\/div>\n\t\t\t\t<div class=\"elementor-element elementor-element-500f398 elementor-widget__width-auto elementor-hidden-phone aux-appear-watch-animation aux-scale-down elementor-widget elementor-widget-aux_modern_button\" data-id=\"500f398\" data-element_type=\"widget\" data-widget_type=\"aux_modern_button.default\">\n\t\t\t\t<div class=\"elementor-widget-container\">\n\t\t\t    <div class=\"aux-modern-button-wrapper aux-modern-button-align-left\" >\n                    <a class=\"aux-modern-button aux-black aux-modern-button-md aux-modern-button-normal aux-modern-button-default aux-icon-\" href=\"#\">\n                <div class=\"aux-overlay\"><\/div>\n                                <div class=\"aux-text\">\n<span class=\"aux-text-before\">Contacta con nosotros<\/span>                <\/div>\n            <\/a>\n            \n    <\/div>\n\n    \t\t<\/div>\n\t\t\t\t<\/div>\n\t\t\t\t\t<\/div>\n\t\t<\/div>\n\t\t\t\t<div class=\"aux-parallax-section elementor-column elementor-col-50 elementor-top-column elementor-element elementor-element-ecff54a\" data-id=\"ecff54a\" data-element_type=\"column\">\n\t\t\t<div class=\"elementor-widget-wrap elementor-element-populated\">\n\t\t\t\t\t\t<div class=\"elementor-element elementor-element-6a14c04 aux-appear-watch-animation aux-fade-in-left-1 elementor-widget elementor-widget-aux_image\" data-id=\"6a14c04\" data-element_type=\"widget\" data-widget_type=\"aux_image.default\">\n\t\t\t\t<div class=\"elementor-widget-container\">\n\t\t\t<section class=\"widget-container aux-widget-image aux-alignnone aux-parent-aua4d4921f\">\n    <div class=\"aux-media-hint-frame \">\n        <div class=\"aux-media-image \" >\n        \n            \n\n            \n            <img fetchpriority=\"high\" decoding=\"async\" width=\"1211\" height=\"834\" src=\"https:\/\/cagdisdental.com\/wp-content\/uploads\/2024\/09\/cagdis-dental-logo-dikey2.png\" class=\"aux-attachment aux-featured-image aux-attachment-id-399\" alt=\"cagdis-dental-logo-dikey(2)\" data-ratio=\"1.45\" data-original-w=\"1211\" \/>            \n                <\/div>\n    <\/div>\n\n<\/section><!-- widget-container -->\t\t<\/div>\n\t\t\t\t<\/div>\n\t\t\t\t\t<\/div>\n\t\t<\/div>\n\t\t\t\t\t<\/div>\n\t\t<\/section>\n\t\t\t\t<section class=\"elementor-section elementor-top-section elementor-element elementor-element-1b16b01 elementor-section-stretched elementor-section-boxed elementor-section-height-default elementor-section-height-default\" data-id=\"1b16b01\" data-element_type=\"section\" data-settings=\"{&quot;background_background&quot;:&quot;classic&quot;,&quot;stretch_section&quot;:&quot;section-stretched&quot;}\">\n\t\t\t\t\t\t<div class=\"elementor-container elementor-column-gap-no\">\n\t\t\t\t\t<div class=\"aux-parallax-section elementor-column elementor-col-100 elementor-top-column elementor-element elementor-element-a1efb96\" data-id=\"a1efb96\" data-element_type=\"column\">\n\t\t\t<div class=\"elementor-widget-wrap elementor-element-populated\">\n\t\t\t\t\t\t<div class=\"elementor-element elementor-element-b4d8105 aux-appear-watch-animation aux-scale-down elementor-widget elementor-widget-aux_modern_heading\" data-id=\"b4d8105\" data-element_type=\"widget\" data-widget_type=\"aux_modern_heading.default\">\n\t\t\t\t<div class=\"elementor-widget-container\">\n\t\t\t<section class=\"aux-widget-modern-heading\">\n            <div class=\"aux-widget-inner\"><h4 class=\"aux-modern-heading-primary\"><\/h4><h2 class=\"aux-modern-heading-secondary\"><span class=\"aux-head-highlight\">\u00bfQu\u00e9 es un tratamiento de conductos?<\/span><\/h2><\/div>\n        <\/section>\t\t<\/div>\n\t\t\t\t<\/div>\n\t\t\t\t<div class=\"elementor-element elementor-element-46b56e1 aux-appear-watch-animation aux-fade-in-left elementor-widget elementor-widget-text-editor\" data-id=\"46b56e1\" data-element_type=\"widget\" data-widget_type=\"text-editor.default\">\n\t\t\t\t<div class=\"elementor-widget-container\">\n\t\t\t\t\t\t\t<p>Un tratamiento de conductos, tambi\u00e9n conocido como tratamiento endod\u00f3ntico, es un procedimiento dental dise\u00f1ado para eliminar la pulpa dental infectada o da\u00f1ada del interior de un diente.<\/p>\n<p>Cada diente contiene un sistema de conductos que se extiende desde la corona (la superficie superior del diente) hasta la ra\u00edz. Estos conductos albergan la pulpa dental, que est\u00e1 formada por tejido conjuntivo, nervios y vasos sangu\u00edneos.<\/p>\n<p>Durante una endodoncia, el dentista extrae la pulpa da\u00f1ada o infectada del interior del diente. Una vez extra\u00edda la pulpa, el espacio vac\u00edo se limpia a fondo, se desinfecta y luego se rellena y sella para evitar nuevas infecciones.<\/p>\n<p>Para restaurar la funcionalidad del diente y protegerlo de futuros da\u00f1os, la superficie de masticaci\u00f3n puede restaurarse con un empaste o una corona.<\/p>\n\t\t\t\t\t\t<\/div>\n\t\t\t\t<\/div>\n\t\t\t\t\t<\/div>\n\t\t<\/div>\n\t\t\t\t\t<\/div>\n\t\t<\/section>\n\t\t\t\t<section class=\"elementor-section elementor-top-section elementor-element elementor-element-c38a767 elementor-section-stretched elementor-section-boxed elementor-section-height-default elementor-section-height-default\" data-id=\"c38a767\" data-element_type=\"section\" data-settings=\"{&quot;background_background&quot;:&quot;classic&quot;,&quot;stretch_section&quot;:&quot;section-stretched&quot;}\">\n\t\t\t\t\t\t<div class=\"elementor-container elementor-column-gap-no\">\n\t\t\t\t\t<div class=\"aux-parallax-section elementor-column elementor-col-50 elementor-top-column elementor-element elementor-element-974986f\" data-id=\"974986f\" data-element_type=\"column\">\n\t\t\t<div class=\"elementor-widget-wrap elementor-element-populated\">\n\t\t\t\t\t\t<div class=\"elementor-element elementor-element-162a37e aux-appear-watch-animation aux-scale-down elementor-widget elementor-widget-aux_modern_heading\" data-id=\"162a37e\" data-element_type=\"widget\" data-widget_type=\"aux_modern_heading.default\">\n\t\t\t\t<div class=\"elementor-widget-container\">\n\t\t\t<section class=\"aux-widget-modern-heading\">\n            <div class=\"aux-widget-inner\"><h4 class=\"aux-modern-heading-primary\"><\/h4><h2 class=\"aux-modern-heading-secondary\"><span class=\"aux-head-highlight\">\u00bfCu\u00e1ndo puedo necesitar un tratamiento de conductos?<\/span><\/h2><\/div>\n        <\/section>\t\t<\/div>\n\t\t\t\t<\/div>\n\t\t\t\t<div class=\"elementor-element elementor-element-f71415f aux-appear-watch-animation aux-fade-in-left elementor-widget elementor-widget-text-editor\" data-id=\"f71415f\" data-element_type=\"widget\" data-widget_type=\"text-editor.default\">\n\t\t\t\t<div class=\"elementor-widget-container\">\n\t\t\t\t\t\t\t<p>Si tienes un diente gravemente infectado o da\u00f1ado, el tratamiento de conductos a menudo puede preservar el diente y evitar la necesidad de extraerlo.<\/p>\n<p>Un diente puede infectarse o da\u00f1arse debido a varios factores, entre ellos:<\/p>\n<ul>\n<li><b>Caries:<\/b> Caries profundas que alcanzan la pulpa interna del diente.<\/li>\n<li><b>Desgaste:<\/b> Deterioro general con el paso del tiempo.<\/li>\n<li><b>Lesi\u00f3n:<\/b> Traumatismos o accidentes que afectan al diente.<\/li>\n<li><b>Grietas:<\/b> Fracturas en la estructura dental.<\/li>\n<li><b>Enfermedad de las enc\u00edas:<\/b> Problemas periodontales que afectan a la salud del diente.<\/li>\n<li><b>Empastes agrietados:<\/b> Restauraciones comprometidas que dejan al descubierto la pulpa.<\/li>\n<li><b>Trabajo dental repetido:<\/b> M\u00faltiples procedimientos que pueden lesionar la pulpa dental.<\/li>\n<\/ul>\n<p>Cuando la pulpa del diente est\u00e1 da\u00f1ada, las bacterias pueden entrar y proliferar, provocando una infecci\u00f3n o un absceso en la ra\u00edz. Los antibi\u00f3ticos por s\u00ed solos no pueden resolver estas infecciones; es necesaria una endodoncia para eliminar la pulpa infectada y solucionar el problema.<\/p>\n<p>Conservar tu diente natural es preferible a sustituirlo por uno artificial, ya que mantiene una mejor funcionalidad para morder y masticar.<\/p>\n\t\t\t\t\t\t<\/div>\n\t\t\t\t<\/div>\n\t\t\t\t\t<\/div>\n\t\t<\/div>\n\t\t\t\t<div class=\"aux-parallax-section elementor-column elementor-col-50 elementor-top-column elementor-element elementor-element-f244e80\" data-id=\"f244e80\" data-element_type=\"column\">\n\t\t\t<div class=\"elementor-widget-wrap elementor-element-populated\">\n\t\t\t\t\t\t<div class=\"elementor-element elementor-element-f8a9c2a aux-appear-watch-animation aux-scale-up elementor-widget elementor-widget-aux_image\" data-id=\"f8a9c2a\" data-element_type=\"widget\" data-widget_type=\"aux_image.default\">\n\t\t\t\t<div class=\"elementor-widget-container\">\n\t\t\t<section class=\"widget-container aux-widget-image aux-alignnone aux-parent-au239f22a2\">\n    <div class=\"aux-media-hint-frame \">\n        <div class=\"aux-media-image \" >\n        \n            \n\n            \n            <img decoding=\"async\" width=\"1211\" height=\"834\" src=\"https:\/\/cagdisdental.com\/wp-content\/uploads\/2024\/08\/cagdis-dental-logo-dikey.png\" class=\"aux-attachment aux-featured-image aux-attachment-id-106\" alt=\"cagdis dental logo dikey\" data-ratio=\"1.45\" data-original-w=\"1211\" \/>            \n                <\/div>\n    <\/div>\n\n<\/section><!-- widget-container -->\t\t<\/div>\n\t\t\t\t<\/div>\n\t\t\t\t\t<\/div>\n\t\t<\/div>\n\t\t\t\t\t<\/div>\n\t\t<\/section>\n\t\t\t\t<section class=\"elementor-section elementor-top-section elementor-element elementor-element-d9e8e18 elementor-section-boxed elementor-section-height-default elementor-section-height-default\" data-id=\"d9e8e18\" data-element_type=\"section\">\n\t\t\t\t\t\t<div class=\"elementor-container elementor-column-gap-no\">\n\t\t\t\t\t<div class=\"aux-parallax-section elementor-column elementor-col-100 elementor-top-column elementor-element elementor-element-0efc1fe\" data-id=\"0efc1fe\" data-element_type=\"column\">\n\t\t\t<div class=\"elementor-widget-wrap elementor-element-populated\">\n\t\t\t\t\t\t<div class=\"elementor-element elementor-element-f25fbee aux-appear-watch-animation aux-scale-down elementor-widget elementor-widget-aux_modern_heading\" data-id=\"f25fbee\" data-element_type=\"widget\" data-widget_type=\"aux_modern_heading.default\">\n\t\t\t\t<div class=\"elementor-widget-container\">\n\t\t\t<section class=\"aux-widget-modern-heading\">\n            <div class=\"aux-widget-inner\"><h4 class=\"aux-modern-heading-primary\"><\/h4><h2 class=\"aux-modern-heading-secondary\"><span class=\"aux-head-highlight\">\u00bfQu\u00e9 ocurre durante un tratamiento de conductos?<\/span><\/h2><\/div>\n        <\/section>\t\t<\/div>\n\t\t\t\t<\/div>\n\t\t\t\t<div class=\"elementor-element elementor-element-f8671ce aux-appear-watch-animation aux-fade-in-left elementor-widget elementor-widget-text-editor\" data-id=\"f8671ce\" data-element_type=\"widget\" data-widget_type=\"text-editor.default\">\n\t\t\t\t<div class=\"elementor-widget-container\">\n\t\t\t\t\t\t\t<p>Durante un tratamiento de conductos, el procedimiento suele constar de varios pasos y puede requerir m\u00e1s de una cita. Esto es lo que suele ocurrir:<\/p>\n<ul>\n<li aria-level=\"1\"><b>Radiograf\u00eda inicial:<\/b> Tu dentista o endodoncista te har\u00e1 una radiograf\u00eda del diente y de la zona circundante para evaluar el alcance de la infecci\u00f3n y planificar el tratamiento.<\/li>\n<li aria-level=\"1\"><b>Anestesia local:<\/b> Se administra un anest\u00e9sico local para adormecer la zona alrededor de tu diente, asegurando que permanezcas c\u00f3modo durante todo el procedimiento.<\/li>\n<li aria-level=\"1\"><b>Dique de goma:<\/b> Se coloca una l\u00e1mina de goma, conocida como dique, alrededor de tu diente para mantener la zona limpia y seca durante el tratamiento.<\/li>\n<li aria-level=\"1\"><b>Apertura de acceso:<\/b> El dentista taladra un peque\u00f1o orificio en la parte superior del diente para acceder a la c\u00e1mara pulpar y a los conductos del interior.<\/li>\n<li aria-level=\"1\"><b>Extracci\u00f3n de la pulpa<\/b>: Se extrae la pulpa infectada o da\u00f1ada de los conductos del diente.<\/li>\n<li aria-level=\"1\">Limpieza y desinfecci\u00f3n: El interior del diente se limpia y desinfecta a fondo para eliminar cualquier resto de bacterias y residuos.<\/li>\n<li aria-level=\"1\"><b>Empaste provisional:<\/b> Si se necesita m\u00e1s de una sesi\u00f3n, se coloca un empaste provisional para proteger el diente hasta la siguiente cita.<\/li>\n<li aria-level=\"1\"><b>Relleno del conducto:<\/b> Una vez terminada la limpieza, se rellenan los conductos con un material est\u00e9ril llamado gutapercha, que ayuda a sellar el espacio y evitar futuras infecciones.<\/li>\n<li aria-level=\"1\"><b>Restauraci\u00f3n definitiva:<\/b> Se coloca un empaste permanente o una corona en el diente para restaurar su funci\u00f3n y protegerlo de nuevos da\u00f1os o infecciones.<\/li>\n<\/ul>\n<p>Siguiendo estos pasos, el tratamiento de conductos pretende salvar el diente y restablecer su salud y funci\u00f3n.<\/p>\n\t\t\t\t\t\t<\/div>\n\t\t\t\t<\/div>\n\t\t\t\t\t<\/div>\n\t\t<\/div>\n\t\t\t\t\t<\/div>\n\t\t<\/section>\n\t\t\t\t<\/div>\n\t\t","protected":false},"excerpt":{"rendered":"<p>Acaba con el dolor y salva tus dientes Endodoncia Tratamiento experto para un alivio duradero Contacta con nosotros \u00bfQu\u00e9 es un tratamiento de conductos? Un tratamiento de conductos, tambi\u00e9n conocido como tratamiento endod\u00f3ntico, es un procedimiento dental dise\u00f1ado para eliminar la pulpa dental infectada o da\u00f1ada del interior de un diente. Cada diente contiene un [&hellip;]<\/p>\n","protected":false},"author":1,"featured_media":0,"parent":0,"menu_order":0,"comment_status":"closed","ping_status":"closed","template":"elementor_header_footer","meta":{"_monsterinsights_skip_tracking":false,"_monsterinsights_sitenote_active":false,"_monsterinsights_sitenote_note":"","_monsterinsights_sitenote_category":0,"_joinchat":[],"footnotes":""},"class_list":["post-2272","page","type-page","status-publish","hentry"],"aioseo_notices":[],"_links":{"self":[{"href":"https:\/\/cagdisdental.com\/es\/wp-json\/wp\/v2\/pages\/2272"}],"collection":[{"href":"https:\/\/cagdisdental.com\/es\/wp-json\/wp\/v2\/pages"}],"about":[{"href":"https:\/\/cagdisdental.com\/es\/wp-json\/wp\/v2\/types\/page"}],"author":[{"embeddable":true,"href":"https:\/\/cagdisdental.com\/es\/wp-json\/wp\/v2\/users\/1"}],"replies":[{"embeddable":true,"href":"https:\/\/cagdisdental.com\/es\/wp-json\/wp\/v2\/comments?post=2272"}],"version-history":[{"count":1,"href":"https:\/\/cagdisdental.com\/es\/wp-json\/wp\/v2\/pages\/2272\/revisions"}],"predecessor-version":[{"id":2273,"href":"https:\/\/cagdisdental.com\/es\/wp-json\/wp\/v2\/pages\/2272\/revisions\/2273"}],"wp:attachment":[{"href":"https:\/\/cagdisdental.com\/es\/wp-json\/wp\/v2\/media?parent=2272"}],"curies":[{"name":"wp","href":"https:\/\/api.w.org\/{rel}","templated":true}]}}