{"id":2959,"date":"2021-04-04T09:17:43","date_gmt":"2021-04-04T09:17:43","guid":{"rendered":"https:\/\/cagdisdental.com\/contact\/"},"modified":"2025-03-04T10:39:40","modified_gmt":"2025-03-04T10:39:40","slug":"contact","status":"publish","type":"page","link":"https:\/\/cagdisdental.com\/fr\/contact\/","title":{"rendered":"Contact"},"content":{"rendered":"\t\t<div data-elementor-type=\"wp-page\" data-elementor-id=\"2959\" class=\"elementor elementor-2959 elementor-82\">\n\t\t\t\t\t\t<section class=\"elementor-section elementor-top-section elementor-element elementor-element-941377c elementor-section-stretched elementor-section-boxed elementor-section-height-default elementor-section-height-default\" data-id=\"941377c\" data-element_type=\"section\" data-settings=\"{&quot;stretch_section&quot;:&quot;section-stretched&quot;,&quot;background_background&quot;:&quot;classic&quot;}\">\n\t\t\t\t\t\t\t<div class=\"elementor-background-overlay\"><\/div>\n\t\t\t\t\t\t\t<div class=\"elementor-container elementor-column-gap-no\">\n\t\t\t\t\t<div class=\"aux-parallax-section elementor-column elementor-col-100 elementor-top-column elementor-element elementor-element-849d0b5 aux-appear-watch-animation aux-fade-in\" data-id=\"849d0b5\" data-element_type=\"column\">\n\t\t\t<div class=\"elementor-widget-wrap elementor-element-populated\">\n\t\t\t\t\t\t<section class=\"elementor-section elementor-inner-section elementor-element elementor-element-a2fc14c elementor-section-content-middle elementor-section-boxed elementor-section-height-default elementor-section-height-default\" data-id=\"a2fc14c\" data-element_type=\"section\">\n\t\t\t\t\t\t<div class=\"elementor-container elementor-column-gap-no\">\n\t\t\t\t\t<div class=\"aux-parallax-section elementor-column elementor-col-50 elementor-inner-column elementor-element elementor-element-3b38b28\" data-id=\"3b38b28\" data-element_type=\"column\">\n\t\t\t<div class=\"elementor-widget-wrap elementor-element-populated\">\n\t\t\t\t\t\t<div class=\"elementor-element elementor-element-226f727 aux-appear-watch-animation aux-fade-in-up-1 elementor-widget elementor-widget-aux_modern_heading\" data-id=\"226f727\" data-element_type=\"widget\" data-widget_type=\"aux_modern_heading.default\">\n\t\t\t\t<div class=\"elementor-widget-container\">\n\t\t\t<section class=\"aux-widget-modern-heading\">\n            <div class=\"aux-widget-inner\"><h4 class=\"aux-modern-heading-primary\"><\/h4><h1 class=\"aux-modern-heading-secondary\"><span class=\"aux-head-highlight\">contactez-nous<\/span><\/h1><div class=\"aux-modern-heading-description\"><p>Le \u00c7a\u011fdi\u015f Dental est situ\u00e9 \u00e0 Maltepe, un quartier anim\u00e9 et diversifi\u00e9 de la rive asiatique d'Istanbul. Ce quartier combine les commodit\u00e9s modernes avec une touche de charme local, offrant un acc\u00e8s facile \u00e0 une gamme de commodit\u00e9s et d'attractions. <\/p>\n<p>Pendant votre s\u00e9jour \u00e0 Maltepe, vous profiterez d'un quartier dynamique avec de beaux parcs, des centres commerciaux et une vari\u00e9t\u00e9 d'options de restauration. La situation privil\u00e9gi\u00e9e du quartier vous permet \u00e9galement d'explorer certains des sites les plus c\u00e9l\u00e8bres d'Istanbul, tels que la majestueuse Sainte-Sophie, le palais historique de Topkapi et le tr\u00e8s anim\u00e9 Grand Bazar. Bien que Maltepe se trouve du c\u00f4t\u00e9 asiatique, ces sites embl\u00e9matiques et les quartiers europ\u00e9ens anim\u00e9s de la ville ne sont qu'\u00e0 une courte distance.  <\/p>\n<p>Rendez-nous visite \u00e0 \u00c7a\u011fdi\u015f Dental et profitez au maximum de votre s\u00e9jour \u00e0 <strong>Istanbul : d\u00e9couvrez le<\/strong>charme de Maltepe et acc\u00e9dez facilement aux c\u00e9l\u00e8bres attractions de la ville.<\/p>\n<\/div><\/div>\n        <\/section>\t\t<\/div>\n\t\t\t\t<\/div>\n\t\t\t\t<div class=\"elementor-element elementor-element-01a3864 elementor-widget__width-auto aux-appear-watch-animation aux-fade-in-right-1 elementor-widget elementor-widget-aux_text\" data-id=\"01a3864\" data-element_type=\"widget\" data-widget_type=\"aux_text.default\">\n\t\t\t\t<div class=\"elementor-widget-container\">\n\t\t\t<section class=\"widget-container aux-widget-text aux-parent-au9287e60a\">        <div class=\"aux-widget-advanced-text aux-wrap-style-simple aux-ico-pos-top aux-text-left aux-text-resp- aux-text-color-dark aux-text-widget-bg-center  \" >\n        \n                            <div class=\"aux-text-widget-header \"  >\n                        <div class=\"aux-ico-box aux-ico-large aux-ico-clear \">\n                                                                <svg xmlns=\"http:\/\/www.w3.org\/2000\/svg\" width=\"20.886\" height=\"26.178\" viewBox=\"0 0 20.886 26.178\"><path d=\"M59.369.007a10.446,10.446,0,0,0-9.881,12.42h0s.016.113.07.327a10.468,10.468,0,0,0,.7,2.072c1.047,2.48,3.467,6.629,8.9,11.143a.907.907,0,0,0,1.159,0c5.432-4.509,7.852-8.658,8.9-11.148a10.024,10.024,0,0,0,.7-2.072c.048-.209.07-.327.07-.327h0A10.449,10.449,0,0,0,59.369.007Zm.37,15.63a5.072,5.072,0,1,1,5.072-5.072A5.072,5.072,0,0,1,59.74,15.636Z\" transform=\"translate(-49.299 0)\" fill=\"#fff\" \/><\/svg>                                                    <\/div>\n                <\/div>\n            \n            <div class=\"aux-text-inner aux-text-widget-content\">\n                                <div class=\"widget-content\">\n                                        <p><span class=\"elementor-icon-box-title\"><a href=\"https:\/\/maps.app.goo.gl\/RH4jGNjJXFhmAy7J6\">Z\u00fcmr\u00fctevler, Han\u0131meli Cd.  <\/a><\/span><\/p>\n                <\/div>\n                            <\/div>\n        <\/div>\n                    <div class=\"aux-text-widget-footer\">\n                <div class=\"aux-border-shape-none \">\n                                <\/div>\n            <\/div>\n        \n<\/section><!-- widget-container -->\t\t<\/div>\n\t\t\t\t<\/div>\n\t\t\t\t<div class=\"elementor-element elementor-element-38db061 elementor-widget__width-auto aux-appear-watch-animation aux-fade-in-right-1 elementor-widget elementor-widget-aux_text\" data-id=\"38db061\" data-element_type=\"widget\" data-widget_type=\"aux_text.default\">\n\t\t\t\t<div class=\"elementor-widget-container\">\n\t\t\t<section class=\"widget-container aux-widget-text aux-parent-au39d109da\">        <div class=\"aux-widget-advanced-text aux-wrap-style-simple aux-ico-pos-top aux-text-left aux-text-resp- aux-text-color-dark aux-text-widget-bg-center  \" >\n        \n                            <div class=\"aux-text-widget-header \"  >\n                        <div class=\"aux-ico-box aux-ico-large aux-ico-clear \">\n                                                                <svg xmlns=\"http:\/\/www.w3.org\/2000\/svg\" width=\"29.135\" height=\"18.507\" viewBox=\"0 0 29.135 18.507\"><path d=\"M2.8,60.524q.553.315,3.333,1.873t4.26,2.4q.163.092.691.4t.878.5q.35.19.846.427a5.509,5.509,0,0,0,.935.354,3.129,3.129,0,0,0,.813.118h.033a3.132,3.132,0,0,0,.813-.118,5.515,5.515,0,0,0,.935-.354q.5-.237.845-.427t.878-.5q.528-.309.691-.4l7.609-4.272a7.157,7.157,0,0,0,1.983-1.617,3.044,3.044,0,0,0,.8-1.984,1.848,1.848,0,0,0-.772-1.485,2.839,2.839,0,0,0-1.829-.618H2.6A2.587,2.587,0,0,0,.675,55.5,2.334,2.334,0,0,0,0,57.212a2.77,2.77,0,0,0,.894,1.794A7.543,7.543,0,0,0,2.8,60.524Z\" transform=\"translate(0 -54.82)\" fill=\"#fff\" \/><path d=\"M27.509,185.581q-5.332,2.918-8.1,4.535-.927.552-1.5.861a10.256,10.256,0,0,1-1.536.631,5.632,5.632,0,0,1-1.788.322h-.033a5.634,5.634,0,0,1-1.788-.322,10.261,10.261,0,0,1-1.536-.631q-.577-.309-1.5-.861-2.195-1.3-8.08-4.535A8.378,8.378,0,0,1,0,184.437v10.436a1.854,1.854,0,0,0,.764,1.485,2.83,2.83,0,0,0,1.837.618H26.534a2.83,2.83,0,0,0,1.837-.618,1.854,1.854,0,0,0,.764-1.485V184.437A8.693,8.693,0,0,1,27.509,185.581Z\" transform=\"translate(0 -178.47)\" fill=\"#fff\" \/><\/svg>                                                    <\/div>\n                <\/div>\n            \n            <div class=\"aux-text-inner aux-text-widget-content\">\n                                <div class=\"widget-content\">\n                                        <p>T\u00e9l\u00e9phone : +90 507 464 46 56 +90 507 464 46 56<\/p>\n<p>Courriel : <span class=\"elementor-icon-box-title\"><a href=\"mailto:info@cagdisdental.com\">info@cagdisdental.com <\/a><\/span> <\/p>\n                <\/div>\n                            <\/div>\n        <\/div>\n                    <div class=\"aux-text-widget-footer\">\n                <div class=\"aux-border-shape-none \">\n                                <\/div>\n            <\/div>\n        \n<\/section><!-- widget-container -->\t\t<\/div>\n\t\t\t\t<\/div>\n\t\t\t\t\t<\/div>\n\t\t<\/div>\n\t\t\t\t<div class=\"aux-parallax-section elementor-column elementor-col-50 elementor-inner-column elementor-element elementor-element-3832285 aux-appear-watch-animation aux-scale-down\" data-id=\"3832285\" data-element_type=\"column\" data-settings=\"{&quot;background_background&quot;:&quot;classic&quot;}\">\n\t\t\t<div class=\"elementor-widget-wrap elementor-element-populated\">\n\t\t\t\t\t\t<div class=\"elementor-element elementor-element-d20bb92 elementor-widget elementor-widget-aux_modern_heading\" data-id=\"d20bb92\" data-element_type=\"widget\" data-widget_type=\"aux_modern_heading.default\">\n\t\t\t\t<div class=\"elementor-widget-container\">\n\t\t\t<section class=\"aux-widget-modern-heading\">\n            <div class=\"aux-widget-inner\"><h2 class=\"aux-modern-heading-primary\">Planifiez une consultation gratuite<\/h2><\/div>\n        <\/section>\t\t<\/div>\n\t\t\t\t<\/div>\n\t\t\t\t<div class=\"elementor-element elementor-element-98ba6e4 elementor-widget elementor-widget-aux_contact_form\" data-id=\"98ba6e4\" data-element_type=\"widget\" data-widget_type=\"aux_contact_form.default\">\n\t\t\t\t<div class=\"elementor-widget-container\">\n\t\t\t<section class=\"widget-container aux-widget-contact-form aux-parent-auafa546d2\">            <div class=\"aux-col-wrapper aux-no-gutter\">\n            <!-- @TODO - The output for element here -->\n\n            \n<div class=\"wpcf7 no-js\" id=\"wpcf7-f74-o1\" lang=\"en-US\" dir=\"ltr\">\n<div class=\"screen-reader-response\"><p role=\"status\" aria-live=\"polite\" aria-atomic=\"true\"><\/p> <ul><\/ul><\/div>\n<form action=\"\/fr\/wp-json\/wp\/v2\/pages\/2959#wpcf7-f74-o1\" method=\"post\" class=\"wpcf7-form init\" aria-label=\"Contact form\" novalidate=\"novalidate\" data-status=\"init\">\n<div style=\"display: none;\">\n<input type=\"hidden\" name=\"_wpcf7\" value=\"74\" \/>\n<input type=\"hidden\" name=\"_wpcf7_version\" value=\"5.9.8\" \/>\n<input type=\"hidden\" name=\"_wpcf7_locale\" value=\"en_US\" \/>\n<input type=\"hidden\" name=\"_wpcf7_unit_tag\" value=\"wpcf7-f74-o1\" \/>\n<input type=\"hidden\" name=\"_wpcf7_container_post\" value=\"0\" \/>\n<input type=\"hidden\" name=\"_wpcf7_posted_data_hash\" value=\"\" \/>\n<\/div>\n<div class=\"aux-nextto\">\n\t<p><label> Name (required)<br \/>\n<span class=\"wpcf7-form-control-wrap\" data-name=\"text-856\"><input size=\"40\" maxlength=\"400\" class=\"wpcf7-form-control wpcf7-text wpcf7-validates-as-required\" aria-required=\"true\" aria-invalid=\"false\" placeholder=\"Your Name *\" value=\"\" type=\"text\" name=\"text-856\" \/><\/span> <\/label>\n\t<\/p>\n\t<p><label> Email (required)<br \/>\n<span class=\"wpcf7-form-control-wrap\" data-name=\"email-435\"><input size=\"40\" maxlength=\"400\" class=\"wpcf7-form-control wpcf7-email wpcf7-validates-as-required wpcf7-text wpcf7-validates-as-email\" aria-required=\"true\" aria-invalid=\"false\" placeholder=\"Your Email *\" value=\"\" type=\"email\" name=\"email-435\" \/><\/span> <\/label>\n\t<\/p>\n<\/div>\n<div class=\"aux-nextto\">\n\t<p><label> Phone (required)<br \/>\n<span class=\"wpcf7-form-control-wrap\" data-name=\"tel-101\"><input size=\"40\" maxlength=\"400\" class=\"wpcf7-form-control wpcf7-tel wpcf7-text wpcf7-validates-as-tel\" aria-invalid=\"false\" placeholder=\"Phone*\" value=\"\" type=\"tel\" name=\"tel-101\" \/><\/span><\/label>\n\t<\/p>\n<\/div>\n<p><span class=\"wpcf7-form-control-wrap\" data-name=\"checkbox-706\"><span class=\"wpcf7-form-control wpcf7-checkbox wpcf7-validates-as-required\"><span class=\"wpcf7-list-item first last\"><label><input type=\"checkbox\" name=\"checkbox-706[]\" value=\"I accept the privacy and terms.\" \/><span class=\"wpcf7-list-item-label\">I accept the privacy and terms.<\/span><\/label><\/span><\/span><\/span>\n<\/p>\n<p><input class=\"wpcf7-form-control wpcf7-submit has-spinner\" type=\"submit\" value=\"Submit Request\" \/>\n<\/p><p style=\"display: none !important;\" class=\"akismet-fields-container\" data-prefix=\"_wpcf7_ak_\"><label>&#916;<textarea name=\"_wpcf7_ak_hp_textarea\" cols=\"45\" rows=\"8\" maxlength=\"100\"><\/textarea><\/label><input type=\"hidden\" id=\"ak_js_1\" name=\"_wpcf7_ak_js\" value=\"231\"\/><script>document.getElementById( \"ak_js_1\" ).setAttribute( \"value\", ( new Date() ).getTime() );<\/script><\/p><div class=\"wpcf7-response-output\" aria-hidden=\"true\"><\/div>\n<\/form>\n<\/div>\n\n\n            <\/div><!-- aux-col-wrapper -->\n    <\/section><!-- widget-container -->\t\t<\/div>\n\t\t\t\t<\/div>\n\t\t\t\t\t<\/div>\n\t\t<\/div>\n\t\t\t\t\t<\/div>\n\t\t<\/section>\n\t\t\t\t\t<\/div>\n\t\t<\/div>\n\t\t\t\t\t<\/div>\n\t\t<\/section>\n\t\t\t\t<\/div>\n\t\t","protected":false},"excerpt":{"rendered":"<p>contactez-nous Le \u00c7a\u011fdi\u015f Dental est situ\u00e9 \u00e0 Maltepe, un quartier anim\u00e9 et diversifi\u00e9 de la rive asiatique d&rsquo;Istanbul. Ce quartier combine les commodit\u00e9s modernes avec une touche de charme local, offrant un acc\u00e8s facile \u00e0 une gamme de commodit\u00e9s et d&rsquo;attractions. Pendant votre s\u00e9jour \u00e0 Maltepe, vous profiterez d&rsquo;un quartier dynamique avec de beaux parcs, [&hellip;]<\/p>\n","protected":false},"author":1,"featured_media":0,"parent":0,"menu_order":0,"comment_status":"closed","ping_status":"closed","template":"templates\/page-builder-content.php","meta":{"_monsterinsights_skip_tracking":false,"_monsterinsights_sitenote_active":false,"_monsterinsights_sitenote_note":"","_monsterinsights_sitenote_category":0,"_joinchat":[],"footnotes":""},"class_list":["post-2959","page","type-page","status-publish","hentry"],"aioseo_notices":[],"_links":{"self":[{"href":"https:\/\/cagdisdental.com\/fr\/wp-json\/wp\/v2\/pages\/2959"}],"collection":[{"href":"https:\/\/cagdisdental.com\/fr\/wp-json\/wp\/v2\/pages"}],"about":[{"href":"https:\/\/cagdisdental.com\/fr\/wp-json\/wp\/v2\/types\/page"}],"author":[{"embeddable":true,"href":"https:\/\/cagdisdental.com\/fr\/wp-json\/wp\/v2\/users\/1"}],"replies":[{"embeddable":true,"href":"https:\/\/cagdisdental.com\/fr\/wp-json\/wp\/v2\/comments?post=2959"}],"version-history":[{"count":1,"href":"https:\/\/cagdisdental.com\/fr\/wp-json\/wp\/v2\/pages\/2959\/revisions"}],"predecessor-version":[{"id":2960,"href":"https:\/\/cagdisdental.com\/fr\/wp-json\/wp\/v2\/pages\/2959\/revisions\/2960"}],"wp:attachment":[{"href":"https:\/\/cagdisdental.com\/fr\/wp-json\/wp\/v2\/media?parent=2959"}],"curies":[{"name":"wp","href":"https:\/\/api.w.org\/{rel}","templated":true}]}}