{"id":2983,"date":"2024-09-18T12:16:46","date_gmt":"2024-09-18T12:16:46","guid":{"rendered":"https:\/\/cagdisdental.com\/tous-sur-six\/"},"modified":"2025-03-04T10:41:59","modified_gmt":"2025-03-04T10:41:59","slug":"tous-sur-six","status":"publish","type":"page","link":"https:\/\/cagdisdental.com\/fr\/tous-sur-six\/","title":{"rendered":"Tous sur six"},"content":{"rendered":"\t\t<div data-elementor-type=\"wp-page\" data-elementor-id=\"2983\" class=\"elementor elementor-2983 elementor-161\">\n\t\t\t\t\t\t<section class=\"elementor-section elementor-top-section elementor-element elementor-element-d995657 elementor-section-content-middle elementor-section-stretched elementor-section-boxed elementor-section-height-default elementor-section-height-default\" data-id=\"d995657\" data-element_type=\"section\" data-settings=\"{&quot;stretch_section&quot;:&quot;section-stretched&quot;,&quot;background_background&quot;:&quot;classic&quot;}\">\n\t\t\t\t\t\t<div class=\"elementor-container elementor-column-gap-no\">\n\t\t\t\t\t<div class=\"aux-parallax-section elementor-column elementor-col-50 elementor-top-column elementor-element elementor-element-0e759b0\" data-id=\"0e759b0\" data-element_type=\"column\">\n\t\t\t<div class=\"elementor-widget-wrap elementor-element-populated\">\n\t\t\t\t\t\t<div class=\"elementor-element elementor-element-78ff2ca aux-appear-watch-animation aux-scale-down elementor-widget elementor-widget-aux_modern_heading\" data-id=\"78ff2ca\" data-element_type=\"widget\" data-widget_type=\"aux_modern_heading.default\">\n\t\t\t\t<div class=\"elementor-widget-container\">\n\t\t\t<section class=\"aux-widget-modern-heading\">\n            <div class=\"aux-widget-inner\"><h4 class=\"aux-modern-heading-primary\">Brille pour toujours avec vous<\/h4><h1 class=\"aux-modern-heading-secondary\"><span class=\"aux-head-highlight\">Tous sur six<\/span><\/h1><div class=\"aux-modern-heading-description\"><p>Les implants dentaires All-on-Six, \u00e9galement connus sous le nom de remplacement des dents de l'arcade compl\u00e8te, offrent une stabilit\u00e9 et une fonctionnalit\u00e9 sup\u00e9rieures \u00e0 celles des proth\u00e8ses compl\u00e8tes traditionnelles. Ils am\u00e9liorent l'esth\u00e9tique et la durabilit\u00e9 pour le remplacement d'une arcade dentaire compl\u00e8te. Cette m\u00e9thode offre une base stable pour la proth\u00e8se de restauration, r\u00e9pondant ainsi aux pr\u00e9occupations esth\u00e9tiques et fonctionnelles.  <\/p>\n<\/div><\/div>\n        <\/section>\t\t<\/div>\n\t\t\t\t<\/div>\n\t\t\t\t\t<\/div>\n\t\t<\/div>\n\t\t\t\t<div class=\"aux-parallax-section elementor-column elementor-col-50 elementor-top-column elementor-element elementor-element-0cb9ebb\" data-id=\"0cb9ebb\" data-element_type=\"column\">\n\t\t\t<div class=\"elementor-widget-wrap elementor-element-populated\">\n\t\t\t\t\t\t<div class=\"elementor-element elementor-element-6b35261 elementor-widget elementor-widget-video\" data-id=\"6b35261\" data-element_type=\"widget\" data-settings=\"{&quot;video_type&quot;:&quot;hosted&quot;,&quot;controls&quot;:&quot;yes&quot;}\" data-widget_type=\"video.default\">\n\t\t\t\t<div class=\"elementor-widget-container\">\n\t\t\t\t\t<div class=\"e-hosted-video elementor-wrapper elementor-open-inline\">\n\t\t\t\t\t<video class=\"elementor-video\" src=\"https:\/\/cagdisdental.com\/wp-content\/uploads\/2024\/09\/V-All-on-Six-2.mp4\" controls=\"\" preload=\"metadata\" controlsList=\"nodownload\"><\/video>\n\t\t\t\t<\/div>\n\t\t\t\t<\/div>\n\t\t\t\t<\/div>\n\t\t\t\t\t<\/div>\n\t\t<\/div>\n\t\t\t\t\t<\/div>\n\t\t<\/section>\n\t\t\t\t<section class=\"elementor-section elementor-top-section elementor-element elementor-element-8b9abc2 elementor-section-stretched elementor-section-boxed elementor-section-height-default elementor-section-height-default\" data-id=\"8b9abc2\" data-element_type=\"section\" data-settings=\"{&quot;background_background&quot;:&quot;classic&quot;,&quot;stretch_section&quot;:&quot;section-stretched&quot;}\">\n\t\t\t\t\t\t<div class=\"elementor-container elementor-column-gap-no\">\n\t\t\t\t\t<div class=\"aux-parallax-section elementor-column elementor-col-100 elementor-top-column elementor-element elementor-element-db968fb\" data-id=\"db968fb\" data-element_type=\"column\">\n\t\t\t<div class=\"elementor-widget-wrap elementor-element-populated\">\n\t\t\t\t\t\t<div class=\"elementor-element elementor-element-76708f0 aux-appear-watch-animation aux-scale-down elementor-widget elementor-widget-aux_modern_heading\" data-id=\"76708f0\" data-element_type=\"widget\" data-widget_type=\"aux_modern_heading.default\">\n\t\t\t\t<div class=\"elementor-widget-container\">\n\t\t\t<section class=\"aux-widget-modern-heading\">\n            <div class=\"aux-widget-inner\"><h4 class=\"aux-modern-heading-primary\"><\/h4><h2 class=\"aux-modern-heading-secondary\"><span class=\"aux-head-highlight\">Qu'est-ce qu'un implant dentaire All-on-Six ?<\/span><\/h2><\/div>\n        <\/section>\t\t<\/div>\n\t\t\t\t<\/div>\n\t\t\t\t<div class=\"elementor-element elementor-element-89bbcf6 elementor-widget elementor-widget-text-editor\" data-id=\"89bbcf6\" data-element_type=\"widget\" data-widget_type=\"text-editor.default\">\n\t\t\t\t<div class=\"elementor-widget-container\">\n\t\t\t\t\t\t\t<p>Les implants dentaires All-on-Six, \u00e9galement connus sous le nom de remplacement des dents de l&rsquo;arcade compl\u00e8te, offrent une stabilit\u00e9 et une fonctionnalit\u00e9 sup\u00e9rieures \u00e0 celles des proth\u00e8ses compl\u00e8tes traditionnelles. Ils am\u00e9liorent l&rsquo;esth\u00e9tique et la durabilit\u00e9 pour le remplacement d&rsquo;une arcade dentaire compl\u00e8te. Cette m\u00e9thode offre une base stable pour la proth\u00e8se de restauration, r\u00e9pondant ainsi aux pr\u00e9occupations esth\u00e9tiques et fonctionnelles.  <\/p>\n<p>Dans la proc\u00e9dure All-on-Six, six implants biocompatibles, g\u00e9n\u00e9ralement en titane, sont plac\u00e9s strat\u00e9giquement dans l&rsquo;os de la m\u00e2choire. Ces implants subissent une ost\u00e9oint\u00e9gration, un processus au cours duquel ils fusionnent avec l&rsquo;os environnant pour fournir un soutien solide. Une fois la cicatrisation termin\u00e9e, une proth\u00e8se de restauration ou un dentier est fix\u00e9 sur les implants \u00e0 l&rsquo;aide de connecteurs, ce qui garantit une fonction dentaire durable et confortable tout en offrant un sourire radieux.  <\/p>\n<p>Nos chirurgiens experts en chirurgie buccale et implantaire comprennent l&rsquo;importance de la stabilit\u00e9 et du confort que les proth\u00e8ses traditionnelles peuvent manquer. Nos chirurgiens qualifi\u00e9s se consacrent \u00e0 la reconstruction m\u00e9ticuleuse de votre sourire et \u00e0 l&rsquo;optimisation de la fonction des dents afin d&rsquo;obtenir des r\u00e9sultats exceptionnels et personnalis\u00e9s qui r\u00e9pondent \u00e0 vos attentes. <\/p>\n\t\t\t\t\t\t<\/div>\n\t\t\t\t<\/div>\n\t\t\t\t\t<\/div>\n\t\t<\/div>\n\t\t\t\t\t<\/div>\n\t\t<\/section>\n\t\t\t\t<section class=\"elementor-section elementor-top-section elementor-element elementor-element-af035a7 elementor-section-stretched elementor-section-boxed elementor-section-height-default elementor-section-height-default\" data-id=\"af035a7\" data-element_type=\"section\" data-settings=\"{&quot;stretch_section&quot;:&quot;section-stretched&quot;}\">\n\t\t\t\t\t\t<div class=\"elementor-container elementor-column-gap-no\">\n\t\t\t\t\t<div class=\"aux-parallax-section elementor-column elementor-col-50 elementor-top-column elementor-element elementor-element-8adf277\" data-id=\"8adf277\" data-element_type=\"column\">\n\t\t\t<div class=\"elementor-widget-wrap elementor-element-populated\">\n\t\t\t\t\t\t<div class=\"elementor-element elementor-element-e46217a aux-appear-watch-animation aux-scale-up elementor-widget elementor-widget-aux_image\" data-id=\"e46217a\" data-element_type=\"widget\" data-widget_type=\"aux_image.default\">\n\t\t\t\t<div class=\"elementor-widget-container\">\n\t\t\t<section class=\"widget-container aux-widget-image aux-alignnone aux-parent-au77b93e16\">\n    <div class=\"aux-media-hint-frame \">\n        <div class=\"aux-media-image \" >\n        \n            \n\n            \n            <img fetchpriority=\"high\" decoding=\"async\" width=\"1024\" height=\"787\" src=\"https:\/\/cagdisdental.com\/wp-content\/uploads\/2024\/09\/1-3.jpg\" class=\"aux-attachment aux-featured-image aux-attachment-id-1028\" alt=\"1\" data-ratio=\"1.3\" data-original-w=\"1024\" \/>            \n                <\/div>\n    <\/div>\n\n<\/section><!-- widget-container -->\t\t<\/div>\n\t\t\t\t<\/div>\n\t\t\t\t\t<\/div>\n\t\t<\/div>\n\t\t\t\t<div class=\"aux-parallax-section elementor-column elementor-col-50 elementor-top-column elementor-element elementor-element-b03c48b\" data-id=\"b03c48b\" data-element_type=\"column\">\n\t\t\t<div class=\"elementor-widget-wrap elementor-element-populated\">\n\t\t\t\t\t\t<div class=\"elementor-element elementor-element-25e43e5 aux-appear-watch-animation aux-scale-down elementor-widget elementor-widget-aux_modern_heading\" data-id=\"25e43e5\" data-element_type=\"widget\" data-widget_type=\"aux_modern_heading.default\">\n\t\t\t\t<div class=\"elementor-widget-container\">\n\t\t\t<section class=\"aux-widget-modern-heading\">\n            <div class=\"aux-widget-inner\"><h4 class=\"aux-modern-heading-primary\"><\/h4><h2 class=\"aux-modern-heading-secondary\"><span class=\"aux-head-highlight\">Pourquoi choisir les implants dentaires All-On-Six ?<\/span><\/h2><\/div>\n        <\/section>\t\t<\/div>\n\t\t\t\t<\/div>\n\t\t\t\t<div class=\"elementor-element elementor-element-0eb08cc elementor-widget elementor-widget-text-editor\" data-id=\"0eb08cc\" data-element_type=\"widget\" data-widget_type=\"text-editor.default\">\n\t\t\t\t<div class=\"elementor-widget-container\">\n\t\t\t\t\t\t\t<p>Les implants dentaires All-On-Six sont un excellent choix pour les patients qui recherchent une proc\u00e9dure dentaire moins invasive. Cette approche minimise le temps de r\u00e9cup\u00e9ration et n\u00e9cessite une intervention chirurgicale moins importante que les m\u00e9thodes traditionnelles. <\/p>\n<p>Nos chirurgiens \u00e9valuent soigneusement l&rsquo;os de la m\u00e2choire et placent chaque implant de mani\u00e8re strat\u00e9gique afin d&rsquo;assurer une liaison solide tout en utilisant moins d&rsquo;implants. La plupart des patients peuvent avoir des dents temporaires plac\u00e9es sur les implants imm\u00e9diatement apr\u00e8s l&rsquo;op\u00e9ration, et des proth\u00e8ses permanentes sont ajout\u00e9es quelques mois plus tard. <\/p>\n<p>Le remplacement des proth\u00e8ses dentaires par des implants All-On-Six offre plusieurs avantages :<\/p>\n<ul>\n<li><strong>Facilit\u00e9 d&rsquo;entretien :<\/strong> Entretenez vos implants comme des dents naturelles, sans avoir recours \u00e0 des nettoyants sp\u00e9ciaux.<\/li>\n<li><strong>Pratique :<\/strong> Il n&rsquo;est pas n\u00e9cessaire d&rsquo;enlever les proth\u00e8ses dentaires la nuit.<\/li>\n<li><strong>Stabilit\u00e9 :<\/strong> Elimine les probl\u00e8mes de d\u00e9placement ou de glissement des proth\u00e8ses.<\/li>\n<li><strong>Flexibilit\u00e9 du r\u00e9gime alimentaire :<\/strong> Savourez une grande vari\u00e9t\u00e9 d&rsquo;aliments sans restriction.<\/li>\n<li><strong>Pr\u00e9servation de l&rsquo;os<\/strong>: Les implants aident \u00e0 pr\u00e9server l&rsquo;os de votre m\u00e2choire, emp\u00eachant la perte osseuse et \u00e9vitant une apparence pr\u00e9matur\u00e9ment vieillie.<\/li>\n<li><strong>Confort :<\/strong> Les implants absorbent la pression de la mastication, ce qui r\u00e9duit les douleurs des gencives souvent caus\u00e9es par les proth\u00e8ses traditionnelles.<\/li>\n<\/ul>\n\t\t\t\t\t\t<\/div>\n\t\t\t\t<\/div>\n\t\t\t\t\t<\/div>\n\t\t<\/div>\n\t\t\t\t\t<\/div>\n\t\t<\/section>\n\t\t\t\t<section class=\"elementor-section elementor-top-section elementor-element elementor-element-8cb5aa8 elementor-section-stretched elementor-section-boxed elementor-section-height-default elementor-section-height-default\" data-id=\"8cb5aa8\" data-element_type=\"section\" data-settings=\"{&quot;background_background&quot;:&quot;classic&quot;,&quot;stretch_section&quot;:&quot;section-stretched&quot;}\">\n\t\t\t\t\t\t<div class=\"elementor-container elementor-column-gap-no\">\n\t\t\t\t\t<div class=\"aux-parallax-section elementor-column elementor-col-50 elementor-top-column elementor-element elementor-element-09fd12a\" data-id=\"09fd12a\" data-element_type=\"column\">\n\t\t\t<div class=\"elementor-widget-wrap elementor-element-populated\">\n\t\t\t\t\t\t<div class=\"elementor-element elementor-element-bf53ec7 aux-appear-watch-animation aux-scale-down elementor-widget elementor-widget-aux_modern_heading\" data-id=\"bf53ec7\" data-element_type=\"widget\" data-widget_type=\"aux_modern_heading.default\">\n\t\t\t\t<div class=\"elementor-widget-container\">\n\t\t\t<section class=\"aux-widget-modern-heading\">\n            <div class=\"aux-widget-inner\"><h4 class=\"aux-modern-heading-primary\"><\/h4><h2 class=\"aux-modern-heading-secondary\"><span class=\"aux-head-highlight\">Qui est un bon candidat pour All-On-Six ?<\/span><\/h2><\/div>\n        <\/section>\t\t<\/div>\n\t\t\t\t<\/div>\n\t\t\t\t<div class=\"elementor-element elementor-element-1875ea5 elementor-widget elementor-widget-text-editor\" data-id=\"1875ea5\" data-element_type=\"widget\" data-widget_type=\"text-editor.default\">\n\t\t\t\t<div class=\"elementor-widget-container\">\n\t\t\t\t\t\t\t<p>Les implants All-On-6 sont une solution tr\u00e8s efficace pour les patients \u00e0 qui il manque toutes ou la plupart des dents de la m\u00e2choire sup\u00e9rieure ou inf\u00e9rieure. Les candidats \u00e0 cette proc\u00e9dure doivent \u00eatre en bonne sant\u00e9 et avoir une densit\u00e9 osseuse suffisante, ainsi que des dents et des gencives saines. <\/p>\n<p>Toutefois, certaines personnes peuvent ne pas convenir aux implants All-On-Six. Il s&rsquo;agit notamment des fumeurs et des personnes souffrant de maladies telles que le cancer, les troubles auto-immuns ou les troubles de la coagulation. Nos chirurgiens buccaux proc\u00e9deront \u00e0 une \u00e9valuation approfondie de votre \u00e9tat de sant\u00e9 g\u00e9n\u00e9ral et de vos ant\u00e9c\u00e9dents m\u00e9dicaux afin de d\u00e9terminer si les implants All-On-6 sont une option appropri\u00e9e pour vous.  <\/p><\/p>\n\t\t\t\t\t\t<\/div>\n\t\t\t\t<\/div>\n\t\t\t\t\t<\/div>\n\t\t<\/div>\n\t\t\t\t<div class=\"aux-parallax-section elementor-column elementor-col-50 elementor-top-column elementor-element elementor-element-ee4bd09\" data-id=\"ee4bd09\" data-element_type=\"column\">\n\t\t\t<div class=\"elementor-widget-wrap elementor-element-populated\">\n\t\t\t\t\t\t<div class=\"elementor-element elementor-element-fa8be0d aux-appear-watch-animation aux-scale-up elementor-widget elementor-widget-aux_image\" data-id=\"fa8be0d\" data-element_type=\"widget\" data-widget_type=\"aux_image.default\">\n\t\t\t\t<div class=\"elementor-widget-container\">\n\t\t\t<section class=\"widget-container aux-widget-image aux-alignnone aux-parent-au1c3a530b\">\n    <div class=\"aux-media-hint-frame \">\n        <div class=\"aux-media-image \" >\n        \n            \n\n            \n            <img decoding=\"async\" width=\"768\" height=\"768\" src=\"https:\/\/cagdisdental.com\/wp-content\/uploads\/2024\/09\/20240319_200532.jpg\" class=\"aux-attachment aux-featured-image aux-attachment-id-313\" alt=\"20240319_200532\" data-ratio=\"1\" data-original-w=\"768\" \/>            \n                <\/div>\n    <\/div>\n\n<\/section><!-- widget-container -->\t\t<\/div>\n\t\t\t\t<\/div>\n\t\t\t\t\t<\/div>\n\t\t<\/div>\n\t\t\t\t\t<\/div>\n\t\t<\/section>\n\t\t\t\t<section class=\"elementor-section elementor-top-section elementor-element elementor-element-595d91e elementor-section-stretched elementor-section-boxed elementor-section-height-default elementor-section-height-default\" data-id=\"595d91e\" data-element_type=\"section\" data-settings=\"{&quot;stretch_section&quot;:&quot;section-stretched&quot;}\">\n\t\t\t\t\t\t<div class=\"elementor-container elementor-column-gap-no\">\n\t\t\t\t\t<div class=\"aux-parallax-section elementor-column elementor-col-100 elementor-top-column elementor-element elementor-element-05d2c9b\" data-id=\"05d2c9b\" data-element_type=\"column\">\n\t\t\t<div class=\"elementor-widget-wrap elementor-element-populated\">\n\t\t\t\t\t\t<div class=\"elementor-element elementor-element-a63f794 aux-appear-watch-animation aux-scale-down elementor-widget elementor-widget-aux_modern_heading\" data-id=\"a63f794\" data-element_type=\"widget\" data-widget_type=\"aux_modern_heading.default\">\n\t\t\t\t<div class=\"elementor-widget-container\">\n\t\t\t<section class=\"aux-widget-modern-heading\">\n            <div class=\"aux-widget-inner\"><h4 class=\"aux-modern-heading-primary\"><\/h4><h2 class=\"aux-modern-heading-secondary\"><span class=\"aux-head-highlight\">Quels sont les avantages d'un implant All-on-6 par rapport \u00e0 d'autres options d'implant ?<\/span><\/h2><\/div>\n        <\/section>\t\t<\/div>\n\t\t\t\t<\/div>\n\t\t\t\t<div class=\"elementor-element elementor-element-b954e79 elementor-widget elementor-widget-text-editor\" data-id=\"b954e79\" data-element_type=\"widget\" data-widget_type=\"text-editor.default\">\n\t\t\t\t<div class=\"elementor-widget-container\">\n\t\t\t\t\t\t\t<ul>\n<li><strong>Un soutien renforc\u00e9 :<\/strong> Les implants dentaires All-on-6 offrent un soutien et une stabilit\u00e9 sup\u00e9rieurs pour les proth\u00e8ses de restauration en ancrant six implants dans l&rsquo;os de la m\u00e2choire. Cette configuration am\u00e9liore la stabilit\u00e9 de la proth\u00e8se et r\u00e9sout efficacement les probl\u00e8mes de glissement de la proth\u00e8se lors de la mastication. <\/li>\n<\/ul>\n<ul>\n<li><strong>Esth\u00e9tique faciale am\u00e9lior\u00e9e :<\/strong> Les implants All-on-6 sont plus efficaces pour restaurer l&rsquo;esth\u00e9tique du visage que les autres options de remplacement de dents. En reconstruisant l&rsquo;os de la m\u00e2choire sup\u00e9rieure, ils permettent de r\u00e9soudre des probl\u00e8mes tels que les joues creuses, ce qui donne une apparence plus jeune. <\/li>\n<\/ul>\n<ul>\n<li><strong>R\u00e9partition uniforme de la charge :<\/strong> Contrairement \u00e0 d&rsquo;autres m\u00e9thodes implantaires qui placent les charges fonctionnelles sur un nombre r\u00e9duit d&rsquo;implants, la m\u00e9thode All-on-6 r\u00e9partit uniform\u00e9ment la charge sur six implants. Cette approche r\u00e9duit la r\u00e9sorption osseuse autour des implants et am\u00e9liore leur durabilit\u00e9. <\/li>\n<\/ul>\n<ul>\n<li><strong>Maintien de la densit\u00e9 de l&rsquo;os de la m\u00e2choire :<\/strong> La perte prolong\u00e9e de dents peut entra\u00eener une r\u00e9sorption progressive de l&rsquo;os de la m\u00e2choire et une diminution de la densit\u00e9 osseuse. La pose d&rsquo;implants All-on-6 permet de contrer cette r\u00e9sorption et de maintenir la densit\u00e9 osseuse. <\/li>\n<\/ul>\n<ul>\n<li><strong>Options proth\u00e9tiques flexibles :<\/strong> Les implants All-on-Six offrent diverses options de restauration adapt\u00e9es aux besoins individuels, telles que des proth\u00e8ses compl\u00e8tes. Cette flexibilit\u00e9 permet d&rsquo;am\u00e9liorer la fonction et l&rsquo;esth\u00e9tique gr\u00e2ce au support stable fourni par les implants. <\/li>\n<\/ul>\n<p><strong> <\/strong><strong>Durabilit\u00e9 :<\/strong> Les implants All-on-6 sont con\u00e7us pour une utilisation \u00e0 long terme, offrant des r\u00e9sultats durables avec une hygi\u00e8ne bucco-dentaire appropri\u00e9e et un suivi r\u00e9gulier. Lorsqu&rsquo;ils sont entretenus correctement, ils peuvent offrir des avantages fiables et durables tout au long de la vie. <\/p>\n\t\t\t\t\t\t<\/div>\n\t\t\t\t<\/div>\n\t\t\t\t\t<\/div>\n\t\t<\/div>\n\t\t\t\t\t<\/div>\n\t\t<\/section>\n\t\t\t\t<\/div>\n\t\t","protected":false},"excerpt":{"rendered":"<p>Brille pour toujours avec vous Tous sur six Les implants dentaires All-on-Six, \u00e9galement connus sous le nom de remplacement des dents de l&rsquo;arcade compl\u00e8te, offrent une stabilit\u00e9 et une fonctionnalit\u00e9 sup\u00e9rieures \u00e0 celles des proth\u00e8ses compl\u00e8tes traditionnelles. Ils am\u00e9liorent l&rsquo;esth\u00e9tique et la durabilit\u00e9 pour le remplacement d&rsquo;une arcade dentaire compl\u00e8te. Cette m\u00e9thode offre une base [&hellip;]<\/p>\n","protected":false},"author":1,"featured_media":0,"parent":0,"menu_order":0,"comment_status":"closed","ping_status":"closed","template":"","meta":{"_monsterinsights_skip_tracking":false,"_monsterinsights_sitenote_active":false,"_monsterinsights_sitenote_note":"","_monsterinsights_sitenote_category":0,"_joinchat":[],"footnotes":""},"class_list":["post-2983","page","type-page","status-publish","hentry"],"aioseo_notices":[],"_links":{"self":[{"href":"https:\/\/cagdisdental.com\/fr\/wp-json\/wp\/v2\/pages\/2983"}],"collection":[{"href":"https:\/\/cagdisdental.com\/fr\/wp-json\/wp\/v2\/pages"}],"about":[{"href":"https:\/\/cagdisdental.com\/fr\/wp-json\/wp\/v2\/types\/page"}],"author":[{"embeddable":true,"href":"https:\/\/cagdisdental.com\/fr\/wp-json\/wp\/v2\/users\/1"}],"replies":[{"embeddable":true,"href":"https:\/\/cagdisdental.com\/fr\/wp-json\/wp\/v2\/comments?post=2983"}],"version-history":[{"count":1,"href":"https:\/\/cagdisdental.com\/fr\/wp-json\/wp\/v2\/pages\/2983\/revisions"}],"predecessor-version":[{"id":2995,"href":"https:\/\/cagdisdental.com\/fr\/wp-json\/wp\/v2\/pages\/2983\/revisions\/2995"}],"wp:attachment":[{"href":"https:\/\/cagdisdental.com\/fr\/wp-json\/wp\/v2\/media?parent=2983"}],"curies":[{"name":"wp","href":"https:\/\/api.w.org\/{rel}","templated":true}]}}