{"id":3820,"date":"2024-09-18T12:16:46","date_gmt":"2024-09-18T12:16:46","guid":{"rendered":"https:\/\/cagdisdental.com\/e-max-veneers\/"},"modified":"2025-05-01T00:26:24","modified_gmt":"2025-05-01T00:26:24","slug":"e-max-veneers","status":"publish","type":"page","link":"https:\/\/cagdisdental.com\/fr\/e-max-veneers\/","title":{"rendered":"E MAX Veneers"},"content":{"rendered":"\t\t<div data-elementor-type=\"wp-page\" data-elementor-id=\"3820\" class=\"elementor elementor-3820 elementor-143\">\n\t\t\t\t\t\t<section class=\"elementor-section elementor-top-section elementor-element elementor-element-29c899bf elementor-section-content-middle elementor-section-stretched elementor-section-boxed elementor-section-height-default elementor-section-height-default\" data-id=\"29c899bf\" data-element_type=\"section\" data-settings=\"{&quot;stretch_section&quot;:&quot;section-stretched&quot;,&quot;background_background&quot;:&quot;classic&quot;}\">\n\t\t\t\t\t\t<div class=\"elementor-container elementor-column-gap-no\">\n\t\t\t\t\t<div class=\"aux-parallax-section elementor-column elementor-col-50 elementor-top-column elementor-element elementor-element-50e97136\" data-id=\"50e97136\" data-element_type=\"column\">\n\t\t\t<div class=\"elementor-widget-wrap elementor-element-populated\">\n\t\t\t\t\t\t<div class=\"elementor-element elementor-element-2e05fb22 aux-appear-watch-animation aux-scale-down elementor-widget elementor-widget-aux_modern_heading\" data-id=\"2e05fb22\" data-element_type=\"widget\" data-widget_type=\"aux_modern_heading.default\">\n\t\t\t\t<div class=\"elementor-widget-container\">\n\t\t\t<section class=\"aux-widget-modern-heading\">\n            <div class=\"aux-widget-inner\"><h4 class=\"aux-modern-heading-primary\">Brille pour toujours avec vous<\/h4><h1 class=\"aux-modern-heading-secondary\"><span class=\"aux-head-highlight\">Facettes E-Max<\/span><\/h1><div class=\"aux-modern-heading-description\"><p>Les facettes Emax se distinguent par l'utilisation d'un mat\u00e9riau c\u00e9ramique, par opposition \u00e0 la porcelaine traditionnelle utilis\u00e9e dans les autres facettes. Elles font partie des options les plus couramment recommand\u00e9es aux patients qui recherchent les r\u00e9sultats les plus naturels et les plus esth\u00e9tiques. <\/p>\n<\/div><\/div>\n        <\/section>\t\t<\/div>\n\t\t\t\t<\/div>\n\t\t\t\t\t<\/div>\n\t\t<\/div>\n\t\t\t\t<div class=\"aux-parallax-section elementor-column elementor-col-50 elementor-top-column elementor-element elementor-element-11bbae9e\" data-id=\"11bbae9e\" data-element_type=\"column\">\n\t\t\t<div class=\"elementor-widget-wrap elementor-element-populated\">\n\t\t\t\t\t\t<div class=\"elementor-element elementor-element-7deb0d12 aux-appear-watch-animation aux-scale-up elementor-widget elementor-widget-aux_image\" data-id=\"7deb0d12\" data-element_type=\"widget\" data-widget_type=\"aux_image.default\">\n\t\t\t\t<div class=\"elementor-widget-container\">\n\t\t\t<section class=\"widget-container aux-widget-image aux-alignnone aux-parent-aud723c99a\">\n    <div class=\"aux-media-hint-frame \">\n        <div class=\"aux-media-image \" >\n        \n            \n\n            \n            <img fetchpriority=\"high\" decoding=\"async\" width=\"843\" height=\"526\" src=\"https:\/\/cagdisdental.com\/wp-content\/uploads\/2024\/09\/Ekran-goruntusu-2024-09-18-225220.png\" class=\"aux-attachment aux-featured-image aux-attachment-id-1008\" alt=\"Ekran g\u00f6r\u00fcnt\u00fcs\u00fc 2024-09-18 225220\" data-ratio=\"1.6\" data-original-w=\"843\" \/>            \n                <\/div>\n    <\/div>\n\n<\/section><!-- widget-container -->\t\t<\/div>\n\t\t\t\t<\/div>\n\t\t\t\t\t<\/div>\n\t\t<\/div>\n\t\t\t\t\t<\/div>\n\t\t<\/section>\n\t\t\t\t<section class=\"elementor-section elementor-top-section elementor-element elementor-element-328c2709 elementor-section-stretched elementor-section-boxed elementor-section-height-default elementor-section-height-default\" data-id=\"328c2709\" data-element_type=\"section\" data-settings=\"{&quot;background_background&quot;:&quot;classic&quot;,&quot;stretch_section&quot;:&quot;section-stretched&quot;}\">\n\t\t\t\t\t\t<div class=\"elementor-container elementor-column-gap-no\">\n\t\t\t\t\t<div class=\"aux-parallax-section elementor-column elementor-col-100 elementor-top-column elementor-element elementor-element-672f99ac\" data-id=\"672f99ac\" data-element_type=\"column\">\n\t\t\t<div class=\"elementor-widget-wrap elementor-element-populated\">\n\t\t\t\t\t\t<div class=\"elementor-element elementor-element-6c041526 aux-appear-watch-animation aux-scale-down elementor-widget elementor-widget-aux_modern_heading\" data-id=\"6c041526\" data-element_type=\"widget\" data-widget_type=\"aux_modern_heading.default\">\n\t\t\t\t<div class=\"elementor-widget-container\">\n\t\t\t<section class=\"aux-widget-modern-heading\">\n            <div class=\"aux-widget-inner\"><h4 class=\"aux-modern-heading-primary\"><\/h4><h2 class=\"aux-modern-heading-secondary\"><span class=\"aux-head-highlight\">Qu'est-ce que l'eMax ?<\/span><\/h2><\/div>\n        <\/section>\t\t<\/div>\n\t\t\t\t<\/div>\n\t\t\t\t<div class=\"elementor-element elementor-element-32e9dc59 elementor-widget elementor-widget-text-editor\" data-id=\"32e9dc59\" data-element_type=\"widget\" data-widget_type=\"text-editor.default\">\n\t\t\t\t<div class=\"elementor-widget-container\">\n\t\t\t\t\t\t\t<p style=\"text-align: left;\">Les facettes Emax sont fabriqu\u00e9es \u00e0 partir de verre de disilicate de lithium, un mat\u00e9riau tout c\u00e9ramique de haute qualit\u00e9 connu pour sa translucidit\u00e9 et sa durabilit\u00e9 exceptionnelles. Ce mat\u00e9riau de pointe permet de cr\u00e9er des facettes qui sont \u00e0 la fois incroyablement solides et remarquablement naturelles. <\/p>\n\t\t\t\t\t\t<\/div>\n\t\t\t\t<\/div>\n\t\t\t\t\t<\/div>\n\t\t<\/div>\n\t\t\t\t\t<\/div>\n\t\t<\/section>\n\t\t\t\t<section class=\"elementor-section elementor-top-section elementor-element elementor-element-e21d95e elementor-section-stretched elementor-section-boxed elementor-section-height-default elementor-section-height-default\" data-id=\"e21d95e\" data-element_type=\"section\" data-settings=\"{&quot;background_background&quot;:&quot;classic&quot;,&quot;stretch_section&quot;:&quot;section-stretched&quot;}\">\n\t\t\t\t\t\t<div class=\"elementor-container elementor-column-gap-no\">\n\t\t\t\t\t<div class=\"aux-parallax-section elementor-column elementor-col-50 elementor-top-column elementor-element elementor-element-599d93b\" data-id=\"599d93b\" data-element_type=\"column\">\n\t\t\t<div class=\"elementor-widget-wrap elementor-element-populated\">\n\t\t\t\t\t\t<div class=\"elementor-element elementor-element-e1d485e aux-appear-watch-animation aux-scale-down elementor-widget elementor-widget-aux_modern_heading\" data-id=\"e1d485e\" data-element_type=\"widget\" data-widget_type=\"aux_modern_heading.default\">\n\t\t\t\t<div class=\"elementor-widget-container\">\n\t\t\t<section class=\"aux-widget-modern-heading\">\n            <div class=\"aux-widget-inner\"><h1 class=\"aux-modern-heading-primary\"><\/h1><p class=\"aux-modern-heading-secondary\"><span class=\"aux-head-highlight\">Qu'est-ce que les facettes en porcelaine eMax ?<\/span><\/p><\/div>\n        <\/section>\t\t<\/div>\n\t\t\t\t<\/div>\n\t\t\t\t<div class=\"elementor-element elementor-element-42affeb elementor-widget elementor-widget-text-editor\" data-id=\"42affeb\" data-element_type=\"widget\" data-widget_type=\"text-editor.default\">\n\t\t\t\t<div class=\"elementor-widget-container\">\n\t\t\t\t\t\t\t<p>Les facettes en porcelaine Emax sont compos\u00e9es d&rsquo;un noyau Emax recouvert d&rsquo;une couche de porcelaine. Elles se distinguent des autres types de facettes par leur translucidit\u00e9 et leur opalescence remarquables, qui permettent une meilleure diffusion de la lumi\u00e8re. <\/p>\n<p>En revanche, les facettes en porcelaine traditionnelles ont tendance \u00e0 \u00eatre plus opaques et n&rsquo;atteignent pas le m\u00eame niveau de transmission de la lumi\u00e8re. Les facettes en porcelaine Emax permettent d&rsquo;obtenir un sourire d&rsquo;apparence tr\u00e8s naturelle, se fondant harmonieusement avec vos dents naturelles et offrant l&rsquo;une des options les plus esth\u00e9tiques qui soient. <\/p>\n\t\t\t\t\t\t<\/div>\n\t\t\t\t<\/div>\n\t\t\t\t\t<\/div>\n\t\t<\/div>\n\t\t\t\t<div class=\"aux-parallax-section elementor-column elementor-col-50 elementor-top-column elementor-element elementor-element-71391a6\" data-id=\"71391a6\" data-element_type=\"column\">\n\t\t\t<div class=\"elementor-widget-wrap elementor-element-populated\">\n\t\t\t\t\t\t<div class=\"elementor-element elementor-element-0ea29f2 aux-appear-watch-animation aux-scale-up elementor-widget elementor-widget-aux_image\" data-id=\"0ea29f2\" data-element_type=\"widget\" data-widget_type=\"aux_image.default\">\n\t\t\t\t<div class=\"elementor-widget-container\">\n\t\t\t<section class=\"widget-container aux-widget-image aux-alignnone aux-parent-au5eccab1a\">\n    <div class=\"aux-media-hint-frame \">\n        <div class=\"aux-media-image \" >\n        \n            \n\n            \n            <img decoding=\"async\" width=\"605\" height=\"363\" src=\"https:\/\/cagdisdental.com\/wp-content\/uploads\/2024\/09\/Picture1.jpg\" class=\"aux-attachment aux-featured-image aux-attachment-id-1009\" alt=\"Picture1\" data-ratio=\"1.67\" data-original-w=\"605\" \/>            \n                <\/div>\n    <\/div>\n\n<\/section><!-- widget-container -->\t\t<\/div>\n\t\t\t\t<\/div>\n\t\t\t\t\t<\/div>\n\t\t<\/div>\n\t\t\t\t\t<\/div>\n\t\t<\/section>\n\t\t\t\t<section class=\"elementor-section elementor-top-section elementor-element elementor-element-53fbfcff elementor-section-stretched elementor-section-boxed elementor-section-height-default elementor-section-height-default\" data-id=\"53fbfcff\" data-element_type=\"section\" data-settings=\"{&quot;background_background&quot;:&quot;classic&quot;,&quot;stretch_section&quot;:&quot;section-stretched&quot;}\">\n\t\t\t\t\t\t<div class=\"elementor-container elementor-column-gap-no\">\n\t\t\t\t\t<div class=\"aux-parallax-section elementor-column elementor-col-100 elementor-top-column elementor-element elementor-element-12fa2964\" data-id=\"12fa2964\" data-element_type=\"column\">\n\t\t\t<div class=\"elementor-widget-wrap elementor-element-populated\">\n\t\t\t\t\t\t<div class=\"elementor-element elementor-element-42836107 aux-appear-watch-animation aux-scale-down elementor-widget elementor-widget-aux_modern_heading\" data-id=\"42836107\" data-element_type=\"widget\" data-widget_type=\"aux_modern_heading.default\">\n\t\t\t\t<div class=\"elementor-widget-container\">\n\t\t\t<section class=\"aux-widget-modern-heading\">\n            <div class=\"aux-widget-inner\"><h4 class=\"aux-modern-heading-primary\"><\/h4><h2 class=\"aux-modern-heading-secondary\"><span class=\"aux-head-highlight\">Avantages d'eMax Veneers<\/span><\/h2><\/div>\n        <\/section>\t\t<\/div>\n\t\t\t\t<\/div>\n\t\t\t\t<div class=\"elementor-element elementor-element-7066c060 elementor-widget elementor-widget-text-editor\" data-id=\"7066c060\" data-element_type=\"widget\" data-widget_type=\"text-editor.default\">\n\t\t\t\t<div class=\"elementor-widget-container\">\n\t\t\t\t\t\t\t<p>Les principaux avantages des facettes Emax d\u00e9coulent de leur composition en vitroc\u00e9ramique, qui offre une translucidit\u00e9, une opalescence et une diffusion de la lumi\u00e8re exceptionnelles. Voici quelques avantages cl\u00e9s : <\/p>\n<ul>\n<li><strong>Int\u00e9gration naturelle :<\/strong> Les facettes Emax peuvent \u00eatre parfaitement adapt\u00e9es \u00e0 la couleur de vos dents existantes pour un sourire sans faille et d&rsquo;apparence naturelle. Pour une apparence encore plus \u00e9clatante, un blanchiment des dents peut \u00eatre effectu\u00e9 au pr\u00e9alable. <\/li>\n<li><strong>Enl\u00e8vement minimal de dents :<\/strong> Ces facettes sont beaucoup plus fines que les facettes en porcelaine traditionnelles, ce qui n\u00e9cessite moins d&rsquo;ablation de l&rsquo;\u00e9mail.<\/li>\n<li><strong>Esth\u00e9tique personnalisable : <\/strong>Ils permettent des ajustements pr\u00e9cis de la forme, de la longueur, de la largeur et de la couleur de vos dents.<\/li>\n<li><strong>Correction de probl\u00e8mes mineurs :<\/strong> Les facettes Emax permettent de corriger efficacement les d\u00e9fauts d&rsquo;alignement mineurs, tels qu&rsquo;un l\u00e9ger encombrement ou des espaces.<\/li>\n<li><strong>Durabilit\u00e9 accrue :<\/strong> Le mat\u00e9riau vitroc\u00e9ramique est \u00e0 la fois plus dur et plus fin, ce qui lui conf\u00e8re une plus grande durabilit\u00e9.<\/li>\n<\/ul>\n\t\t\t\t\t\t<\/div>\n\t\t\t\t<\/div>\n\t\t\t\t\t<\/div>\n\t\t<\/div>\n\t\t\t\t\t<\/div>\n\t\t<\/section>\n\t\t\t\t<section class=\"elementor-section elementor-top-section elementor-element elementor-element-1c350dba elementor-section-stretched elementor-section-boxed elementor-section-height-default elementor-section-height-default\" data-id=\"1c350dba\" data-element_type=\"section\" data-settings=\"{&quot;stretch_section&quot;:&quot;section-stretched&quot;}\">\n\t\t\t\t\t\t<div class=\"elementor-container elementor-column-gap-no\">\n\t\t\t\t\t<div class=\"aux-parallax-section elementor-column elementor-col-100 elementor-top-column elementor-element elementor-element-34ea9e88\" data-id=\"34ea9e88\" data-element_type=\"column\">\n\t\t\t<div class=\"elementor-widget-wrap elementor-element-populated\">\n\t\t\t\t\t\t<div class=\"elementor-element elementor-element-3138b968 aux-appear-watch-animation aux-scale-down elementor-widget elementor-widget-aux_modern_heading\" data-id=\"3138b968\" data-element_type=\"widget\" data-widget_type=\"aux_modern_heading.default\">\n\t\t\t\t<div class=\"elementor-widget-container\">\n\t\t\t<section class=\"aux-widget-modern-heading\">\n            <div class=\"aux-widget-inner\"><h4 class=\"aux-modern-heading-primary\"><\/h4><h2 class=\"aux-modern-heading-secondary\"><span class=\"aux-head-highlight\">Comment les facettes eMax sont-elles pos\u00e9es ?<\/span><\/h2><\/div>\n        <\/section>\t\t<\/div>\n\t\t\t\t<\/div>\n\t\t\t\t<div class=\"elementor-element elementor-element-5853d396 elementor-widget elementor-widget-text-editor\" data-id=\"5853d396\" data-element_type=\"widget\" data-widget_type=\"text-editor.default\">\n\t\t\t\t<div class=\"elementor-widget-container\">\n\t\t\t\t\t\t\t<p>La proc\u00e9dure de pose des facettes Emax en porcelaine se d\u00e9roule g\u00e9n\u00e9ralement en deux visites. Lors du premier rendez-vous, le dentiste pr\u00e9pare vos dents en taillant d\u00e9licatement une petite partie de l&rsquo;\u00e9mail afin de cr\u00e9er un espace pour les facettes. Une empreinte de vos dents sera prise et envoy\u00e9e \u00e0 un laboratoire pour fabriquer vos facettes personnalis\u00e9es. Des facettes temporaires seront plac\u00e9es pour vous permettre de voir et d&rsquo;approuver l&rsquo;aspect avant que les facettes d\u00e9finitives ne soient fabriqu\u00e9es.<br \/>Lors du deuxi\u00e8me rendez-vous, le dentiste enl\u00e8vera les facettes temporaires et v\u00e9rifiera l&rsquo;ajustement des facettes d\u00e9finitives. Une fois que vous \u00eates satisfait de l&rsquo;ajustement et de l&rsquo;apparence, les facettes sont coll\u00e9es \u00e0 l&rsquo;aide d&rsquo;une lumi\u00e8re sp\u00e9ciale qui \u00ab\u00a0durcit\u00a0\u00bb l&rsquo;adh\u00e9sif, garantissant ainsi une fixation s\u00fbre et permanente.    <\/p>\n\t\t\t\t\t\t<\/div>\n\t\t\t\t<\/div>\n\t\t\t\t\t<\/div>\n\t\t<\/div>\n\t\t\t\t\t<\/div>\n\t\t<\/section>\n\t\t\t\t<section class=\"elementor-section elementor-top-section elementor-element elementor-element-1c650e3 elementor-section-stretched elementor-hidden-desktop elementor-hidden-tablet elementor-hidden-mobile elementor-section-boxed elementor-section-height-default elementor-section-height-default\" data-id=\"1c650e3\" data-element_type=\"section\" data-settings=\"{&quot;stretch_section&quot;:&quot;section-stretched&quot;}\">\n\t\t\t\t\t\t<div class=\"elementor-container elementor-column-gap-no\">\n\t\t\t\t\t<div class=\"aux-parallax-section elementor-column elementor-col-100 elementor-top-column elementor-element elementor-element-6a1b7dd\" data-id=\"6a1b7dd\" data-element_type=\"column\">\n\t\t\t<div class=\"elementor-widget-wrap elementor-element-populated\">\n\t\t\t\t\t\t<section class=\"elementor-section elementor-inner-section elementor-element elementor-element-21a8873 elementor-section-boxed elementor-section-height-default elementor-section-height-default\" data-id=\"21a8873\" data-element_type=\"section\">\n\t\t\t\t\t\t<div class=\"elementor-container elementor-column-gap-narrow\">\n\t\t\t\t\t<div class=\"aux-parallax-section elementor-column elementor-col-33 elementor-inner-column elementor-element elementor-element-e78b308\" data-id=\"e78b308\" data-element_type=\"column\">\n\t\t\t<div class=\"elementor-widget-wrap elementor-element-populated\">\n\t\t\t\t\t\t<div class=\"elementor-element elementor-element-5bfaa05 aux-appear-watch-animation aux-fade-in-up elementor-widget elementor-widget-aux-before-after\" data-id=\"5bfaa05\" data-element_type=\"widget\" data-widget_type=\"aux-before-after.default\">\n\t\t\t\t<div class=\"elementor-widget-container\">\n\t\t\t<div class=\"widget-container aux-widget-before-after\"><div class=\"aux-before-after\" data-offset=\"0.5\" ><img decoding=\"async\" width=\"605\" height=\"300\" src=\"https:\/\/cagdisdental.com\/wp-content\/uploads\/2024\/09\/Picture21.jpg\" class=\"attachment-large size-large wp-image-1015\" alt=\"\" srcset=\"https:\/\/cagdisdental.com\/wp-content\/uploads\/2024\/09\/Picture21.jpg 605w, https:\/\/cagdisdental.com\/wp-content\/uploads\/2024\/09\/Picture21-200x99.jpg 200w\" sizes=\"(max-width: 605px) 100vw, 605px\" \/> <img loading=\"lazy\" decoding=\"async\" width=\"605\" height=\"300\" src=\"https:\/\/cagdisdental.com\/wp-content\/uploads\/2024\/09\/Picture2.jpg\" class=\"attachment-large size-large wp-image-1016\" alt=\"\" srcset=\"https:\/\/cagdisdental.com\/wp-content\/uploads\/2024\/09\/Picture2.jpg 605w, https:\/\/cagdisdental.com\/wp-content\/uploads\/2024\/09\/Picture2-200x99.jpg 200w\" sizes=\"(max-width: 605px) 100vw, 605px\" \/><\/div><\/div>\t\t<\/div>\n\t\t\t\t<\/div>\n\t\t\t\t\t<\/div>\n\t\t<\/div>\n\t\t\t\t<div class=\"aux-parallax-section elementor-column elementor-col-33 elementor-inner-column elementor-element elementor-element-b56aa46\" data-id=\"b56aa46\" data-element_type=\"column\">\n\t\t\t<div class=\"elementor-widget-wrap elementor-element-populated\">\n\t\t\t\t\t\t<div class=\"elementor-element elementor-element-0a53888 aux-appear-watch-animation aux-fade-in-up elementor-widget elementor-widget-aux-before-after\" data-id=\"0a53888\" data-element_type=\"widget\" data-widget_type=\"aux-before-after.default\">\n\t\t\t\t<div class=\"elementor-widget-container\">\n\t\t\t<div class=\"widget-container aux-widget-before-after\"><div class=\"aux-before-after\" data-offset=\"0.5\" ><img loading=\"lazy\" decoding=\"async\" width=\"605\" height=\"300\" src=\"https:\/\/cagdisdental.com\/wp-content\/uploads\/2024\/09\/Picture23.jpg\" class=\"attachment-large size-large wp-image-1013\" alt=\"\" srcset=\"https:\/\/cagdisdental.com\/wp-content\/uploads\/2024\/09\/Picture23.jpg 605w, https:\/\/cagdisdental.com\/wp-content\/uploads\/2024\/09\/Picture23-200x99.jpg 200w\" sizes=\"(max-width: 605px) 100vw, 605px\" \/> <img loading=\"lazy\" decoding=\"async\" width=\"605\" height=\"300\" src=\"https:\/\/cagdisdental.com\/wp-content\/uploads\/2024\/09\/Picture22.jpg\" class=\"attachment-large size-large wp-image-1014\" alt=\"\" srcset=\"https:\/\/cagdisdental.com\/wp-content\/uploads\/2024\/09\/Picture22.jpg 605w, https:\/\/cagdisdental.com\/wp-content\/uploads\/2024\/09\/Picture22-200x99.jpg 200w\" sizes=\"(max-width: 605px) 100vw, 605px\" \/><\/div><\/div>\t\t<\/div>\n\t\t\t\t<\/div>\n\t\t\t\t\t<\/div>\n\t\t<\/div>\n\t\t\t\t<div class=\"aux-parallax-section elementor-column elementor-col-33 elementor-inner-column elementor-element elementor-element-2b23ec1\" data-id=\"2b23ec1\" data-element_type=\"column\">\n\t\t\t<div class=\"elementor-widget-wrap elementor-element-populated\">\n\t\t\t\t\t\t<div class=\"elementor-element elementor-element-6508a3c aux-appear-watch-animation aux-fade-in-up elementor-widget elementor-widget-aux-before-after\" data-id=\"6508a3c\" data-element_type=\"widget\" data-widget_type=\"aux-before-after.default\">\n\t\t\t\t<div class=\"elementor-widget-container\">\n\t\t\t<div class=\"widget-container aux-widget-before-after\"><div class=\"aux-before-after\" data-offset=\"0.5\" ><img loading=\"lazy\" decoding=\"async\" width=\"605\" height=\"300\" src=\"https:\/\/cagdisdental.com\/wp-content\/uploads\/2024\/09\/Picture24.jpg\" class=\"attachment-large size-large wp-image-1012\" alt=\"\" srcset=\"https:\/\/cagdisdental.com\/wp-content\/uploads\/2024\/09\/Picture24.jpg 605w, https:\/\/cagdisdental.com\/wp-content\/uploads\/2024\/09\/Picture24-200x99.jpg 200w\" sizes=\"(max-width: 605px) 100vw, 605px\" \/> <img loading=\"lazy\" decoding=\"async\" width=\"605\" height=\"300\" src=\"https:\/\/cagdisdental.com\/wp-content\/uploads\/2024\/09\/Picture25.jpg\" class=\"attachment-large size-large wp-image-1011\" alt=\"\" srcset=\"https:\/\/cagdisdental.com\/wp-content\/uploads\/2024\/09\/Picture25.jpg 605w, https:\/\/cagdisdental.com\/wp-content\/uploads\/2024\/09\/Picture25-200x99.jpg 200w\" sizes=\"(max-width: 605px) 100vw, 605px\" \/><\/div><\/div>\t\t<\/div>\n\t\t\t\t<\/div>\n\t\t\t\t\t<\/div>\n\t\t<\/div>\n\t\t\t\t\t<\/div>\n\t\t<\/section>\n\t\t\t\t\t<\/div>\n\t\t<\/div>\n\t\t\t\t\t<\/div>\n\t\t<\/section>\n\t\t\t\t<section class=\"elementor-section elementor-top-section elementor-element elementor-element-456bc91 elementor-section-stretched elementor-section-boxed elementor-section-height-default elementor-section-height-default\" data-id=\"456bc91\" data-element_type=\"section\" data-settings=\"{&quot;stretch_section&quot;:&quot;section-stretched&quot;}\">\n\t\t\t\t\t\t<div class=\"elementor-container elementor-column-gap-no\">\n\t\t\t\t\t<div class=\"aux-parallax-section elementor-column elementor-col-100 elementor-top-column elementor-element elementor-element-39c6af0\" data-id=\"39c6af0\" data-element_type=\"column\">\n\t\t\t<div class=\"elementor-widget-wrap elementor-element-populated\">\n\t\t\t\t\t\t<div class=\"elementor-element elementor-element-e191d56 aux-appear-watch-animation aux-scale-down elementor-widget elementor-widget-aux_modern_heading\" data-id=\"e191d56\" data-element_type=\"widget\" data-widget_type=\"aux_modern_heading.default\">\n\t\t\t\t<div class=\"elementor-widget-container\">\n\t\t\t<section class=\"aux-widget-modern-heading\">\n            <div class=\"aux-widget-inner\"><h4 class=\"aux-modern-heading-primary\"><\/h4><h2 class=\"aux-modern-heading-secondary\"><span class=\"aux-head-highlight\">Avantages d'eMax Veneers<\/span><\/h2><\/div>\n        <\/section>\t\t<\/div>\n\t\t\t\t<\/div>\n\t\t\t\t<div class=\"elementor-element elementor-element-1fe2229 elementor-widget elementor-widget-text-editor\" data-id=\"1fe2229\" data-element_type=\"widget\" data-widget_type=\"text-editor.default\">\n\t\t\t\t<div class=\"elementor-widget-container\">\n\t\t\t\t\t\t\t<p><strong> <\/strong>Les principaux avantages des facettes Emax d\u00e9coulent de leur composition en vitroc\u00e9ramique, qui offre une translucidit\u00e9, une opalescence et une diffusion de la lumi\u00e8re exceptionnelles. Voici quelques avantages cl\u00e9s : <\/p>\n<ul>\n<li><strong>Int\u00e9gration naturelle :<\/strong> Les facettes Emax peuvent \u00eatre parfaitement adapt\u00e9es \u00e0 la couleur de vos dents existantes pour un sourire sans faille et d&rsquo;apparence naturelle. Pour une apparence encore plus \u00e9clatante, un blanchiment des dents peut \u00eatre effectu\u00e9 au pr\u00e9alable. <\/li>\n<li><strong>Enl\u00e8vement minimal de dents :<\/strong> Ces facettes sont beaucoup plus fines que les facettes en porcelaine traditionnelles, ce qui n\u00e9cessite moins d&rsquo;ablation de l&rsquo;\u00e9mail.<\/li>\n<li><strong>Esth\u00e9tique personnalisable : <\/strong>Ils permettent des ajustements pr\u00e9cis de la forme, de la longueur, de la largeur et de la couleur de vos dents.<\/li>\n<li><strong>Correction de probl\u00e8mes mineurs :<\/strong> Les facettes Emax permettent de corriger efficacement les d\u00e9fauts d&rsquo;alignement mineurs, tels qu&rsquo;un l\u00e9ger encombrement ou des espaces.<\/li>\n<li><strong>Durabilit\u00e9 accrue :<\/strong> Le mat\u00e9riau vitroc\u00e9ramique est \u00e0 la fois plus dur et plus fin, ce qui lui conf\u00e8re une plus grande durabilit\u00e9.<\/li>\n<\/ul>\n\t\t\t\t\t\t<\/div>\n\t\t\t\t<\/div>\n\t\t\t\t\t<\/div>\n\t\t<\/div>\n\t\t\t\t\t<\/div>\n\t\t<\/section>\n\t\t\t\t<\/div>\n\t\t","protected":false},"excerpt":{"rendered":"<p>Brille pour toujours avec vous Facettes E-Max Les facettes Emax se distinguent par l&rsquo;utilisation d&rsquo;un mat\u00e9riau c\u00e9ramique, par opposition \u00e0 la porcelaine traditionnelle utilis\u00e9e dans les autres facettes. Elles font partie des options les plus couramment recommand\u00e9es aux patients qui recherchent les r\u00e9sultats les plus naturels et les plus esth\u00e9tiques. Qu&rsquo;est-ce que l&rsquo;eMax ? Les [&hellip;]<\/p>\n","protected":false},"author":1,"featured_media":0,"parent":0,"menu_order":0,"comment_status":"closed","ping_status":"closed","template":"","meta":{"_monsterinsights_skip_tracking":false,"_monsterinsights_sitenote_active":false,"_monsterinsights_sitenote_note":"","_monsterinsights_sitenote_category":0,"_joinchat":[],"footnotes":""},"class_list":["post-3820","page","type-page","status-publish","hentry"],"aioseo_notices":[],"_links":{"self":[{"href":"https:\/\/cagdisdental.com\/fr\/wp-json\/wp\/v2\/pages\/3820"}],"collection":[{"href":"https:\/\/cagdisdental.com\/fr\/wp-json\/wp\/v2\/pages"}],"about":[{"href":"https:\/\/cagdisdental.com\/fr\/wp-json\/wp\/v2\/types\/page"}],"author":[{"embeddable":true,"href":"https:\/\/cagdisdental.com\/fr\/wp-json\/wp\/v2\/users\/1"}],"replies":[{"embeddable":true,"href":"https:\/\/cagdisdental.com\/fr\/wp-json\/wp\/v2\/comments?post=3820"}],"version-history":[{"count":1,"href":"https:\/\/cagdisdental.com\/fr\/wp-json\/wp\/v2\/pages\/3820\/revisions"}],"predecessor-version":[{"id":3838,"href":"https:\/\/cagdisdental.com\/fr\/wp-json\/wp\/v2\/pages\/3820\/revisions\/3838"}],"wp:attachment":[{"href":"https:\/\/cagdisdental.com\/fr\/wp-json\/wp\/v2\/media?parent=3820"}],"curies":[{"name":"wp","href":"https:\/\/api.w.org\/{rel}","templated":true}]}}