{"id":3829,"date":"2024-09-18T12:16:46","date_gmt":"2024-09-18T12:16:46","guid":{"rendered":"https:\/\/cagdisdental.com\/blanchiment-des-dents\/"},"modified":"2025-03-25T10:42:42","modified_gmt":"2025-03-25T10:42:42","slug":"blanchiment-des-dents","status":"publish","type":"page","link":"https:\/\/cagdisdental.com\/fr\/blanchiment-des-dents\/","title":{"rendered":"Blanchiment des dents"},"content":{"rendered":"\t\t<div data-elementor-type=\"wp-page\" data-elementor-id=\"3829\" class=\"elementor elementor-3829 elementor-147\">\n\t\t\t\t\t\t<section class=\"elementor-section elementor-top-section elementor-element elementor-element-136d66e elementor-section-content-middle elementor-section-stretched elementor-section-boxed elementor-section-height-default elementor-section-height-default\" data-id=\"136d66e\" data-element_type=\"section\" data-settings=\"{&quot;stretch_section&quot;:&quot;section-stretched&quot;,&quot;background_background&quot;:&quot;classic&quot;}\">\n\t\t\t\t\t\t<div class=\"elementor-container elementor-column-gap-no\">\n\t\t\t\t\t<div class=\"aux-parallax-section elementor-column elementor-col-50 elementor-top-column elementor-element elementor-element-9b8f61d\" data-id=\"9b8f61d\" data-element_type=\"column\">\n\t\t\t<div class=\"elementor-widget-wrap elementor-element-populated\">\n\t\t\t\t\t\t<div class=\"elementor-element elementor-element-170a472 aux-appear-watch-animation aux-scale-down elementor-widget elementor-widget-aux_modern_heading\" data-id=\"170a472\" data-element_type=\"widget\" data-widget_type=\"aux_modern_heading.default\">\n\t\t\t\t<div class=\"elementor-widget-container\">\n\t\t\t<section class=\"aux-widget-modern-heading\">\n            <div class=\"aux-widget-inner\"><h4 class=\"aux-modern-heading-primary\">Briller de mille feux aujourd'hui<\/h4><h1 class=\"aux-modern-heading-secondary\"><span class=\"aux-head-highlight\">Blanchiment des dents<\/span><\/h1><\/div>\n        <\/section>\t\t<\/div>\n\t\t\t\t<\/div>\n\t\t\t\t<div class=\"elementor-element elementor-element-e03bd95 elementor-widget__width-auto elementor-hidden-phone aux-appear-watch-animation aux-scale-down elementor-widget elementor-widget-aux_modern_button\" data-id=\"e03bd95\" data-element_type=\"widget\" data-widget_type=\"aux_modern_button.default\">\n\t\t\t\t<div class=\"elementor-widget-container\">\n\t\t\t    <div class=\"aux-modern-button-wrapper aux-modern-button-align-left\" >\n                    <a class=\"aux-modern-button aux-black aux-modern-button-md aux-modern-button-normal aux-modern-button-default aux-icon-\" href=\"#\">\n                <div class=\"aux-overlay\"><\/div>\n                                <div class=\"aux-text\">\n<span class=\"aux-text-before\">Contactez nous !<\/span>                <\/div>\n            <\/a>\n            \n    <\/div>\n\n    \t\t<\/div>\n\t\t\t\t<\/div>\n\t\t\t\t\t<\/div>\n\t\t<\/div>\n\t\t\t\t<div class=\"aux-parallax-section elementor-column elementor-col-50 elementor-top-column elementor-element elementor-element-32530c7\" data-id=\"32530c7\" data-element_type=\"column\">\n\t\t\t<div class=\"elementor-widget-wrap elementor-element-populated\">\n\t\t\t\t\t\t<div class=\"elementor-element elementor-element-441a691 aux-appear-watch-animation aux-fade-in-left-1 elementor-widget__width-initial elementor-widget elementor-widget-aux_image\" data-id=\"441a691\" data-element_type=\"widget\" data-widget_type=\"aux_image.default\">\n\t\t\t\t<div class=\"elementor-widget-container\">\n\t\t\t<section class=\"widget-container aux-widget-image aux-alignnone aux-parent-au32eee394\">\n    <div class=\"aux-media-hint-frame \">\n        <div class=\"aux-media-image \" >\n        \n            \n\n            \n            <img fetchpriority=\"high\" decoding=\"async\" width=\"1500\" height=\"564\" src=\"https:\/\/cagdisdental.com\/wp-content\/uploads\/2024\/09\/Untitled.jpg\" class=\"aux-attachment aux-featured-image aux-attachment-id-1140\" alt=\"Untitled\" data-ratio=\"2.66\" data-original-w=\"1500\" \/>            \n                <\/div>\n    <\/div>\n\n<\/section><!-- widget-container -->\t\t<\/div>\n\t\t\t\t<\/div>\n\t\t\t\t\t<\/div>\n\t\t<\/div>\n\t\t\t\t\t<\/div>\n\t\t<\/section>\n\t\t\t\t<section class=\"elementor-section elementor-top-section elementor-element elementor-element-d7884bb elementor-section-stretched elementor-section-boxed elementor-section-height-default elementor-section-height-default\" data-id=\"d7884bb\" data-element_type=\"section\" data-settings=\"{&quot;background_background&quot;:&quot;classic&quot;,&quot;stretch_section&quot;:&quot;section-stretched&quot;}\">\n\t\t\t\t\t\t<div class=\"elementor-container elementor-column-gap-no\">\n\t\t\t\t\t<div class=\"aux-parallax-section elementor-column elementor-col-100 elementor-top-column elementor-element elementor-element-3b04c42\" data-id=\"3b04c42\" data-element_type=\"column\">\n\t\t\t<div class=\"elementor-widget-wrap elementor-element-populated\">\n\t\t\t\t\t\t<div class=\"elementor-element elementor-element-82cff6c aux-appear-watch-animation aux-scale-down elementor-widget elementor-widget-aux_modern_heading\" data-id=\"82cff6c\" data-element_type=\"widget\" data-widget_type=\"aux_modern_heading.default\">\n\t\t\t\t<div class=\"elementor-widget-container\">\n\t\t\t<section class=\"aux-widget-modern-heading\">\n            <div class=\"aux-widget-inner\"><h4 class=\"aux-modern-heading-primary\"><\/h4><h2 class=\"aux-modern-heading-secondary\"><span class=\"aux-head-highlight\">Qu'est-ce que le blanchiment des dents ?<\/span><\/h2><\/div>\n        <\/section>\t\t<\/div>\n\t\t\t\t<\/div>\n\t\t\t\t<div class=\"elementor-element elementor-element-3d0911c aux-appear-watch-animation aux-fade-in-left elementor-widget elementor-widget-text-editor\" data-id=\"3d0911c\" data-element_type=\"widget\" data-widget_type=\"text-editor.default\">\n\t\t\t\t<div class=\"elementor-widget-container\">\n\t\t\t\t\t\t\t<p>Le blanchiment des dents est un processus con\u00e7u pour rem\u00e9dier au jaunissement ou \u00e0 l&rsquo;assombrissement de l&rsquo;\u00e9mail des dents, souvent caus\u00e9 par divers facteurs. Pour ce faire, on utilise un gel blanchissant approuv\u00e9 par le minist\u00e8re de la sant\u00e9. De nombreuses personnes \u00e0 la recherche d&rsquo;am\u00e9liorations esth\u00e9tiques se tournent vers des m\u00e9thodes professionnelles de blanchiment des dents, plut\u00f4t que de recourir \u00e0 des rem\u00e8des maison ou \u00e0 des produits en vente libre.  <\/p>\n<p>Il est important de noter que le blanchiment des dents n&rsquo;est pas une proc\u00e9dure qui doit \u00eatre effectu\u00e9e sur la base d&rsquo;une recherche en ligne uniquement. De nombreuses personnes recherchent des produits tels que des d\u00e9tachants, des bandes blanchissantes, des lumi\u00e8res blanchissantes, des gels ou des rem\u00e8des maison, mais ces produits peuvent parfois \u00eatre inefficaces, voire nocifs. <\/p>\n<p>Pour rem\u00e9dier aux changements de couleur, le d\u00e9tartrage et le polissage sont g\u00e9n\u00e9ralement les premi\u00e8res \u00e9tapes. Si ces m\u00e9thodes ne permettent pas d&rsquo;obtenir la blancheur souhait\u00e9e, le blanchiment professionnel des dents est une option viable. <\/p>\n<p>Le blanchiment professionnel des dents peut \u00e9claircir la couleur des dents de 3 \u00e0 4 tons, mais les r\u00e9sultats peuvent varier d&rsquo;une personne \u00e0 l&rsquo;autre. Le blanchiment ne doit pas \u00eatre effectu\u00e9 \u00e0 la maison sans l&rsquo;aide d&rsquo;un professionnel. L&rsquo;approche la plus s\u00fbre consiste \u00e0 suivre les recommandations du dentiste pour l&rsquo;utilisation du gel de blanchiment \u00e0 domicile en plus des traitements en cabinet. Cela garantit un blanchiment efficace et s\u00fbr tout en minimisant les risques potentiels.   <\/p>\n\t\t\t\t\t\t<\/div>\n\t\t\t\t<\/div>\n\t\t\t\t\t<\/div>\n\t\t<\/div>\n\t\t\t\t\t<\/div>\n\t\t<\/section>\n\t\t\t\t<section class=\"elementor-section elementor-top-section elementor-element elementor-element-ad42531 elementor-section-stretched elementor-section-boxed elementor-section-height-default elementor-section-height-default\" data-id=\"ad42531\" data-element_type=\"section\" data-settings=\"{&quot;stretch_section&quot;:&quot;section-stretched&quot;}\">\n\t\t\t\t\t\t<div class=\"elementor-container elementor-column-gap-no\">\n\t\t\t\t\t<div class=\"aux-parallax-section elementor-column elementor-col-100 elementor-top-column elementor-element elementor-element-e1fb4d3 aux-appear-watch-animation aux-scale-up\" data-id=\"e1fb4d3\" data-element_type=\"column\">\n\t\t\t<div class=\"elementor-widget-wrap elementor-element-populated\">\n\t\t\t\t\t\t<section class=\"elementor-section elementor-inner-section elementor-element elementor-element-dde0001 elementor-section-boxed elementor-section-height-default elementor-section-height-default\" data-id=\"dde0001\" data-element_type=\"section\">\n\t\t\t\t\t\t<div class=\"elementor-container elementor-column-gap-narrow\">\n\t\t\t\t\t<div class=\"aux-parallax-section elementor-column elementor-col-33 elementor-inner-column elementor-element elementor-element-9f642b7\" data-id=\"9f642b7\" data-element_type=\"column\">\n\t\t\t<div class=\"elementor-widget-wrap elementor-element-populated\">\n\t\t\t\t\t\t<div class=\"elementor-element elementor-element-58bd6aa elementor-widget elementor-widget-aux-before-after\" data-id=\"58bd6aa\" data-element_type=\"widget\" data-widget_type=\"aux-before-after.default\">\n\t\t\t\t<div class=\"elementor-widget-container\">\n\t\t\t<div class=\"widget-container aux-widget-before-after\"><div class=\"aux-before-after\" data-offset=\"0.5\" ><img decoding=\"async\" width=\"1346\" height=\"430\" src=\"https:\/\/cagdisdental.com\/wp-content\/uploads\/2024\/09\/Screenshot-2024-09-22-173936.png\" class=\"attachment-full size-full wp-image-1179\" alt=\"\" srcset=\"https:\/\/cagdisdental.com\/wp-content\/uploads\/2024\/09\/Screenshot-2024-09-22-173936.png 1346w, https:\/\/cagdisdental.com\/wp-content\/uploads\/2024\/09\/Screenshot-2024-09-22-173936-200x64.png 200w\" sizes=\"(max-width: 1346px) 100vw, 1346px\" \/> <img decoding=\"async\" width=\"1347\" height=\"430\" src=\"https:\/\/cagdisdental.com\/wp-content\/uploads\/2024\/09\/Screenshot-2024-09-22-173956.png\" class=\"attachment-full size-full wp-image-1180\" alt=\"\" srcset=\"https:\/\/cagdisdental.com\/wp-content\/uploads\/2024\/09\/Screenshot-2024-09-22-173956.png 1347w, https:\/\/cagdisdental.com\/wp-content\/uploads\/2024\/09\/Screenshot-2024-09-22-173956-200x64.png 200w\" sizes=\"(max-width: 1347px) 100vw, 1347px\" \/><\/div><\/div>\t\t<\/div>\n\t\t\t\t<\/div>\n\t\t\t\t\t<\/div>\n\t\t<\/div>\n\t\t\t\t<div class=\"aux-parallax-section elementor-column elementor-col-33 elementor-inner-column elementor-element elementor-element-daba913\" data-id=\"daba913\" data-element_type=\"column\">\n\t\t\t<div class=\"elementor-widget-wrap elementor-element-populated\">\n\t\t\t\t\t\t<div class=\"elementor-element elementor-element-b75031d elementor-widget elementor-widget-aux-before-after\" data-id=\"b75031d\" data-element_type=\"widget\" data-widget_type=\"aux-before-after.default\">\n\t\t\t\t<div class=\"elementor-widget-container\">\n\t\t\t<div class=\"widget-container aux-widget-before-after\"><div class=\"aux-before-after\" data-offset=\"0.5\" ><img loading=\"lazy\" decoding=\"async\" width=\"765\" height=\"430\" src=\"https:\/\/cagdisdental.com\/wp-content\/uploads\/2024\/09\/Screenshot-2024-09-22-174030.png\" class=\"attachment-full size-full wp-image-1181\" alt=\"\" srcset=\"https:\/\/cagdisdental.com\/wp-content\/uploads\/2024\/09\/Screenshot-2024-09-22-174030.png 765w, https:\/\/cagdisdental.com\/wp-content\/uploads\/2024\/09\/Screenshot-2024-09-22-174030-200x112.png 200w\" sizes=\"(max-width: 765px) 100vw, 765px\" \/> <img loading=\"lazy\" decoding=\"async\" width=\"738\" height=\"430\" src=\"https:\/\/cagdisdental.com\/wp-content\/uploads\/2024\/09\/Screenshot-2024-09-22-174111.png\" class=\"attachment-full size-full wp-image-1182\" alt=\"\" srcset=\"https:\/\/cagdisdental.com\/wp-content\/uploads\/2024\/09\/Screenshot-2024-09-22-174111.png 738w, https:\/\/cagdisdental.com\/wp-content\/uploads\/2024\/09\/Screenshot-2024-09-22-174111-200x117.png 200w\" sizes=\"(max-width: 738px) 100vw, 738px\" \/><\/div><\/div>\t\t<\/div>\n\t\t\t\t<\/div>\n\t\t\t\t\t<\/div>\n\t\t<\/div>\n\t\t\t\t<div class=\"aux-parallax-section elementor-column elementor-col-33 elementor-inner-column elementor-element elementor-element-a064960\" data-id=\"a064960\" data-element_type=\"column\">\n\t\t\t<div class=\"elementor-widget-wrap elementor-element-populated\">\n\t\t\t\t\t\t<div class=\"elementor-element elementor-element-4a742d7 elementor-widget elementor-widget-aux-before-after\" data-id=\"4a742d7\" data-element_type=\"widget\" data-widget_type=\"aux-before-after.default\">\n\t\t\t\t<div class=\"elementor-widget-container\">\n\t\t\t<div class=\"widget-container aux-widget-before-after\"><div class=\"aux-before-after\" data-offset=\"0.5\" ><img loading=\"lazy\" decoding=\"async\" width=\"1346\" height=\"430\" src=\"https:\/\/cagdisdental.com\/wp-content\/uploads\/2024\/09\/Screenshot-2024-09-22-174140.png\" class=\"attachment-full size-full wp-image-1183\" alt=\"\" srcset=\"https:\/\/cagdisdental.com\/wp-content\/uploads\/2024\/09\/Screenshot-2024-09-22-174140.png 1346w, https:\/\/cagdisdental.com\/wp-content\/uploads\/2024\/09\/Screenshot-2024-09-22-174140-200x64.png 200w\" sizes=\"(max-width: 1346px) 100vw, 1346px\" \/> <img loading=\"lazy\" decoding=\"async\" width=\"1346\" height=\"430\" src=\"https:\/\/cagdisdental.com\/wp-content\/uploads\/2024\/09\/Screenshot-2024-09-22-174155.png\" class=\"attachment-full size-full wp-image-1178\" alt=\"\" srcset=\"https:\/\/cagdisdental.com\/wp-content\/uploads\/2024\/09\/Screenshot-2024-09-22-174155.png 1346w, https:\/\/cagdisdental.com\/wp-content\/uploads\/2024\/09\/Screenshot-2024-09-22-174155-200x64.png 200w\" sizes=\"(max-width: 1346px) 100vw, 1346px\" \/><\/div><\/div>\t\t<\/div>\n\t\t\t\t<\/div>\n\t\t\t\t\t<\/div>\n\t\t<\/div>\n\t\t\t\t\t<\/div>\n\t\t<\/section>\n\t\t\t\t\t<\/div>\n\t\t<\/div>\n\t\t\t\t\t<\/div>\n\t\t<\/section>\n\t\t\t\t<section class=\"elementor-section elementor-top-section elementor-element elementor-element-77271eb elementor-section-stretched elementor-section-boxed elementor-section-height-default elementor-section-height-default\" data-id=\"77271eb\" data-element_type=\"section\" data-settings=\"{&quot;stretch_section&quot;:&quot;section-stretched&quot;}\">\n\t\t\t\t\t\t<div class=\"elementor-container elementor-column-gap-no\">\n\t\t\t\t\t<div class=\"aux-parallax-section elementor-column elementor-col-100 elementor-top-column elementor-element elementor-element-991a560\" data-id=\"991a560\" data-element_type=\"column\" data-settings=\"{&quot;background_background&quot;:&quot;classic&quot;}\">\n\t\t\t<div class=\"elementor-widget-wrap elementor-element-populated\">\n\t\t\t\t\t\t<section class=\"elementor-section elementor-inner-section elementor-element elementor-element-4c99883 elementor-section-boxed elementor-section-height-default elementor-section-height-default\" data-id=\"4c99883\" data-element_type=\"section\">\n\t\t\t\t\t\t<div class=\"elementor-container elementor-column-gap-default\">\n\t\t\t\t\t<div class=\"aux-parallax-section elementor-column elementor-col-50 elementor-inner-column elementor-element elementor-element-8240b5e\" data-id=\"8240b5e\" data-element_type=\"column\">\n\t\t\t<div class=\"elementor-widget-wrap elementor-element-populated\">\n\t\t\t\t\t\t<div class=\"elementor-element elementor-element-dbb6a45 aux-appear-watch-animation aux-scale-down elementor-widget elementor-widget-aux_modern_heading\" data-id=\"dbb6a45\" data-element_type=\"widget\" data-widget_type=\"aux_modern_heading.default\">\n\t\t\t\t<div class=\"elementor-widget-container\">\n\t\t\t<section class=\"aux-widget-modern-heading\">\n            <div class=\"aux-widget-inner\"><h4 class=\"aux-modern-heading-primary\"><\/h4><h2 class=\"aux-modern-heading-secondary\"><span class=\"aux-head-highlight\">Blanchiment au bureau<\/span><\/h2><\/div>\n        <\/section>\t\t<\/div>\n\t\t\t\t<\/div>\n\t\t\t\t<div class=\"elementor-element elementor-element-af9aed4 aux-appear-watch-animation aux-fade-in-left elementor-widget elementor-widget-text-editor\" data-id=\"af9aed4\" data-element_type=\"widget\" data-widget_type=\"text-editor.default\">\n\t\t\t\t<div class=\"elementor-widget-container\">\n\t\t\t\t\t\t\t<p>Le blanchiment des dents en cabinet est un traitement tr\u00e8s efficace r\u00e9alis\u00e9 par un dentiste, connu pour donner des r\u00e9sultats significatifs en un temps relativement court. Cette m\u00e9thode est particuli\u00e8rement efficace pour traiter les d\u00e9colorations s\u00e9v\u00e8res, y compris les dents tr\u00e8s fonc\u00e9es ou jaunes. Elle implique g\u00e9n\u00e9ralement l&rsquo;application d&rsquo;un gel blanchissant combin\u00e9 \u00e0 une lumi\u00e8re ou \u00e0 un laser, et la proc\u00e9dure compl\u00e8te dure environ une heure.<br \/>Le processus consiste g\u00e9n\u00e9ralement en 2 ou 3 s\u00e9ances de 15 \u00e0 20 minutes chacune. Le nombre de s\u00e9ances n\u00e9cessaires d\u00e9pend de l&rsquo;\u00e9tat de vos dents et de leur sensibilit\u00e9. Pour am\u00e9liorer et prolonger les r\u00e9sultats du blanchiment, le tartre et le tartre sont nettoy\u00e9s avant le traitement de blanchiment.<br \/>Des agents protecteurs sont appliqu\u00e9s sur les gencives pour pr\u00e9venir les dommages caus\u00e9s par le gel de blanchiment \u00e0 haute teneur en oxyg\u00e8ne, qui est ensuite activ\u00e9 \u00e0 l&rsquo;aide de la lumi\u00e8re ou du laser. Le gel est appliqu\u00e9 sur les dents et, selon son type, peut n\u00e9cessiter une activation lumineuse. Des progr\u00e8s r\u00e9cents ont permis d&rsquo;introduire des applications de gel double, permettant un blanchiment efficace avec un minimum d&rsquo;inconfort en une seule s\u00e9ance.<br \/>Une fois le gel appliqu\u00e9 et le traitement \u00e0 la lumi\u00e8re termin\u00e9, les r\u00e9sultats sont \u00e9valu\u00e9s. Des s\u00e9ances suppl\u00e9mentaires peuvent \u00eatre effectu\u00e9es si n\u00e9cessaire. Il est courant de ressentir une certaine sensibilit\u00e9 dentaire apr\u00e8s le traitement, mais celle-ci dispara\u00eet g\u00e9n\u00e9ralement au bout de quelques jours.        <\/p>\n\t\t\t\t\t\t<\/div>\n\t\t\t\t<\/div>\n\t\t\t\t\t<\/div>\n\t\t<\/div>\n\t\t\t\t<div class=\"aux-parallax-section elementor-column elementor-col-50 elementor-inner-column elementor-element elementor-element-78988df\" data-id=\"78988df\" data-element_type=\"column\">\n\t\t\t<div class=\"elementor-widget-wrap elementor-element-populated\">\n\t\t\t\t\t\t<div class=\"elementor-element elementor-element-3236241 aux-appear-watch-animation aux-scale-up elementor-widget elementor-widget-aux_image\" data-id=\"3236241\" data-element_type=\"widget\" data-widget_type=\"aux_image.default\">\n\t\t\t\t<div class=\"elementor-widget-container\">\n\t\t\t<section class=\"widget-container aux-widget-image aux-alignnone aux-parent-auff91c46e\">\n    <div class=\"aux-media-hint-frame \">\n        <div class=\"aux-media-image \" >\n        \n            \n\n            \n            <img loading=\"lazy\" decoding=\"async\" width=\"1500\" height=\"879\" src=\"https:\/\/cagdisdental.com\/wp-content\/uploads\/2024\/09\/Untitled1.jpg\" class=\"aux-attachment aux-featured-image aux-attachment-id-1191\" alt=\"Untitled1\" data-ratio=\"1.71\" data-original-w=\"1500\" \/>            \n                <\/div>\n    <\/div>\n\n<\/section><!-- widget-container -->\t\t<\/div>\n\t\t\t\t<\/div>\n\t\t\t\t\t<\/div>\n\t\t<\/div>\n\t\t\t\t\t<\/div>\n\t\t<\/section>\n\t\t\t\t\t<\/div>\n\t\t<\/div>\n\t\t\t\t\t<\/div>\n\t\t<\/section>\n\t\t\t\t<section class=\"elementor-section elementor-top-section elementor-element elementor-element-3ccd4e8 elementor-section-boxed elementor-section-height-default elementor-section-height-default\" data-id=\"3ccd4e8\" data-element_type=\"section\">\n\t\t\t\t\t\t<div class=\"elementor-container elementor-column-gap-default\">\n\t\t\t\t\t<div class=\"aux-parallax-section elementor-column elementor-col-50 elementor-top-column elementor-element elementor-element-91acccc\" data-id=\"91acccc\" data-element_type=\"column\">\n\t\t\t<div class=\"elementor-widget-wrap elementor-element-populated\">\n\t\t\t\t\t\t<div class=\"elementor-element elementor-element-50a4ddb aux-appear-watch-animation aux-scale-up elementor-widget elementor-widget-aux_image\" data-id=\"50a4ddb\" data-element_type=\"widget\" data-widget_type=\"aux_image.default\">\n\t\t\t\t<div class=\"elementor-widget-container\">\n\t\t\t<section class=\"widget-container aux-widget-image aux-alignnone aux-parent-au0330f3b2\">\n    <div class=\"aux-media-hint-frame \">\n        <div class=\"aux-media-image \" >\n        \n            \n\n            \n            <img loading=\"lazy\" decoding=\"async\" width=\"1211\" height=\"834\" src=\"https:\/\/cagdisdental.com\/wp-content\/uploads\/2024\/09\/cagdis-dental-logo-dikey2.png\" class=\"aux-attachment aux-featured-image aux-attachment-id-399\" alt=\"cagdis-dental-logo-dikey(2)\" data-ratio=\"1.45\" data-original-w=\"1211\" \/>            \n                <\/div>\n    <\/div>\n\n<\/section><!-- widget-container -->\t\t<\/div>\n\t\t\t\t<\/div>\n\t\t\t\t\t<\/div>\n\t\t<\/div>\n\t\t\t\t<div class=\"aux-parallax-section elementor-column elementor-col-50 elementor-top-column elementor-element elementor-element-f68b893\" data-id=\"f68b893\" data-element_type=\"column\">\n\t\t\t<div class=\"elementor-widget-wrap elementor-element-populated\">\n\t\t\t\t\t\t<div class=\"elementor-element elementor-element-527ceba aux-appear-watch-animation aux-scale-down elementor-widget elementor-widget-aux_modern_heading\" data-id=\"527ceba\" data-element_type=\"widget\" data-widget_type=\"aux_modern_heading.default\">\n\t\t\t\t<div class=\"elementor-widget-container\">\n\t\t\t<section class=\"aux-widget-modern-heading\">\n            <div class=\"aux-widget-inner\"><h4 class=\"aux-modern-heading-primary\"><\/h4><h2 class=\"aux-modern-heading-secondary\"><span class=\"aux-head-highlight\">Blanchiment \u00e0 domicile<\/span><\/h2><\/div>\n        <\/section>\t\t<\/div>\n\t\t\t\t<\/div>\n\t\t\t\t<div class=\"elementor-element elementor-element-f842209 aux-appear-watch-animation aux-fade-in-left elementor-widget elementor-widget-text-editor\" data-id=\"f842209\" data-element_type=\"widget\" data-widget_type=\"text-editor.default\">\n\t\t\t\t<div class=\"elementor-widget-container\">\n\t\t\t\t\t\t\t<p>La m\u00e9thode de blanchiment des dents \u00e0 domicile consiste \u00e0 utiliser un kit de blanchiment fourni par votre dentiste, con\u00e7u pour un traitement \u00e0 domicile s\u00fbr et efficace. Cette m\u00e9thode est une option fiable pour obtenir un sourire plus \u00e9clatant lorsqu&rsquo;elle est utilis\u00e9e correctement. Voici comment se d\u00e9roule g\u00e9n\u00e9ralement le processus :  <\/p>\n<p><b>Examen initial et mesures :<\/b> Votre dentiste prendra des empreintes de votre bouche afin de cr\u00e9er des goutti\u00e8res (ou pi\u00e8ces buccales en plastique) personnalis\u00e9es qui s&rsquo;adaptent pr\u00e9cis\u00e9ment \u00e0 votre morphologie.<\/p>\n<p><b>Pr\u00e9paration des goutti\u00e8res :<\/b> Sur la base de ces empreintes, des goutti\u00e8res personnalis\u00e9es sont fabriqu\u00e9es pour assurer un ajustement confortable. Le dentiste vous fournira un gel blanchissant, qui doit \u00eatre appliqu\u00e9 sur ces goutti\u00e8res dans la quantit\u00e9 sp\u00e9cifi\u00e9e. L&rsquo;utilisation d&rsquo;une trop grande quantit\u00e9 de gel peut entra\u00eener un d\u00e9bordement, ce qui peut irriter vos gencives. Si cela se produit, nettoyez l&rsquo;exc\u00e8s de gel avec un coton-tige et rincez la zone avec de l&rsquo;eau.   <\/p>\n<p><b>Application :<\/b> Placez les goutti\u00e8res avec le gel dans votre bouche.<\/p>\n<p><b>Dur\u00e9e et fr\u00e9quence :<\/b> Pour obtenir des r\u00e9sultats efficaces, gardez les goutti\u00e8res en bouche pendant la dur\u00e9e recommand\u00e9e par votre dentiste. Cette dur\u00e9e est g\u00e9n\u00e9ralement de 4 \u00e0 8 heures pendant la journ\u00e9e, ou de 9 \u00e0 10 heures pendant la nuit. En g\u00e9n\u00e9ral, le traitement est appliqu\u00e9 pendant 10 \u00e0 14 jours, mais cette dur\u00e9e peut varier en fonction du degr\u00e9 de d\u00e9coloration et du gel de blanchiment utilis\u00e9. L&rsquo;utilisation nocturne est souvent pr\u00e9f\u00e9r\u00e9e pour des raisons de commodit\u00e9.   <\/p>\n<p>En suivant ces \u00e9tapes et les recommandations de votre dentiste, vous pouvez obtenir des r\u00e9sultats de blanchiment notables tout en minimisant le risque d&rsquo;effets secondaires.<\/p>\n\t\t\t\t\t\t<\/div>\n\t\t\t\t<\/div>\n\t\t\t\t\t<\/div>\n\t\t<\/div>\n\t\t\t\t\t<\/div>\n\t\t<\/section>\n\t\t\t\t<\/div>\n\t\t","protected":false},"excerpt":{"rendered":"<p>Briller de mille feux aujourd&rsquo;hui Blanchiment des dents Contactez nous ! Qu&rsquo;est-ce que le blanchiment des dents ? Le blanchiment des dents est un processus con\u00e7u pour rem\u00e9dier au jaunissement ou \u00e0 l&rsquo;assombrissement de l&rsquo;\u00e9mail des dents, souvent caus\u00e9 par divers facteurs. Pour ce faire, on utilise un gel blanchissant approuv\u00e9 par le minist\u00e8re de [&hellip;]<\/p>\n","protected":false},"author":1,"featured_media":0,"parent":0,"menu_order":0,"comment_status":"closed","ping_status":"closed","template":"","meta":{"_monsterinsights_skip_tracking":false,"_monsterinsights_sitenote_active":false,"_monsterinsights_sitenote_note":"","_monsterinsights_sitenote_category":0,"_joinchat":[],"footnotes":""},"class_list":["post-3829","page","type-page","status-publish","hentry"],"aioseo_notices":[],"_links":{"self":[{"href":"https:\/\/cagdisdental.com\/fr\/wp-json\/wp\/v2\/pages\/3829"}],"collection":[{"href":"https:\/\/cagdisdental.com\/fr\/wp-json\/wp\/v2\/pages"}],"about":[{"href":"https:\/\/cagdisdental.com\/fr\/wp-json\/wp\/v2\/types\/page"}],"author":[{"embeddable":true,"href":"https:\/\/cagdisdental.com\/fr\/wp-json\/wp\/v2\/users\/1"}],"replies":[{"embeddable":true,"href":"https:\/\/cagdisdental.com\/fr\/wp-json\/wp\/v2\/comments?post=3829"}],"version-history":[{"count":1,"href":"https:\/\/cagdisdental.com\/fr\/wp-json\/wp\/v2\/pages\/3829\/revisions"}],"predecessor-version":[{"id":3839,"href":"https:\/\/cagdisdental.com\/fr\/wp-json\/wp\/v2\/pages\/3829\/revisions\/3839"}],"wp:attachment":[{"href":"https:\/\/cagdisdental.com\/fr\/wp-json\/wp\/v2\/media?parent=3829"}],"curies":[{"name":"wp","href":"https:\/\/api.w.org\/{rel}","templated":true}]}}