{"id":3840,"date":"2024-08-31T13:21:20","date_gmt":"2024-08-31T13:21:20","guid":{"rendered":"https:\/\/cagdisdental.com\/placages-en-stratifie\/"},"modified":"2025-05-01T00:26:43","modified_gmt":"2025-05-01T00:26:43","slug":"placages-en-stratifie","status":"publish","type":"page","link":"https:\/\/cagdisdental.com\/fr\/placages-en-stratifie\/","title":{"rendered":"Placages en stratifi\u00e9"},"content":{"rendered":"\t\t<div data-elementor-type=\"wp-page\" data-elementor-id=\"3840\" class=\"elementor elementor-3840 elementor-141\">\n\t\t\t\t\t\t<section class=\"elementor-section elementor-top-section elementor-element elementor-element-747277c2 elementor-section-content-middle elementor-section-stretched elementor-section-boxed elementor-section-height-default elementor-section-height-default\" data-id=\"747277c2\" data-element_type=\"section\" data-settings=\"{&quot;stretch_section&quot;:&quot;section-stretched&quot;,&quot;background_background&quot;:&quot;classic&quot;}\">\n\t\t\t\t\t\t<div class=\"elementor-container elementor-column-gap-no\">\n\t\t\t\t\t<div class=\"aux-parallax-section elementor-column elementor-col-50 elementor-top-column elementor-element elementor-element-30c0574b\" data-id=\"30c0574b\" data-element_type=\"column\">\n\t\t\t<div class=\"elementor-widget-wrap elementor-element-populated\">\n\t\t\t\t\t\t<div class=\"elementor-element elementor-element-5790941 aux-appear-watch-animation aux-scale-down elementor-widget elementor-widget-aux_modern_heading\" data-id=\"5790941\" data-element_type=\"widget\" data-widget_type=\"aux_modern_heading.default\">\n\t\t\t\t<div class=\"elementor-widget-container\">\n\t\t\t<section class=\"aux-widget-modern-heading\">\n            <div class=\"aux-widget-inner\"><h4 class=\"aux-modern-heading-primary\">Brille pour toujours avec vous<\/h4><h1 class=\"aux-modern-heading-secondary\"><span class=\"aux-head-highlight\">Placages en stratifi\u00e9<\/span><\/h1><div class=\"aux-modern-heading-description\"><p>Que vous cherchiez \u00e0 r\u00e9parer une dent \u00e9br\u00e9ch\u00e9e qui vous g\u00eane ou \u00e0 refaire enti\u00e8rement votre sourire, les facettes dentaires (\u00e9galement connues sous le nom de facettes ultrafines) constituent une option int\u00e9ressante, notamment en raison de leur rapport co\u00fbt-efficacit\u00e9.<\/p><\/p>\n<\/div><\/div>\n        <\/section>\t\t<\/div>\n\t\t\t\t<\/div>\n\t\t\t\t\t<\/div>\n\t\t<\/div>\n\t\t\t\t<div class=\"aux-parallax-section elementor-column elementor-col-50 elementor-top-column elementor-element elementor-element-6c4343fb\" data-id=\"6c4343fb\" data-element_type=\"column\">\n\t\t\t<div class=\"elementor-widget-wrap elementor-element-populated\">\n\t\t\t\t\t\t<div class=\"elementor-element elementor-element-59c187a2 aux-appear-watch-animation aux-scale-up elementor-widget elementor-widget-aux_image\" data-id=\"59c187a2\" data-element_type=\"widget\" data-widget_type=\"aux_image.default\">\n\t\t\t\t<div class=\"elementor-widget-container\">\n\t\t\t<section class=\"widget-container aux-widget-image aux-alignnone aux-parent-aue884a6bd\">\n    <div class=\"aux-media-hint-frame \">\n        <div class=\"aux-media-image \" >\n        \n            \n\n            \n            <img fetchpriority=\"high\" decoding=\"async\" width=\"1600\" height=\"1152\" src=\"https:\/\/cagdisdental.com\/wp-content\/uploads\/2024\/11\/8-3.jpg\" class=\"aux-attachment aux-featured-image aux-attachment-id-1827\" alt=\"8-3\" data-ratio=\"1.39\" data-original-w=\"1600\" \/>            \n                <\/div>\n    <\/div>\n\n<\/section><!-- widget-container -->\t\t<\/div>\n\t\t\t\t<\/div>\n\t\t\t\t\t<\/div>\n\t\t<\/div>\n\t\t\t\t\t<\/div>\n\t\t<\/section>\n\t\t\t\t<section class=\"elementor-section elementor-top-section elementor-element elementor-element-69661c10 elementor-section-stretched elementor-section-boxed elementor-section-height-default elementor-section-height-default\" data-id=\"69661c10\" data-element_type=\"section\" data-settings=\"{&quot;background_background&quot;:&quot;classic&quot;,&quot;stretch_section&quot;:&quot;section-stretched&quot;}\">\n\t\t\t\t\t\t<div class=\"elementor-container elementor-column-gap-no\">\n\t\t\t\t\t<div class=\"aux-parallax-section elementor-column elementor-col-100 elementor-top-column elementor-element elementor-element-21c37bb4\" data-id=\"21c37bb4\" data-element_type=\"column\">\n\t\t\t<div class=\"elementor-widget-wrap elementor-element-populated\">\n\t\t\t\t\t\t<div class=\"elementor-element elementor-element-49de49a2 aux-appear-watch-animation aux-scale-down elementor-widget elementor-widget-aux_modern_heading\" data-id=\"49de49a2\" data-element_type=\"widget\" data-widget_type=\"aux_modern_heading.default\">\n\t\t\t\t<div class=\"elementor-widget-container\">\n\t\t\t<section class=\"aux-widget-modern-heading\">\n            <div class=\"aux-widget-inner\"><h4 class=\"aux-modern-heading-primary\"><\/h4><h2 class=\"aux-modern-heading-secondary\"><span class=\"aux-head-highlight\">Qu'est-ce qu'une facette stratifi\u00e9e ?<\/span><\/h2><\/div>\n        <\/section>\t\t<\/div>\n\t\t\t\t<\/div>\n\t\t\t\t<div class=\"elementor-element elementor-element-3184d44b aux-appear-watch-animation aux-scale-down elementor-widget elementor-widget-text-editor\" data-id=\"3184d44b\" data-element_type=\"widget\" data-widget_type=\"text-editor.default\">\n\t\t\t\t<div class=\"elementor-widget-container\">\n\t\t\t\t\t\t\t<p>Les facettes dentaires, y compris la porcelaine traditionnelle, Lumineers, Emax et les stratifi\u00e9s, sont con\u00e7ues pour am\u00e9liorer la couleur, la forme, la position et la taille de vos dents. Elles constituent des solutions efficaces pour r\u00e9soudre des probl\u00e8mes tels que la d\u00e9coloration, l&rsquo;usure, les lacunes, les \u00e9br\u00e9chures et les dents de travers. <\/p>\n<p>Les stratifi\u00e9s sont des coquilles exceptionnellement fines en c\u00e9ramique dentaire, qui sont m\u00e9ticuleusement coll\u00e9es sur les surfaces frontales de vos dents. Ils r\u00e9pondent \u00e0 divers probl\u00e8mes dentaires et peuvent am\u00e9liorer consid\u00e9rablement votre sourire. <\/p>\n\t\t\t\t\t\t<\/div>\n\t\t\t\t<\/div>\n\t\t\t\t\t<\/div>\n\t\t<\/div>\n\t\t\t\t\t<\/div>\n\t\t<\/section>\n\t\t\t\t<section class=\"elementor-section elementor-top-section elementor-element elementor-element-b831863 elementor-section-stretched elementor-section-boxed elementor-section-height-default elementor-section-height-default\" data-id=\"b831863\" data-element_type=\"section\" data-settings=\"{&quot;stretch_section&quot;:&quot;section-stretched&quot;,&quot;background_background&quot;:&quot;classic&quot;}\">\n\t\t\t\t\t\t<div class=\"elementor-container elementor-column-gap-no\">\n\t\t\t\t\t<div class=\"aux-parallax-section elementor-column elementor-col-50 elementor-top-column elementor-element elementor-element-655d8015\" data-id=\"655d8015\" data-element_type=\"column\">\n\t\t\t<div class=\"elementor-widget-wrap elementor-element-populated\">\n\t\t\t\t\t\t<div class=\"elementor-element elementor-element-3dc409c5 aux-appear-watch-animation aux-scale-up elementor-widget elementor-widget-aux_image\" data-id=\"3dc409c5\" data-element_type=\"widget\" data-widget_type=\"aux_image.default\">\n\t\t\t\t<div class=\"elementor-widget-container\">\n\t\t\t<section class=\"widget-container aux-widget-image aux-alignnone aux-parent-au0f77a0fc\">\n    <div class=\"aux-media-hint-frame \">\n        <div class=\"aux-media-image \" >\n        \n            \n\n            \n            <img decoding=\"async\" width=\"1800\" height=\"1200\" src=\"https:\/\/cagdisdental.com\/wp-content\/uploads\/2024\/09\/pexels-polina-zimmerman-46873601.jpg\" class=\"aux-attachment aux-featured-image aux-attachment-id-368\" alt=\"pexels-polina-zimmerman-4687360(1)\" data-ratio=\"1.5\" data-original-w=\"1800\" \/>            \n                <\/div>\n    <\/div>\n\n<\/section><!-- widget-container -->\t\t<\/div>\n\t\t\t\t<\/div>\n\t\t\t\t\t<\/div>\n\t\t<\/div>\n\t\t\t\t<div class=\"aux-parallax-section elementor-column elementor-col-50 elementor-top-column elementor-element elementor-element-8d9e671\" data-id=\"8d9e671\" data-element_type=\"column\">\n\t\t\t<div class=\"elementor-widget-wrap elementor-element-populated\">\n\t\t\t\t\t\t<div class=\"elementor-element elementor-element-520a8fff aux-appear-watch-animation aux-scale-down elementor-widget elementor-widget-aux_modern_heading\" data-id=\"520a8fff\" data-element_type=\"widget\" data-widget_type=\"aux_modern_heading.default\">\n\t\t\t\t<div class=\"elementor-widget-container\">\n\t\t\t<section class=\"aux-widget-modern-heading\">\n            <div class=\"aux-widget-inner\"><h4 class=\"aux-modern-heading-primary\"><\/h4><h2 class=\"aux-modern-heading-secondary\"><span class=\"aux-head-highlight\">Quelle est la diff\u00e9rence entre les facettes stratifi\u00e9es et les facettes normales ?<\/span><\/h2><\/div>\n        <\/section>\t\t<\/div>\n\t\t\t\t<\/div>\n\t\t\t\t<div class=\"elementor-element elementor-element-64b08652 aux-appear-watch-animation aux-scale-down elementor-widget elementor-widget-text-editor\" data-id=\"64b08652\" data-element_type=\"widget\" data-widget_type=\"text-editor.default\">\n\t\t\t\t<div class=\"elementor-widget-container\">\n\t\t\t\t\t\t\t<p><strong> <\/strong>Les facettes dentaires et les stratifi\u00e9s dentaires am\u00e9liorent tous deux l&rsquo;apparence et la fonction de votre sourire. Bien que ces termes soient souvent utilis\u00e9s de mani\u00e8re interchangeable, il est important de noter que les stratifi\u00e9s sont nettement plus fins que les facettes traditionnelles. Par cons\u00e9quent, le processus de traitement des facettes n\u00e9cessite g\u00e9n\u00e9ralement moins d&rsquo;\u00e9limination de l&rsquo;\u00e9mail des dents.  <\/p>\n\t\t\t\t\t\t<\/div>\n\t\t\t\t<\/div>\n\t\t\t\t\t<\/div>\n\t\t<\/div>\n\t\t\t\t\t<\/div>\n\t\t<\/section>\n\t\t\t\t<section class=\"elementor-section elementor-top-section elementor-element elementor-element-1adffd84 elementor-section-stretched elementor-section-boxed elementor-section-height-default elementor-section-height-default\" data-id=\"1adffd84\" data-element_type=\"section\" data-settings=\"{&quot;background_background&quot;:&quot;classic&quot;,&quot;stretch_section&quot;:&quot;section-stretched&quot;}\">\n\t\t\t\t\t\t<div class=\"elementor-container elementor-column-gap-no\">\n\t\t\t\t\t<div class=\"aux-parallax-section elementor-column elementor-col-50 elementor-top-column elementor-element elementor-element-66341289\" data-id=\"66341289\" data-element_type=\"column\">\n\t\t\t<div class=\"elementor-widget-wrap elementor-element-populated\">\n\t\t\t\t\t\t<div class=\"elementor-element elementor-element-6fbfbeca aux-appear-watch-animation aux-scale-down elementor-widget elementor-widget-aux_modern_heading\" data-id=\"6fbfbeca\" data-element_type=\"widget\" data-widget_type=\"aux_modern_heading.default\">\n\t\t\t\t<div class=\"elementor-widget-container\">\n\t\t\t<section class=\"aux-widget-modern-heading\">\n            <div class=\"aux-widget-inner\"><h4 class=\"aux-modern-heading-primary\"><\/h4><h2 class=\"aux-modern-heading-secondary\"><span class=\"aux-head-highlight\">Composite ou porcelaine<\/span><\/h2><\/div>\n        <\/section>\t\t<\/div>\n\t\t\t\t<\/div>\n\t\t\t\t<div class=\"elementor-element elementor-element-13dc0c74 aux-appear-watch-animation aux-scale-down elementor-widget elementor-widget-text-editor\" data-id=\"13dc0c74\" data-element_type=\"widget\" data-widget_type=\"text-editor.default\">\n\t\t\t\t<div class=\"elementor-widget-container\">\n\t\t\t\t\t\t\t<p>Chez \u00c7a\u011fdi\u015f Dental, les facettes dentaires sont g\u00e9n\u00e9ralement fabriqu\u00e9es \u00e0 partir de deux mat\u00e9riaux principaux : la r\u00e9sine composite ou la porcelaine.<\/p>\n<p>Les facettes en porcelaine sont souvent pr\u00e9f\u00e9r\u00e9es en raison de leur r\u00e9sistance sup\u00e9rieure aux taches, de leur long\u00e9vit\u00e9 et de leur esth\u00e9tique am\u00e9lior\u00e9e. Bien que certains pensent que les facettes en composite n\u00e9cessitent moins de pr\u00e9paration des dents naturelles, cela varie au cas par cas et n&rsquo;est pas universellement vrai. L&rsquo;un des avantages des facettes en composite est qu&rsquo;elles peuvent souvent \u00eatre pos\u00e9es en une seule journ\u00e9e.  <\/p>\n<p>D&rsquo;autre part, les facettes traditionnelles en porcelaine sont g\u00e9n\u00e9ralement plus ch\u00e8res et n\u00e9cessitent une plus grande \u00e9limination de l&rsquo;\u00e9mail pour remodeler la dent avant la pose de la facette. Toutefois, il existe une option pour les facettes stratifi\u00e9es ultrafines qui peuvent n\u00e9cessiter moins de r\u00e9duction de l&rsquo;\u00e9mail que les facettes en porcelaine traditionnelles. <\/p>\n\t\t\t\t\t\t<\/div>\n\t\t\t\t<\/div>\n\t\t\t\t\t<\/div>\n\t\t<\/div>\n\t\t\t\t<div class=\"aux-parallax-section elementor-column elementor-col-50 elementor-top-column elementor-element elementor-element-77cf0d6f elementor-hidden-desktop elementor-hidden-tablet elementor-hidden-mobile\" data-id=\"77cf0d6f\" data-element_type=\"column\">\n\t\t\t<div class=\"elementor-widget-wrap elementor-element-populated\">\n\t\t\t\t\t\t<div class=\"elementor-element elementor-element-6fa3ffe7 aux-appear-watch-animation aux-scale-up elementor-widget elementor-widget-aux_image\" data-id=\"6fa3ffe7\" data-element_type=\"widget\" data-widget_type=\"aux_image.default\">\n\t\t\t\t<div class=\"elementor-widget-container\">\n\t\t\t<section class=\"widget-container aux-widget-image aux-alignnone aux-parent-au0e9a726d\">\n    <div class=\"aux-media-hint-frame \">\n        <div class=\"aux-media-image \" >\n        \n            \n\n            \n            <img decoding=\"async\" width=\"768\" height=\"768\" src=\"https:\/\/cagdisdental.com\/wp-content\/uploads\/2024\/09\/20240319_200532.jpg\" class=\"aux-attachment aux-featured-image aux-attachment-id-313\" alt=\"20240319_200532\" data-ratio=\"1\" data-original-w=\"768\" \/>            \n                <\/div>\n    <\/div>\n\n<\/section><!-- widget-container -->\t\t<\/div>\n\t\t\t\t<\/div>\n\t\t\t\t\t<\/div>\n\t\t<\/div>\n\t\t\t\t\t<\/div>\n\t\t<\/section>\n\t\t\t\t<section class=\"elementor-section elementor-top-section elementor-element elementor-element-6a6e6d60 elementor-section-stretched elementor-section-boxed elementor-section-height-default elementor-section-height-default\" data-id=\"6a6e6d60\" data-element_type=\"section\" data-settings=\"{&quot;stretch_section&quot;:&quot;section-stretched&quot;,&quot;background_background&quot;:&quot;classic&quot;}\">\n\t\t\t\t\t\t<div class=\"elementor-container elementor-column-gap-no\">\n\t\t\t\t\t<div class=\"aux-parallax-section elementor-column elementor-col-100 elementor-top-column elementor-element elementor-element-37a5c86a\" data-id=\"37a5c86a\" data-element_type=\"column\">\n\t\t\t<div class=\"elementor-widget-wrap elementor-element-populated\">\n\t\t\t\t\t\t<div class=\"elementor-element elementor-element-213a0d48 aux-appear-watch-animation aux-scale-down elementor-widget elementor-widget-aux_modern_heading\" data-id=\"213a0d48\" data-element_type=\"widget\" data-widget_type=\"aux_modern_heading.default\">\n\t\t\t\t<div class=\"elementor-widget-container\">\n\t\t\t<section class=\"aux-widget-modern-heading\">\n            <div class=\"aux-widget-inner\"><h4 class=\"aux-modern-heading-primary\"><\/h4><h2 class=\"aux-modern-heading-secondary\"><span class=\"aux-head-highlight\">Quelle est la particularit\u00e9 des placages stratifi\u00e9s ?<\/span><\/h2><\/div>\n        <\/section>\t\t<\/div>\n\t\t\t\t<\/div>\n\t\t\t\t<div class=\"elementor-element elementor-element-3848320e aux-appear-watch-animation aux-scale-down elementor-widget elementor-widget-text-editor\" data-id=\"3848320e\" data-element_type=\"widget\" data-widget_type=\"text-editor.default\">\n\t\t\t\t<div class=\"elementor-widget-container\">\n\t\t\t\t\t\t\t<p>Les stratifi\u00e9s offrent des fonctions et des avantages similaires \u00e0 ceux des facettes dentaires traditionnelles, mais avec une diff\u00e9rence essentielle : ils ne n\u00e9cessitent pas l&rsquo;\u00e9limination de l&rsquo;\u00e9mail. En fait, la pr\u00e9servation de l&rsquo;\u00e9mail naturel est cruciale pour la sant\u00e9 dentaire \u00e0 long terme, ce qui fait des stratifi\u00e9s une option plus conservatrice. <\/p>\n<p>Bien que les stratifi\u00e9s soient plus doux pour les dents, une mauvaise adaptation peut parfois donner un aspect volumineux car la dent naturelle n&rsquo;a pas \u00e9t\u00e9 remodel\u00e9e. En outre, les stratifi\u00e9s sont g\u00e9n\u00e9ralement plus chers que leurs \u00e9quivalents en porcelaine. <\/p>\n\t\t\t\t\t\t<\/div>\n\t\t\t\t<\/div>\n\t\t\t\t\t<\/div>\n\t\t<\/div>\n\t\t\t\t\t<\/div>\n\t\t<\/section>\n\t\t\t\t<section class=\"elementor-section elementor-top-section elementor-element elementor-element-f3a803f elementor-section-stretched elementor-section-boxed elementor-section-height-default elementor-section-height-default\" data-id=\"f3a803f\" data-element_type=\"section\" data-settings=\"{&quot;stretch_section&quot;:&quot;section-stretched&quot;,&quot;background_background&quot;:&quot;classic&quot;}\">\n\t\t\t\t\t\t<div class=\"elementor-container elementor-column-gap-no\">\n\t\t\t\t\t<div class=\"aux-parallax-section elementor-column elementor-col-100 elementor-top-column elementor-element elementor-element-7a94a18\" data-id=\"7a94a18\" data-element_type=\"column\">\n\t\t\t<div class=\"elementor-widget-wrap elementor-element-populated\">\n\t\t\t\t\t\t<div class=\"elementor-element elementor-element-84e7ed1 aux-appear-watch-animation aux-scale-down elementor-widget elementor-widget-aux_modern_heading\" data-id=\"84e7ed1\" data-element_type=\"widget\" data-widget_type=\"aux_modern_heading.default\">\n\t\t\t\t<div class=\"elementor-widget-container\">\n\t\t\t<section class=\"aux-widget-modern-heading\">\n            <div class=\"aux-widget-inner\"><h4 class=\"aux-modern-heading-primary\"><\/h4><h2 class=\"aux-modern-heading-secondary\"><span class=\"aux-head-highlight\">Pourquoi cette diff\u00e9rence est-elle importante ?<\/span><\/h2><\/div>\n        <\/section>\t\t<\/div>\n\t\t\t\t<\/div>\n\t\t\t\t<div class=\"elementor-element elementor-element-33e3b54 aux-appear-watch-animation aux-scale-down elementor-widget elementor-widget-text-editor\" data-id=\"33e3b54\" data-element_type=\"widget\" data-widget_type=\"text-editor.default\">\n\t\t\t\t<div class=\"elementor-widget-container\">\n\t\t\t\t\t\t\t<p>Bien que les facettes dentaires stratifi\u00e9es et les facettes traditionnelles puissent sembler similaires, le fait de comprendre leurs diff\u00e9rences peut vous aider \u00e0 choisir la meilleure option pour vos besoins.<\/p>\n<p>Pour des probl\u00e8mes dentaires plus graves, tels que des dents tr\u00e8s mal align\u00e9es ou des \u00e9carts importants, d&rsquo;autres traitements peuvent \u00eatre plus appropri\u00e9s. Toutefois, si votre principal souci est la d\u00e9coloration des dents ou des \u00e9br\u00e9chures mineures, les stratifi\u00e9s peuvent r\u00e9soudre efficacement ces probl\u00e8mes. <\/p>\n<p>Les stratifi\u00e9s constituent une solution l\u00e9g\u00e8re et impliquent g\u00e9n\u00e9ralement moins d&rsquo;ablation de l&rsquo;\u00e9mail que les facettes traditionnelles, ce qui en fait un choix moins invasif pour am\u00e9liorer votre sourire.<\/p>\n\t\t\t\t\t\t<\/div>\n\t\t\t\t<\/div>\n\t\t\t\t\t<\/div>\n\t\t<\/div>\n\t\t\t\t\t<\/div>\n\t\t<\/section>\n\t\t\t\t<\/div>\n\t\t","protected":false},"excerpt":{"rendered":"<p>Brille pour toujours avec vous Placages en stratifi\u00e9 Que vous cherchiez \u00e0 r\u00e9parer une dent \u00e9br\u00e9ch\u00e9e qui vous g\u00eane ou \u00e0 refaire enti\u00e8rement votre sourire, les facettes dentaires (\u00e9galement connues sous le nom de facettes ultrafines) constituent une option int\u00e9ressante, notamment en raison de leur rapport co\u00fbt-efficacit\u00e9. Qu&rsquo;est-ce qu&rsquo;une facette stratifi\u00e9e ? Les facettes dentaires, [&hellip;]<\/p>\n","protected":false},"author":1,"featured_media":0,"parent":0,"menu_order":0,"comment_status":"closed","ping_status":"closed","template":"","meta":{"_monsterinsights_skip_tracking":false,"_monsterinsights_sitenote_active":false,"_monsterinsights_sitenote_note":"","_monsterinsights_sitenote_category":0,"_joinchat":[],"footnotes":""},"class_list":["post-3840","page","type-page","status-publish","hentry"],"aioseo_notices":[],"_links":{"self":[{"href":"https:\/\/cagdisdental.com\/fr\/wp-json\/wp\/v2\/pages\/3840"}],"collection":[{"href":"https:\/\/cagdisdental.com\/fr\/wp-json\/wp\/v2\/pages"}],"about":[{"href":"https:\/\/cagdisdental.com\/fr\/wp-json\/wp\/v2\/types\/page"}],"author":[{"embeddable":true,"href":"https:\/\/cagdisdental.com\/fr\/wp-json\/wp\/v2\/users\/1"}],"replies":[{"embeddable":true,"href":"https:\/\/cagdisdental.com\/fr\/wp-json\/wp\/v2\/comments?post=3840"}],"version-history":[{"count":1,"href":"https:\/\/cagdisdental.com\/fr\/wp-json\/wp\/v2\/pages\/3840\/revisions"}],"predecessor-version":[{"id":3850,"href":"https:\/\/cagdisdental.com\/fr\/wp-json\/wp\/v2\/pages\/3840\/revisions\/3850"}],"wp:attachment":[{"href":"https:\/\/cagdisdental.com\/fr\/wp-json\/wp\/v2\/media?parent=3840"}],"curies":[{"name":"wp","href":"https:\/\/api.w.org\/{rel}","templated":true}]}}