{"id":6901,"date":"2024-09-18T12:16:46","date_gmt":"2024-09-18T12:16:46","guid":{"rendered":"https:\/\/cagdisdental.com\/canal\/"},"modified":"2025-11-02T23:02:21","modified_gmt":"2025-11-02T23:02:21","slug":"canal","status":"publish","type":"page","link":"https:\/\/cagdisdental.com\/fr\/canal\/","title":{"rendered":"Canal"},"content":{"rendered":"\t\t<div data-elementor-type=\"wp-page\" data-elementor-id=\"6901\" class=\"elementor elementor-6901 elementor-159\">\n\t\t\t\t\t\t<section class=\"elementor-section elementor-top-section elementor-element elementor-element-e00a6cb elementor-section-content-middle elementor-section-stretched elementor-section-boxed elementor-section-height-default elementor-section-height-default\" data-id=\"e00a6cb\" data-element_type=\"section\" data-settings=\"{&quot;stretch_section&quot;:&quot;section-stretched&quot;,&quot;background_background&quot;:&quot;classic&quot;}\">\n\t\t\t\t\t\t<div class=\"elementor-container elementor-column-gap-no\">\n\t\t\t\t\t<div class=\"aux-parallax-section elementor-column elementor-col-50 elementor-top-column elementor-element elementor-element-df9ff63\" data-id=\"df9ff63\" data-element_type=\"column\">\n\t\t\t<div class=\"elementor-widget-wrap elementor-element-populated\">\n\t\t\t\t\t\t<div class=\"elementor-element elementor-element-6e09a97 aux-appear-watch-animation aux-scale-down elementor-widget elementor-widget-aux_modern_heading\" data-id=\"6e09a97\" data-element_type=\"widget\" data-widget_type=\"aux_modern_heading.default\">\n\t\t\t\t<div class=\"elementor-widget-container\">\n\t\t\t<section class=\"aux-widget-modern-heading\">\n            <div class=\"aux-widget-inner\"><h4 class=\"aux-modern-heading-primary\">Arr\u00eatez la douleur et sauvez vos dents<\/h4><h1 class=\"aux-modern-heading-secondary\"><span class=\"aux-head-highlight\">Canal<\/span><\/h1><div class=\"aux-modern-heading-description\"><h4>Un traitement expert pour un soulagement durable<\/h4>\n<\/div><\/div>\n        <\/section>\t\t<\/div>\n\t\t\t\t<\/div>\n\t\t\t\t<div class=\"elementor-element elementor-element-500f398 elementor-widget__width-auto elementor-hidden-phone aux-appear-watch-animation aux-scale-down elementor-widget elementor-widget-aux_modern_button\" data-id=\"500f398\" data-element_type=\"widget\" data-widget_type=\"aux_modern_button.default\">\n\t\t\t\t<div class=\"elementor-widget-container\">\n\t\t\t    <div class=\"aux-modern-button-wrapper aux-modern-button-align-left\" >\n                    <a class=\"aux-modern-button aux-black aux-modern-button-md aux-modern-button-normal aux-modern-button-default aux-icon-\" href=\"#\">\n                <div class=\"aux-overlay\"><\/div>\n                                <div class=\"aux-text\">\n<span class=\"aux-text-before\">Contactez-nous!<\/span>                <\/div>\n            <\/a>\n            \n    <\/div>\n\n    \t\t<\/div>\n\t\t\t\t<\/div>\n\t\t\t\t\t<\/div>\n\t\t<\/div>\n\t\t\t\t<div class=\"aux-parallax-section elementor-column elementor-col-50 elementor-top-column elementor-element elementor-element-ecff54a\" data-id=\"ecff54a\" data-element_type=\"column\">\n\t\t\t<div class=\"elementor-widget-wrap elementor-element-populated\">\n\t\t\t\t\t\t<div class=\"elementor-element elementor-element-6a14c04 aux-appear-watch-animation aux-fade-in-left-1 elementor-widget elementor-widget-aux_image\" data-id=\"6a14c04\" data-element_type=\"widget\" data-widget_type=\"aux_image.default\">\n\t\t\t\t<div class=\"elementor-widget-container\">\n\t\t\t<section class=\"widget-container aux-widget-image aux-alignnone aux-parent-auaa78185e\">\n    <div class=\"aux-media-hint-frame \">\n        <div class=\"aux-media-image \" >\n        \n            \n\n            \n            <img fetchpriority=\"high\" decoding=\"async\" width=\"1211\" height=\"834\" src=\"https:\/\/cagdisdental.com\/wp-content\/uploads\/2024\/09\/cagdis-dental-logo-dikey2.png\" class=\"aux-attachment aux-featured-image aux-attachment-id-399\" alt=\"cagdis-dental-logo-dikey(2)\" data-ratio=\"1.45\" data-original-w=\"1211\" \/>            \n                <\/div>\n    <\/div>\n\n<\/section><!-- widget-container -->\t\t<\/div>\n\t\t\t\t<\/div>\n\t\t\t\t\t<\/div>\n\t\t<\/div>\n\t\t\t\t\t<\/div>\n\t\t<\/section>\n\t\t\t\t<section class=\"elementor-section elementor-top-section elementor-element elementor-element-1b16b01 elementor-section-stretched elementor-section-boxed elementor-section-height-default elementor-section-height-default\" data-id=\"1b16b01\" data-element_type=\"section\" data-settings=\"{&quot;background_background&quot;:&quot;classic&quot;,&quot;stretch_section&quot;:&quot;section-stretched&quot;}\">\n\t\t\t\t\t\t<div class=\"elementor-container elementor-column-gap-no\">\n\t\t\t\t\t<div class=\"aux-parallax-section elementor-column elementor-col-100 elementor-top-column elementor-element elementor-element-a1efb96\" data-id=\"a1efb96\" data-element_type=\"column\">\n\t\t\t<div class=\"elementor-widget-wrap elementor-element-populated\">\n\t\t\t\t\t\t<div class=\"elementor-element elementor-element-b4d8105 aux-appear-watch-animation aux-scale-down elementor-widget elementor-widget-aux_modern_heading\" data-id=\"b4d8105\" data-element_type=\"widget\" data-widget_type=\"aux_modern_heading.default\">\n\t\t\t\t<div class=\"elementor-widget-container\">\n\t\t\t<section class=\"aux-widget-modern-heading\">\n            <div class=\"aux-widget-inner\"><h4 class=\"aux-modern-heading-primary\"><\/h4><h2 class=\"aux-modern-heading-secondary\"><span class=\"aux-head-highlight\">Qu\u2019est-ce qu\u2019un traitement de canal ?<\/span><\/h2><\/div>\n        <\/section>\t\t<\/div>\n\t\t\t\t<\/div>\n\t\t\t\t<div class=\"elementor-element elementor-element-46b56e1 aux-appear-watch-animation aux-fade-in-left elementor-widget elementor-widget-text-editor\" data-id=\"46b56e1\" data-element_type=\"widget\" data-widget_type=\"text-editor.default\">\n\t\t\t\t<div class=\"elementor-widget-container\">\n\t\t\t\t\t\t\t<p>Un traitement de canal, \u00e9galement connu sous le nom de traitement endodontique, est une proc\u00e9dure dentaire con\u00e7ue pour enlever la pulpe dentaire infect\u00e9e ou endommag\u00e9e de l\u2019int\u00e9rieur d\u2019une dent.<\/p>\n<p>Chaque dent contient un syst\u00e8me canalaire qui s\u2019\u00e9tend de la couronne (la surface sup\u00e9rieure de la dent) jusqu\u2019\u00e0 la racine. Ces canaux abritent la pulpe dentaire, qui se compose de tissu conjonctif, de nerfs et de vaisseaux sanguins. <\/p>\n<p>Au cours d\u2019une proc\u00e9dure de traitement de canal, le dentiste retire la pulpe endommag\u00e9e ou infect\u00e9e de l\u2019int\u00e9rieur de la dent. Une fois la pulpe retir\u00e9e, l\u2019espace vide est soigneusement nettoy\u00e9, d\u00e9sinfect\u00e9, puis rempli et scell\u00e9 pour \u00e9viter une nouvelle infection. <\/p>\n<p>Pour restaurer la fonctionnalit\u00e9 de la dent et la prot\u00e9ger contre de futurs dommages, la surface de mastication peut \u00eatre restaur\u00e9e avec une obturation ou une couronne.<\/p>\n\t\t\t\t\t\t<\/div>\n\t\t\t\t<\/div>\n\t\t\t\t\t<\/div>\n\t\t<\/div>\n\t\t\t\t\t<\/div>\n\t\t<\/section>\n\t\t\t\t<section class=\"elementor-section elementor-top-section elementor-element elementor-element-c38a767 elementor-section-stretched elementor-section-boxed elementor-section-height-default elementor-section-height-default\" data-id=\"c38a767\" data-element_type=\"section\" data-settings=\"{&quot;background_background&quot;:&quot;classic&quot;,&quot;stretch_section&quot;:&quot;section-stretched&quot;}\">\n\t\t\t\t\t\t<div class=\"elementor-container elementor-column-gap-no\">\n\t\t\t\t\t<div class=\"aux-parallax-section elementor-column elementor-col-50 elementor-top-column elementor-element elementor-element-974986f\" data-id=\"974986f\" data-element_type=\"column\">\n\t\t\t<div class=\"elementor-widget-wrap elementor-element-populated\">\n\t\t\t\t\t\t<div class=\"elementor-element elementor-element-162a37e aux-appear-watch-animation aux-scale-down elementor-widget elementor-widget-aux_modern_heading\" data-id=\"162a37e\" data-element_type=\"widget\" data-widget_type=\"aux_modern_heading.default\">\n\t\t\t\t<div class=\"elementor-widget-container\">\n\t\t\t<section class=\"aux-widget-modern-heading\">\n            <div class=\"aux-widget-inner\"><h4 class=\"aux-modern-heading-primary\"><\/h4><h2 class=\"aux-modern-heading-secondary\"><span class=\"aux-head-highlight\">Quand pourrais-je avoir besoin d\u2019un traitement de canal&nbsp;?<\/span><\/h2><\/div>\n        <\/section>\t\t<\/div>\n\t\t\t\t<\/div>\n\t\t\t\t<div class=\"elementor-element elementor-element-f71415f aux-appear-watch-animation aux-fade-in-left elementor-widget elementor-widget-text-editor\" data-id=\"f71415f\" data-element_type=\"widget\" data-widget_type=\"text-editor.default\">\n\t\t\t\t<div class=\"elementor-widget-container\">\n\t\t\t\t\t\t\t<p>Si vous avez une dent gravement infect\u00e9e ou endommag\u00e9e, le traitement de canal peut souvent pr\u00e9server la dent et \u00e9viter la n\u00e9cessit\u00e9 d\u2019une extraction.<\/p>\n<p>Une dent peut s\u2019infecter ou s\u2019endommager en raison de plusieurs facteurs, notamment :<\/p>\n<ul>\n<li><b>Pourrir:<\/b> Caries profondes qui atteignent la pulpe interne de la dent.<\/li>\n<li><b>Usure:<\/b> D\u00e9t\u00e9rioration g\u00e9n\u00e9rale avec le temps.<\/li>\n<li><b>Blessure:<\/b> Traumatismes ou accidents affectant la dent.<\/li>\n<li><b>Fissures:<\/b> Fractures de la structure de la dent.<\/li>\n<li><b>Maladie des gencives :<\/b> Probl\u00e8mes parodontaux qui affectent la sant\u00e9 de la dent.<\/li>\n<li><b>Obturations fissur\u00e9es :<\/b> Restaurations compromises qui exposent la pulpe.<\/li>\n<li><b>Soins dentaires r\u00e9p\u00e9t\u00e9s :<\/b> De multiples proc\u00e9dures qui peuvent endommager la pulpe dentaire.<\/li>\n<\/ul>\n<p>Lorsque la pulpe de la dent est endommag\u00e9e, les bact\u00e9ries peuvent p\u00e9n\u00e9trer et prolif\u00e9rer, entra\u00eenant une infection ou un abc\u00e8s \u00e0 la racine. Les antibiotiques seuls ne peuvent pas r\u00e9soudre ces infections&nbsp;; Un traitement de canal est n\u00e9cessaire pour enlever la pulpe infect\u00e9e et r\u00e9soudre le probl\u00e8me. <\/p>\n<p>Il est pr\u00e9f\u00e9rable de pr\u00e9server votre dent naturelle plut\u00f4t que de la remplacer par une dent artificielle, car elle conserve une meilleure fonctionnalit\u00e9 pour mordre et m\u00e2cher.<\/p>\n\t\t\t\t\t\t<\/div>\n\t\t\t\t<\/div>\n\t\t\t\t\t<\/div>\n\t\t<\/div>\n\t\t\t\t<div class=\"aux-parallax-section elementor-column elementor-col-50 elementor-top-column elementor-element elementor-element-f244e80\" data-id=\"f244e80\" data-element_type=\"column\">\n\t\t\t<div class=\"elementor-widget-wrap elementor-element-populated\">\n\t\t\t\t\t\t<div class=\"elementor-element elementor-element-f8a9c2a aux-appear-watch-animation aux-scale-up elementor-widget elementor-widget-aux_image\" data-id=\"f8a9c2a\" data-element_type=\"widget\" data-widget_type=\"aux_image.default\">\n\t\t\t\t<div class=\"elementor-widget-container\">\n\t\t\t<section class=\"widget-container aux-widget-image aux-alignnone aux-parent-au14fb256a\">\n    <div class=\"aux-media-hint-frame \">\n        <div class=\"aux-media-image \" >\n        \n            \n\n            \n            <img decoding=\"async\" width=\"1211\" height=\"834\" src=\"https:\/\/cagdisdental.com\/wp-content\/uploads\/2024\/08\/cagdis-dental-logo-dikey.png\" class=\"aux-attachment aux-featured-image aux-attachment-id-106\" alt=\"cagdis dental logo dikey\" data-ratio=\"1.45\" data-original-w=\"1211\" \/>            \n                <\/div>\n    <\/div>\n\n<\/section><!-- widget-container -->\t\t<\/div>\n\t\t\t\t<\/div>\n\t\t\t\t\t<\/div>\n\t\t<\/div>\n\t\t\t\t\t<\/div>\n\t\t<\/section>\n\t\t\t\t<section class=\"elementor-section elementor-top-section elementor-element elementor-element-d9e8e18 elementor-section-boxed elementor-section-height-default elementor-section-height-default\" data-id=\"d9e8e18\" data-element_type=\"section\">\n\t\t\t\t\t\t<div class=\"elementor-container elementor-column-gap-no\">\n\t\t\t\t\t<div class=\"aux-parallax-section elementor-column elementor-col-100 elementor-top-column elementor-element elementor-element-0efc1fe\" data-id=\"0efc1fe\" data-element_type=\"column\">\n\t\t\t<div class=\"elementor-widget-wrap elementor-element-populated\">\n\t\t\t\t\t\t<div class=\"elementor-element elementor-element-f25fbee aux-appear-watch-animation aux-scale-down elementor-widget elementor-widget-aux_modern_heading\" data-id=\"f25fbee\" data-element_type=\"widget\" data-widget_type=\"aux_modern_heading.default\">\n\t\t\t\t<div class=\"elementor-widget-container\">\n\t\t\t<section class=\"aux-widget-modern-heading\">\n            <div class=\"aux-widget-inner\"><h4 class=\"aux-modern-heading-primary\"><\/h4><h2 class=\"aux-modern-heading-secondary\"><span class=\"aux-head-highlight\">Que se passe-t-il lors d\u2019un traitement de canal ?<\/span><\/h2><\/div>\n        <\/section>\t\t<\/div>\n\t\t\t\t<\/div>\n\t\t\t\t<div class=\"elementor-element elementor-element-f8671ce aux-appear-watch-animation aux-fade-in-left elementor-widget elementor-widget-text-editor\" data-id=\"f8671ce\" data-element_type=\"widget\" data-widget_type=\"text-editor.default\">\n\t\t\t\t<div class=\"elementor-widget-container\">\n\t\t\t\t\t\t\t<p>Au cours d\u2019un traitement de canal, la proc\u00e9dure comporte g\u00e9n\u00e9ralement plusieurs \u00e9tapes et peut n\u00e9cessiter plus d\u2019un rendez-vous. Voici ce qui se passe g\u00e9n\u00e9ralement : <\/p>\n<ul>\n<li aria-level=\"1\"><b>Radiographie initiale :<\/b> Votre dentiste ou votre endodontiste prendra une radiographie de votre dent et de la r\u00e9gion environnante pour \u00e9valuer l\u2019\u00e9tendue de l\u2019infection et planifier le traitement.<\/li>\n<li aria-level=\"1\"><b>Anesth\u00e9sie locale :<\/b> Un anesth\u00e9sique local est administr\u00e9 pour engourdir la zone autour de votre dent, vous assurant ainsi de rester \u00e0 l\u2019aise tout au long de la proc\u00e9dure.<\/li>\n<li aria-level=\"1\"><b>Barrage en caoutchouc :<\/b> Une feuille de caoutchouc, connue sous le nom de barrage, est plac\u00e9e autour de votre dent pour garder la zone propre et s\u00e8che pendant le traitement.<\/li>\n<li aria-level=\"1\"><b>Ouverture d\u2019acc\u00e8s :<\/b> Le dentiste perce un petit trou dans le haut de la dent pour acc\u00e9der \u00e0 la chambre pulpaire et aux canaux \u00e0 l\u2019int\u00e9rieur.<\/li>\n<li aria-level=\"1\">Extraction de la <b>pulpe<\/b> : La pulpe infect\u00e9e ou endommag\u00e9e est retir\u00e9e des canaux de la dent.<\/li>\n<li aria-level=\"1\">Nettoyage et d\u00e9sinfection : L\u2019int\u00e9rieur de la dent est soigneusement nettoy\u00e9 et d\u00e9sinfect\u00e9 pour \u00e9liminer les bact\u00e9ries et les d\u00e9bris restants.<\/li>\n<li aria-level=\"1\"><b>Remplissage temporaire :<\/b> Si plus d\u2019une s\u00e9ance est n\u00e9cessaire, une obturation temporaire est mise en place pour prot\u00e9ger la dent jusqu\u2019au prochain rendez-vous.<\/li>\n<li aria-level=\"1\"><b>Remplissage du canal :<\/b> Une fois le nettoyage termin\u00e9, les canaux sont remplis d\u2019un mat\u00e9riau st\u00e9rile appel\u00e9 gutta-percha, qui aide \u00e0 sceller l\u2019espace et \u00e0 pr\u00e9venir les infections futures.<\/li>\n<li aria-level=\"1\"><b>Restauration finale :<\/b> Une obturation permanente ou une couronne est plac\u00e9e sur la dent pour restaurer sa fonction et la prot\u00e9ger contre d\u2019autres dommages ou infections.<\/li>\n<\/ul>\n<p>En suivant ces \u00e9tapes, le traitement de canal vise \u00e0 sauver la dent et \u00e0 restaurer sa sant\u00e9 et sa fonction.<\/p>\n\t\t\t\t\t\t<\/div>\n\t\t\t\t<\/div>\n\t\t\t\t\t<\/div>\n\t\t<\/div>\n\t\t\t\t\t<\/div>\n\t\t<\/section>\n\t\t\t\t<\/div>\n\t\t","protected":false},"excerpt":{"rendered":"<p>Arr\u00eatez la douleur et sauvez vos dents Canal Un traitement expert pour un soulagement durable Contactez-nous! Qu\u2019est-ce qu\u2019un traitement de canal ? Un traitement de canal, \u00e9galement connu sous le nom de traitement endodontique, est une proc\u00e9dure dentaire con\u00e7ue pour enlever la pulpe dentaire infect\u00e9e ou endommag\u00e9e de l\u2019int\u00e9rieur d\u2019une dent. Chaque dent contient un [&hellip;]<\/p>\n","protected":false},"author":1,"featured_media":0,"parent":0,"menu_order":0,"comment_status":"closed","ping_status":"closed","template":"elementor_header_footer","meta":{"_monsterinsights_skip_tracking":false,"_monsterinsights_sitenote_active":false,"_monsterinsights_sitenote_note":"","_monsterinsights_sitenote_category":0,"_joinchat":[],"footnotes":""},"class_list":["post-6901","page","type-page","status-publish","hentry"],"aioseo_notices":[],"_links":{"self":[{"href":"https:\/\/cagdisdental.com\/fr\/wp-json\/wp\/v2\/pages\/6901"}],"collection":[{"href":"https:\/\/cagdisdental.com\/fr\/wp-json\/wp\/v2\/pages"}],"about":[{"href":"https:\/\/cagdisdental.com\/fr\/wp-json\/wp\/v2\/types\/page"}],"author":[{"embeddable":true,"href":"https:\/\/cagdisdental.com\/fr\/wp-json\/wp\/v2\/users\/1"}],"replies":[{"embeddable":true,"href":"https:\/\/cagdisdental.com\/fr\/wp-json\/wp\/v2\/comments?post=6901"}],"version-history":[{"count":1,"href":"https:\/\/cagdisdental.com\/fr\/wp-json\/wp\/v2\/pages\/6901\/revisions"}],"predecessor-version":[{"id":6903,"href":"https:\/\/cagdisdental.com\/fr\/wp-json\/wp\/v2\/pages\/6901\/revisions\/6903"}],"wp:attachment":[{"href":"https:\/\/cagdisdental.com\/fr\/wp-json\/wp\/v2\/media?parent=6901"}],"curies":[{"name":"wp","href":"https:\/\/api.w.org\/{rel}","templated":true}]}}